{"id":9943,"date":"2022-01-17T13:25:30","date_gmt":"2022-01-17T12:25:30","guid":{"rendered":"https:\/\/mbuniverzitet.edu.rs\/?page_id=9943"},"modified":"2022-01-17T14:59:01","modified_gmt":"2022-01-17T13:59:01","slug":"propisi-i-dokumenta-2","status":"publish","type":"page","link":"https:\/\/mbuniverzitet.edu.rs\/en\/propisi-i-dokumenta-2\/","title":{"rendered":"Regulations and documents"},"content":{"rendered":"<div data-elementor-type=\"wp-page\" data-elementor-id=\"9943\" class=\"elementor elementor-9943\">\n\t\t\t\t\t\t<section class=\"elementor-section elementor-top-section elementor-element elementor-element-19987d80 elementor-section-content-middle elementor-reverse-mobile elementor-section-boxed elementor-section-height-default elementor-section-height-default exad-glass-effect-no exad-sticky-section-no\" data-id=\"19987d80\" data-element_type=\"section\" data-e-type=\"section\" data-settings=\"{&quot;background_background&quot;:&quot;classic&quot;}\">\n\t\t\t\t\t\t\t<div class=\"elementor-background-overlay\"><\/div>\n\t\t\t\t\t\t\t<div class=\"elementor-container elementor-column-gap-default\">\n\t\t\t\t\t<div class=\"elementor-column elementor-col-100 elementor-top-column elementor-element elementor-element-1937865 exad-glass-effect-no exad-sticky-section-no\" data-id=\"1937865\" data-element_type=\"column\" data-e-type=\"column\">\n\t\t\t<div class=\"elementor-widget-wrap elementor-element-populated\">\n\t\t\t\t\t\t<div class=\"elementor-element elementor-element-69d85cfb elementor-widget-divider--view-line_text elementor-widget-divider--element-align-center exad-sticky-section-no exad-glass-effect-no elementor-widget elementor-widget-divider\" data-id=\"69d85cfb\" data-element_type=\"widget\" data-e-type=\"widget\" data-widget_type=\"divider.default\">\n\t\t\t\t<div class=\"elementor-widget-container\">\n\t\t\t\t\t\t\t<div class=\"elementor-divider\">\n\t\t\t<span class=\"elementor-divider-separator\">\n\t\t\t\t\t\t\t<span class=\"elementor-divider__text elementor-divider__element\">\n\t\t\t\tMB University\t\t\t\t<\/span>\n\t\t\t\t\t\t<\/span>\n\t\t<\/div>\n\t\t\t\t\t\t<\/div>\n\t\t\t\t<\/div>\n\t\t\t\t<div class=\"elementor-element elementor-element-3fda473b exad-sticky-section-no exad-glass-effect-no elementor-widget elementor-widget-heading\" data-id=\"3fda473b\" data-element_type=\"widget\" data-e-type=\"widget\" data-widget_type=\"heading.default\">\n\t\t\t\t<div class=\"elementor-widget-container\">\n\t\t\t\t\t<h2 class=\"elementor-heading-title elementor-size-default\">Centar za me\u0111unarodnu saradnju i alumni Univerziteta<\/h2>\t\t\t\t<\/div>\n\t\t\t\t<\/div>\n\t\t\t\t\t<\/div>\n\t\t<\/div>\n\t\t\t\t\t<\/div>\n\t\t<\/section>\n\t\t\t\t<section class=\"elementor-section elementor-top-section elementor-element elementor-element-3a50c3af elementor-section-boxed elementor-section-height-default elementor-section-height-default exad-glass-effect-no exad-sticky-section-no\" data-id=\"3a50c3af\" data-element_type=\"section\" data-e-type=\"section\">\n\t\t\t\t\t\t<div class=\"elementor-container elementor-column-gap-default\">\n\t\t\t\t\t<div class=\"elementor-column elementor-col-50 elementor-top-column elementor-element elementor-element-1b3a6c6b exad-glass-effect-no exad-sticky-section-no\" data-id=\"1b3a6c6b\" data-element_type=\"column\" data-e-type=\"column\">\n\t\t\t<div class=\"elementor-widget-wrap elementor-element-populated\">\n\t\t\t\t\t\t<div class=\"elementor-element elementor-element-3e516237 elementor-icon-list--layout-traditional elementor-list-item-link-full_width exad-sticky-section-no exad-glass-effect-no elementor-widget elementor-widget-icon-list\" data-id=\"3e516237\" data-element_type=\"widget\" data-e-type=\"widget\" data-widget_type=\"icon-list.default\">\n\t\t\t\t<div class=\"elementor-widget-container\">\n\t\t\t\t\t\t\t<ul class=\"elementor-icon-list-items\">\n\t\t\t\t\t\t\t<li class=\"elementor-icon-list-item\">\n\t\t\t\t\t\t\t\t\t\t\t<a href=\"https:\/\/mbuniverzitet.edu.rs\/en\/centar-za-medunarodnu-saradnju-i-alumni-univerziteta\/\">\n\n\t\t\t\t\t\t\t\t\t\t\t\t<span class=\"elementor-icon-list-icon\">\n\t\t\t\t\t\t\t<i aria-hidden=\"true\" class=\"fas fa-angle-right\"><\/i>\t\t\t\t\t\t<\/span>\n\t\t\t\t\t\t\t\t\t\t<span class=\"elementor-icon-list-text\">Centar za me\u0111unarodnu saradnju i alumni Univerziteta<\/span>\n\t\t\t\t\t\t\t\t\t\t\t<\/a>\n\t\t\t\t\t\t\t\t\t<\/li>\n\t\t\t\t\t\t\t\t<li class=\"elementor-icon-list-item\">\n\t\t\t\t\t\t\t\t\t\t\t<a href=\"https:\/\/mbuniverzitet.edu.rs\/en\/strategija-internacionalizacije\/\">\n\n\t\t\t\t\t\t\t\t\t\t\t\t<span class=\"elementor-icon-list-icon\">\n\t\t\t\t\t\t\t<i aria-hidden=\"true\" class=\"fas fa-angle-right\"><\/i>\t\t\t\t\t\t<\/span>\n\t\t\t\t\t\t\t\t\t\t<span class=\"elementor-icon-list-text\">Strategija Internacionalizacije<\/span>\n\t\t\t\t\t\t\t\t\t\t\t<\/a>\n\t\t\t\t\t\t\t\t\t<\/li>\n\t\t\t\t\t\t\t\t<li class=\"elementor-icon-list-item\">\n\t\t\t\t\t\t\t\t\t\t\t<a href=\"https:\/\/mbuniverzitet.edu.rs\/en\/medunarodna-saradnja-2\/\">\n\n\t\t\t\t\t\t\t\t\t\t\t\t<span class=\"elementor-icon-list-icon\">\n\t\t\t\t\t\t\t<i aria-hidden=\"true\" class=\"fas fa-angle-right\"><\/i>\t\t\t\t\t\t<\/span>\n\t\t\t\t\t\t\t\t\t\t<span class=\"elementor-icon-list-text\">International cooperation<\/span>\n\t\t\t\t\t\t\t\t\t\t\t<\/a>\n\t\t\t\t\t\t\t\t\t<\/li>\n\t\t\t\t\t\t\t\t<li class=\"elementor-icon-list-item\">\n\t\t\t\t\t\t\t\t\t\t\t<a href=\"https:\/\/mbuniverzitet.edu.rs\/en\/mobilnost-studenata-i-zaposlenih\/\">\n\n\t\t\t\t\t\t\t\t\t\t\t\t<span class=\"elementor-icon-list-icon\">\n\t\t\t\t\t\t\t<i aria-hidden=\"true\" class=\"fas fa-angle-right\"><\/i>\t\t\t\t\t\t<\/span>\n\t\t\t\t\t\t\t\t\t\t<span class=\"elementor-icon-list-text\">Mobility of students and employees <\/span>\n\t\t\t\t\t\t\t\t\t\t\t<\/a>\n\t\t\t\t\t\t\t\t\t<\/li>\n\t\t\t\t\t\t\t\t<li class=\"elementor-icon-list-item\">\n\t\t\t\t\t\t\t\t\t\t\t<a href=\"https:\/\/mbuniverzitet.edu.rs\/en\/propisi-i-dokumenta-2\/\">\n\n\t\t\t\t\t\t\t\t\t\t\t\t<span class=\"elementor-icon-list-icon\">\n\t\t\t\t\t\t\t<i aria-hidden=\"true\" class=\"fas fa-angle-right\"><\/i>\t\t\t\t\t\t<\/span>\n\t\t\t\t\t\t\t\t\t\t<span class=\"elementor-icon-list-text\">Regulations and documents<\/span>\n\t\t\t\t\t\t\t\t\t\t\t<\/a>\n\t\t\t\t\t\t\t\t\t<\/li>\n\t\t\t\t\t\t\t\t<li class=\"elementor-icon-list-item\">\n\t\t\t\t\t\t\t\t\t\t\t<a href=\"https:\/\/mbuniverzitet.edu.rs\/en\/mobilnost-studentskog-i-nastavnog-osoblja\/\">\n\n\t\t\t\t\t\t\t\t\t\t\t\t<span class=\"elementor-icon-list-icon\">\n\t\t\t\t\t\t\t<i aria-hidden=\"true\" class=\"fas fa-angle-right\"><\/i>\t\t\t\t\t\t<\/span>\n\t\t\t\t\t\t\t\t\t\t<span class=\"elementor-icon-list-text\">Mobility of student and teaching staff<\/span>\n\t\t\t\t\t\t\t\t\t\t\t<\/a>\n\t\t\t\t\t\t\t\t\t<\/li>\n\t\t\t\t\t\t\t\t<li class=\"elementor-icon-list-item\">\n\t\t\t\t\t\t\t\t\t\t\t<a href=\"https:\/\/mbuniverzitet.edu.rs\/en\/bilateralni-sporazumi\/\">\n\n\t\t\t\t\t\t\t\t\t\t\t\t<span class=\"elementor-icon-list-icon\">\n\t\t\t\t\t\t\t<i aria-hidden=\"true\" class=\"fas fa-angle-right\"><\/i>\t\t\t\t\t\t<\/span>\n\t\t\t\t\t\t\t\t\t\t<span class=\"elementor-icon-list-text\">Bilateral agreements<\/span>\n\t\t\t\t\t\t\t\t\t\t\t<\/a>\n\t\t\t\t\t\t\t\t\t<\/li>\n\t\t\t\t\t\t\t\t<li class=\"elementor-icon-list-item\">\n\t\t\t\t\t\t\t\t\t\t\t<a href=\"https:\/\/mbuniverzitet.edu.rs\/en\/medunarodni-projekti\/\">\n\n\t\t\t\t\t\t\t\t\t\t\t\t<span class=\"elementor-icon-list-icon\">\n\t\t\t\t\t\t\t<i aria-hidden=\"true\" class=\"fas fa-angle-right\"><\/i>\t\t\t\t\t\t<\/span>\n\t\t\t\t\t\t\t\t\t\t<span class=\"elementor-icon-list-text\">International projects<\/span>\n\t\t\t\t\t\t\t\t\t\t\t<\/a>\n\t\t\t\t\t\t\t\t\t<\/li>\n\t\t\t\t\t\t\t\t<li class=\"elementor-icon-list-item\">\n\t\t\t\t\t\t\t\t\t\t\t<a href=\"https:\/\/mbuniverzitet.edu.rs\/en\/vesti-obavestenja-2\/\">\n\n\t\t\t\t\t\t\t\t\t\t\t\t<span class=\"elementor-icon-list-icon\">\n\t\t\t\t\t\t\t<i aria-hidden=\"true\" class=\"fas fa-angle-right\"><\/i>\t\t\t\t\t\t<\/span>\n\t\t\t\t\t\t\t\t\t\t<span class=\"elementor-icon-list-text\">News\/Notifications<\/span>\n\t\t\t\t\t\t\t\t\t\t\t<\/a>\n\t\t\t\t\t\t\t\t\t<\/li>\n\t\t\t\t\t\t\t\t<li class=\"elementor-icon-list-item\">\n\t\t\t\t\t\t\t\t\t\t\t<a href=\"https:\/\/mbuniverzitet.edu.rs\/en\/kontakt-2\/\">\n\n\t\t\t\t\t\t\t\t\t\t\t\t<span class=\"elementor-icon-list-icon\">\n\t\t\t\t\t\t\t<i aria-hidden=\"true\" class=\"fas fa-angle-right\"><\/i>\t\t\t\t\t\t<\/span>\n\t\t\t\t\t\t\t\t\t\t<span class=\"elementor-icon-list-text\">Contact<\/span>\n\t\t\t\t\t\t\t\t\t\t\t<\/a>\n\t\t\t\t\t\t\t\t\t<\/li>\n\t\t\t\t\t\t\t\t<li class=\"elementor-icon-list-item\">\n\t\t\t\t\t\t\t\t\t\t\t<a href=\"https:\/\/mbuniverzitet.edu.rs\/en\/korisni-linkovi-4\/\">\n\n\t\t\t\t\t\t\t\t\t\t\t\t<span class=\"elementor-icon-list-icon\">\n\t\t\t\t\t\t\t<i aria-hidden=\"true\" class=\"fas fa-angle-right\"><\/i>\t\t\t\t\t\t<\/span>\n\t\t\t\t\t\t\t\t\t\t<span class=\"elementor-icon-list-text\">Useful links<\/span>\n\t\t\t\t\t\t\t\t\t\t\t<\/a>\n\t\t\t\t\t\t\t\t\t<\/li>\n\t\t\t\t\t\t\t\t<li class=\"elementor-icon-list-item\">\n\t\t\t\t\t\t\t\t\t\t\t<a href=\"https:\/\/mbuniverzitet.edu.rs\/en\/korisni-linkovi-4\/\">\n\n\t\t\t\t\t\t\t\t\t\t\t<span class=\"elementor-icon-list-text\"><\/span>\n\t\t\t\t\t\t\t\t\t\t\t<\/a>\n\t\t\t\t\t\t\t\t\t<\/li>\n\t\t\t\t\t\t<\/ul>\n\t\t\t\t\t\t<\/div>\n\t\t\t\t<\/div>\n\t\t\t\t\t<\/div>\n\t\t<\/div>\n\t\t\t\t<div class=\"elementor-column elementor-col-50 elementor-top-column elementor-element elementor-element-72717c37 exad-glass-effect-no exad-sticky-section-no\" data-id=\"72717c37\" data-element_type=\"column\" data-e-type=\"column\">\n\t\t\t<div class=\"elementor-widget-wrap elementor-element-populated\">\n\t\t\t\t\t\t<div class=\"elementor-element elementor-element-08abda9 exad-sticky-section-no exad-glass-effect-no elementor-widget elementor-widget-heading\" data-id=\"08abda9\" data-element_type=\"widget\" data-e-type=\"widget\" data-widget_type=\"heading.default\">\n\t\t\t\t<div class=\"elementor-widget-container\">\n\t\t\t\t\t<h2 class=\"elementor-heading-title elementor-size-default\">Regulations and documents<\/h2>\t\t\t\t<\/div>\n\t\t\t\t<\/div>\n\t\t\t\t<div class=\"elementor-element elementor-element-9201058 exad-sticky-section-no exad-glass-effect-no elementor-widget elementor-widget-text-editor\" data-id=\"9201058\" data-element_type=\"widget\" data-e-type=\"widget\" data-widget_type=\"text-editor.default\">\n\t\t\t\t<div class=\"elementor-widget-container\">\n\t\t\t\t\t\t\t\t\t<p><a href=\"http:\/\/media.mbuniverzitet.edu.rs\/2022\/01\/\u0423\u0441\u0432\u043e\u0458\u0435\u043d\u0438-\u043f\u043b\u0430\u043d-\u0440\u0430\u0434\u0430-\u0423\u043d\u0438\u0432\u0435\u0440\u0437\u0438\u0442\u0435\u0442\u0430-\u041c\u0411..pdf\" target=\"_blank\" rel=\"noopener\">&#8211; Usvojeni plan rada Univerziteta MB<\/a><\/p><p><a href=\"http:\/\/media.mbuniverzitet.edu.rs\/2022\/01\/\u0413\u043e\u0434\u0438\u0448\u045a\u0438-\u043f\u043b\u0430\u043d-\u0440\u0430\u0434\u0430-\u0426\u041c\u0421-2021-1.pdf\" target=\"_blank\" rel=\"noopener\">&#8211; Godi\u0161nji plan rada CMS-2021<\/a><\/p><p><a href=\"http:\/\/media.mbuniverzitet.edu.rs\/2022\/01\/\u041e\u0434\u043b\u0443\u043a\u0430-\u0421\u0435\u043d\u0430\u0442\u0430-\u0423\u043d\u0438\u0432\u0435\u0440\u0437\u0438\u0442\u0435\u0442\u0430-\u041c\u0411-\u043e-\u0444\u043e\u0440\u043c\u0438\u0440\u0430\u045a\u0443-\u0426\u0435\u043d\u0442\u0440\u0430-\u0437\u0430-\u041c\u0421-1.pdf\" target=\"_blank\" rel=\"noopener\">&#8211; Odluka Senata Univerziteta MB o formiranju Centra za me\u0111unarodnu saradnju<\/a><\/p><p><a href=\"http:\/\/media.mbuniverzitet.edu.rs\/2022\/01\/\u041f\u0440\u0430\u0432\u0438\u043b\u043d\u0438\u043a-\u043e-\u043c\u043e\u0431\u0438\u043b\u043d\u043e\u0441\u0442\u0438-\u043f\u0440\u0435\u043d\u043e\u0448\u0435\u045a\u0435-\u0415\u0421\u041f\u0411-\u0438-\u043f\u0440\u0438\u0437\u043d\u0430\u0432\u0430\u045a\u0435-\u0438\u0441\u043f\u0438\u0442\u0430.pdf\" target=\"_blank\" rel=\"noopener\">&#8211; Pravilnik o mobilnosti, preno\u0161enje ESPB i priznavanje ispita<\/a><\/p><p><a href=\"http:\/\/media.mbuniverzitet.edu.rs\/2022\/01\/\u041f\u0440\u0430\u0432\u0438\u043b\u043d\u0438\u043a-\u043e-\u043e\u0440\u0433\u0430\u043d\u0438\u0437\u0430\u0446\u0438\u0458\u0438-\u0438-\u0440\u0430\u0434\u0443-\u0426\u0435\u043d\u0442\u0440\u0430-\u0437\u0430-\u041c\u0421-\u0423\u043d\u0438\u0432\u0435\u0440\u0437\u0438\u0442\u0435\u0442\u0430-\u041c\u0411.pdf\" target=\"_blank\" rel=\"noopener\">&#8211; Pravilnik o organizaciji i radu Centra za me\u0111unarodnu saradnju i alumni Univerziteta MB<\/a><\/p><p><a href=\"http:\/\/media.mbuniverzitet.edu.rs\/2022\/01\/\u041f\u0440\u0430\u0432\u0438\u043b\u043d\u0438\u043a-\u043e-\u043f\u0440\u0438\u0437\u043d\u0430\u0432\u0430\u045a\u0443-\u0441\u0442\u0440\u0430\u043d\u0438\u0445-\u0432\u0438\u0441\u043e\u043a\u043e\u0448\u043a\u043e\u043b\u0441\u043a\u0438\u0445-\u0438\u0441\u043f\u0440\u0430\u0432\u0430-\u0440\u0430\u0434\u0438-\u043d\u0430\u0441\u0442\u0430\u0432\u043a\u0430-\u043e\u0431\u0440\u0430\u0437\u043e\u0432\u0430\u045a\u0430.pdf\" target=\"_blank\" rel=\"noopener\">&#8211; Pravilnik o priznavanju stranih visoko\u0161kolskih isprava radi nastavka obrazovanja<\/a><\/p><p><a href=\"http:\/\/media.mbuniverzitet.edu.rs\/2022\/01\/\u041f\u0440\u0430\u0432\u0438\u043b\u043d\u0438\u043a-\u043e-\u0440\u0430\u0434\u0443-\u0410\u043b\u0443\u043c\u043d\u0438-\u043e\u0440\u0433\u0430\u043d\u0438\u0437\u0430\u0446\u0438\u0458\u0435-\u0423\u041c\u0411-1.pdf\" target=\"_blank\" rel=\"noopener\">&#8211; Pravilnik o radu Alumni organizacije Univerziteta MB<\/a><\/p><p><a href=\"http:\/\/media.mbuniverzitet.edu.rs\/2022\/01\/\u0421\u0442\u0440\u0430\u0442\u0435\u0433\u0438\u0458\u0430-\u0438\u043d\u0442\u0435\u0440\u043d\u0430\u0446\u0438\u043e\u043d\u0430\u043b\u0438\u0437\u0430\u0446\u0438\u0458\u0435-\u0423\u043d\u0438\u0432\u0435\u0440\u0437\u0438\u0442\u0435\u0442\u0430-\u041c\u041d-2021-2025.pdf\" target=\"_blank\" rel=\"noopener\">&#8211; Strategija internacionalizacije Univerziteta MB &#8211; 2021-2025. godina<\/a><\/p>\t\t\t\t\t\t\t\t<\/div>\n\t\t\t\t<\/div>\n\t\t\t\t\t<\/div>\n\t\t<\/div>\n\t\t\t\t\t<\/div>\n\t\t<\/section>\n\t\t\t\t<section class=\"elementor-section elementor-top-section elementor-element elementor-element-5366218a elementor-section-full_width elementor-section-height-default elementor-section-height-default exad-glass-effect-no exad-sticky-section-no\" data-id=\"5366218a\" data-element_type=\"section\" data-e-type=\"section\">\n\t\t\t\t\t\t<div class=\"elementor-container elementor-column-gap-default\">\n\t\t\t\t\t<div class=\"elementor-column elementor-col-100 elementor-top-column elementor-element elementor-element-4b046ea5 exad-glass-effect-no exad-sticky-section-no\" data-id=\"4b046ea5\" data-element_type=\"column\" data-e-type=\"column\">\n\t\t\t<div class=\"elementor-widget-wrap elementor-element-populated\">\n\t\t\t\t\t\t<div class=\"elementor-element elementor-element-4ac0672b exad-sticky-section-no exad-glass-effect-no elementor-widget elementor-widget-spacer\" data-id=\"4ac0672b\" data-element_type=\"widget\" data-e-type=\"widget\" data-widget_type=\"spacer.default\">\n\t\t\t\t<div class=\"elementor-widget-container\">\n\t\t\t\t\t\t\t<div class=\"elementor-spacer\">\n\t\t\t<div class=\"elementor-spacer-inner\"><\/div>\n\t\t<\/div>\n\t\t\t\t\t\t<\/div>\n\t\t\t\t<\/div>\n\t\t\t\t\t<\/div>\n\t\t<\/div>\n\t\t\t\t\t<\/div>\n\t\t<\/section>\n\t\t\t\t<\/div>","protected":false},"excerpt":{"rendered":"<p>Univerzitet MB Centar za me\u0111unarodnu saradnju i alumni Univerziteta Centar za me\u0111unarodnu saradnju i alumni Univerziteta Strategija Internacionalizacije Me\u0111unarodna saradnja Mobilnost studenata i zaposlenih Propisi i dokumenta Mobilnost studentskog i nastavnog osoblja Bilateralni sporazumi Me\u0111unarodni projekti Vesti\/Obave\u0161tenja Kontakt Korisni linkovi Propisi i dokumenta &#8211; Usvojeni plan rada Univerziteta MB &#8211; Godi\u0161nji plan rada CMS-2021 &#8211; [&hellip;]<\/p>\n","protected":false},"author":1,"featured_media":0,"parent":0,"menu_order":0,"comment_status":"closed","ping_status":"closed","template":"","meta":{"_eb_attr":"","site-sidebar-layout":"no-sidebar","site-content-layout":"page-builder","ast-site-content-layout":"default","site-content-style":"default","site-sidebar-style":"default","ast-global-header-display":"","ast-banner-title-visibility":"","ast-main-header-display":"","ast-hfb-above-header-display":"","ast-hfb-below-header-display":"","ast-hfb-mobile-header-display":"","site-post-title":"disabled","ast-breadcrumbs-content":"","ast-featured-img":"disabled","footer-sml-layout":"","ast-disable-related-posts":"","theme-transparent-header-meta":"","adv-header-id-meta":"","stick-header-meta":"","header-above-stick-meta":"","header-main-stick-meta":"","header-below-stick-meta":"","astra-migrate-meta-layouts":"default","ast-page-background-enabled":"default","ast-page-background-meta":{"desktop":{"background-color":"","background-image":"","background-repeat":"repeat","background-position":"center center","background-size":"auto","background-attachment":"scroll","background-type":"","background-media":"","overlay-type":"","overlay-color":"","overlay-opacity":"","overlay-gradient":""},"tablet":{"background-color":"","background-image":"","background-repeat":"repeat","background-position":"center center","background-size":"auto","background-attachment":"scroll","background-type":"","background-media":"","overlay-type":"","overlay-color":"","overlay-opacity":"","overlay-gradient":""},"mobile":{"background-color":"","background-image":"","background-repeat":"repeat","background-position":"center center","background-size":"auto","background-attachment":"scroll","background-type":"","background-media":"","overlay-type":"","overlay-color":"","overlay-opacity":"","overlay-gradient":""}},"ast-content-background-meta":{"desktop":{"background-color":"var(--ast-global-color-5)","background-image":"","background-repeat":"repeat","background-position":"center center","background-size":"auto","background-attachment":"scroll","background-type":"","background-media":"","overlay-type":"","overlay-color":"","overlay-opacity":"","overlay-gradient":""},"tablet":{"background-color":"var(--ast-global-color-5)","background-image":"","background-repeat":"repeat","background-position":"center center","background-size":"auto","background-attachment":"scroll","background-type":"","background-media":"","overlay-type":"","overlay-color":"","overlay-opacity":"","overlay-gradient":""},"mobile":{"background-color":"var(--ast-global-color-5)","background-image":"","background-repeat":"repeat","background-position":"center center","background-size":"auto","background-attachment":"scroll","background-type":"","background-media":"","overlay-type":"","overlay-color":"","overlay-opacity":"","overlay-gradient":""}},"footnotes":""},"class_list":["post-9943","page","type-page","status-publish","hentry"],"yoast_head":"<!-- This site is optimized with the Yoast SEO plugin v27.4 - https:\/\/yoast.com\/product\/yoast-seo-wordpress\/ -->\n<title>Propisi i dokumenta - Univerzitet MB<\/title>\n<meta name=\"robots\" content=\"index, follow, max-snippet:-1, max-image-preview:large, max-video-preview:-1\" \/>\n<link rel=\"canonical\" href=\"https:\/\/mbuniverzitet.edu.rs\/en\/propisi-i-dokumenta-2\/\" \/>\n<meta property=\"og:locale\" content=\"en_GB\" \/>\n<meta property=\"og:type\" content=\"article\" \/>\n<meta property=\"og:title\" content=\"Propisi i dokumenta - Univerzitet MB\" \/>\n<meta property=\"og:description\" content=\"Univerzitet MB Centar za me\u0111unarodnu saradnju i alumni Univerziteta Centar za me\u0111unarodnu saradnju i alumni Univerziteta Strategija Internacionalizacije Me\u0111unarodna saradnja Mobilnost studenata i zaposlenih Propisi i dokumenta Mobilnost studentskog i nastavnog osoblja Bilateralni sporazumi Me\u0111unarodni projekti Vesti\/Obave\u0161tenja Kontakt Korisni linkovi Propisi i dokumenta &#8211; Usvojeni plan rada Univerziteta MB &#8211; Godi\u0161nji plan rada CMS-2021 &#8211; [&hellip;]\" \/>\n<meta property=\"og:url\" content=\"https:\/\/mbuniverzitet.edu.rs\/en\/propisi-i-dokumenta-2\/\" \/>\n<meta property=\"og:site_name\" content=\"Univerzitet MB\" \/>\n<meta property=\"article:modified_time\" content=\"2022-01-17T13:59:01+00:00\" \/>\n<meta name=\"twitter:card\" content=\"summary_large_image\" \/>\n<meta name=\"twitter:label1\" content=\"Estimated reading time\" \/>\n\t<meta name=\"twitter:data1\" content=\"1 minute\" \/>\n<script type=\"application\/ld+json\" class=\"yoast-schema-graph\">{\"@context\":\"https:\\\/\\\/schema.org\",\"@graph\":[{\"@type\":\"WebPage\",\"@id\":\"https:\\\/\\\/mbuniverzitet.edu.rs\\\/propisi-i-dokumenta-2\\\/\",\"url\":\"https:\\\/\\\/mbuniverzitet.edu.rs\\\/propisi-i-dokumenta-2\\\/\",\"name\":\"Propisi i dokumenta - Univerzitet MB\",\"isPartOf\":{\"@id\":\"https:\\\/\\\/mbuniverzitet.edu.rs\\\/#website\"},\"datePublished\":\"2022-01-17T12:25:30+00:00\",\"dateModified\":\"2022-01-17T13:59:01+00:00\",\"breadcrumb\":{\"@id\":\"https:\\\/\\\/mbuniverzitet.edu.rs\\\/propisi-i-dokumenta-2\\\/#breadcrumb\"},\"inLanguage\":\"en-GB\",\"potentialAction\":[{\"@type\":\"ReadAction\",\"target\":[\"https:\\\/\\\/mbuniverzitet.edu.rs\\\/propisi-i-dokumenta-2\\\/\"]}]},{\"@type\":\"BreadcrumbList\",\"@id\":\"https:\\\/\\\/mbuniverzitet.edu.rs\\\/propisi-i-dokumenta-2\\\/#breadcrumb\",\"itemListElement\":[{\"@type\":\"ListItem\",\"position\":1,\"name\":\"Home\",\"item\":\"https:\\\/\\\/mbuniverzitet.edu.rs\\\/\"},{\"@type\":\"ListItem\",\"position\":2,\"name\":\"Propisi i dokumenta\"}]},{\"@type\":\"WebSite\",\"@id\":\"https:\\\/\\\/mbuniverzitet.edu.rs\\\/#website\",\"url\":\"https:\\\/\\\/mbuniverzitet.edu.rs\\\/\",\"name\":\"Univerzitet MB\",\"description\":\"\",\"publisher\":{\"@id\":\"https:\\\/\\\/mbuniverzitet.edu.rs\\\/#organization\"},\"potentialAction\":[{\"@type\":\"SearchAction\",\"target\":{\"@type\":\"EntryPoint\",\"urlTemplate\":\"https:\\\/\\\/mbuniverzitet.edu.rs\\\/?s={search_term_string}\"},\"query-input\":{\"@type\":\"PropertyValueSpecification\",\"valueRequired\":true,\"valueName\":\"search_term_string\"}}],\"inLanguage\":\"en-GB\"},{\"@type\":\"Organization\",\"@id\":\"https:\\\/\\\/mbuniverzitet.edu.rs\\\/#organization\",\"name\":\"Univerzitet MB\",\"url\":\"https:\\\/\\\/mbuniverzitet.edu.rs\\\/\",\"logo\":{\"@type\":\"ImageObject\",\"inLanguage\":\"en-GB\",\"@id\":\"https:\\\/\\\/mbuniverzitet.edu.rs\\\/#\\\/schema\\\/logo\\\/image\\\/\",\"url\":\"https:\\\/\\\/media.mbuniverzitet.edu.rs\\\/2020\\\/11\\\/UniMB-Logotip-u-postupku-akreditacije.png\",\"contentUrl\":\"https:\\\/\\\/media.mbuniverzitet.edu.rs\\\/2020\\\/11\\\/UniMB-Logotip-u-postupku-akreditacije.png\",\"width\":296,\"height\":90,\"caption\":\"Univerzitet MB\"},\"image\":{\"@id\":\"https:\\\/\\\/mbuniverzitet.edu.rs\\\/#\\\/schema\\\/logo\\\/image\\\/\"}}]}<\/script>\n<!-- \/ Yoast SEO plugin. -->","yoast_head_json":{"title":"Propisi i dokumenta - Univerzitet MB","robots":{"index":"index","follow":"follow","max-snippet":"max-snippet:-1","max-image-preview":"max-image-preview:large","max-video-preview":"max-video-preview:-1"},"canonical":"https:\/\/mbuniverzitet.edu.rs\/en\/propisi-i-dokumenta-2\/","og_locale":"en_GB","og_type":"article","og_title":"Propisi i dokumenta - Univerzitet MB","og_description":"Univerzitet MB Centar za me\u0111unarodnu saradnju i alumni Univerziteta Centar za me\u0111unarodnu saradnju i alumni Univerziteta Strategija Internacionalizacije Me\u0111unarodna saradnja Mobilnost studenata i zaposlenih Propisi i dokumenta Mobilnost studentskog i nastavnog osoblja Bilateralni sporazumi Me\u0111unarodni projekti Vesti\/Obave\u0161tenja Kontakt Korisni linkovi Propisi i dokumenta &#8211; Usvojeni plan rada Univerziteta MB &#8211; Godi\u0161nji plan rada CMS-2021 &#8211; [&hellip;]","og_url":"https:\/\/mbuniverzitet.edu.rs\/en\/propisi-i-dokumenta-2\/","og_site_name":"Univerzitet MB","article_modified_time":"2022-01-17T13:59:01+00:00","twitter_card":"summary_large_image","twitter_misc":{"Estimated reading time":"1 minute"},"schema":{"@context":"https:\/\/schema.org","@graph":[{"@type":"WebPage","@id":"https:\/\/mbuniverzitet.edu.rs\/propisi-i-dokumenta-2\/","url":"https:\/\/mbuniverzitet.edu.rs\/propisi-i-dokumenta-2\/","name":"Propisi i dokumenta - Univerzitet MB","isPartOf":{"@id":"https:\/\/mbuniverzitet.edu.rs\/#website"},"datePublished":"2022-01-17T12:25:30+00:00","dateModified":"2022-01-17T13:59:01+00:00","breadcrumb":{"@id":"https:\/\/mbuniverzitet.edu.rs\/propisi-i-dokumenta-2\/#breadcrumb"},"inLanguage":"en-GB","potentialAction":[{"@type":"ReadAction","target":["https:\/\/mbuniverzitet.edu.rs\/propisi-i-dokumenta-2\/"]}]},{"@type":"BreadcrumbList","@id":"https:\/\/mbuniverzitet.edu.rs\/propisi-i-dokumenta-2\/#breadcrumb","itemListElement":[{"@type":"ListItem","position":1,"name":"Home","item":"https:\/\/mbuniverzitet.edu.rs\/"},{"@type":"ListItem","position":2,"name":"Propisi i dokumenta"}]},{"@type":"WebSite","@id":"https:\/\/mbuniverzitet.edu.rs\/#website","url":"https:\/\/mbuniverzitet.edu.rs\/","name":"MB University","description":"","publisher":{"@id":"https:\/\/mbuniverzitet.edu.rs\/#organization"},"potentialAction":[{"@type":"SearchAction","target":{"@type":"EntryPoint","urlTemplate":"https:\/\/mbuniverzitet.edu.rs\/?s={search_term_string}"},"query-input":{"@type":"PropertyValueSpecification","valueRequired":true,"valueName":"search_term_string"}}],"inLanguage":"en-GB"},{"@type":"Organization","@id":"https:\/\/mbuniverzitet.edu.rs\/#organization","name":"MB University","url":"https:\/\/mbuniverzitet.edu.rs\/","logo":{"@type":"ImageObject","inLanguage":"en-GB","@id":"https:\/\/mbuniverzitet.edu.rs\/#\/schema\/logo\/image\/","url":"https:\/\/media.mbuniverzitet.edu.rs\/2020\/11\/UniMB-Logotip-u-postupku-akreditacije.png","contentUrl":"https:\/\/media.mbuniverzitet.edu.rs\/2020\/11\/UniMB-Logotip-u-postupku-akreditacije.png","width":296,"height":90,"caption":"Univerzitet MB"},"image":{"@id":"https:\/\/mbuniverzitet.edu.rs\/#\/schema\/logo\/image\/"}}]}},"_links":{"self":[{"href":"https:\/\/mbuniverzitet.edu.rs\/en\/wp-json\/wp\/v2\/pages\/9943","targetHints":{"allow":["GET"]}}],"collection":[{"href":"https:\/\/mbuniverzitet.edu.rs\/en\/wp-json\/wp\/v2\/pages"}],"about":[{"href":"https:\/\/mbuniverzitet.edu.rs\/en\/wp-json\/wp\/v2\/types\/page"}],"author":[{"embeddable":true,"href":"https:\/\/mbuniverzitet.edu.rs\/en\/wp-json\/wp\/v2\/users\/1"}],"replies":[{"embeddable":true,"href":"https:\/\/mbuniverzitet.edu.rs\/en\/wp-json\/wp\/v2\/comments?post=9943"}],"version-history":[{"count":0,"href":"https:\/\/mbuniverzitet.edu.rs\/en\/wp-json\/wp\/v2\/pages\/9943\/revisions"}],"wp:attachment":[{"href":"https:\/\/mbuniverzitet.edu.rs\/en\/wp-json\/wp\/v2\/media?parent=9943"}],"curies":[{"name":"wp","href":"https:\/\/api.w.org\/{rel}","templated":true}]}}