{"id":9934,"date":"2022-01-16T14:40:40","date_gmt":"2022-01-16T13:40:40","guid":{"rendered":"https:\/\/mbuniverzitet.edu.rs\/?page_id=9934"},"modified":"2022-01-17T14:23:46","modified_gmt":"2022-01-17T13:23:46","slug":"strategija-internacionalizacije","status":"publish","type":"page","link":"https:\/\/mbuniverzitet.edu.rs\/en\/strategija-internacionalizacije\/","title":{"rendered":"Internationalization strategy"},"content":{"rendered":"<div data-elementor-type=\"wp-page\" data-elementor-id=\"9934\" class=\"elementor elementor-9934\">\n\t\t\t\t\t\t<section class=\"elementor-section elementor-top-section elementor-element elementor-element-13b9d2a2 elementor-section-content-middle elementor-reverse-mobile elementor-section-boxed elementor-section-height-default elementor-section-height-default exad-glass-effect-no exad-sticky-section-no\" data-id=\"13b9d2a2\" data-element_type=\"section\" data-e-type=\"section\" data-settings=\"{&quot;background_background&quot;:&quot;classic&quot;}\">\n\t\t\t\t\t\t\t<div class=\"elementor-background-overlay\"><\/div>\n\t\t\t\t\t\t\t<div class=\"elementor-container elementor-column-gap-default\">\n\t\t\t\t\t<div class=\"elementor-column elementor-col-100 elementor-top-column elementor-element elementor-element-72cccc6a exad-glass-effect-no exad-sticky-section-no\" data-id=\"72cccc6a\" data-element_type=\"column\" data-e-type=\"column\">\n\t\t\t<div class=\"elementor-widget-wrap elementor-element-populated\">\n\t\t\t\t\t\t<div class=\"elementor-element elementor-element-4d5f8c97 elementor-widget-divider--view-line_text elementor-widget-divider--element-align-center exad-sticky-section-no exad-glass-effect-no elementor-widget elementor-widget-divider\" data-id=\"4d5f8c97\" data-element_type=\"widget\" data-e-type=\"widget\" data-widget_type=\"divider.default\">\n\t\t\t\t<div class=\"elementor-widget-container\">\n\t\t\t\t\t\t\t<div class=\"elementor-divider\">\n\t\t\t<span class=\"elementor-divider-separator\">\n\t\t\t\t\t\t\t<span class=\"elementor-divider__text elementor-divider__element\">\n\t\t\t\tMB University\t\t\t\t<\/span>\n\t\t\t\t\t\t<\/span>\n\t\t<\/div>\n\t\t\t\t\t\t<\/div>\n\t\t\t\t<\/div>\n\t\t\t\t<div class=\"elementor-element elementor-element-41f18039 exad-sticky-section-no exad-glass-effect-no elementor-widget elementor-widget-heading\" data-id=\"41f18039\" data-element_type=\"widget\" data-e-type=\"widget\" data-widget_type=\"heading.default\">\n\t\t\t\t<div class=\"elementor-widget-container\">\n\t\t\t\t\t<h2 class=\"elementor-heading-title elementor-size-default\">Centar za me\u0111unarodnu saradnju i alumni Univerziteta<\/h2>\t\t\t\t<\/div>\n\t\t\t\t<\/div>\n\t\t\t\t\t<\/div>\n\t\t<\/div>\n\t\t\t\t\t<\/div>\n\t\t<\/section>\n\t\t\t\t<section class=\"elementor-section elementor-top-section elementor-element elementor-element-caf95b4 elementor-section-boxed elementor-section-height-default elementor-section-height-default exad-glass-effect-no exad-sticky-section-no\" data-id=\"caf95b4\" data-element_type=\"section\" data-e-type=\"section\">\n\t\t\t\t\t\t<div class=\"elementor-container elementor-column-gap-default\">\n\t\t\t\t\t<div class=\"elementor-column elementor-col-50 elementor-top-column elementor-element elementor-element-5fb04cc5 exad-glass-effect-no exad-sticky-section-no\" data-id=\"5fb04cc5\" data-element_type=\"column\" data-e-type=\"column\">\n\t\t\t<div class=\"elementor-widget-wrap elementor-element-populated\">\n\t\t\t\t\t\t<div class=\"elementor-element elementor-element-3fae9c51 elementor-icon-list--layout-traditional elementor-list-item-link-full_width exad-sticky-section-no exad-glass-effect-no elementor-widget elementor-widget-icon-list\" data-id=\"3fae9c51\" data-element_type=\"widget\" data-e-type=\"widget\" data-widget_type=\"icon-list.default\">\n\t\t\t\t<div class=\"elementor-widget-container\">\n\t\t\t\t\t\t\t<ul class=\"elementor-icon-list-items\">\n\t\t\t\t\t\t\t<li class=\"elementor-icon-list-item\">\n\t\t\t\t\t\t\t\t\t\t\t<a href=\"https:\/\/mbuniverzitet.edu.rs\/en\/centar-za-medunarodnu-saradnju-i-alumni-univerziteta\/\">\n\n\t\t\t\t\t\t\t\t\t\t\t\t<span class=\"elementor-icon-list-icon\">\n\t\t\t\t\t\t\t<i aria-hidden=\"true\" class=\"fas fa-angle-right\"><\/i>\t\t\t\t\t\t<\/span>\n\t\t\t\t\t\t\t\t\t\t<span class=\"elementor-icon-list-text\">Centar za me\u0111unarodnu saradnju i alumni Univerziteta<\/span>\n\t\t\t\t\t\t\t\t\t\t\t<\/a>\n\t\t\t\t\t\t\t\t\t<\/li>\n\t\t\t\t\t\t\t\t<li class=\"elementor-icon-list-item\">\n\t\t\t\t\t\t\t\t\t\t\t<a href=\"https:\/\/mbuniverzitet.edu.rs\/en\/strategija-internacionalizacije\/\">\n\n\t\t\t\t\t\t\t\t\t\t\t\t<span class=\"elementor-icon-list-icon\">\n\t\t\t\t\t\t\t<i aria-hidden=\"true\" class=\"fas fa-angle-right\"><\/i>\t\t\t\t\t\t<\/span>\n\t\t\t\t\t\t\t\t\t\t<span class=\"elementor-icon-list-text\">Strategija Internacionalizacije<\/span>\n\t\t\t\t\t\t\t\t\t\t\t<\/a>\n\t\t\t\t\t\t\t\t\t<\/li>\n\t\t\t\t\t\t\t\t<li class=\"elementor-icon-list-item\">\n\t\t\t\t\t\t\t\t\t\t\t<a href=\"https:\/\/mbuniverzitet.edu.rs\/en\/medunarodna-saradnja-2\/\">\n\n\t\t\t\t\t\t\t\t\t\t\t\t<span class=\"elementor-icon-list-icon\">\n\t\t\t\t\t\t\t<i aria-hidden=\"true\" class=\"fas fa-angle-right\"><\/i>\t\t\t\t\t\t<\/span>\n\t\t\t\t\t\t\t\t\t\t<span class=\"elementor-icon-list-text\">International cooperation<\/span>\n\t\t\t\t\t\t\t\t\t\t\t<\/a>\n\t\t\t\t\t\t\t\t\t<\/li>\n\t\t\t\t\t\t\t\t<li class=\"elementor-icon-list-item\">\n\t\t\t\t\t\t\t\t\t\t\t<a href=\"https:\/\/mbuniverzitet.edu.rs\/en\/mobilnost-studenata-i-zaposlenih\/\">\n\n\t\t\t\t\t\t\t\t\t\t\t\t<span class=\"elementor-icon-list-icon\">\n\t\t\t\t\t\t\t<i aria-hidden=\"true\" class=\"fas fa-angle-right\"><\/i>\t\t\t\t\t\t<\/span>\n\t\t\t\t\t\t\t\t\t\t<span class=\"elementor-icon-list-text\">Mobility of students and employees <\/span>\n\t\t\t\t\t\t\t\t\t\t\t<\/a>\n\t\t\t\t\t\t\t\t\t<\/li>\n\t\t\t\t\t\t\t\t<li class=\"elementor-icon-list-item\">\n\t\t\t\t\t\t\t\t\t\t\t<a href=\"https:\/\/mbuniverzitet.edu.rs\/en\/propisi-i-dokumenta-2\/\">\n\n\t\t\t\t\t\t\t\t\t\t\t\t<span class=\"elementor-icon-list-icon\">\n\t\t\t\t\t\t\t<i aria-hidden=\"true\" class=\"fas fa-angle-right\"><\/i>\t\t\t\t\t\t<\/span>\n\t\t\t\t\t\t\t\t\t\t<span class=\"elementor-icon-list-text\">Regulations and documents<\/span>\n\t\t\t\t\t\t\t\t\t\t\t<\/a>\n\t\t\t\t\t\t\t\t\t<\/li>\n\t\t\t\t\t\t\t\t<li class=\"elementor-icon-list-item\">\n\t\t\t\t\t\t\t\t\t\t\t<a href=\"https:\/\/mbuniverzitet.edu.rs\/en\/mobilnost-studentskog-i-nastavnog-osoblja\/\">\n\n\t\t\t\t\t\t\t\t\t\t\t\t<span class=\"elementor-icon-list-icon\">\n\t\t\t\t\t\t\t<i aria-hidden=\"true\" class=\"fas fa-angle-right\"><\/i>\t\t\t\t\t\t<\/span>\n\t\t\t\t\t\t\t\t\t\t<span class=\"elementor-icon-list-text\">Mobility of student and teaching staff<\/span>\n\t\t\t\t\t\t\t\t\t\t\t<\/a>\n\t\t\t\t\t\t\t\t\t<\/li>\n\t\t\t\t\t\t\t\t<li class=\"elementor-icon-list-item\">\n\t\t\t\t\t\t\t\t\t\t\t<a href=\"https:\/\/mbuniverzitet.edu.rs\/en\/bilateralni-sporazumi\/\">\n\n\t\t\t\t\t\t\t\t\t\t\t\t<span class=\"elementor-icon-list-icon\">\n\t\t\t\t\t\t\t<i aria-hidden=\"true\" class=\"fas fa-angle-right\"><\/i>\t\t\t\t\t\t<\/span>\n\t\t\t\t\t\t\t\t\t\t<span class=\"elementor-icon-list-text\">Bilateral agreements<\/span>\n\t\t\t\t\t\t\t\t\t\t\t<\/a>\n\t\t\t\t\t\t\t\t\t<\/li>\n\t\t\t\t\t\t\t\t<li class=\"elementor-icon-list-item\">\n\t\t\t\t\t\t\t\t\t\t\t<a href=\"https:\/\/mbuniverzitet.edu.rs\/en\/medunarodni-projekti\/\">\n\n\t\t\t\t\t\t\t\t\t\t\t\t<span class=\"elementor-icon-list-icon\">\n\t\t\t\t\t\t\t<i aria-hidden=\"true\" class=\"fas fa-angle-right\"><\/i>\t\t\t\t\t\t<\/span>\n\t\t\t\t\t\t\t\t\t\t<span class=\"elementor-icon-list-text\">International projects<\/span>\n\t\t\t\t\t\t\t\t\t\t\t<\/a>\n\t\t\t\t\t\t\t\t\t<\/li>\n\t\t\t\t\t\t\t\t<li class=\"elementor-icon-list-item\">\n\t\t\t\t\t\t\t\t\t\t\t<a href=\"https:\/\/mbuniverzitet.edu.rs\/en\/vesti-obavestenja-2\/\">\n\n\t\t\t\t\t\t\t\t\t\t\t\t<span class=\"elementor-icon-list-icon\">\n\t\t\t\t\t\t\t<i aria-hidden=\"true\" class=\"fas fa-angle-right\"><\/i>\t\t\t\t\t\t<\/span>\n\t\t\t\t\t\t\t\t\t\t<span class=\"elementor-icon-list-text\">News\/Notifications<\/span>\n\t\t\t\t\t\t\t\t\t\t\t<\/a>\n\t\t\t\t\t\t\t\t\t<\/li>\n\t\t\t\t\t\t\t\t<li class=\"elementor-icon-list-item\">\n\t\t\t\t\t\t\t\t\t\t\t<a href=\"https:\/\/mbuniverzitet.edu.rs\/en\/kontakt-2\/\">\n\n\t\t\t\t\t\t\t\t\t\t\t\t<span class=\"elementor-icon-list-icon\">\n\t\t\t\t\t\t\t<i aria-hidden=\"true\" class=\"fas fa-angle-right\"><\/i>\t\t\t\t\t\t<\/span>\n\t\t\t\t\t\t\t\t\t\t<span class=\"elementor-icon-list-text\">Contact<\/span>\n\t\t\t\t\t\t\t\t\t\t\t<\/a>\n\t\t\t\t\t\t\t\t\t<\/li>\n\t\t\t\t\t\t\t\t<li class=\"elementor-icon-list-item\">\n\t\t\t\t\t\t\t\t\t\t\t<a href=\"https:\/\/mbuniverzitet.edu.rs\/en\/korisni-linkovi-4\/\">\n\n\t\t\t\t\t\t\t\t\t\t\t\t<span class=\"elementor-icon-list-icon\">\n\t\t\t\t\t\t\t<i aria-hidden=\"true\" class=\"fas fa-angle-right\"><\/i>\t\t\t\t\t\t<\/span>\n\t\t\t\t\t\t\t\t\t\t<span class=\"elementor-icon-list-text\">Useful links<\/span>\n\t\t\t\t\t\t\t\t\t\t\t<\/a>\n\t\t\t\t\t\t\t\t\t<\/li>\n\t\t\t\t\t\t\t\t<li class=\"elementor-icon-list-item\">\n\t\t\t\t\t\t\t\t\t\t\t<a href=\"https:\/\/mbuniverzitet.edu.rs\/en\/korisni-linkovi-4\/\">\n\n\t\t\t\t\t\t\t\t\t\t\t<span class=\"elementor-icon-list-text\"><\/span>\n\t\t\t\t\t\t\t\t\t\t\t<\/a>\n\t\t\t\t\t\t\t\t\t<\/li>\n\t\t\t\t\t\t<\/ul>\n\t\t\t\t\t\t<\/div>\n\t\t\t\t<\/div>\n\t\t\t\t\t<\/div>\n\t\t<\/div>\n\t\t\t\t<div class=\"elementor-column elementor-col-50 elementor-top-column elementor-element elementor-element-4117a1c2 exad-glass-effect-no exad-sticky-section-no\" data-id=\"4117a1c2\" data-element_type=\"column\" data-e-type=\"column\">\n\t\t\t<div class=\"elementor-widget-wrap elementor-element-populated\">\n\t\t\t\t\t\t<div class=\"elementor-element elementor-element-b1d7ac2 exad-sticky-section-no exad-glass-effect-no elementor-widget elementor-widget-text-editor\" data-id=\"b1d7ac2\" data-element_type=\"widget\" data-e-type=\"widget\" data-widget_type=\"text-editor.default\">\n\t\t\t\t<div class=\"elementor-widget-container\">\n\t\t\t\t\t\t\t\t\t<h3><span style=\"text-decoration: underline;\">Internationalization strategy<\/span><\/h3><p>Univerzitet MB ima ura\u0111enu Strategiju internacionalizacije. Osnovni institucionalni okvir za ostvarivanje internacionalizacije visokog obrazovanja \u010dine Ministarstvo prosvete, nauke i tehnolo\u0161kog razvoja, Nacionalni savet za visoko obrazovanje i Komisija za\u00a0 akreditaciju i proveru kvaliteta. Za uspe\u0161nost procesa internacionalizacije zna\u010dajne su aktivnosti koje preduzimaju Ministarstvo spoljnih i unutra\u0161njih poslova, Ministarstvo finansija, Narodna banka Srbije i Fondacija Tempus koja je odgovorna za sprovo\u0111enje programa Evropske unije za saradnju u oblasti obrazovanja. Proces internacionalizacije je mogu\u0107e uspe\u0161no sprovesti samo ukoliko se uklone postoje\u0107e prepreke i ostvare potrebni preduslovi kako bi se uspostavio sistem koji \u0107e ovaj proces podr\u017eavati dugoro\u010dno, a uz podr\u0161ku me\u0111unarodnih fondova za sprovo\u0111enje internacionalizacije. Pritom se podrazumeva da Univerzitet pristupa internacionalizaciji uz uva\u017eavanje standarda za obezbe\u0111enje kvaliteta. U tom smislu, u skladu sa strate\u0161kim ciljevima Univerziteta, a u okviru pomenutog institucionalnog okvira na dr\u017eavnom nivou, defini\u0161u se op\u0161ti i posebni ciljevi internacionalizacije.<\/p><h5>Op\u0161ti ciljevi<\/h5><ul><li>Intenzivnije uklju\u010divanje Univerziteta u savremene trendove me\u0111univerzitetske saradnje u regionu, Evropi i svetu.<\/li><li>Osposobljavanje studenata da podjednako uspe\u0161no deluju i u drugim sredinama i kulturama, kroz:<ul><li>savremene studijske programe,<\/li><li>mogu\u0107nosti poha\u0111anja dela studijskog programa u inostranstvu,<\/li><li>sprovo\u0111enje delova nastave na stranom jeziku za doma\u0107e studente (tzv. internacionalizacija kod ku\u0107e),<\/li><li>zajedni\u010dke studijske programe akademskih i strukovnih studija, i to osnovnih, master, specijalisti\u010dkih i doktorskih studija sa univerzitetima iz inostranstva,<\/li><li>ve\u0107e anga\u017eovanje istaknutih inostranih nastavnika i istra\u017eiva\u010da, kao i pove\u0107anje broja inostranih studenata na Univerzitetu,<\/li><\/ul><\/li><\/ul><h5>Posebni ciljevi:<\/h5><ul><li>Stvaranje ve\u0107ih mogu\u0107nosti za razmenu nastavnika i studenata, kako bi se obezbedila internacionalna dimenzija u studijskim programima i profesionalnom razvoju nastavnika i studenata.<\/li><li>Ja\u010danje veza sa nekada\u0161njim studentima Univerziteta koji \u017eive i rade u inostranstvu kroz ja\u010danje alumni udru\u017eenja.<\/li><li>Obrazovanje studenata kompetentnih na me\u0111unarodnom nivou u svojoj nau\u010dnoj oblasti.<\/li><li>Kratkoro\u010dni cilj Univerziteta mora biti najmanje 5% upisanih stranih studenata, odnosno dugoro\u010dno 15%\u00a0<\/li><li>upisanih stranih studenata.<\/li><\/ul>\t\t\t\t\t\t\t\t<\/div>\n\t\t\t\t<\/div>\n\t\t\t\t\t<\/div>\n\t\t<\/div>\n\t\t\t\t\t<\/div>\n\t\t<\/section>\n\t\t\t\t<section class=\"elementor-section elementor-top-section elementor-element elementor-element-5f2e31 elementor-section-full_width elementor-section-height-default elementor-section-height-default exad-glass-effect-no exad-sticky-section-no\" data-id=\"5f2e31\" data-element_type=\"section\" data-e-type=\"section\">\n\t\t\t\t\t\t<div class=\"elementor-container elementor-column-gap-default\">\n\t\t\t\t\t<div class=\"elementor-column elementor-col-100 elementor-top-column elementor-element elementor-element-18772262 exad-glass-effect-no exad-sticky-section-no\" data-id=\"18772262\" data-element_type=\"column\" data-e-type=\"column\">\n\t\t\t<div class=\"elementor-widget-wrap elementor-element-populated\">\n\t\t\t\t\t\t<div class=\"elementor-element elementor-element-12837686 exad-sticky-section-no exad-glass-effect-no elementor-widget elementor-widget-spacer\" data-id=\"12837686\" data-element_type=\"widget\" data-e-type=\"widget\" data-widget_type=\"spacer.default\">\n\t\t\t\t<div class=\"elementor-widget-container\">\n\t\t\t\t\t\t\t<div class=\"elementor-spacer\">\n\t\t\t<div class=\"elementor-spacer-inner\"><\/div>\n\t\t<\/div>\n\t\t\t\t\t\t<\/div>\n\t\t\t\t<\/div>\n\t\t\t\t\t<\/div>\n\t\t<\/div>\n\t\t\t\t\t<\/div>\n\t\t<\/section>\n\t\t\t\t<\/div>","protected":false},"excerpt":{"rendered":"<p>Univerzitet MB Centar za me\u0111unarodnu saradnju i alumni Univerziteta Centar za me\u0111unarodnu saradnju i alumni Univerziteta Strategija Internacionalizacije Me\u0111unarodna saradnja Mobilnost studenata i zaposlenih Propisi i dokumenta Mobilnost studentskog i nastavnog osoblja Bilateralni sporazumi Me\u0111unarodni projekti Vesti\/Obave\u0161tenja Kontakt Korisni linkovi Strategija internacionalizacije Univerzitet MB ima ura\u0111enu Strategiju internacionalizacije. Osnovni institucionalni okvir za ostvarivanje internacionalizacije visokog [&hellip;]<\/p>\n","protected":false},"author":1,"featured_media":0,"parent":0,"menu_order":0,"comment_status":"closed","ping_status":"closed","template":"","meta":{"_eb_attr":"","site-sidebar-layout":"no-sidebar","site-content-layout":"page-builder","ast-site-content-layout":"default","site-content-style":"default","site-sidebar-style":"default","ast-global-header-display":"","ast-banner-title-visibility":"","ast-main-header-display":"","ast-hfb-above-header-display":"","ast-hfb-below-header-display":"","ast-hfb-mobile-header-display":"","site-post-title":"disabled","ast-breadcrumbs-content":"","ast-featured-img":"disabled","footer-sml-layout":"","ast-disable-related-posts":"","theme-transparent-header-meta":"","adv-header-id-meta":"","stick-header-meta":"","header-above-stick-meta":"","header-main-stick-meta":"","header-below-stick-meta":"","astra-migrate-meta-layouts":"default","ast-page-background-enabled":"default","ast-page-background-meta":{"desktop":{"background-color":"","background-image":"","background-repeat":"repeat","background-position":"center center","background-size":"auto","background-attachment":"scroll","background-type":"","background-media":"","overlay-type":"","overlay-color":"","overlay-opacity":"","overlay-gradient":""},"tablet":{"background-color":"","background-image":"","background-repeat":"repeat","background-position":"center center","background-size":"auto","background-attachment":"scroll","background-type":"","background-media":"","overlay-type":"","overlay-color":"","overlay-opacity":"","overlay-gradient":""},"mobile":{"background-color":"","background-image":"","background-repeat":"repeat","background-position":"center center","background-size":"auto","background-attachment":"scroll","background-type":"","background-media":"","overlay-type":"","overlay-color":"","overlay-opacity":"","overlay-gradient":""}},"ast-content-background-meta":{"desktop":{"background-color":"var(--ast-global-color-5)","background-image":"","background-repeat":"repeat","background-position":"center center","background-size":"auto","background-attachment":"scroll","background-type":"","background-media":"","overlay-type":"","overlay-color":"","overlay-opacity":"","overlay-gradient":""},"tablet":{"background-color":"var(--ast-global-color-5)","background-image":"","background-repeat":"repeat","background-position":"center center","background-size":"auto","background-attachment":"scroll","background-type":"","background-media":"","overlay-type":"","overlay-color":"","overlay-opacity":"","overlay-gradient":""},"mobile":{"background-color":"var(--ast-global-color-5)","background-image":"","background-repeat":"repeat","background-position":"center center","background-size":"auto","background-attachment":"scroll","background-type":"","background-media":"","overlay-type":"","overlay-color":"","overlay-opacity":"","overlay-gradient":""}},"footnotes":""},"class_list":["post-9934","page","type-page","status-publish","hentry"],"yoast_head":"<!-- This site is optimized with the Yoast SEO plugin v27.4 - https:\/\/yoast.com\/product\/yoast-seo-wordpress\/ -->\n<title>Strategija internacionalizacije - Univerzitet MB<\/title>\n<meta name=\"robots\" content=\"index, follow, max-snippet:-1, max-image-preview:large, max-video-preview:-1\" \/>\n<link rel=\"canonical\" href=\"https:\/\/mbuniverzitet.edu.rs\/en\/strategija-internacionalizacije\/\" \/>\n<meta property=\"og:locale\" content=\"en_GB\" \/>\n<meta property=\"og:type\" content=\"article\" \/>\n<meta property=\"og:title\" content=\"Strategija internacionalizacije - Univerzitet MB\" \/>\n<meta property=\"og:description\" content=\"Univerzitet MB Centar za me\u0111unarodnu saradnju i alumni Univerziteta Centar za me\u0111unarodnu saradnju i alumni Univerziteta Strategija Internacionalizacije Me\u0111unarodna saradnja Mobilnost studenata i zaposlenih Propisi i dokumenta Mobilnost studentskog i nastavnog osoblja Bilateralni sporazumi Me\u0111unarodni projekti Vesti\/Obave\u0161tenja Kontakt Korisni linkovi Strategija internacionalizacije Univerzitet MB ima ura\u0111enu Strategiju internacionalizacije. Osnovni institucionalni okvir za ostvarivanje internacionalizacije visokog [&hellip;]\" \/>\n<meta property=\"og:url\" content=\"https:\/\/mbuniverzitet.edu.rs\/en\/strategija-internacionalizacije\/\" \/>\n<meta property=\"og:site_name\" content=\"Univerzitet MB\" \/>\n<meta property=\"article:modified_time\" content=\"2022-01-17T13:23:46+00:00\" \/>\n<meta name=\"twitter:card\" content=\"summary_large_image\" \/>\n<meta name=\"twitter:label1\" content=\"Estimated reading time\" \/>\n\t<meta name=\"twitter:data1\" content=\"2 minutes\" \/>\n<script type=\"application\/ld+json\" class=\"yoast-schema-graph\">{\"@context\":\"https:\\\/\\\/schema.org\",\"@graph\":[{\"@type\":\"WebPage\",\"@id\":\"https:\\\/\\\/mbuniverzitet.edu.rs\\\/strategija-internacionalizacije\\\/\",\"url\":\"https:\\\/\\\/mbuniverzitet.edu.rs\\\/strategija-internacionalizacije\\\/\",\"name\":\"Strategija internacionalizacije - Univerzitet MB\",\"isPartOf\":{\"@id\":\"https:\\\/\\\/mbuniverzitet.edu.rs\\\/#website\"},\"datePublished\":\"2022-01-16T13:40:40+00:00\",\"dateModified\":\"2022-01-17T13:23:46+00:00\",\"breadcrumb\":{\"@id\":\"https:\\\/\\\/mbuniverzitet.edu.rs\\\/strategija-internacionalizacije\\\/#breadcrumb\"},\"inLanguage\":\"en-GB\",\"potentialAction\":[{\"@type\":\"ReadAction\",\"target\":[\"https:\\\/\\\/mbuniverzitet.edu.rs\\\/strategija-internacionalizacije\\\/\"]}]},{\"@type\":\"BreadcrumbList\",\"@id\":\"https:\\\/\\\/mbuniverzitet.edu.rs\\\/strategija-internacionalizacije\\\/#breadcrumb\",\"itemListElement\":[{\"@type\":\"ListItem\",\"position\":1,\"name\":\"Home\",\"item\":\"https:\\\/\\\/mbuniverzitet.edu.rs\\\/\"},{\"@type\":\"ListItem\",\"position\":2,\"name\":\"Strategija internacionalizacije\"}]},{\"@type\":\"WebSite\",\"@id\":\"https:\\\/\\\/mbuniverzitet.edu.rs\\\/#website\",\"url\":\"https:\\\/\\\/mbuniverzitet.edu.rs\\\/\",\"name\":\"Univerzitet MB\",\"description\":\"\",\"publisher\":{\"@id\":\"https:\\\/\\\/mbuniverzitet.edu.rs\\\/#organization\"},\"potentialAction\":[{\"@type\":\"SearchAction\",\"target\":{\"@type\":\"EntryPoint\",\"urlTemplate\":\"https:\\\/\\\/mbuniverzitet.edu.rs\\\/?s={search_term_string}\"},\"query-input\":{\"@type\":\"PropertyValueSpecification\",\"valueRequired\":true,\"valueName\":\"search_term_string\"}}],\"inLanguage\":\"en-GB\"},{\"@type\":\"Organization\",\"@id\":\"https:\\\/\\\/mbuniverzitet.edu.rs\\\/#organization\",\"name\":\"Univerzitet MB\",\"url\":\"https:\\\/\\\/mbuniverzitet.edu.rs\\\/\",\"logo\":{\"@type\":\"ImageObject\",\"inLanguage\":\"en-GB\",\"@id\":\"https:\\\/\\\/mbuniverzitet.edu.rs\\\/#\\\/schema\\\/logo\\\/image\\\/\",\"url\":\"https:\\\/\\\/media.mbuniverzitet.edu.rs\\\/2020\\\/11\\\/UniMB-Logotip-u-postupku-akreditacije.png\",\"contentUrl\":\"https:\\\/\\\/media.mbuniverzitet.edu.rs\\\/2020\\\/11\\\/UniMB-Logotip-u-postupku-akreditacije.png\",\"width\":296,\"height\":90,\"caption\":\"Univerzitet MB\"},\"image\":{\"@id\":\"https:\\\/\\\/mbuniverzitet.edu.rs\\\/#\\\/schema\\\/logo\\\/image\\\/\"}}]}<\/script>\n<!-- \/ Yoast SEO plugin. -->","yoast_head_json":{"title":"Strategija internacionalizacije - Univerzitet MB","robots":{"index":"index","follow":"follow","max-snippet":"max-snippet:-1","max-image-preview":"max-image-preview:large","max-video-preview":"max-video-preview:-1"},"canonical":"https:\/\/mbuniverzitet.edu.rs\/en\/strategija-internacionalizacije\/","og_locale":"en_GB","og_type":"article","og_title":"Strategija internacionalizacije - Univerzitet MB","og_description":"Univerzitet MB Centar za me\u0111unarodnu saradnju i alumni Univerziteta Centar za me\u0111unarodnu saradnju i alumni Univerziteta Strategija Internacionalizacije Me\u0111unarodna saradnja Mobilnost studenata i zaposlenih Propisi i dokumenta Mobilnost studentskog i nastavnog osoblja Bilateralni sporazumi Me\u0111unarodni projekti Vesti\/Obave\u0161tenja Kontakt Korisni linkovi Strategija internacionalizacije Univerzitet MB ima ura\u0111enu Strategiju internacionalizacije. Osnovni institucionalni okvir za ostvarivanje internacionalizacije visokog [&hellip;]","og_url":"https:\/\/mbuniverzitet.edu.rs\/en\/strategija-internacionalizacije\/","og_site_name":"Univerzitet MB","article_modified_time":"2022-01-17T13:23:46+00:00","twitter_card":"summary_large_image","twitter_misc":{"Estimated reading time":"2 minutes"},"schema":{"@context":"https:\/\/schema.org","@graph":[{"@type":"WebPage","@id":"https:\/\/mbuniverzitet.edu.rs\/strategija-internacionalizacije\/","url":"https:\/\/mbuniverzitet.edu.rs\/strategija-internacionalizacije\/","name":"Strategija internacionalizacije - Univerzitet MB","isPartOf":{"@id":"https:\/\/mbuniverzitet.edu.rs\/#website"},"datePublished":"2022-01-16T13:40:40+00:00","dateModified":"2022-01-17T13:23:46+00:00","breadcrumb":{"@id":"https:\/\/mbuniverzitet.edu.rs\/strategija-internacionalizacije\/#breadcrumb"},"inLanguage":"en-GB","potentialAction":[{"@type":"ReadAction","target":["https:\/\/mbuniverzitet.edu.rs\/strategija-internacionalizacije\/"]}]},{"@type":"BreadcrumbList","@id":"https:\/\/mbuniverzitet.edu.rs\/strategija-internacionalizacije\/#breadcrumb","itemListElement":[{"@type":"ListItem","position":1,"name":"Home","item":"https:\/\/mbuniverzitet.edu.rs\/"},{"@type":"ListItem","position":2,"name":"Strategija internacionalizacije"}]},{"@type":"WebSite","@id":"https:\/\/mbuniverzitet.edu.rs\/#website","url":"https:\/\/mbuniverzitet.edu.rs\/","name":"MB University","description":"","publisher":{"@id":"https:\/\/mbuniverzitet.edu.rs\/#organization"},"potentialAction":[{"@type":"SearchAction","target":{"@type":"EntryPoint","urlTemplate":"https:\/\/mbuniverzitet.edu.rs\/?s={search_term_string}"},"query-input":{"@type":"PropertyValueSpecification","valueRequired":true,"valueName":"search_term_string"}}],"inLanguage":"en-GB"},{"@type":"Organization","@id":"https:\/\/mbuniverzitet.edu.rs\/#organization","name":"MB University","url":"https:\/\/mbuniverzitet.edu.rs\/","logo":{"@type":"ImageObject","inLanguage":"en-GB","@id":"https:\/\/mbuniverzitet.edu.rs\/#\/schema\/logo\/image\/","url":"https:\/\/media.mbuniverzitet.edu.rs\/2020\/11\/UniMB-Logotip-u-postupku-akreditacije.png","contentUrl":"https:\/\/media.mbuniverzitet.edu.rs\/2020\/11\/UniMB-Logotip-u-postupku-akreditacije.png","width":296,"height":90,"caption":"Univerzitet MB"},"image":{"@id":"https:\/\/mbuniverzitet.edu.rs\/#\/schema\/logo\/image\/"}}]}},"_links":{"self":[{"href":"https:\/\/mbuniverzitet.edu.rs\/en\/wp-json\/wp\/v2\/pages\/9934","targetHints":{"allow":["GET"]}}],"collection":[{"href":"https:\/\/mbuniverzitet.edu.rs\/en\/wp-json\/wp\/v2\/pages"}],"about":[{"href":"https:\/\/mbuniverzitet.edu.rs\/en\/wp-json\/wp\/v2\/types\/page"}],"author":[{"embeddable":true,"href":"https:\/\/mbuniverzitet.edu.rs\/en\/wp-json\/wp\/v2\/users\/1"}],"replies":[{"embeddable":true,"href":"https:\/\/mbuniverzitet.edu.rs\/en\/wp-json\/wp\/v2\/comments?post=9934"}],"version-history":[{"count":0,"href":"https:\/\/mbuniverzitet.edu.rs\/en\/wp-json\/wp\/v2\/pages\/9934\/revisions"}],"wp:attachment":[{"href":"https:\/\/mbuniverzitet.edu.rs\/en\/wp-json\/wp\/v2\/media?parent=9934"}],"curies":[{"name":"wp","href":"https:\/\/api.w.org\/{rel}","templated":true}]}}