{"id":9691,"date":"2022-01-14T10:41:34","date_gmt":"2022-01-14T09:41:34","guid":{"rendered":"https:\/\/mbuniverzitet.edu.rs\/?page_id=9691"},"modified":"2024-03-19T14:22:15","modified_gmt":"2024-03-19T13:22:15","slug":"karijerno-savetovanje","status":"publish","type":"page","link":"https:\/\/mbuniverzitet.edu.rs\/en\/karijerno-savetovanje\/","title":{"rendered":"Career counseling"},"content":{"rendered":"<div data-elementor-type=\"wp-page\" data-elementor-id=\"9691\" class=\"elementor elementor-9691\">\n\t\t\t\t\t\t<section class=\"elementor-section elementor-top-section elementor-element elementor-element-5f39d784 elementor-section-content-middle elementor-reverse-mobile elementor-section-boxed elementor-section-height-default elementor-section-height-default exad-glass-effect-no exad-sticky-section-no\" data-id=\"5f39d784\" data-element_type=\"section\" data-e-type=\"section\" data-settings=\"{&quot;background_background&quot;:&quot;classic&quot;}\">\n\t\t\t\t\t\t\t<div class=\"elementor-background-overlay\"><\/div>\n\t\t\t\t\t\t\t<div class=\"elementor-container elementor-column-gap-default\">\n\t\t\t\t\t<div class=\"elementor-column elementor-col-100 elementor-top-column elementor-element elementor-element-86aee8c exad-glass-effect-no exad-sticky-section-no\" data-id=\"86aee8c\" data-element_type=\"column\" data-e-type=\"column\">\n\t\t\t<div class=\"elementor-widget-wrap elementor-element-populated\">\n\t\t\t\t\t\t<div class=\"elementor-element elementor-element-6527af2d elementor-widget-divider--view-line_text elementor-widget-divider--element-align-center exad-sticky-section-no exad-glass-effect-no elementor-widget elementor-widget-divider\" data-id=\"6527af2d\" data-element_type=\"widget\" data-e-type=\"widget\" data-widget_type=\"divider.default\">\n\t\t\t\t<div class=\"elementor-widget-container\">\n\t\t\t\t\t\t\t<div class=\"elementor-divider\">\n\t\t\t<span class=\"elementor-divider-separator\">\n\t\t\t\t\t\t\t<span class=\"elementor-divider__text elementor-divider__element\">\n\t\t\t\tMB University\t\t\t\t<\/span>\n\t\t\t\t\t\t<\/span>\n\t\t<\/div>\n\t\t\t\t\t\t<\/div>\n\t\t\t\t<\/div>\n\t\t\t\t<div class=\"elementor-element elementor-element-289ebdce exad-sticky-section-no exad-glass-effect-no elementor-widget elementor-widget-heading\" data-id=\"289ebdce\" data-element_type=\"widget\" data-e-type=\"widget\" data-widget_type=\"heading.default\">\n\t\t\t\t<div class=\"elementor-widget-container\">\n\t\t\t\t\t<h2 class=\"elementor-heading-title elementor-size-default\">Career Development Center for Students, Researchers, and Student Support<\/h2>\t\t\t\t<\/div>\n\t\t\t\t<\/div>\n\t\t\t\t<div class=\"elementor-element elementor-element-2d02de95 exad-sticky-section-no exad-glass-effect-no elementor-widget elementor-widget-text-editor\" data-id=\"2d02de95\" data-element_type=\"widget\" data-e-type=\"widget\" data-widget_type=\"text-editor.default\">\n\t\t\t\t<div class=\"elementor-widget-container\">\n\t\t\t\t\t\t\t\t\t<p>Welcome to the website of the Center for Career Development of Students, Researchers and Student Support. The Center for Career Development and Counseling of Students and Researchers aims to prepare students for entering the labor market after graduation, to connect them with employers and to provide them with support in acquiring those knowledge and skills that are needed in the modern business world.<\/p>\t\t\t\t\t\t\t\t<\/div>\n\t\t\t\t<\/div>\n\t\t\t\t\t<\/div>\n\t\t<\/div>\n\t\t\t\t\t<\/div>\n\t\t<\/section>\n\t\t\t\t<section class=\"elementor-section elementor-top-section elementor-element elementor-element-3e8d8699 elementor-section-boxed elementor-section-height-default elementor-section-height-default exad-glass-effect-no exad-sticky-section-no\" data-id=\"3e8d8699\" data-element_type=\"section\" data-e-type=\"section\">\n\t\t\t\t\t\t<div class=\"elementor-container elementor-column-gap-default\">\n\t\t\t\t\t<div class=\"elementor-column elementor-col-50 elementor-top-column elementor-element elementor-element-2885d648 exad-glass-effect-no exad-sticky-section-no\" data-id=\"2885d648\" data-element_type=\"column\" data-e-type=\"column\">\n\t\t\t<div class=\"elementor-widget-wrap elementor-element-populated\">\n\t\t\t\t\t\t<div class=\"elementor-element elementor-element-7d9707de exad-sticky-section-no exad-glass-effect-no elementor-widget elementor-widget-heading\" data-id=\"7d9707de\" data-element_type=\"widget\" data-e-type=\"widget\" data-widget_type=\"heading.default\">\n\t\t\t\t<div class=\"elementor-widget-container\">\n\t\t\t\t\t<h2 class=\"elementor-heading-title elementor-size-default\">Students, graduates and researchers<\/h2>\t\t\t\t<\/div>\n\t\t\t\t<\/div>\n\t\t\t\t<div class=\"elementor-element elementor-element-791053e elementor-icon-list--layout-traditional elementor-list-item-link-full_width exad-sticky-section-no exad-glass-effect-no elementor-widget elementor-widget-icon-list\" data-id=\"791053e\" data-element_type=\"widget\" data-e-type=\"widget\" data-widget_type=\"icon-list.default\">\n\t\t\t\t<div class=\"elementor-widget-container\">\n\t\t\t\t\t\t\t<ul class=\"elementor-icon-list-items\">\n\t\t\t\t\t\t\t<li class=\"elementor-icon-list-item\">\n\t\t\t\t\t\t\t\t\t\t\t<a href=\"https:\/\/mbuniverzitet.edu.rs\/en\/usluge-za-studente\/\">\n\n\t\t\t\t\t\t\t\t\t\t\t\t<span class=\"elementor-icon-list-icon\">\n\t\t\t\t\t\t\t<i aria-hidden=\"true\" class=\"fas fa-angle-right\"><\/i>\t\t\t\t\t\t<\/span>\n\t\t\t\t\t\t\t\t\t\t<span class=\"elementor-icon-list-text\">Services for students<\/span>\n\t\t\t\t\t\t\t\t\t\t\t<\/a>\n\t\t\t\t\t\t\t\t\t<\/li>\n\t\t\t\t\t\t\t\t<li class=\"elementor-icon-list-item\">\n\t\t\t\t\t\t\t\t\t\t\t<a href=\"https:\/\/mbuniverzitet.edu.rs\/en\/dokumenta-centra-za-razvoj-karijere\/\">\n\n\t\t\t\t\t\t\t\t\t\t\t\t<span class=\"elementor-icon-list-icon\">\n\t\t\t\t\t\t\t<i aria-hidden=\"true\" class=\"fas fa-angle-right\"><\/i>\t\t\t\t\t\t<\/span>\n\t\t\t\t\t\t\t\t\t\t<span class=\"elementor-icon-list-text\">Documents of the Center<\/span>\n\t\t\t\t\t\t\t\t\t\t\t<\/a>\n\t\t\t\t\t\t\t\t\t<\/li>\n\t\t\t\t\t\t\t\t<li class=\"elementor-icon-list-item\">\n\t\t\t\t\t\t\t\t\t\t\t<a href=\"https:\/\/mbuniverzitet.edu.rs\/en\/karijerno-savetovanje\/\">\n\n\t\t\t\t\t\t\t\t\t\t\t\t<span class=\"elementor-icon-list-icon\">\n\t\t\t\t\t\t\t<i aria-hidden=\"true\" class=\"fas fa-angle-right\"><\/i>\t\t\t\t\t\t<\/span>\n\t\t\t\t\t\t\t\t\t\t<span class=\"elementor-icon-list-text\">Career counseling<\/span>\n\t\t\t\t\t\t\t\t\t\t\t<\/a>\n\t\t\t\t\t\t\t\t\t<\/li>\n\t\t\t\t\t\t\t\t<li class=\"elementor-icon-list-item\">\n\t\t\t\t\t\t\t\t\t\t\t<a href=\"https:\/\/mbuniverzitet.edu.rs\/en\/radionice-i-predavanja\/\">\n\n\t\t\t\t\t\t\t\t\t\t\t\t<span class=\"elementor-icon-list-icon\">\n\t\t\t\t\t\t\t<i aria-hidden=\"true\" class=\"fas fa-angle-right\"><\/i>\t\t\t\t\t\t<\/span>\n\t\t\t\t\t\t\t\t\t\t<span class=\"elementor-icon-list-text\">Workshops and lectures<\/span>\n\t\t\t\t\t\t\t\t\t\t\t<\/a>\n\t\t\t\t\t\t\t\t\t<\/li>\n\t\t\t\t\t\t\t\t<li class=\"elementor-icon-list-item\">\n\t\t\t\t\t\t\t\t\t\t\t<a href=\"https:\/\/mbuniverzitet.edu.rs\/en\/prakse-volontiranja-poslovi\/\">\n\n\t\t\t\t\t\t\t\t\t\t\t\t<span class=\"elementor-icon-list-icon\">\n\t\t\t\t\t\t\t<i aria-hidden=\"true\" class=\"fas fa-angle-right\"><\/i>\t\t\t\t\t\t<\/span>\n\t\t\t\t\t\t\t\t\t\t<span class=\"elementor-icon-list-text\">Internships\/volunteering\/job<\/span>\n\t\t\t\t\t\t\t\t\t\t\t<\/a>\n\t\t\t\t\t\t\t\t\t<\/li>\n\t\t\t\t\t\t\t\t<li class=\"elementor-icon-list-item\">\n\t\t\t\t\t\t\t\t\t\t\t<a href=\"https:\/\/mbuniverzitet.edu.rs\/en\/aktuelni-konkursi-2\/\">\n\n\t\t\t\t\t\t\t\t\t\t\t\t<span class=\"elementor-icon-list-icon\">\n\t\t\t\t\t\t\t<i aria-hidden=\"true\" class=\"fas fa-angle-right\"><\/i>\t\t\t\t\t\t<\/span>\n\t\t\t\t\t\t\t\t\t\t<span class=\"elementor-icon-list-text\">Current openings<\/span>\n\t\t\t\t\t\t\t\t\t\t\t<\/a>\n\t\t\t\t\t\t\t\t\t<\/li>\n\t\t\t\t\t\t\t\t<li class=\"elementor-icon-list-item\">\n\t\t\t\t\t\t\t\t\t\t\t<a href=\"https:\/\/mbuniverzitet.edu.rs\/en\/virtuelni-intervju-za-posao\/\">\n\n\t\t\t\t\t\t\t\t\t\t\t\t<span class=\"elementor-icon-list-icon\">\n\t\t\t\t\t\t\t<i aria-hidden=\"true\" class=\"fas fa-angle-right\"><\/i>\t\t\t\t\t\t<\/span>\n\t\t\t\t\t\t\t\t\t\t<span class=\"elementor-icon-list-text\">Virtual job interview<\/span>\n\t\t\t\t\t\t\t\t\t\t\t<\/a>\n\t\t\t\t\t\t\t\t\t<\/li>\n\t\t\t\t\t\t\t\t<li class=\"elementor-icon-list-item\">\n\t\t\t\t\t\t\t\t\t\t\t<a href=\"https:\/\/mbuniverzitet.edu.rs\/en\/e-savetnik\/\">\n\n\t\t\t\t\t\t\t\t\t\t\t\t<span class=\"elementor-icon-list-icon\">\n\t\t\t\t\t\t\t<i aria-hidden=\"true\" class=\"fas fa-angle-right\"><\/i>\t\t\t\t\t\t<\/span>\n\t\t\t\t\t\t\t\t\t\t<span class=\"elementor-icon-list-text\">E-advisor<\/span>\n\t\t\t\t\t\t\t\t\t\t\t<\/a>\n\t\t\t\t\t\t\t\t\t<\/li>\n\t\t\t\t\t\t\t\t<li class=\"elementor-icon-list-item\">\n\t\t\t\t\t\t\t\t\t\t\t<a href=\"https:\/\/mbuniverzitet.edu.rs\/en\/korisni-linkovi-3\/\">\n\n\t\t\t\t\t\t\t\t\t\t\t\t<span class=\"elementor-icon-list-icon\">\n\t\t\t\t\t\t\t<i aria-hidden=\"true\" class=\"fas fa-angle-right\"><\/i>\t\t\t\t\t\t<\/span>\n\t\t\t\t\t\t\t\t\t\t<span class=\"elementor-icon-list-text\">Useful links<\/span>\n\t\t\t\t\t\t\t\t\t\t\t<\/a>\n\t\t\t\t\t\t\t\t\t<\/li>\n\t\t\t\t\t\t\t\t<li class=\"elementor-icon-list-item\">\n\t\t\t\t\t\t\t\t\t\t\t<a href=\"#\">\n\n\t\t\t\t\t\t\t\t\t\t\t<span class=\"elementor-icon-list-text\"><\/span>\n\t\t\t\t\t\t\t\t\t\t\t<\/a>\n\t\t\t\t\t\t\t\t\t<\/li>\n\t\t\t\t\t\t<\/ul>\n\t\t\t\t\t\t<\/div>\n\t\t\t\t<\/div>\n\t\t\t\t\t<\/div>\n\t\t<\/div>\n\t\t\t\t<div class=\"elementor-column elementor-col-50 elementor-top-column elementor-element elementor-element-67e90ffe exad-glass-effect-no exad-sticky-section-no\" data-id=\"67e90ffe\" data-element_type=\"column\" data-e-type=\"column\">\n\t\t\t<div class=\"elementor-widget-wrap elementor-element-populated\">\n\t\t\t\t\t\t<div class=\"elementor-element elementor-element-6d49aedd exad-sticky-section-no exad-glass-effect-no elementor-widget elementor-widget-text-editor\" data-id=\"6d49aedd\" data-element_type=\"widget\" data-e-type=\"widget\" data-widget_type=\"text-editor.default\">\n\t\t\t\t<div class=\"elementor-widget-container\">\n\t\t\t\t\t\t\t\t\t<h3><span style=\"text-decoration: underline;\">Career counseling<\/span><\/h3><p>The University Center for Career Development and Student Counseling at MB University in Belgrade offers comprehensive career counseling services tailored to the needs of both students and graduates. Whether you're contemplating your next academic pursuit, navigating career choices, or seeking assistance with writing impactful documents like CVs, motivational letters, and cover letters, we're here to support you every step of the way. Don't hesitate to reach out to us for expert guidance and personalized assistance in shaping your professional journey.<\/p><p>If you're unsure about the next steps in your career journey, our center offers the Professional Orientation Test (POT). Moreover, if you're eager to enhance your skills and broaden your horizons, we provide valuable resources on training opportunities, professional internships, and volunteer programs which can significantly enrich your professional profile and provide invaluable experience.<\/p>\t\t\t\t\t\t\t\t<\/div>\n\t\t\t\t<\/div>\n\t\t\t\t\t<\/div>\n\t\t<\/div>\n\t\t\t\t\t<\/div>\n\t\t<\/section>\n\t\t\t\t<section class=\"elementor-section elementor-top-section elementor-element elementor-element-9b037a7 elementor-section-full_width elementor-section-height-default elementor-section-height-default exad-glass-effect-no exad-sticky-section-no\" data-id=\"9b037a7\" data-element_type=\"section\" data-e-type=\"section\">\n\t\t\t\t\t\t<div class=\"elementor-container elementor-column-gap-default\">\n\t\t\t\t\t<div class=\"elementor-column elementor-col-100 elementor-top-column elementor-element elementor-element-d8cfce9 exad-glass-effect-no exad-sticky-section-no\" data-id=\"d8cfce9\" data-element_type=\"column\" data-e-type=\"column\">\n\t\t\t<div class=\"elementor-widget-wrap elementor-element-populated\">\n\t\t\t\t\t\t<div class=\"elementor-element elementor-element-a5ec73c exad-sticky-section-no exad-glass-effect-no elementor-widget elementor-widget-spacer\" data-id=\"a5ec73c\" data-element_type=\"widget\" data-e-type=\"widget\" data-widget_type=\"spacer.default\">\n\t\t\t\t<div class=\"elementor-widget-container\">\n\t\t\t\t\t\t\t<div class=\"elementor-spacer\">\n\t\t\t<div class=\"elementor-spacer-inner\"><\/div>\n\t\t<\/div>\n\t\t\t\t\t\t<\/div>\n\t\t\t\t<\/div>\n\t\t\t\t\t<\/div>\n\t\t<\/div>\n\t\t\t\t\t<\/div>\n\t\t<\/section>\n\t\t\t\t<\/div>","protected":false},"excerpt":{"rendered":"<p>Univerzitet MB Centar za razvoj karijere studenata, istra\u017eiva\u010da i podr\u0161ku studentima Univerziteta MB\u200b Dobrodo\u0161li na Internet prezentaciju Centra za razvoj karijere studenata, istra\u017eiva\u010da i podr\u0161ku studentima.\u00a0Centar za razvoj karijere i savetovanje studenata i istra\u017eiva\u010da ima za cilj da studente pripremi za izlazak na tr\u017ei\u0161te rada nakon diplomiranja, da ih pove\u017ee sa poslodavcima i da im [&hellip;]<\/p>\n","protected":false},"author":1,"featured_media":0,"parent":0,"menu_order":0,"comment_status":"closed","ping_status":"closed","template":"","meta":{"_eb_attr":"","site-sidebar-layout":"no-sidebar","site-content-layout":"page-builder","ast-site-content-layout":"default","site-content-style":"default","site-sidebar-style":"default","ast-global-header-display":"","ast-banner-title-visibility":"","ast-main-header-display":"","ast-hfb-above-header-display":"","ast-hfb-below-header-display":"","ast-hfb-mobile-header-display":"","site-post-title":"disabled","ast-breadcrumbs-content":"","ast-featured-img":"disabled","footer-sml-layout":"","ast-disable-related-posts":"","theme-transparent-header-meta":"","adv-header-id-meta":"","stick-header-meta":"","header-above-stick-meta":"","header-main-stick-meta":"","header-below-stick-meta":"","astra-migrate-meta-layouts":"default","ast-page-background-enabled":"default","ast-page-background-meta":{"desktop":{"background-color":"","background-image":"","background-repeat":"repeat","background-position":"center center","background-size":"auto","background-attachment":"scroll","background-type":"","background-media":"","overlay-type":"","overlay-color":"","overlay-opacity":"","overlay-gradient":""},"tablet":{"background-color":"","background-image":"","background-repeat":"repeat","background-position":"center center","background-size":"auto","background-attachment":"scroll","background-type":"","background-media":"","overlay-type":"","overlay-color":"","overlay-opacity":"","overlay-gradient":""},"mobile":{"background-color":"","background-image":"","background-repeat":"repeat","background-position":"center center","background-size":"auto","background-attachment":"scroll","background-type":"","background-media":"","overlay-type":"","overlay-color":"","overlay-opacity":"","overlay-gradient":""}},"ast-content-background-meta":{"desktop":{"background-color":"var(--ast-global-color-5)","background-image":"","background-repeat":"repeat","background-position":"center center","background-size":"auto","background-attachment":"scroll","background-type":"","background-media":"","overlay-type":"","overlay-color":"","overlay-opacity":"","overlay-gradient":""},"tablet":{"background-color":"var(--ast-global-color-5)","background-image":"","background-repeat":"repeat","background-position":"center center","background-size":"auto","background-attachment":"scroll","background-type":"","background-media":"","overlay-type":"","overlay-color":"","overlay-opacity":"","overlay-gradient":""},"mobile":{"background-color":"var(--ast-global-color-5)","background-image":"","background-repeat":"repeat","background-position":"center center","background-size":"auto","background-attachment":"scroll","background-type":"","background-media":"","overlay-type":"","overlay-color":"","overlay-opacity":"","overlay-gradient":""}},"footnotes":""},"class_list":["post-9691","page","type-page","status-publish","hentry"],"yoast_head":"<!-- This site is optimized with the Yoast SEO plugin v27.4 - https:\/\/yoast.com\/product\/yoast-seo-wordpress\/ -->\n<title>Karijerno savetovanje - Univerzitet MB<\/title>\n<meta name=\"robots\" content=\"index, follow, max-snippet:-1, max-image-preview:large, max-video-preview:-1\" \/>\n<link rel=\"canonical\" href=\"https:\/\/mbuniverzitet.edu.rs\/en\/karijerno-savetovanje\/\" \/>\n<meta property=\"og:locale\" content=\"en_GB\" \/>\n<meta property=\"og:type\" content=\"article\" \/>\n<meta property=\"og:title\" content=\"Karijerno savetovanje - Univerzitet MB\" \/>\n<meta property=\"og:description\" content=\"Univerzitet MB Centar za razvoj karijere studenata, istra\u017eiva\u010da i podr\u0161ku studentima Univerziteta MB\u200b Dobrodo\u0161li na Internet prezentaciju Centra za razvoj karijere studenata, istra\u017eiva\u010da i podr\u0161ku studentima.\u00a0Centar za razvoj karijere i savetovanje studenata i istra\u017eiva\u010da ima za cilj da studente pripremi za izlazak na tr\u017ei\u0161te rada nakon diplomiranja, da ih pove\u017ee sa poslodavcima i da im [&hellip;]\" \/>\n<meta property=\"og:url\" content=\"https:\/\/mbuniverzitet.edu.rs\/en\/karijerno-savetovanje\/\" \/>\n<meta property=\"og:site_name\" content=\"Univerzitet MB\" \/>\n<meta property=\"article:modified_time\" content=\"2024-03-19T13:22:15+00:00\" \/>\n<meta name=\"twitter:card\" content=\"summary_large_image\" \/>\n<meta name=\"twitter:label1\" content=\"Estimated reading time\" \/>\n\t<meta name=\"twitter:data1\" content=\"1 minute\" \/>\n<script type=\"application\/ld+json\" class=\"yoast-schema-graph\">{\"@context\":\"https:\\\/\\\/schema.org\",\"@graph\":[{\"@type\":\"WebPage\",\"@id\":\"https:\\\/\\\/mbuniverzitet.edu.rs\\\/karijerno-savetovanje\\\/\",\"url\":\"https:\\\/\\\/mbuniverzitet.edu.rs\\\/karijerno-savetovanje\\\/\",\"name\":\"Karijerno savetovanje - Univerzitet MB\",\"isPartOf\":{\"@id\":\"https:\\\/\\\/mbuniverzitet.edu.rs\\\/#website\"},\"datePublished\":\"2022-01-14T09:41:34+00:00\",\"dateModified\":\"2024-03-19T13:22:15+00:00\",\"breadcrumb\":{\"@id\":\"https:\\\/\\\/mbuniverzitet.edu.rs\\\/karijerno-savetovanje\\\/#breadcrumb\"},\"inLanguage\":\"en-GB\",\"potentialAction\":[{\"@type\":\"ReadAction\",\"target\":[\"https:\\\/\\\/mbuniverzitet.edu.rs\\\/karijerno-savetovanje\\\/\"]}]},{\"@type\":\"BreadcrumbList\",\"@id\":\"https:\\\/\\\/mbuniverzitet.edu.rs\\\/karijerno-savetovanje\\\/#breadcrumb\",\"itemListElement\":[{\"@type\":\"ListItem\",\"position\":1,\"name\":\"Home\",\"item\":\"https:\\\/\\\/mbuniverzitet.edu.rs\\\/\"},{\"@type\":\"ListItem\",\"position\":2,\"name\":\"Karijerno savetovanje\"}]},{\"@type\":\"WebSite\",\"@id\":\"https:\\\/\\\/mbuniverzitet.edu.rs\\\/#website\",\"url\":\"https:\\\/\\\/mbuniverzitet.edu.rs\\\/\",\"name\":\"Univerzitet MB\",\"description\":\"\",\"publisher\":{\"@id\":\"https:\\\/\\\/mbuniverzitet.edu.rs\\\/#organization\"},\"potentialAction\":[{\"@type\":\"SearchAction\",\"target\":{\"@type\":\"EntryPoint\",\"urlTemplate\":\"https:\\\/\\\/mbuniverzitet.edu.rs\\\/?s={search_term_string}\"},\"query-input\":{\"@type\":\"PropertyValueSpecification\",\"valueRequired\":true,\"valueName\":\"search_term_string\"}}],\"inLanguage\":\"en-GB\"},{\"@type\":\"Organization\",\"@id\":\"https:\\\/\\\/mbuniverzitet.edu.rs\\\/#organization\",\"name\":\"Univerzitet MB\",\"url\":\"https:\\\/\\\/mbuniverzitet.edu.rs\\\/\",\"logo\":{\"@type\":\"ImageObject\",\"inLanguage\":\"en-GB\",\"@id\":\"https:\\\/\\\/mbuniverzitet.edu.rs\\\/#\\\/schema\\\/logo\\\/image\\\/\",\"url\":\"https:\\\/\\\/media.mbuniverzitet.edu.rs\\\/2020\\\/11\\\/UniMB-Logotip-u-postupku-akreditacije.png\",\"contentUrl\":\"https:\\\/\\\/media.mbuniverzitet.edu.rs\\\/2020\\\/11\\\/UniMB-Logotip-u-postupku-akreditacije.png\",\"width\":296,\"height\":90,\"caption\":\"Univerzitet MB\"},\"image\":{\"@id\":\"https:\\\/\\\/mbuniverzitet.edu.rs\\\/#\\\/schema\\\/logo\\\/image\\\/\"}}]}<\/script>\n<!-- \/ Yoast SEO plugin. -->","yoast_head_json":{"title":"Karijerno savetovanje - Univerzitet MB","robots":{"index":"index","follow":"follow","max-snippet":"max-snippet:-1","max-image-preview":"max-image-preview:large","max-video-preview":"max-video-preview:-1"},"canonical":"https:\/\/mbuniverzitet.edu.rs\/en\/karijerno-savetovanje\/","og_locale":"en_GB","og_type":"article","og_title":"Karijerno savetovanje - Univerzitet MB","og_description":"Univerzitet MB Centar za razvoj karijere studenata, istra\u017eiva\u010da i podr\u0161ku studentima Univerziteta MB\u200b Dobrodo\u0161li na Internet prezentaciju Centra za razvoj karijere studenata, istra\u017eiva\u010da i podr\u0161ku studentima.\u00a0Centar za razvoj karijere i savetovanje studenata i istra\u017eiva\u010da ima za cilj da studente pripremi za izlazak na tr\u017ei\u0161te rada nakon diplomiranja, da ih pove\u017ee sa poslodavcima i da im [&hellip;]","og_url":"https:\/\/mbuniverzitet.edu.rs\/en\/karijerno-savetovanje\/","og_site_name":"Univerzitet MB","article_modified_time":"2024-03-19T13:22:15+00:00","twitter_card":"summary_large_image","twitter_misc":{"Estimated reading time":"1 minute"},"schema":{"@context":"https:\/\/schema.org","@graph":[{"@type":"WebPage","@id":"https:\/\/mbuniverzitet.edu.rs\/karijerno-savetovanje\/","url":"https:\/\/mbuniverzitet.edu.rs\/karijerno-savetovanje\/","name":"Karijerno savetovanje - Univerzitet MB","isPartOf":{"@id":"https:\/\/mbuniverzitet.edu.rs\/#website"},"datePublished":"2022-01-14T09:41:34+00:00","dateModified":"2024-03-19T13:22:15+00:00","breadcrumb":{"@id":"https:\/\/mbuniverzitet.edu.rs\/karijerno-savetovanje\/#breadcrumb"},"inLanguage":"en-GB","potentialAction":[{"@type":"ReadAction","target":["https:\/\/mbuniverzitet.edu.rs\/karijerno-savetovanje\/"]}]},{"@type":"BreadcrumbList","@id":"https:\/\/mbuniverzitet.edu.rs\/karijerno-savetovanje\/#breadcrumb","itemListElement":[{"@type":"ListItem","position":1,"name":"Home","item":"https:\/\/mbuniverzitet.edu.rs\/"},{"@type":"ListItem","position":2,"name":"Karijerno savetovanje"}]},{"@type":"WebSite","@id":"https:\/\/mbuniverzitet.edu.rs\/#website","url":"https:\/\/mbuniverzitet.edu.rs\/","name":"MB University","description":"","publisher":{"@id":"https:\/\/mbuniverzitet.edu.rs\/#organization"},"potentialAction":[{"@type":"SearchAction","target":{"@type":"EntryPoint","urlTemplate":"https:\/\/mbuniverzitet.edu.rs\/?s={search_term_string}"},"query-input":{"@type":"PropertyValueSpecification","valueRequired":true,"valueName":"search_term_string"}}],"inLanguage":"en-GB"},{"@type":"Organization","@id":"https:\/\/mbuniverzitet.edu.rs\/#organization","name":"MB University","url":"https:\/\/mbuniverzitet.edu.rs\/","logo":{"@type":"ImageObject","inLanguage":"en-GB","@id":"https:\/\/mbuniverzitet.edu.rs\/#\/schema\/logo\/image\/","url":"https:\/\/media.mbuniverzitet.edu.rs\/2020\/11\/UniMB-Logotip-u-postupku-akreditacije.png","contentUrl":"https:\/\/media.mbuniverzitet.edu.rs\/2020\/11\/UniMB-Logotip-u-postupku-akreditacije.png","width":296,"height":90,"caption":"Univerzitet MB"},"image":{"@id":"https:\/\/mbuniverzitet.edu.rs\/#\/schema\/logo\/image\/"}}]}},"_links":{"self":[{"href":"https:\/\/mbuniverzitet.edu.rs\/en\/wp-json\/wp\/v2\/pages\/9691","targetHints":{"allow":["GET"]}}],"collection":[{"href":"https:\/\/mbuniverzitet.edu.rs\/en\/wp-json\/wp\/v2\/pages"}],"about":[{"href":"https:\/\/mbuniverzitet.edu.rs\/en\/wp-json\/wp\/v2\/types\/page"}],"author":[{"embeddable":true,"href":"https:\/\/mbuniverzitet.edu.rs\/en\/wp-json\/wp\/v2\/users\/1"}],"replies":[{"embeddable":true,"href":"https:\/\/mbuniverzitet.edu.rs\/en\/wp-json\/wp\/v2\/comments?post=9691"}],"version-history":[{"count":0,"href":"https:\/\/mbuniverzitet.edu.rs\/en\/wp-json\/wp\/v2\/pages\/9691\/revisions"}],"wp:attachment":[{"href":"https:\/\/mbuniverzitet.edu.rs\/en\/wp-json\/wp\/v2\/media?parent=9691"}],"curies":[{"name":"wp","href":"https:\/\/api.w.org\/{rel}","templated":true}]}}