{"id":9362,"date":"2022-01-11T13:38:38","date_gmt":"2022-01-11T12:38:38","guid":{"rendered":"https:\/\/mbuniverzitet.edu.rs\/?page_id=9362"},"modified":"2022-02-28T14:40:51","modified_gmt":"2022-02-28T13:40:51","slug":"baze-podataka-o-istrazivacima-jedinstvena-identifikacija-autora","status":"publish","type":"page","link":"https:\/\/mbuniverzitet.edu.rs\/en\/baze-podataka-o-istrazivacima-jedinstvena-identifikacija-autora\/","title":{"rendered":"Researcher databases \u2013 unique identification of authors"},"content":{"rendered":"<div data-elementor-type=\"wp-page\" data-elementor-id=\"9362\" class=\"elementor elementor-9362\">\n\t\t\t\t\t\t<section class=\"elementor-section elementor-top-section elementor-element elementor-element-9890de4 elementor-section-full_width elementor-section-height-default elementor-section-height-default exad-glass-effect-no exad-sticky-section-no\" data-id=\"9890de4\" data-element_type=\"section\" data-e-type=\"section\">\n\t\t\t\t\t\t<div class=\"elementor-container elementor-column-gap-default\">\n\t\t\t\t\t<div class=\"elementor-column elementor-col-100 elementor-top-column elementor-element elementor-element-93ad6bd exad-glass-effect-no exad-sticky-section-no\" data-id=\"93ad6bd\" data-element_type=\"column\" data-e-type=\"column\">\n\t\t\t<div class=\"elementor-widget-wrap elementor-element-populated\">\n\t\t\t\t\t\t<div class=\"elementor-element elementor-element-dcd6dda exad-sticky-section-no exad-glass-effect-no elementor-widget elementor-widget-spacer\" data-id=\"dcd6dda\" data-element_type=\"widget\" data-e-type=\"widget\" data-widget_type=\"spacer.default\">\n\t\t\t\t<div class=\"elementor-widget-container\">\n\t\t\t\t\t\t\t<div class=\"elementor-spacer\">\n\t\t\t<div class=\"elementor-spacer-inner\"><\/div>\n\t\t<\/div>\n\t\t\t\t\t\t<\/div>\n\t\t\t\t<\/div>\n\t\t\t\t\t<\/div>\n\t\t<\/div>\n\t\t\t\t\t<\/div>\n\t\t<\/section>\n\t\t\t\t<section class=\"elementor-section elementor-top-section elementor-element elementor-element-cc5e716 elementor-section-boxed elementor-section-height-default elementor-section-height-default exad-glass-effect-no exad-sticky-section-no\" data-id=\"cc5e716\" data-element_type=\"section\" data-e-type=\"section\">\n\t\t\t\t\t\t<div class=\"elementor-container elementor-column-gap-default\">\n\t\t\t\t\t<div class=\"elementor-column elementor-col-33 elementor-top-column elementor-element elementor-element-645f37ea exad-glass-effect-no exad-sticky-section-no\" data-id=\"645f37ea\" data-element_type=\"column\" data-e-type=\"column\">\n\t\t\t<div class=\"elementor-widget-wrap elementor-element-populated\">\n\t\t\t\t\t\t<div class=\"elementor-element elementor-element-88007df elementor-align-start elementor-icon-list--layout-traditional elementor-list-item-link-full_width exad-sticky-section-no exad-glass-effect-no elementor-widget elementor-widget-icon-list\" data-id=\"88007df\" data-element_type=\"widget\" data-e-type=\"widget\" data-widget_type=\"icon-list.default\">\n\t\t\t\t<div class=\"elementor-widget-container\">\n\t\t\t\t\t\t\t<ul class=\"elementor-icon-list-items\">\n\t\t\t\t\t\t\t<li class=\"elementor-icon-list-item\">\n\t\t\t\t\t\t\t\t\t\t\t<a href=\"https:\/\/mbuniverzitet.edu.rs\/en\/bibliografske-i-citatne-baze\/\">\n\n\t\t\t\t\t\t\t\t\t\t\t\t<span class=\"elementor-icon-list-icon\">\n\t\t\t\t\t\t\t<i aria-hidden=\"true\" class=\"fas fa-angle-right\"><\/i>\t\t\t\t\t\t<\/span>\n\t\t\t\t\t\t\t\t\t\t<span class=\"elementor-icon-list-text\">Bibliografske i citatne baze u Srbiji<\/span>\n\t\t\t\t\t\t\t\t\t\t\t<\/a>\n\t\t\t\t\t\t\t\t\t<\/li>\n\t\t\t\t\t\t\t\t<li class=\"elementor-icon-list-item\">\n\t\t\t\t\t\t\t\t\t\t\t<a href=\"https:\/\/mbuniverzitet.edu.rs\/en\/saveti-mladim-istrazivacima\/\">\n\n\t\t\t\t\t\t\t\t\t\t\t\t<span class=\"elementor-icon-list-icon\">\n\t\t\t\t\t\t\t<i aria-hidden=\"true\" class=\"fas fa-angle-right\"><\/i>\t\t\t\t\t\t<\/span>\n\t\t\t\t\t\t\t\t\t\t<span class=\"elementor-icon-list-text\">Tips for young researchers<\/span>\n\t\t\t\t\t\t\t\t\t\t\t<\/a>\n\t\t\t\t\t\t\t\t\t<\/li>\n\t\t\t\t\t\t\t\t<li class=\"elementor-icon-list-item\">\n\t\t\t\t\t\t\t\t\t\t\t<a href=\"https:\/\/mbuniverzitet.edu.rs\/en\/upozorenje-na-predatorske-casopise-i-izdavace\/\">\n\n\t\t\t\t\t\t\t\t\t\t\t\t<span class=\"elementor-icon-list-icon\">\n\t\t\t\t\t\t\t<i aria-hidden=\"true\" class=\"fas fa-angle-right\"><\/i>\t\t\t\t\t\t<\/span>\n\t\t\t\t\t\t\t\t\t\t<span class=\"elementor-icon-list-text\">Upozorenje na \"predatorske\" \u010dasopise i izdava\u010de<\/span>\n\t\t\t\t\t\t\t\t\t\t\t<\/a>\n\t\t\t\t\t\t\t\t\t<\/li>\n\t\t\t\t\t\t\t\t<li class=\"elementor-icon-list-item\">\n\t\t\t\t\t\t\t\t\t\t\t<a href=\"https:\/\/mbuniverzitet.edu.rs\/en\/uputstvo-za-navodenje-afilijacije-zaposlenih-na-univerzitetu-mb\/\">\n\n\t\t\t\t\t\t\t\t\t\t\t\t<span class=\"elementor-icon-list-icon\">\n\t\t\t\t\t\t\t<i aria-hidden=\"true\" class=\"fas fa-angle-right\"><\/i>\t\t\t\t\t\t<\/span>\n\t\t\t\t\t\t\t\t\t\t<span class=\"elementor-icon-list-text\">Instructions for listing the affiliation of employees at MB University<\/span>\n\t\t\t\t\t\t\t\t\t\t\t<\/a>\n\t\t\t\t\t\t\t\t\t<\/li>\n\t\t\t\t\t\t\t\t<li class=\"elementor-icon-list-item\">\n\t\t\t\t\t\t\t\t\t\t\t<a href=\"https:\/\/mbuniverzitet.edu.rs\/en\/institucionalni-repozitorijum-naucne-i-umetnicke-produkcije-open\/\">\n\n\t\t\t\t\t\t\t\t\t\t\t\t<span class=\"elementor-icon-list-icon\">\n\t\t\t\t\t\t\t<i aria-hidden=\"true\" class=\"fas fa-angle-right\"><\/i>\t\t\t\t\t\t<\/span>\n\t\t\t\t\t\t\t\t\t\t<span class=\"elementor-icon-list-text\">Institutional Repository of Scientific and Artistic Production OPEN<\/span>\n\t\t\t\t\t\t\t\t\t\t\t<\/a>\n\t\t\t\t\t\t\t\t\t<\/li>\n\t\t\t\t\t\t\t\t<li class=\"elementor-icon-list-item\">\n\t\t\t\t\t\t\t\t\t\t\t<a href=\"https:\/\/mbuniverzitet.edu.rs\/en\/baze-podataka-o-istrazivacima-jedinstvena-identifikacija-autora\/\">\n\n\t\t\t\t\t\t\t\t\t\t\t\t<span class=\"elementor-icon-list-icon\">\n\t\t\t\t\t\t\t<i aria-hidden=\"true\" class=\"fas fa-angle-right\"><\/i>\t\t\t\t\t\t<\/span>\n\t\t\t\t\t\t\t\t\t\t<span class=\"elementor-icon-list-text\">Baze podataka o istra\u017eiva\u010dima - jedinstvena identifikacija autora<\/span>\n\t\t\t\t\t\t\t\t\t\t\t<\/a>\n\t\t\t\t\t\t\t\t\t<\/li>\n\t\t\t\t\t\t\t\t<li class=\"elementor-icon-list-item\">\n\t\t\t\t\t\t\t\t\t\t\t<a href=\"https:\/\/mbuniverzitet.edu.rs\/en\/otvoreni-pristup\/\">\n\n\t\t\t\t\t\t\t\t\t\t\t\t<span class=\"elementor-icon-list-icon\">\n\t\t\t\t\t\t\t<i aria-hidden=\"true\" class=\"fas fa-angle-right\"><\/i>\t\t\t\t\t\t<\/span>\n\t\t\t\t\t\t\t\t\t\t<span class=\"elementor-icon-list-text\">Open Access<\/span>\n\t\t\t\t\t\t\t\t\t\t\t<\/a>\n\t\t\t\t\t\t\t\t\t<\/li>\n\t\t\t\t\t\t\t\t<li class=\"elementor-icon-list-item\">\n\t\t\t\t\t\t\t\t\t\t\t<a href=\"https:\/\/mbuniverzitet.edu.rs\/en\/provera-bibliografskih-referenci\/\">\n\n\t\t\t\t\t\t\t\t\t\t\t\t<span class=\"elementor-icon-list-icon\">\n\t\t\t\t\t\t\t<i aria-hidden=\"true\" class=\"fas fa-angle-right\"><\/i>\t\t\t\t\t\t<\/span>\n\t\t\t\t\t\t\t\t\t\t<span class=\"elementor-icon-list-text\">Check bibliographic references<\/span>\n\t\t\t\t\t\t\t\t\t\t\t<\/a>\n\t\t\t\t\t\t\t\t\t<\/li>\n\t\t\t\t\t\t\t\t<li class=\"elementor-icon-list-item\">\n\t\t\t\t\t\t\t\t\t\t<span class=\"elementor-icon-list-text\"><\/span>\n\t\t\t\t\t\t\t\t\t<\/li>\n\t\t\t\t\t\t<\/ul>\n\t\t\t\t\t\t<\/div>\n\t\t\t\t<\/div>\n\t\t\t\t\t<\/div>\n\t\t<\/div>\n\t\t\t\t<div class=\"elementor-column elementor-col-66 elementor-top-column elementor-element elementor-element-15644af8 exad-glass-effect-no exad-sticky-section-no\" data-id=\"15644af8\" data-element_type=\"column\" data-e-type=\"column\">\n\t\t\t<div class=\"elementor-widget-wrap elementor-element-populated\">\n\t\t\t\t\t\t<div class=\"elementor-element elementor-element-41ce1b28 exad-sticky-section-no exad-glass-effect-no elementor-widget elementor-widget-heading\" data-id=\"41ce1b28\" data-element_type=\"widget\" data-e-type=\"widget\" data-widget_type=\"heading.default\">\n\t\t\t\t<div class=\"elementor-widget-container\">\n\t\t\t\t\t<h2 class=\"elementor-heading-title elementor-size-default\">Researcher databases \u2013 unique identification of authors<\/h2>\t\t\t\t<\/div>\n\t\t\t\t<\/div>\n\t\t\t\t<div class=\"elementor-element elementor-element-771ccb20 exad-sticky-section-no exad-glass-effect-no elementor-widget elementor-widget-text-editor\" data-id=\"771ccb20\" data-element_type=\"widget\" data-e-type=\"widget\" data-widget_type=\"text-editor.default\">\n\t\t\t\t<div class=\"elementor-widget-container\">\n\t\t\t\t\t\t\t\t\t<p>Radi jedinstvene identifikacije autora u akademskom okru\u017eenju formiraju se baze podataka o istra\u017eiva\u010dima.<\/p><h6>ORCID \u2013 Open Researcher and Contributor ID<\/h6><p>ORCID servis pokrenut je 2012. godine, kao neprofitna organizacija sa ciljem da se razvije univerzalni sistem za identifikaciju istra\u017eiva\u010da. Preko ORCID servisa, istra\u017eiva\u010dima je omogu\u0107eno da samostalno kreiraju i ure\u0111uju svoje profile u kojem su nalaze slede\u0107e informacije: li\u010dni podaci, afilijacije, spisak publikacija, oblast istra\u017eiva\u010da, klju\u010dne re\u010di, podaci o finansiranju, itd. Svakom istra\u017eiva\u010du dodeljuje se jedinstveni broj od 16 karaktera.<br \/>ORCID servis omogu\u0107ava povezivanje i preuzimanje podataka sa ostalim poznatim bazama istra\u017eiva\u010da kao \u0161to su SCOPUS i ResearcherID (<em>Web\u00a0of\u00a0Science<\/em>), tako da su na profilu istra\u017eiva\u010da vidljivi jedinstveni identifikatori za ove dve baze istra\u017eiva\u010da, a sve u cilju lak\u0161eg povezivanja nau\u010dnika i institucija. Sve je \u010de\u0161\u0107a praksa da istra\u017eiva\u010di u svojoj biografiji (ili elektronskoj adresi) navode ORCID broj radi lak\u0161e identifikacije i povezivanja sa ostalim istra\u017eiva\u010dima.<br \/><a href=\"https:\/\/orcid.org\/\" target=\"_blank\" rel=\"noopener\">Internet stranica ORCID baze istra\u017eiva\u010da<\/a><\/p><h6>ResearcherID<\/h6><p>ResearcherID predstavlja servis citatne baze Web of Science (Web of Knowledge) i koristi se radi jedinstvene identifikacije istra\u017eiva\u010da, kojima je omogu\u0107eno da samostalno kreiraju i ure\u0111uju svoj profil sa slede\u0107im podacima: li\u010dni podaci, afilijacije, spisak publikacija, oblast istra\u017eivanja i klju\u010dne re\u010di. Svakom istra\u017eiva\u010du se dodeljuje jedinstvena alfanumeri\u010dka oznaka.<br \/>Na ovom servisu omogu\u0107eno je preuzimanje podataka o nau\u010dnim publikacijama istra\u017eiva\u010da iz baze podataka\u00a0<em>Web\u00a0of\u00a0Science<\/em>ili iz drugih programa kao \u0161to su\u00a0<em>EndNote, Reference\u00a0Manager, Zotero, Mendeley<\/em>\u00a0i integrisan je sa servisom ORCID.<br \/><a href=\"http:\/\/www.researcherid.com\/\" target=\"_blank\" rel=\"noopener\">Internet stranica ResearcherID servisa<\/a><\/p><h6>Scopus\u00a0Author\u00a0ID<\/h6><p>Scopus Author ID predstavlja servis citatne baze Scopus. Jedinstveni identifikacioni broj automatski se dodeljuje svakom autoru \u010dije se publikacije nalaze u Scopus bazi time grupi\u0161u\u0107i zajedno sva dokumenta koja pripradaju jednom autoru.<br \/>Scopus Author ID povezan je sa servisom ORCID i omogu\u0107ava lako integrisanje podataka u profil autora na ORCID bazi istra\u017eiva\u010da.<br \/><a href=\"https:\/\/www.scopus.com\/freelookup\/form\/author.uri\" target=\"_blank\" rel=\"noopener\">Pronala\u017eenje Scopus Author ID broja autora<\/a><\/p><h6>Google\u00a0Scholar\u00a0profil<\/h6><p>Istra\u017eiva\u010di mogu da kreiraju Google Scholar profil ukoliko imaju publikacije indeksirane u Google Scholar citatnoj bazi. Profilna strana autora obuhvata podatke o publikacijama, li\u010dne podatke i bibliometrijske podatke, uklju\u010duju\u0107i h-indeks.<br \/><a href=\"http:\/\/scholar.google.com\/citations\" target=\"_blank\" rel=\"noopener\">Kreiranje Google Scholar profila<\/a><\/p>\t\t\t\t\t\t\t\t<\/div>\n\t\t\t\t<\/div>\n\t\t\t\t\t<\/div>\n\t\t<\/div>\n\t\t\t\t\t<\/div>\n\t\t<\/section>\n\t\t\t\t<section class=\"elementor-section elementor-top-section elementor-element elementor-element-37a8d00 elementor-section-full_width elementor-section-height-default elementor-section-height-default exad-glass-effect-no exad-sticky-section-no\" data-id=\"37a8d00\" data-element_type=\"section\" data-e-type=\"section\">\n\t\t\t\t\t\t<div class=\"elementor-container elementor-column-gap-default\">\n\t\t\t\t\t<div class=\"elementor-column elementor-col-100 elementor-top-column elementor-element elementor-element-5ba9147 exad-glass-effect-no exad-sticky-section-no\" data-id=\"5ba9147\" data-element_type=\"column\" data-e-type=\"column\">\n\t\t\t<div class=\"elementor-widget-wrap elementor-element-populated\">\n\t\t\t\t\t\t<div class=\"elementor-element elementor-element-fa01f32 exad-sticky-section-no exad-glass-effect-no elementor-widget elementor-widget-spacer\" data-id=\"fa01f32\" data-element_type=\"widget\" data-e-type=\"widget\" data-widget_type=\"spacer.default\">\n\t\t\t\t<div class=\"elementor-widget-container\">\n\t\t\t\t\t\t\t<div class=\"elementor-spacer\">\n\t\t\t<div class=\"elementor-spacer-inner\"><\/div>\n\t\t<\/div>\n\t\t\t\t\t\t<\/div>\n\t\t\t\t<\/div>\n\t\t\t\t\t<\/div>\n\t\t<\/div>\n\t\t\t\t\t<\/div>\n\t\t<\/section>\n\t\t\t\t<\/div>","protected":false},"excerpt":{"rendered":"<p>Bibliografske i citatne baze u Srbiji Saveti mladim istra\u017eiva\u010dima Upozorenje na &#8222;predatorske&#8220; \u010dasopise i izdava\u010de Uputstvo za navo\u0111enje afilijacije zaposlenih na Univerzitetu MB Institucionalni repozitorijum nau\u010dne i umetni\u010dke produkcije OPEN Baze podataka o istra\u017eiva\u010dima &#8211; jedinstvena identifikacija autora Otvoreni pristup Provera bibliografskih referenci Baze podataka o istra\u017eiva\u010dima \u2013 jedinstvena identifikacija autora Radi jedinstvene identifikacije autora [&hellip;]<\/p>\n","protected":false},"author":1,"featured_media":0,"parent":0,"menu_order":0,"comment_status":"closed","ping_status":"closed","template":"elementor_header_footer","meta":{"_eb_attr":"","site-sidebar-layout":"no-sidebar","site-content-layout":"page-builder","ast-site-content-layout":"default","site-content-style":"default","site-sidebar-style":"default","ast-global-header-display":"","ast-banner-title-visibility":"","ast-main-header-display":"","ast-hfb-above-header-display":"","ast-hfb-below-header-display":"","ast-hfb-mobile-header-display":"","site-post-title":"disabled","ast-breadcrumbs-content":"","ast-featured-img":"disabled","footer-sml-layout":"","ast-disable-related-posts":"","theme-transparent-header-meta":"","adv-header-id-meta":"","stick-header-meta":"","header-above-stick-meta":"","header-main-stick-meta":"","header-below-stick-meta":"","astra-migrate-meta-layouts":"default","ast-page-background-enabled":"default","ast-page-background-meta":{"desktop":{"background-color":"","background-image":"","background-repeat":"repeat","background-position":"center center","background-size":"auto","background-attachment":"scroll","background-type":"","background-media":"","overlay-type":"","overlay-color":"","overlay-opacity":"","overlay-gradient":""},"tablet":{"background-color":"","background-image":"","background-repeat":"repeat","background-position":"center center","background-size":"auto","background-attachment":"scroll","background-type":"","background-media":"","overlay-type":"","overlay-color":"","overlay-opacity":"","overlay-gradient":""},"mobile":{"background-color":"","background-image":"","background-repeat":"repeat","background-position":"center center","background-size":"auto","background-attachment":"scroll","background-type":"","background-media":"","overlay-type":"","overlay-color":"","overlay-opacity":"","overlay-gradient":""}},"ast-content-background-meta":{"desktop":{"background-color":"var(--ast-global-color-5)","background-image":"","background-repeat":"repeat","background-position":"center center","background-size":"auto","background-attachment":"scroll","background-type":"","background-media":"","overlay-type":"","overlay-color":"","overlay-opacity":"","overlay-gradient":""},"tablet":{"background-color":"var(--ast-global-color-5)","background-image":"","background-repeat":"repeat","background-position":"center center","background-size":"auto","background-attachment":"scroll","background-type":"","background-media":"","overlay-type":"","overlay-color":"","overlay-opacity":"","overlay-gradient":""},"mobile":{"background-color":"var(--ast-global-color-5)","background-image":"","background-repeat":"repeat","background-position":"center center","background-size":"auto","background-attachment":"scroll","background-type":"","background-media":"","overlay-type":"","overlay-color":"","overlay-opacity":"","overlay-gradient":""}},"footnotes":""},"class_list":["post-9362","page","type-page","status-publish","hentry"],"yoast_head":"<!-- This site is optimized with the Yoast SEO plugin v27.4 - https:\/\/yoast.com\/product\/yoast-seo-wordpress\/ -->\n<title>Baze podataka o istra\u017eiva\u010dima \u2013 jedinstvena identifikacija autora - Univerzitet MB<\/title>\n<meta name=\"robots\" content=\"index, follow, max-snippet:-1, max-image-preview:large, max-video-preview:-1\" \/>\n<link rel=\"canonical\" href=\"https:\/\/mbuniverzitet.edu.rs\/en\/baze-podataka-o-istrazivacima-jedinstvena-identifikacija-autora\/\" \/>\n<meta property=\"og:locale\" content=\"en_GB\" \/>\n<meta property=\"og:type\" content=\"article\" \/>\n<meta property=\"og:title\" content=\"Baze podataka o istra\u017eiva\u010dima \u2013 jedinstvena identifikacija autora - Univerzitet MB\" \/>\n<meta property=\"og:description\" content=\"Bibliografske i citatne baze u Srbiji Saveti mladim istra\u017eiva\u010dima Upozorenje na &#8222;predatorske&#8220; \u010dasopise i izdava\u010de Uputstvo za navo\u0111enje afilijacije zaposlenih na Univerzitetu MB Institucionalni repozitorijum nau\u010dne i umetni\u010dke produkcije OPEN Baze podataka o istra\u017eiva\u010dima &#8211; jedinstvena identifikacija autora Otvoreni pristup Provera bibliografskih referenci Baze podataka o istra\u017eiva\u010dima \u2013 jedinstvena identifikacija autora Radi jedinstvene identifikacije autora [&hellip;]\" \/>\n<meta property=\"og:url\" content=\"https:\/\/mbuniverzitet.edu.rs\/en\/baze-podataka-o-istrazivacima-jedinstvena-identifikacija-autora\/\" \/>\n<meta property=\"og:site_name\" content=\"Univerzitet MB\" \/>\n<meta property=\"article:modified_time\" content=\"2022-02-28T13:40:51+00:00\" \/>\n<meta name=\"twitter:card\" content=\"summary_large_image\" \/>\n<meta name=\"twitter:label1\" content=\"Estimated reading time\" \/>\n\t<meta name=\"twitter:data1\" content=\"2 minutes\" \/>\n<script type=\"application\/ld+json\" class=\"yoast-schema-graph\">{\"@context\":\"https:\\\/\\\/schema.org\",\"@graph\":[{\"@type\":\"WebPage\",\"@id\":\"https:\\\/\\\/mbuniverzitet.edu.rs\\\/baze-podataka-o-istrazivacima-jedinstvena-identifikacija-autora\\\/\",\"url\":\"https:\\\/\\\/mbuniverzitet.edu.rs\\\/baze-podataka-o-istrazivacima-jedinstvena-identifikacija-autora\\\/\",\"name\":\"Baze podataka o istra\u017eiva\u010dima \u2013 jedinstvena identifikacija autora - Univerzitet MB\",\"isPartOf\":{\"@id\":\"https:\\\/\\\/mbuniverzitet.edu.rs\\\/#website\"},\"datePublished\":\"2022-01-11T12:38:38+00:00\",\"dateModified\":\"2022-02-28T13:40:51+00:00\",\"breadcrumb\":{\"@id\":\"https:\\\/\\\/mbuniverzitet.edu.rs\\\/baze-podataka-o-istrazivacima-jedinstvena-identifikacija-autora\\\/#breadcrumb\"},\"inLanguage\":\"en-GB\",\"potentialAction\":[{\"@type\":\"ReadAction\",\"target\":[\"https:\\\/\\\/mbuniverzitet.edu.rs\\\/baze-podataka-o-istrazivacima-jedinstvena-identifikacija-autora\\\/\"]}]},{\"@type\":\"BreadcrumbList\",\"@id\":\"https:\\\/\\\/mbuniverzitet.edu.rs\\\/baze-podataka-o-istrazivacima-jedinstvena-identifikacija-autora\\\/#breadcrumb\",\"itemListElement\":[{\"@type\":\"ListItem\",\"position\":1,\"name\":\"Home\",\"item\":\"https:\\\/\\\/mbuniverzitet.edu.rs\\\/\"},{\"@type\":\"ListItem\",\"position\":2,\"name\":\"Baze podataka o istra\u017eiva\u010dima \u2013 jedinstvena identifikacija autora\"}]},{\"@type\":\"WebSite\",\"@id\":\"https:\\\/\\\/mbuniverzitet.edu.rs\\\/#website\",\"url\":\"https:\\\/\\\/mbuniverzitet.edu.rs\\\/\",\"name\":\"Univerzitet MB\",\"description\":\"\",\"publisher\":{\"@id\":\"https:\\\/\\\/mbuniverzitet.edu.rs\\\/#organization\"},\"potentialAction\":[{\"@type\":\"SearchAction\",\"target\":{\"@type\":\"EntryPoint\",\"urlTemplate\":\"https:\\\/\\\/mbuniverzitet.edu.rs\\\/?s={search_term_string}\"},\"query-input\":{\"@type\":\"PropertyValueSpecification\",\"valueRequired\":true,\"valueName\":\"search_term_string\"}}],\"inLanguage\":\"en-GB\"},{\"@type\":\"Organization\",\"@id\":\"https:\\\/\\\/mbuniverzitet.edu.rs\\\/#organization\",\"name\":\"Univerzitet MB\",\"url\":\"https:\\\/\\\/mbuniverzitet.edu.rs\\\/\",\"logo\":{\"@type\":\"ImageObject\",\"inLanguage\":\"en-GB\",\"@id\":\"https:\\\/\\\/mbuniverzitet.edu.rs\\\/#\\\/schema\\\/logo\\\/image\\\/\",\"url\":\"https:\\\/\\\/media.mbuniverzitet.edu.rs\\\/2020\\\/11\\\/UniMB-Logotip-u-postupku-akreditacije.png\",\"contentUrl\":\"https:\\\/\\\/media.mbuniverzitet.edu.rs\\\/2020\\\/11\\\/UniMB-Logotip-u-postupku-akreditacije.png\",\"width\":296,\"height\":90,\"caption\":\"Univerzitet MB\"},\"image\":{\"@id\":\"https:\\\/\\\/mbuniverzitet.edu.rs\\\/#\\\/schema\\\/logo\\\/image\\\/\"}}]}<\/script>\n<!-- \/ Yoast SEO plugin. -->","yoast_head_json":{"title":"Baze podataka o istra\u017eiva\u010dima \u2013 jedinstvena identifikacija autora - Univerzitet MB","robots":{"index":"index","follow":"follow","max-snippet":"max-snippet:-1","max-image-preview":"max-image-preview:large","max-video-preview":"max-video-preview:-1"},"canonical":"https:\/\/mbuniverzitet.edu.rs\/en\/baze-podataka-o-istrazivacima-jedinstvena-identifikacija-autora\/","og_locale":"en_GB","og_type":"article","og_title":"Baze podataka o istra\u017eiva\u010dima \u2013 jedinstvena identifikacija autora - Univerzitet MB","og_description":"Bibliografske i citatne baze u Srbiji Saveti mladim istra\u017eiva\u010dima Upozorenje na &#8222;predatorske&#8220; \u010dasopise i izdava\u010de Uputstvo za navo\u0111enje afilijacije zaposlenih na Univerzitetu MB Institucionalni repozitorijum nau\u010dne i umetni\u010dke produkcije OPEN Baze podataka o istra\u017eiva\u010dima &#8211; jedinstvena identifikacija autora Otvoreni pristup Provera bibliografskih referenci Baze podataka o istra\u017eiva\u010dima \u2013 jedinstvena identifikacija autora Radi jedinstvene identifikacije autora [&hellip;]","og_url":"https:\/\/mbuniverzitet.edu.rs\/en\/baze-podataka-o-istrazivacima-jedinstvena-identifikacija-autora\/","og_site_name":"Univerzitet MB","article_modified_time":"2022-02-28T13:40:51+00:00","twitter_card":"summary_large_image","twitter_misc":{"Estimated reading time":"2 minutes"},"schema":{"@context":"https:\/\/schema.org","@graph":[{"@type":"WebPage","@id":"https:\/\/mbuniverzitet.edu.rs\/baze-podataka-o-istrazivacima-jedinstvena-identifikacija-autora\/","url":"https:\/\/mbuniverzitet.edu.rs\/baze-podataka-o-istrazivacima-jedinstvena-identifikacija-autora\/","name":"Baze podataka o istra\u017eiva\u010dima \u2013 jedinstvena identifikacija autora - Univerzitet MB","isPartOf":{"@id":"https:\/\/mbuniverzitet.edu.rs\/#website"},"datePublished":"2022-01-11T12:38:38+00:00","dateModified":"2022-02-28T13:40:51+00:00","breadcrumb":{"@id":"https:\/\/mbuniverzitet.edu.rs\/baze-podataka-o-istrazivacima-jedinstvena-identifikacija-autora\/#breadcrumb"},"inLanguage":"en-GB","potentialAction":[{"@type":"ReadAction","target":["https:\/\/mbuniverzitet.edu.rs\/baze-podataka-o-istrazivacima-jedinstvena-identifikacija-autora\/"]}]},{"@type":"BreadcrumbList","@id":"https:\/\/mbuniverzitet.edu.rs\/baze-podataka-o-istrazivacima-jedinstvena-identifikacija-autora\/#breadcrumb","itemListElement":[{"@type":"ListItem","position":1,"name":"Home","item":"https:\/\/mbuniverzitet.edu.rs\/"},{"@type":"ListItem","position":2,"name":"Baze podataka o istra\u017eiva\u010dima \u2013 jedinstvena identifikacija autora"}]},{"@type":"WebSite","@id":"https:\/\/mbuniverzitet.edu.rs\/#website","url":"https:\/\/mbuniverzitet.edu.rs\/","name":"MB University","description":"","publisher":{"@id":"https:\/\/mbuniverzitet.edu.rs\/#organization"},"potentialAction":[{"@type":"SearchAction","target":{"@type":"EntryPoint","urlTemplate":"https:\/\/mbuniverzitet.edu.rs\/?s={search_term_string}"},"query-input":{"@type":"PropertyValueSpecification","valueRequired":true,"valueName":"search_term_string"}}],"inLanguage":"en-GB"},{"@type":"Organization","@id":"https:\/\/mbuniverzitet.edu.rs\/#organization","name":"MB University","url":"https:\/\/mbuniverzitet.edu.rs\/","logo":{"@type":"ImageObject","inLanguage":"en-GB","@id":"https:\/\/mbuniverzitet.edu.rs\/#\/schema\/logo\/image\/","url":"https:\/\/media.mbuniverzitet.edu.rs\/2020\/11\/UniMB-Logotip-u-postupku-akreditacije.png","contentUrl":"https:\/\/media.mbuniverzitet.edu.rs\/2020\/11\/UniMB-Logotip-u-postupku-akreditacije.png","width":296,"height":90,"caption":"Univerzitet MB"},"image":{"@id":"https:\/\/mbuniverzitet.edu.rs\/#\/schema\/logo\/image\/"}}]}},"_links":{"self":[{"href":"https:\/\/mbuniverzitet.edu.rs\/en\/wp-json\/wp\/v2\/pages\/9362","targetHints":{"allow":["GET"]}}],"collection":[{"href":"https:\/\/mbuniverzitet.edu.rs\/en\/wp-json\/wp\/v2\/pages"}],"about":[{"href":"https:\/\/mbuniverzitet.edu.rs\/en\/wp-json\/wp\/v2\/types\/page"}],"author":[{"embeddable":true,"href":"https:\/\/mbuniverzitet.edu.rs\/en\/wp-json\/wp\/v2\/users\/1"}],"replies":[{"embeddable":true,"href":"https:\/\/mbuniverzitet.edu.rs\/en\/wp-json\/wp\/v2\/comments?post=9362"}],"version-history":[{"count":0,"href":"https:\/\/mbuniverzitet.edu.rs\/en\/wp-json\/wp\/v2\/pages\/9362\/revisions"}],"wp:attachment":[{"href":"https:\/\/mbuniverzitet.edu.rs\/en\/wp-json\/wp\/v2\/media?parent=9362"}],"curies":[{"name":"wp","href":"https:\/\/api.w.org\/{rel}","templated":true}]}}