{"id":9356,"date":"2022-01-11T13:36:57","date_gmt":"2022-01-11T12:36:57","guid":{"rendered":"https:\/\/mbuniverzitet.edu.rs\/?page_id=9356"},"modified":"2022-02-28T14:36:11","modified_gmt":"2022-02-28T13:36:11","slug":"upozorenje-na-predatorske-casopise-i-izdavace","status":"publish","type":"page","link":"https:\/\/mbuniverzitet.edu.rs\/en\/upozorenje-na-predatorske-casopise-i-izdavace\/","title":{"rendered":"Upozorenje na &#8222;predatorske&#8220; \u010dasopise i izdava\u010de"},"content":{"rendered":"<div data-elementor-type=\"wp-page\" data-elementor-id=\"9356\" class=\"elementor elementor-9356\">\n\t\t\t\t\t\t<section class=\"elementor-section elementor-top-section elementor-element elementor-element-007f53b elementor-section-full_width elementor-section-height-default elementor-section-height-default exad-glass-effect-no exad-sticky-section-no\" data-id=\"007f53b\" data-element_type=\"section\" data-e-type=\"section\">\n\t\t\t\t\t\t<div class=\"elementor-container elementor-column-gap-default\">\n\t\t\t\t\t<div class=\"elementor-column elementor-col-100 elementor-top-column elementor-element elementor-element-85d67b9 exad-glass-effect-no exad-sticky-section-no\" data-id=\"85d67b9\" data-element_type=\"column\" data-e-type=\"column\">\n\t\t\t<div class=\"elementor-widget-wrap elementor-element-populated\">\n\t\t\t\t\t\t<div class=\"elementor-element elementor-element-624bd5c exad-sticky-section-no exad-glass-effect-no elementor-widget elementor-widget-spacer\" data-id=\"624bd5c\" data-element_type=\"widget\" data-e-type=\"widget\" data-widget_type=\"spacer.default\">\n\t\t\t\t<div class=\"elementor-widget-container\">\n\t\t\t\t\t\t\t<div class=\"elementor-spacer\">\n\t\t\t<div class=\"elementor-spacer-inner\"><\/div>\n\t\t<\/div>\n\t\t\t\t\t\t<\/div>\n\t\t\t\t<\/div>\n\t\t\t\t\t<\/div>\n\t\t<\/div>\n\t\t\t\t\t<\/div>\n\t\t<\/section>\n\t\t\t\t<section class=\"elementor-section elementor-top-section elementor-element elementor-element-11e2f98f elementor-section-boxed elementor-section-height-default elementor-section-height-default exad-glass-effect-no exad-sticky-section-no\" data-id=\"11e2f98f\" data-element_type=\"section\" data-e-type=\"section\">\n\t\t\t\t\t\t<div class=\"elementor-container elementor-column-gap-default\">\n\t\t\t\t\t<div class=\"elementor-column elementor-col-33 elementor-top-column elementor-element elementor-element-57d3bc38 exad-glass-effect-no exad-sticky-section-no\" data-id=\"57d3bc38\" data-element_type=\"column\" data-e-type=\"column\">\n\t\t\t<div class=\"elementor-widget-wrap elementor-element-populated\">\n\t\t\t\t\t\t<div class=\"elementor-element elementor-element-023f2d4 elementor-align-start elementor-icon-list--layout-traditional elementor-list-item-link-full_width exad-sticky-section-no exad-glass-effect-no elementor-widget elementor-widget-icon-list\" data-id=\"023f2d4\" data-element_type=\"widget\" data-e-type=\"widget\" data-widget_type=\"icon-list.default\">\n\t\t\t\t<div class=\"elementor-widget-container\">\n\t\t\t\t\t\t\t<ul class=\"elementor-icon-list-items\">\n\t\t\t\t\t\t\t<li class=\"elementor-icon-list-item\">\n\t\t\t\t\t\t\t\t\t\t\t<a href=\"https:\/\/mbuniverzitet.edu.rs\/en\/bibliografske-i-citatne-baze\/\">\n\n\t\t\t\t\t\t\t\t\t\t\t\t<span class=\"elementor-icon-list-icon\">\n\t\t\t\t\t\t\t<i aria-hidden=\"true\" class=\"fas fa-angle-right\"><\/i>\t\t\t\t\t\t<\/span>\n\t\t\t\t\t\t\t\t\t\t<span class=\"elementor-icon-list-text\">Bibliografske i citatne baze u Srbiji<\/span>\n\t\t\t\t\t\t\t\t\t\t\t<\/a>\n\t\t\t\t\t\t\t\t\t<\/li>\n\t\t\t\t\t\t\t\t<li class=\"elementor-icon-list-item\">\n\t\t\t\t\t\t\t\t\t\t\t<a href=\"https:\/\/mbuniverzitet.edu.rs\/en\/saveti-mladim-istrazivacima\/\">\n\n\t\t\t\t\t\t\t\t\t\t\t\t<span class=\"elementor-icon-list-icon\">\n\t\t\t\t\t\t\t<i aria-hidden=\"true\" class=\"fas fa-angle-right\"><\/i>\t\t\t\t\t\t<\/span>\n\t\t\t\t\t\t\t\t\t\t<span class=\"elementor-icon-list-text\">Tips for young researchers<\/span>\n\t\t\t\t\t\t\t\t\t\t\t<\/a>\n\t\t\t\t\t\t\t\t\t<\/li>\n\t\t\t\t\t\t\t\t<li class=\"elementor-icon-list-item\">\n\t\t\t\t\t\t\t\t\t\t\t<a href=\"https:\/\/mbuniverzitet.edu.rs\/en\/upozorenje-na-predatorske-casopise-i-izdavace\/\">\n\n\t\t\t\t\t\t\t\t\t\t\t\t<span class=\"elementor-icon-list-icon\">\n\t\t\t\t\t\t\t<i aria-hidden=\"true\" class=\"fas fa-angle-right\"><\/i>\t\t\t\t\t\t<\/span>\n\t\t\t\t\t\t\t\t\t\t<span class=\"elementor-icon-list-text\">Upozorenje na \"predatorske\" \u010dasopise i izdava\u010de<\/span>\n\t\t\t\t\t\t\t\t\t\t\t<\/a>\n\t\t\t\t\t\t\t\t\t<\/li>\n\t\t\t\t\t\t\t\t<li class=\"elementor-icon-list-item\">\n\t\t\t\t\t\t\t\t\t\t\t<a href=\"https:\/\/mbuniverzitet.edu.rs\/en\/uputstvo-za-navodenje-afilijacije-zaposlenih-na-univerzitetu-mb\/\">\n\n\t\t\t\t\t\t\t\t\t\t\t\t<span class=\"elementor-icon-list-icon\">\n\t\t\t\t\t\t\t<i aria-hidden=\"true\" class=\"fas fa-angle-right\"><\/i>\t\t\t\t\t\t<\/span>\n\t\t\t\t\t\t\t\t\t\t<span class=\"elementor-icon-list-text\">Instructions for listing the affiliation of employees at MB University<\/span>\n\t\t\t\t\t\t\t\t\t\t\t<\/a>\n\t\t\t\t\t\t\t\t\t<\/li>\n\t\t\t\t\t\t\t\t<li class=\"elementor-icon-list-item\">\n\t\t\t\t\t\t\t\t\t\t\t<a href=\"https:\/\/mbuniverzitet.edu.rs\/en\/institucionalni-repozitorijum-naucne-i-umetnicke-produkcije-open\/\">\n\n\t\t\t\t\t\t\t\t\t\t\t\t<span class=\"elementor-icon-list-icon\">\n\t\t\t\t\t\t\t<i aria-hidden=\"true\" class=\"fas fa-angle-right\"><\/i>\t\t\t\t\t\t<\/span>\n\t\t\t\t\t\t\t\t\t\t<span class=\"elementor-icon-list-text\">Institutional Repository of Scientific and Artistic Production OPEN<\/span>\n\t\t\t\t\t\t\t\t\t\t\t<\/a>\n\t\t\t\t\t\t\t\t\t<\/li>\n\t\t\t\t\t\t\t\t<li class=\"elementor-icon-list-item\">\n\t\t\t\t\t\t\t\t\t\t\t<a href=\"https:\/\/mbuniverzitet.edu.rs\/en\/baze-podataka-o-istrazivacima-jedinstvena-identifikacija-autora\/\">\n\n\t\t\t\t\t\t\t\t\t\t\t\t<span class=\"elementor-icon-list-icon\">\n\t\t\t\t\t\t\t<i aria-hidden=\"true\" class=\"fas fa-angle-right\"><\/i>\t\t\t\t\t\t<\/span>\n\t\t\t\t\t\t\t\t\t\t<span class=\"elementor-icon-list-text\">Baze podataka o istra\u017eiva\u010dima - jedinstvena identifikacija autora<\/span>\n\t\t\t\t\t\t\t\t\t\t\t<\/a>\n\t\t\t\t\t\t\t\t\t<\/li>\n\t\t\t\t\t\t\t\t<li class=\"elementor-icon-list-item\">\n\t\t\t\t\t\t\t\t\t\t\t<a href=\"https:\/\/mbuniverzitet.edu.rs\/en\/otvoreni-pristup\/\">\n\n\t\t\t\t\t\t\t\t\t\t\t\t<span class=\"elementor-icon-list-icon\">\n\t\t\t\t\t\t\t<i aria-hidden=\"true\" class=\"fas fa-angle-right\"><\/i>\t\t\t\t\t\t<\/span>\n\t\t\t\t\t\t\t\t\t\t<span class=\"elementor-icon-list-text\">Open Access<\/span>\n\t\t\t\t\t\t\t\t\t\t\t<\/a>\n\t\t\t\t\t\t\t\t\t<\/li>\n\t\t\t\t\t\t\t\t<li class=\"elementor-icon-list-item\">\n\t\t\t\t\t\t\t\t\t\t\t<a href=\"https:\/\/mbuniverzitet.edu.rs\/en\/provera-bibliografskih-referenci\/\">\n\n\t\t\t\t\t\t\t\t\t\t\t\t<span class=\"elementor-icon-list-icon\">\n\t\t\t\t\t\t\t<i aria-hidden=\"true\" class=\"fas fa-angle-right\"><\/i>\t\t\t\t\t\t<\/span>\n\t\t\t\t\t\t\t\t\t\t<span class=\"elementor-icon-list-text\">Check bibliographic references<\/span>\n\t\t\t\t\t\t\t\t\t\t\t<\/a>\n\t\t\t\t\t\t\t\t\t<\/li>\n\t\t\t\t\t\t\t\t<li class=\"elementor-icon-list-item\">\n\t\t\t\t\t\t\t\t\t\t<span class=\"elementor-icon-list-text\"><\/span>\n\t\t\t\t\t\t\t\t\t<\/li>\n\t\t\t\t\t\t<\/ul>\n\t\t\t\t\t\t<\/div>\n\t\t\t\t<\/div>\n\t\t\t\t\t<\/div>\n\t\t<\/div>\n\t\t\t\t<div class=\"elementor-column elementor-col-66 elementor-top-column elementor-element elementor-element-763876e3 exad-glass-effect-no exad-sticky-section-no\" data-id=\"763876e3\" data-element_type=\"column\" data-e-type=\"column\">\n\t\t\t<div class=\"elementor-widget-wrap elementor-element-populated\">\n\t\t\t\t\t\t<div class=\"elementor-element elementor-element-720b69ba exad-sticky-section-no exad-glass-effect-no elementor-widget elementor-widget-heading\" data-id=\"720b69ba\" data-element_type=\"widget\" data-e-type=\"widget\" data-widget_type=\"heading.default\">\n\t\t\t\t<div class=\"elementor-widget-container\">\n\t\t\t\t\t<h2 class=\"elementor-heading-title elementor-size-default\">Upozorenje na \u201epredatorske\u201c \u010dasopise i izdava\u010de<\/h2>\t\t\t\t<\/div>\n\t\t\t\t<\/div>\n\t\t\t\t<div class=\"elementor-element elementor-element-517df599 exad-sticky-section-no exad-glass-effect-no elementor-widget elementor-widget-text-editor\" data-id=\"517df599\" data-element_type=\"widget\" data-e-type=\"widget\" data-widget_type=\"text-editor.default\">\n\t\t\t\t<div class=\"elementor-widget-container\">\n\t\t\t\t\t\t\t\t\t<p>Rektorski kolegijum Univerziteta \u041cB u Beogradu preporu\u010duje nastavnicima, istra\u017eiva\u010dima, saradnicima i studentima da, prilikom pripreme za objavljivanje rezultata svog nau\u010dnoistra\u017eiva\u010dkog rada, provere stru\u010dni integritet \u010dasopisa u kojem planiraju da publikuju napisani rad.<\/p><p>Posebno treba upozoriti na onaj oblik zloupotrebe \u201ezlatnog\u201c na\u010dina otvorenog pristupa objavljenim sadr\u017eajima (\u0161to podrazumeva op\u0161tu i besplatnu dostupnost \u010ditavih publikacije, gde tro\u0161kove pripreme za objavljivanje snose autori ili ustanove), koji praktikuju izdava\u010di sumnjivog kvaliteta, \u010diji je prevashodni interes sticanje materijalne koristi. Izdava\u010di \u201epredatorskih\u201c \u010dasopisa ne primenjuju adekvatno recenzentski postupak, tako da ostvaruju veliki profit, budu\u0107i da nemaju zna\u010dajne tro\u0161kove publikovanja. Pritom, njihova profitabilna aktivnost izrazito negativno uti\u010de na sistem vrednovanja nau\u010dnoistra\u017eiva\u010dkog rada, jer se u \u201epredatorskim\u201c \u010dasopisima na isti na\u010din tretiraju i rezultat skrupulozno izvedenog istra\u017eivanja i kompilacija op\u0161tih znanja ili trivijalni nalazi, s obzirom na to da je jedini kriterijum za objavljivanje uplata predvi\u0111enog iznosa novca. Zato objavljivanje u ovakvim \u010dasopisima mo\u017ee veoma negativno da uti\u010de na karijeru mladih istra\u017eiva\u010da.<\/p><p>Izdava\u010di \u201epredatorskih\u201c \u010dasopisa obi\u010dno uvla\u010de autore u prevaru time \u0161to im obe\u0107avaju brzo objavljivanje rada i daju la\u017ene podatke o impakt faktoru \u010dasopisa i vrednostima drugih bibliometrijskih indikatora. Informacije o mogu\u0107nosti objavljivanja naj\u010de\u0161\u0107e se dobijaju reklamnim porukama neselektivno poslatim na ve\u0107i broj adresa elektronske po\u0161te.<\/p><h2>\u00a0<\/h2><h6>Preporuke autorima<\/h6><p>Autorima se preporu\u010duje da prvo provere da li \u010dasopis ima svoj ISSN (International standard serial number, koji jedinstveno odre\u0111uje svaki \u010dasopis), kao i podatke od kada \u010dasopis izlazi, koliko brojeva godi\u0161nje se izdaje, ko su \u010dlanovi uredni\u0161tva i kakva je politika recenziranja primljenih radova. Portal KoBSON (<a href=\"http:\/\/www.kobson.nb.rs\/kobson.82.html\" target=\"_blank\" rel=\"noopener\">http:\/\/www.kobson.nb.rs\/kobson.82.html<\/a>) \u2013 servis \u201eEle\u010cas\u201c (<a href=\"http:\/\/www.kobson.nb.rs\/servisi\/pretrazivanje_casopisa.84.html\" target=\"_blank\" rel=\"noopener\">http:\/\/www.kobson.nb.rs\/servisi\/pretrazivanje_casopisa.84.html<\/a>) ili platforma COBISS (<a href=\"http:\/\/www.vbs.rs\/cobiss\/\" target=\"_blank\" rel=\"noopener\">http:\/\/www.vbs.rs\/cobiss\/<\/a>) mogu biti od pomo\u0107i za proveravanje ovih podataka. U KoBSON-u je mogu\u0107e proveriti za svaki ISSN da li je uop\u0161te registrovan kao postoje\u0107i, kao i informaciju o izdava\u010du i po\u010detku izla\u017eenja.<\/p><h2>\u00a0<\/h2><h6>Additional information<\/h6><p>Nastavnici, istra\u017eiva\u010di, saradnici i studenti kojima je potrebna dodatna konsultacija vezana za nedoumice o \u010dasopisu u kojem treba da objave svoj rad, mogu da kontaktiraju bibliotekara u odgovaraju\u0107oj biblioteci ustanove u kojoj rade ili studiraju.<\/p><p>Op\u0161ta preporuka jeste da, pre nego \u0161to se rad pripremi i po\u0161alje nekom \u010dasopisu, autor ili autorka treba da se dobro informi\u0161e o svim mogu\u0107nostima objavljivanja, kao i o tome kako najbolje da predstavi svoje rezultate, jer od toga u velikoj meri zavisi kakva \u0107e biti njegova ili njena recepcija u nau\u010dnoj zajednici.<\/p><h2>\u00a0<\/h2><h6>Upozorenje na falsifikovane internet prezentacije \u010dasopisa<\/h6><p>Jedan od aktuelnih trendova u domenu prevare u akademskom izdava\u0161tvu jeste izrada falsifikovanih internet prezentacija koje poku\u0161avaju da se predstave kao prezentacije postoje\u0107ih nau\u010dnih \u010dasopisa. Osobe koje stoje iza takve falsifikovane prezentacije la\u017eiraju proceduru objavljivanja rada, uz naplatu fiktivnih tro\u0161kova. \u010casopisi koji postaju \u017ertve ovakve otmice identiteta \u010desto nemaju izdanje na engleskom jeziku, ili nemaju internet prezentaciju, iako su indeksirani u relevantnim bazama podataka \u010dasopisa i poseduju impakt faktor. Neoprezni istra\u017eiva\u010di se dovode u zabludu, misle\u0107i da rukopis predaju renomiranom \u010dasopisu, a pritom upla\u0107uju sredstva falsifikatorima.<\/p>\t\t\t\t\t\t\t\t<\/div>\n\t\t\t\t<\/div>\n\t\t\t\t\t<\/div>\n\t\t<\/div>\n\t\t\t\t\t<\/div>\n\t\t<\/section>\n\t\t\t\t<section class=\"elementor-section elementor-top-section elementor-element elementor-element-3d652c3 elementor-section-full_width elementor-section-height-default elementor-section-height-default exad-glass-effect-no exad-sticky-section-no\" data-id=\"3d652c3\" data-element_type=\"section\" data-e-type=\"section\">\n\t\t\t\t\t\t<div class=\"elementor-container elementor-column-gap-default\">\n\t\t\t\t\t<div class=\"elementor-column elementor-col-100 elementor-top-column elementor-element elementor-element-d974a2a exad-glass-effect-no exad-sticky-section-no\" data-id=\"d974a2a\" data-element_type=\"column\" data-e-type=\"column\">\n\t\t\t<div class=\"elementor-widget-wrap elementor-element-populated\">\n\t\t\t\t\t\t<div class=\"elementor-element elementor-element-7b524f3 exad-sticky-section-no exad-glass-effect-no elementor-widget elementor-widget-spacer\" data-id=\"7b524f3\" data-element_type=\"widget\" data-e-type=\"widget\" data-widget_type=\"spacer.default\">\n\t\t\t\t<div class=\"elementor-widget-container\">\n\t\t\t\t\t\t\t<div class=\"elementor-spacer\">\n\t\t\t<div class=\"elementor-spacer-inner\"><\/div>\n\t\t<\/div>\n\t\t\t\t\t\t<\/div>\n\t\t\t\t<\/div>\n\t\t\t\t\t<\/div>\n\t\t<\/div>\n\t\t\t\t\t<\/div>\n\t\t<\/section>\n\t\t\t\t<\/div>","protected":false},"excerpt":{"rendered":"<p>Bibliografske i citatne baze u Srbiji Saveti mladim istra\u017eiva\u010dima Upozorenje na &#8222;predatorske&#8220; \u010dasopise i izdava\u010de Uputstvo za navo\u0111enje afilijacije zaposlenih na Univerzitetu MB Institucionalni repozitorijum nau\u010dne i umetni\u010dke produkcije OPEN Baze podataka o istra\u017eiva\u010dima &#8211; jedinstvena identifikacija autora Otvoreni pristup Provera bibliografskih referenci Upozorenje na \u201epredatorske\u201c \u010dasopise i izdava\u010de Rektorski kolegijum Univerziteta \u041cB u Beogradu [&hellip;]<\/p>\n","protected":false},"author":1,"featured_media":0,"parent":0,"menu_order":0,"comment_status":"closed","ping_status":"closed","template":"elementor_header_footer","meta":{"_eb_attr":"","site-sidebar-layout":"no-sidebar","site-content-layout":"page-builder","ast-site-content-layout":"default","site-content-style":"default","site-sidebar-style":"default","ast-global-header-display":"","ast-banner-title-visibility":"","ast-main-header-display":"","ast-hfb-above-header-display":"","ast-hfb-below-header-display":"","ast-hfb-mobile-header-display":"","site-post-title":"disabled","ast-breadcrumbs-content":"","ast-featured-img":"disabled","footer-sml-layout":"","ast-disable-related-posts":"","theme-transparent-header-meta":"","adv-header-id-meta":"","stick-header-meta":"","header-above-stick-meta":"","header-main-stick-meta":"","header-below-stick-meta":"","astra-migrate-meta-layouts":"default","ast-page-background-enabled":"default","ast-page-background-meta":{"desktop":{"background-color":"","background-image":"","background-repeat":"repeat","background-position":"center center","background-size":"auto","background-attachment":"scroll","background-type":"","background-media":"","overlay-type":"","overlay-color":"","overlay-opacity":"","overlay-gradient":""},"tablet":{"background-color":"","background-image":"","background-repeat":"repeat","background-position":"center center","background-size":"auto","background-attachment":"scroll","background-type":"","background-media":"","overlay-type":"","overlay-color":"","overlay-opacity":"","overlay-gradient":""},"mobile":{"background-color":"","background-image":"","background-repeat":"repeat","background-position":"center center","background-size":"auto","background-attachment":"scroll","background-type":"","background-media":"","overlay-type":"","overlay-color":"","overlay-opacity":"","overlay-gradient":""}},"ast-content-background-meta":{"desktop":{"background-color":"var(--ast-global-color-5)","background-image":"","background-repeat":"repeat","background-position":"center center","background-size":"auto","background-attachment":"scroll","background-type":"","background-media":"","overlay-type":"","overlay-color":"","overlay-opacity":"","overlay-gradient":""},"tablet":{"background-color":"var(--ast-global-color-5)","background-image":"","background-repeat":"repeat","background-position":"center center","background-size":"auto","background-attachment":"scroll","background-type":"","background-media":"","overlay-type":"","overlay-color":"","overlay-opacity":"","overlay-gradient":""},"mobile":{"background-color":"var(--ast-global-color-5)","background-image":"","background-repeat":"repeat","background-position":"center center","background-size":"auto","background-attachment":"scroll","background-type":"","background-media":"","overlay-type":"","overlay-color":"","overlay-opacity":"","overlay-gradient":""}},"footnotes":""},"class_list":["post-9356","page","type-page","status-publish","hentry"],"yoast_head":"<!-- This site is optimized with the Yoast SEO plugin v27.4 - https:\/\/yoast.com\/product\/yoast-seo-wordpress\/ -->\n<title>Upozorenje na &quot;predatorske&quot; \u010dasopise i izdava\u010de - Univerzitet MB<\/title>\n<meta name=\"robots\" content=\"index, follow, max-snippet:-1, max-image-preview:large, max-video-preview:-1\" \/>\n<link rel=\"canonical\" href=\"https:\/\/mbuniverzitet.edu.rs\/en\/upozorenje-na-predatorske-casopise-i-izdavace\/\" \/>\n<meta property=\"og:locale\" content=\"en_GB\" \/>\n<meta property=\"og:type\" content=\"article\" \/>\n<meta property=\"og:title\" content=\"Upozorenje na &quot;predatorske&quot; \u010dasopise i izdava\u010de - Univerzitet MB\" \/>\n<meta property=\"og:description\" content=\"Bibliografske i citatne baze u Srbiji Saveti mladim istra\u017eiva\u010dima Upozorenje na &#8222;predatorske&#8220; \u010dasopise i izdava\u010de Uputstvo za navo\u0111enje afilijacije zaposlenih na Univerzitetu MB Institucionalni repozitorijum nau\u010dne i umetni\u010dke produkcije OPEN Baze podataka o istra\u017eiva\u010dima &#8211; jedinstvena identifikacija autora Otvoreni pristup Provera bibliografskih referenci Upozorenje na \u201epredatorske\u201c \u010dasopise i izdava\u010de Rektorski kolegijum Univerziteta \u041cB u Beogradu [&hellip;]\" \/>\n<meta property=\"og:url\" content=\"https:\/\/mbuniverzitet.edu.rs\/en\/upozorenje-na-predatorske-casopise-i-izdavace\/\" \/>\n<meta property=\"og:site_name\" content=\"Univerzitet MB\" \/>\n<meta property=\"article:modified_time\" content=\"2022-02-28T13:36:11+00:00\" \/>\n<meta name=\"twitter:card\" content=\"summary_large_image\" \/>\n<meta name=\"twitter:label1\" content=\"Estimated reading time\" \/>\n\t<meta name=\"twitter:data1\" content=\"3 minutes\" \/>\n<script type=\"application\/ld+json\" class=\"yoast-schema-graph\">{\"@context\":\"https:\\\/\\\/schema.org\",\"@graph\":[{\"@type\":\"WebPage\",\"@id\":\"https:\\\/\\\/mbuniverzitet.edu.rs\\\/upozorenje-na-predatorske-casopise-i-izdavace\\\/\",\"url\":\"https:\\\/\\\/mbuniverzitet.edu.rs\\\/upozorenje-na-predatorske-casopise-i-izdavace\\\/\",\"name\":\"Upozorenje na \\\"predatorske\\\" \u010dasopise i izdava\u010de - Univerzitet MB\",\"isPartOf\":{\"@id\":\"https:\\\/\\\/mbuniverzitet.edu.rs\\\/#website\"},\"datePublished\":\"2022-01-11T12:36:57+00:00\",\"dateModified\":\"2022-02-28T13:36:11+00:00\",\"breadcrumb\":{\"@id\":\"https:\\\/\\\/mbuniverzitet.edu.rs\\\/upozorenje-na-predatorske-casopise-i-izdavace\\\/#breadcrumb\"},\"inLanguage\":\"en-GB\",\"potentialAction\":[{\"@type\":\"ReadAction\",\"target\":[\"https:\\\/\\\/mbuniverzitet.edu.rs\\\/upozorenje-na-predatorske-casopise-i-izdavace\\\/\"]}]},{\"@type\":\"BreadcrumbList\",\"@id\":\"https:\\\/\\\/mbuniverzitet.edu.rs\\\/upozorenje-na-predatorske-casopise-i-izdavace\\\/#breadcrumb\",\"itemListElement\":[{\"@type\":\"ListItem\",\"position\":1,\"name\":\"Home\",\"item\":\"https:\\\/\\\/mbuniverzitet.edu.rs\\\/\"},{\"@type\":\"ListItem\",\"position\":2,\"name\":\"Upozorenje na &#8220;predatorske&#8221; \u010dasopise i izdava\u010de\"}]},{\"@type\":\"WebSite\",\"@id\":\"https:\\\/\\\/mbuniverzitet.edu.rs\\\/#website\",\"url\":\"https:\\\/\\\/mbuniverzitet.edu.rs\\\/\",\"name\":\"Univerzitet MB\",\"description\":\"\",\"publisher\":{\"@id\":\"https:\\\/\\\/mbuniverzitet.edu.rs\\\/#organization\"},\"potentialAction\":[{\"@type\":\"SearchAction\",\"target\":{\"@type\":\"EntryPoint\",\"urlTemplate\":\"https:\\\/\\\/mbuniverzitet.edu.rs\\\/?s={search_term_string}\"},\"query-input\":{\"@type\":\"PropertyValueSpecification\",\"valueRequired\":true,\"valueName\":\"search_term_string\"}}],\"inLanguage\":\"en-GB\"},{\"@type\":\"Organization\",\"@id\":\"https:\\\/\\\/mbuniverzitet.edu.rs\\\/#organization\",\"name\":\"Univerzitet MB\",\"url\":\"https:\\\/\\\/mbuniverzitet.edu.rs\\\/\",\"logo\":{\"@type\":\"ImageObject\",\"inLanguage\":\"en-GB\",\"@id\":\"https:\\\/\\\/mbuniverzitet.edu.rs\\\/#\\\/schema\\\/logo\\\/image\\\/\",\"url\":\"https:\\\/\\\/media.mbuniverzitet.edu.rs\\\/2020\\\/11\\\/UniMB-Logotip-u-postupku-akreditacije.png\",\"contentUrl\":\"https:\\\/\\\/media.mbuniverzitet.edu.rs\\\/2020\\\/11\\\/UniMB-Logotip-u-postupku-akreditacije.png\",\"width\":296,\"height\":90,\"caption\":\"Univerzitet MB\"},\"image\":{\"@id\":\"https:\\\/\\\/mbuniverzitet.edu.rs\\\/#\\\/schema\\\/logo\\\/image\\\/\"}}]}<\/script>\n<!-- \/ Yoast SEO plugin. -->","yoast_head_json":{"title":"Upozorenje na \"predatorske\" \u010dasopise i izdava\u010de - Univerzitet MB","robots":{"index":"index","follow":"follow","max-snippet":"max-snippet:-1","max-image-preview":"max-image-preview:large","max-video-preview":"max-video-preview:-1"},"canonical":"https:\/\/mbuniverzitet.edu.rs\/en\/upozorenje-na-predatorske-casopise-i-izdavace\/","og_locale":"en_GB","og_type":"article","og_title":"Upozorenje na \"predatorske\" \u010dasopise i izdava\u010de - Univerzitet MB","og_description":"Bibliografske i citatne baze u Srbiji Saveti mladim istra\u017eiva\u010dima Upozorenje na &#8222;predatorske&#8220; \u010dasopise i izdava\u010de Uputstvo za navo\u0111enje afilijacije zaposlenih na Univerzitetu MB Institucionalni repozitorijum nau\u010dne i umetni\u010dke produkcije OPEN Baze podataka o istra\u017eiva\u010dima &#8211; jedinstvena identifikacija autora Otvoreni pristup Provera bibliografskih referenci Upozorenje na \u201epredatorske\u201c \u010dasopise i izdava\u010de Rektorski kolegijum Univerziteta \u041cB u Beogradu [&hellip;]","og_url":"https:\/\/mbuniverzitet.edu.rs\/en\/upozorenje-na-predatorske-casopise-i-izdavace\/","og_site_name":"Univerzitet MB","article_modified_time":"2022-02-28T13:36:11+00:00","twitter_card":"summary_large_image","twitter_misc":{"Estimated reading time":"3 minutes"},"schema":{"@context":"https:\/\/schema.org","@graph":[{"@type":"WebPage","@id":"https:\/\/mbuniverzitet.edu.rs\/upozorenje-na-predatorske-casopise-i-izdavace\/","url":"https:\/\/mbuniverzitet.edu.rs\/upozorenje-na-predatorske-casopise-i-izdavace\/","name":"Upozorenje na \"predatorske\" \u010dasopise i izdava\u010de - Univerzitet MB","isPartOf":{"@id":"https:\/\/mbuniverzitet.edu.rs\/#website"},"datePublished":"2022-01-11T12:36:57+00:00","dateModified":"2022-02-28T13:36:11+00:00","breadcrumb":{"@id":"https:\/\/mbuniverzitet.edu.rs\/upozorenje-na-predatorske-casopise-i-izdavace\/#breadcrumb"},"inLanguage":"en-GB","potentialAction":[{"@type":"ReadAction","target":["https:\/\/mbuniverzitet.edu.rs\/upozorenje-na-predatorske-casopise-i-izdavace\/"]}]},{"@type":"BreadcrumbList","@id":"https:\/\/mbuniverzitet.edu.rs\/upozorenje-na-predatorske-casopise-i-izdavace\/#breadcrumb","itemListElement":[{"@type":"ListItem","position":1,"name":"Home","item":"https:\/\/mbuniverzitet.edu.rs\/"},{"@type":"ListItem","position":2,"name":"Upozorenje na &#8220;predatorske&#8221; \u010dasopise i izdava\u010de"}]},{"@type":"WebSite","@id":"https:\/\/mbuniverzitet.edu.rs\/#website","url":"https:\/\/mbuniverzitet.edu.rs\/","name":"MB University","description":"","publisher":{"@id":"https:\/\/mbuniverzitet.edu.rs\/#organization"},"potentialAction":[{"@type":"SearchAction","target":{"@type":"EntryPoint","urlTemplate":"https:\/\/mbuniverzitet.edu.rs\/?s={search_term_string}"},"query-input":{"@type":"PropertyValueSpecification","valueRequired":true,"valueName":"search_term_string"}}],"inLanguage":"en-GB"},{"@type":"Organization","@id":"https:\/\/mbuniverzitet.edu.rs\/#organization","name":"MB University","url":"https:\/\/mbuniverzitet.edu.rs\/","logo":{"@type":"ImageObject","inLanguage":"en-GB","@id":"https:\/\/mbuniverzitet.edu.rs\/#\/schema\/logo\/image\/","url":"https:\/\/media.mbuniverzitet.edu.rs\/2020\/11\/UniMB-Logotip-u-postupku-akreditacije.png","contentUrl":"https:\/\/media.mbuniverzitet.edu.rs\/2020\/11\/UniMB-Logotip-u-postupku-akreditacije.png","width":296,"height":90,"caption":"Univerzitet MB"},"image":{"@id":"https:\/\/mbuniverzitet.edu.rs\/#\/schema\/logo\/image\/"}}]}},"_links":{"self":[{"href":"https:\/\/mbuniverzitet.edu.rs\/en\/wp-json\/wp\/v2\/pages\/9356","targetHints":{"allow":["GET"]}}],"collection":[{"href":"https:\/\/mbuniverzitet.edu.rs\/en\/wp-json\/wp\/v2\/pages"}],"about":[{"href":"https:\/\/mbuniverzitet.edu.rs\/en\/wp-json\/wp\/v2\/types\/page"}],"author":[{"embeddable":true,"href":"https:\/\/mbuniverzitet.edu.rs\/en\/wp-json\/wp\/v2\/users\/1"}],"replies":[{"embeddable":true,"href":"https:\/\/mbuniverzitet.edu.rs\/en\/wp-json\/wp\/v2\/comments?post=9356"}],"version-history":[{"count":0,"href":"https:\/\/mbuniverzitet.edu.rs\/en\/wp-json\/wp\/v2\/pages\/9356\/revisions"}],"wp:attachment":[{"href":"https:\/\/mbuniverzitet.edu.rs\/en\/wp-json\/wp\/v2\/media?parent=9356"}],"curies":[{"name":"wp","href":"https:\/\/api.w.org\/{rel}","templated":true}]}}