{"id":9164,"date":"2022-01-10T13:16:33","date_gmt":"2022-01-10T12:16:33","guid":{"rendered":"https:\/\/mbuniverzitet.edu.rs\/?page_id=9164"},"modified":"2022-02-24T10:50:55","modified_gmt":"2022-02-24T09:50:55","slug":"horizont-2020","status":"publish","type":"page","link":"https:\/\/mbuniverzitet.edu.rs\/en\/horizont-2020\/","title":{"rendered":"Horizon 2020"},"content":{"rendered":"<div data-elementor-type=\"wp-page\" data-elementor-id=\"9164\" class=\"elementor elementor-9164\">\n\t\t\t\t\t\t<section class=\"elementor-section elementor-top-section elementor-element elementor-element-79bc2f1 elementor-section-full_width elementor-section-height-default elementor-section-height-default exad-glass-effect-no exad-sticky-section-no\" data-id=\"79bc2f1\" data-element_type=\"section\" data-e-type=\"section\">\n\t\t\t\t\t\t<div class=\"elementor-container elementor-column-gap-default\">\n\t\t\t\t\t<div class=\"elementor-column elementor-col-100 elementor-top-column elementor-element elementor-element-2a2b58c exad-glass-effect-no exad-sticky-section-no\" data-id=\"2a2b58c\" data-element_type=\"column\" data-e-type=\"column\">\n\t\t\t<div class=\"elementor-widget-wrap elementor-element-populated\">\n\t\t\t\t\t\t<div class=\"elementor-element elementor-element-81bf0df exad-sticky-section-no exad-glass-effect-no elementor-widget elementor-widget-spacer\" data-id=\"81bf0df\" data-element_type=\"widget\" data-e-type=\"widget\" data-widget_type=\"spacer.default\">\n\t\t\t\t<div class=\"elementor-widget-container\">\n\t\t\t\t\t\t\t<div class=\"elementor-spacer\">\n\t\t\t<div class=\"elementor-spacer-inner\"><\/div>\n\t\t<\/div>\n\t\t\t\t\t\t<\/div>\n\t\t\t\t<\/div>\n\t\t\t\t\t<\/div>\n\t\t<\/div>\n\t\t\t\t\t<\/div>\n\t\t<\/section>\n\t\t\t\t<section class=\"elementor-section elementor-top-section elementor-element elementor-element-1594803 elementor-section-boxed elementor-section-height-default elementor-section-height-default exad-glass-effect-no exad-sticky-section-no\" data-id=\"1594803\" data-element_type=\"section\" data-e-type=\"section\">\n\t\t\t\t\t\t<div class=\"elementor-container elementor-column-gap-default\">\n\t\t\t\t\t<div class=\"elementor-column elementor-col-33 elementor-top-column elementor-element elementor-element-e2a81f2 exad-glass-effect-no exad-sticky-section-no\" data-id=\"e2a81f2\" data-element_type=\"column\" data-e-type=\"column\">\n\t\t\t<div class=\"elementor-widget-wrap elementor-element-populated\">\n\t\t\t\t\t\t<div class=\"elementor-element elementor-element-c62766f elementor-align-start elementor-icon-list--layout-traditional elementor-list-item-link-full_width exad-sticky-section-no exad-glass-effect-no elementor-widget elementor-widget-icon-list\" data-id=\"c62766f\" data-element_type=\"widget\" data-e-type=\"widget\" data-widget_type=\"icon-list.default\">\n\t\t\t\t<div class=\"elementor-widget-container\">\n\t\t\t\t\t\t\t<ul class=\"elementor-icon-list-items\">\n\t\t\t\t\t\t\t<li class=\"elementor-icon-list-item\">\n\t\t\t\t\t\t\t\t\t\t\t<a href=\"https:\/\/mbuniverzitet.edu.rs\/en\/obrazovni-i-istrazivacki-projekti-na-univerzitetu-mb-u-beogradu\/\">\n\n\t\t\t\t\t\t\t\t\t\t\t\t<span class=\"elementor-icon-list-icon\">\n\t\t\t\t\t\t\t<i aria-hidden=\"true\" class=\"fas fa-angle-right\"><\/i>\t\t\t\t\t\t<\/span>\n\t\t\t\t\t\t\t\t\t\t<span class=\"elementor-icon-list-text\">Educational and research projects at MB University in Belgrade<\/span>\n\t\t\t\t\t\t\t\t\t\t\t<\/a>\n\t\t\t\t\t\t\t\t\t<\/li>\n\t\t\t\t\t\t\t\t<li class=\"elementor-icon-list-item\">\n\t\t\t\t\t\t\t\t\t\t\t<a href=\"https:\/\/mbuniverzitet.edu.rs\/en\/horizont-2020\/\">\n\n\t\t\t\t\t\t\t\t\t\t\t\t<span class=\"elementor-icon-list-icon\">\n\t\t\t\t\t\t\t<i aria-hidden=\"true\" class=\"fas fa-angle-right\"><\/i>\t\t\t\t\t\t<\/span>\n\t\t\t\t\t\t\t\t\t\t<span class=\"elementor-icon-list-text\">Horizon 2020<\/span>\n\t\t\t\t\t\t\t\t\t\t\t<\/a>\n\t\t\t\t\t\t\t\t\t<\/li>\n\t\t\t\t\t\t\t\t<li class=\"elementor-icon-list-item\">\n\t\t\t\t\t\t\t\t\t\t\t<a href=\"https:\/\/mbuniverzitet.edu.rs\/en\/erazmus-program\/\">\n\n\t\t\t\t\t\t\t\t\t\t\t\t<span class=\"elementor-icon-list-icon\">\n\t\t\t\t\t\t\t<i aria-hidden=\"true\" class=\"fas fa-angle-right\"><\/i>\t\t\t\t\t\t<\/span>\n\t\t\t\t\t\t\t\t\t\t<span class=\"elementor-icon-list-text\">Erasmus + Program<\/span>\n\t\t\t\t\t\t\t\t\t\t\t<\/a>\n\t\t\t\t\t\t\t\t\t<\/li>\n\t\t\t\t\t\t\t\t<li class=\"elementor-icon-list-item\">\n\t\t\t\t\t\t\t\t\t\t\t<a href=\"https:\/\/mbuniverzitet.edu.rs\/en\/aktuelni-konkursi\/\">\n\n\t\t\t\t\t\t\t\t\t\t\t\t<span class=\"elementor-icon-list-icon\">\n\t\t\t\t\t\t\t<i aria-hidden=\"true\" class=\"fas fa-angle-right\"><\/i>\t\t\t\t\t\t<\/span>\n\t\t\t\t\t\t\t\t\t\t<span class=\"elementor-icon-list-text\">Current openings<\/span>\n\t\t\t\t\t\t\t\t\t\t\t<\/a>\n\t\t\t\t\t\t\t\t\t<\/li>\n\t\t\t\t\t\t<\/ul>\n\t\t\t\t\t\t<\/div>\n\t\t\t\t<\/div>\n\t\t\t\t\t<\/div>\n\t\t<\/div>\n\t\t\t\t<div class=\"elementor-column elementor-col-66 elementor-top-column elementor-element elementor-element-bfc2a89 exad-glass-effect-no exad-sticky-section-no\" data-id=\"bfc2a89\" data-element_type=\"column\" data-e-type=\"column\">\n\t\t\t<div class=\"elementor-widget-wrap elementor-element-populated\">\n\t\t\t\t\t\t<div class=\"elementor-element elementor-element-4ecdd71 exad-sticky-section-no exad-glass-effect-no elementor-widget elementor-widget-heading\" data-id=\"4ecdd71\" data-element_type=\"widget\" data-e-type=\"widget\" data-widget_type=\"heading.default\">\n\t\t\t\t<div class=\"elementor-widget-container\">\n\t\t\t\t\t<h2 class=\"elementor-heading-title elementor-size-default\">Horizon 2020<\/h2>\t\t\t\t<\/div>\n\t\t\t\t<\/div>\n\t\t\t\t<div class=\"elementor-element elementor-element-e9faf80 exad-sticky-section-no exad-glass-effect-no elementor-widget elementor-widget-text-editor\" data-id=\"e9faf80\" data-element_type=\"widget\" data-e-type=\"widget\" data-widget_type=\"text-editor.default\">\n\t\t\t\t<div class=\"elementor-widget-container\">\n\t\t\t\t\t\t\t\t\t<p>Horizont 2020 je Okvirni program Evropske unije za istra\u017eivanje i inovacije, odnosno finansijski instrument kojim se uvodi\u00a0<em>Unija inovacija<\/em>, klju\u010dna inicijativa EU usmerena na pove\u0107anje konkurentnosti EU, omogu\u0107avanje odr\u017eivog ekonomskog rasta i stvaranje novih poslova.<\/p><p>Program Horizont 2020 traje 7 godina (od 2014. do 2020. godine) i za njega je predvi\u0111en bud\u017eet od skoro 80 milijardi evra, ne ra\u010dunaju\u0107i privatne investicije koje bi ovaj program mogao privu\u0107i. Horizont 2020 predstavlja najve\u0107i program EU usmeren na istra\u017eivanje i inovacije, i kao takav predstavlja izvanrednu priliku i za nau\u010dnike, inovatore i istra\u017eiva\u010de i poslovne subjekte iz Srbije.<\/p><p>Program se fokusira na uklanjanje prepreka inovacijama, pre svega inovacijama bliskim tr\u017ei\u0161tu i unapre\u0111enje saradnje javnog i privatnog sektora u sprovo\u0111enju inovacija. Program Horizont 2020 otvoren je za sva fizi\u010dka i pravna lica iz zemalja EU i partnerskih zemalja, prethodno registrovana na\u00a0<a href=\"http:\/\/ec.europa.eu\/research\/participants\/portal\/desktop\/en\/home.html\" target=\"_blank\" rel=\"noopener\">portalu za u\u010desnike<\/a>\u00a0(<em>Research Participant Portal<\/em>), ima pojednostavljenu strukturu koja omogu\u0107ava u\u010desnicima da se fokusiraju na svoj rad i da, uz smanjenu birokratiju, realizacija projekata bude efikasnija uz br\u017ee ostvarivanje rezultata.<\/p><p>Horizont 2020 program se sprovodi kroz dvogodi\u0161nje\u00a0<a href=\"https:\/\/ec.europa.eu\/programmes\/horizon2020\/en\/what-work-programme\" target=\"_blank\" rel=\"noopener\">radne programe<\/a>, koje priprema Evropska komisija, u kojima se bli\u017ee odre\u0111uju oblasti za finansiranje istra\u017eivanja i projekata, kao i ostale zna\u010dajne teme. Trenutno je va\u017ee\u0107i\u00a0<a href=\"http:\/\/ec.europa.eu\/research\/participants\/data\/ref\/h2020\/wp\/2016_2017\/main\/h2020-wp1617-intro_en.pdf\" target=\"_blank\" rel=\"noopener\">Radni program 2016 &#8211; 2017. godine<\/a>.<\/p><p>Horizont 2020 se sastoji iz tri osnovna dela:<\/p><p>1. <a href=\"https:\/\/ec.europa.eu\/programmes\/horizon2020\/en\/h2020-section\/excellent-science\" target=\"_blank\" rel=\"noopener\">Izuzetnost u nauci<\/a> \u2013 \u010dije aktivnosti imaju za cilj ja\u010danje i \u0161irenje nau\u010dne izuzetnosti EU. Ovaj deo obuhvata:\u00a0<a href=\"https:\/\/ec.europa.eu\/programmes\/horizon2020\/node\/3\" target=\"_blank\" rel=\"noopener\">Evropsko istra\u017eiva\u010dko ve\u0107e<\/a>,\u00a0<a href=\"https:\/\/ec.europa.eu\/programmes\/horizon2020\/node\/8\" target=\"_blank\" rel=\"noopener\">Program Marija Sklodovska Kiri<\/a>,\u00a0<a href=\"https:\/\/ec.europa.eu\/programmes\/horizon2020\/node\/94\">Budu\u0107nost i tehnologije u povoju<\/a>, kao i\u00a0<a href=\"https:\/\/ec.europa.eu\/programmes\/horizon2020\/node\/58\" target=\"_blank\" rel=\"noopener\">Istra\u017eiva\u010dke infrastrukture<\/a>.<\/p><p>2. <a href=\"https:\/\/ec.europa.eu\/programmes\/horizon2020\/en\/h2020-section\/industrial-leadership\" target=\"_blank\" rel=\"noopener\">Liderstvo u industriji<\/a> \u2013 ima za cilj da ubrza razvoj novih tehnologija i inovacija koje \u0107e biti klju\u010dne za poslove sutra\u0161njice. Podrazumeva: <a href=\"https:\/\/ec.europa.eu\/programmes\/horizon2020\/node\/11\" target=\"_blank\" rel=\"noopener\">Liderstvo u oblasti naprednih i industrijskih tehnologija<\/a>,\u00a0<a href=\"https:\/\/ec.europa.eu\/programmes\/horizon2020\/h2020-section\/access-risk-finance\" target=\"_blank\" rel=\"noopener\">Pristup finansijama rizika<\/a>, i\u00a0<a href=\"https:\/\/ec.europa.eu\/programmes\/horizon2020\/h2020-section\/innovation-smes\" target=\"_blank\" rel=\"noopener\">Inovacije u malim i srednjim preduze\u0107ima<\/a>.<\/p><p>3. <a href=\"https:\/\/ec.europa.eu\/programmes\/horizon2020\/en\/h2020-section\/societal-challenges\" target=\"_blank\" rel=\"noopener\">Dru\u0161tveni izazovi<\/a> \u2013 u kojima se ogledaju politi\u010dki prioriteti Strategije za Evropu 2020, kao i teme bitne za gra\u0111ane Evrope i sveta. Sredstva \u0107e se pre svega usmeravati na istra\u017eivanja u oblastima zdravstva, demografskih promena, bezbednosti hrane, odr\u017eive poljoprivrede i \u0161umarstva, klimatskih promena, zelene ekonomije, bioekonomije, bezbednosti dru\u0161tva itd.<\/p><p>Za vi\u0161e informacija o programu Horizont 2020 mo\u017eete posetiti\u00a0<a href=\"https:\/\/ec.europa.eu\/programmes\/horizon2020\/en\/h2020-section\/societal-challenges\" target=\"_blank\" rel=\"noopener\">zvani\u010dnu internet prezentaciju programa<\/a>, kao i\u00a0<a href=\"http:\/\/www.horizont2020.rs\/\" target=\"_blank\" rel=\"noopener\">zvani\u010dnu internet stranicu za Srbiju<\/a>.<\/p><p>U slu\u010daju nejasno\u0107a i nedoumica, mo\u017eete konsultovati\u00a0<a href=\"http:\/\/ec.europa.eu\/research\/participants\/portal\/desktop\/en\/support\/reference_terms.html\" target=\"_blank\" rel=\"noopener\">re\u010dnik pojmova<\/a>\u00a0namenjen u\u010desnicima, kao i\u00a0<a href=\"http:\/\/ec.europa.eu\/research\/participants\/docs\/h2020-funding-guide\/index_en.htm\" target=\"_blank\" rel=\"noopener\">vodi\u010d za program Horizont 2020<\/a>.<\/p>\t\t\t\t\t\t\t\t<\/div>\n\t\t\t\t<\/div>\n\t\t\t\t\t<\/div>\n\t\t<\/div>\n\t\t\t\t\t<\/div>\n\t\t<\/section>\n\t\t\t\t<section class=\"elementor-section elementor-top-section elementor-element elementor-element-db04c2a elementor-section-full_width elementor-section-height-default elementor-section-height-default exad-glass-effect-no exad-sticky-section-no\" data-id=\"db04c2a\" data-element_type=\"section\" data-e-type=\"section\">\n\t\t\t\t\t\t<div class=\"elementor-container elementor-column-gap-default\">\n\t\t\t\t\t<div class=\"elementor-column elementor-col-100 elementor-top-column elementor-element elementor-element-9481622 exad-glass-effect-no exad-sticky-section-no\" data-id=\"9481622\" data-element_type=\"column\" data-e-type=\"column\">\n\t\t\t<div class=\"elementor-widget-wrap elementor-element-populated\">\n\t\t\t\t\t\t<div class=\"elementor-element elementor-element-b54c2ff exad-sticky-section-no exad-glass-effect-no elementor-widget elementor-widget-spacer\" data-id=\"b54c2ff\" data-element_type=\"widget\" data-e-type=\"widget\" data-widget_type=\"spacer.default\">\n\t\t\t\t<div class=\"elementor-widget-container\">\n\t\t\t\t\t\t\t<div class=\"elementor-spacer\">\n\t\t\t<div class=\"elementor-spacer-inner\"><\/div>\n\t\t<\/div>\n\t\t\t\t\t\t<\/div>\n\t\t\t\t<\/div>\n\t\t\t\t\t<\/div>\n\t\t<\/div>\n\t\t\t\t\t<\/div>\n\t\t<\/section>\n\t\t\t\t<\/div>","protected":false},"excerpt":{"rendered":"<p>Obrazovni i istra\u017eiva\u010dki projekti na Univerzitetu MB u Beogradu Horizont 2020 Erazmus+ program Aktuelni konkursi Horizont 2020 Horizont 2020 je Okvirni program Evropske unije za istra\u017eivanje i inovacije, odnosno finansijski instrument kojim se uvodi\u00a0Unija inovacija, klju\u010dna inicijativa EU usmerena na pove\u0107anje konkurentnosti EU, omogu\u0107avanje odr\u017eivog ekonomskog rasta i stvaranje novih poslova. Program Horizont 2020 traje [&hellip;]<\/p>\n","protected":false},"author":1,"featured_media":0,"parent":0,"menu_order":0,"comment_status":"closed","ping_status":"closed","template":"elementor_header_footer","meta":{"_eb_attr":"","site-sidebar-layout":"no-sidebar","site-content-layout":"page-builder","ast-site-content-layout":"default","site-content-style":"default","site-sidebar-style":"default","ast-global-header-display":"","ast-banner-title-visibility":"","ast-main-header-display":"","ast-hfb-above-header-display":"","ast-hfb-below-header-display":"","ast-hfb-mobile-header-display":"","site-post-title":"disabled","ast-breadcrumbs-content":"","ast-featured-img":"disabled","footer-sml-layout":"","ast-disable-related-posts":"","theme-transparent-header-meta":"","adv-header-id-meta":"","stick-header-meta":"","header-above-stick-meta":"","header-main-stick-meta":"","header-below-stick-meta":"","astra-migrate-meta-layouts":"default","ast-page-background-enabled":"default","ast-page-background-meta":{"desktop":{"background-color":"","background-image":"","background-repeat":"repeat","background-position":"center center","background-size":"auto","background-attachment":"scroll","background-type":"","background-media":"","overlay-type":"","overlay-color":"","overlay-opacity":"","overlay-gradient":""},"tablet":{"background-color":"","background-image":"","background-repeat":"repeat","background-position":"center center","background-size":"auto","background-attachment":"scroll","background-type":"","background-media":"","overlay-type":"","overlay-color":"","overlay-opacity":"","overlay-gradient":""},"mobile":{"background-color":"","background-image":"","background-repeat":"repeat","background-position":"center center","background-size":"auto","background-attachment":"scroll","background-type":"","background-media":"","overlay-type":"","overlay-color":"","overlay-opacity":"","overlay-gradient":""}},"ast-content-background-meta":{"desktop":{"background-color":"var(--ast-global-color-5)","background-image":"","background-repeat":"repeat","background-position":"center center","background-size":"auto","background-attachment":"scroll","background-type":"","background-media":"","overlay-type":"","overlay-color":"","overlay-opacity":"","overlay-gradient":""},"tablet":{"background-color":"var(--ast-global-color-5)","background-image":"","background-repeat":"repeat","background-position":"center center","background-size":"auto","background-attachment":"scroll","background-type":"","background-media":"","overlay-type":"","overlay-color":"","overlay-opacity":"","overlay-gradient":""},"mobile":{"background-color":"var(--ast-global-color-5)","background-image":"","background-repeat":"repeat","background-position":"center center","background-size":"auto","background-attachment":"scroll","background-type":"","background-media":"","overlay-type":"","overlay-color":"","overlay-opacity":"","overlay-gradient":""}},"footnotes":""},"class_list":["post-9164","page","type-page","status-publish","hentry"],"yoast_head":"<!-- This site is optimized with the Yoast SEO plugin v27.4 - https:\/\/yoast.com\/product\/yoast-seo-wordpress\/ -->\n<title>Horizont 2020 - Univerzitet MB<\/title>\n<meta name=\"robots\" content=\"index, follow, max-snippet:-1, max-image-preview:large, max-video-preview:-1\" \/>\n<link rel=\"canonical\" href=\"https:\/\/mbuniverzitet.edu.rs\/en\/horizont-2020\/\" \/>\n<meta property=\"og:locale\" content=\"en_GB\" \/>\n<meta property=\"og:type\" content=\"article\" \/>\n<meta property=\"og:title\" content=\"Horizont 2020 - Univerzitet MB\" \/>\n<meta property=\"og:description\" content=\"Obrazovni i istra\u017eiva\u010dki projekti na Univerzitetu MB u Beogradu Horizont 2020 Erazmus+ program Aktuelni konkursi Horizont 2020 Horizont 2020 je Okvirni program Evropske unije za istra\u017eivanje i inovacije, odnosno finansijski instrument kojim se uvodi\u00a0Unija inovacija, klju\u010dna inicijativa EU usmerena na pove\u0107anje konkurentnosti EU, omogu\u0107avanje odr\u017eivog ekonomskog rasta i stvaranje novih poslova. Program Horizont 2020 traje [&hellip;]\" \/>\n<meta property=\"og:url\" content=\"https:\/\/mbuniverzitet.edu.rs\/en\/horizont-2020\/\" \/>\n<meta property=\"og:site_name\" content=\"Univerzitet MB\" \/>\n<meta property=\"article:modified_time\" content=\"2022-02-24T09:50:55+00:00\" \/>\n<meta name=\"twitter:card\" content=\"summary_large_image\" \/>\n<meta name=\"twitter:label1\" content=\"Estimated reading time\" \/>\n\t<meta name=\"twitter:data1\" content=\"2 minutes\" \/>\n<script type=\"application\/ld+json\" class=\"yoast-schema-graph\">{\"@context\":\"https:\\\/\\\/schema.org\",\"@graph\":[{\"@type\":\"WebPage\",\"@id\":\"https:\\\/\\\/mbuniverzitet.edu.rs\\\/horizont-2020\\\/\",\"url\":\"https:\\\/\\\/mbuniverzitet.edu.rs\\\/horizont-2020\\\/\",\"name\":\"Horizont 2020 - Univerzitet MB\",\"isPartOf\":{\"@id\":\"https:\\\/\\\/mbuniverzitet.edu.rs\\\/#website\"},\"datePublished\":\"2022-01-10T12:16:33+00:00\",\"dateModified\":\"2022-02-24T09:50:55+00:00\",\"breadcrumb\":{\"@id\":\"https:\\\/\\\/mbuniverzitet.edu.rs\\\/horizont-2020\\\/#breadcrumb\"},\"inLanguage\":\"en-GB\",\"potentialAction\":[{\"@type\":\"ReadAction\",\"target\":[\"https:\\\/\\\/mbuniverzitet.edu.rs\\\/horizont-2020\\\/\"]}]},{\"@type\":\"BreadcrumbList\",\"@id\":\"https:\\\/\\\/mbuniverzitet.edu.rs\\\/horizont-2020\\\/#breadcrumb\",\"itemListElement\":[{\"@type\":\"ListItem\",\"position\":1,\"name\":\"Home\",\"item\":\"https:\\\/\\\/mbuniverzitet.edu.rs\\\/\"},{\"@type\":\"ListItem\",\"position\":2,\"name\":\"Horizont 2020\"}]},{\"@type\":\"WebSite\",\"@id\":\"https:\\\/\\\/mbuniverzitet.edu.rs\\\/#website\",\"url\":\"https:\\\/\\\/mbuniverzitet.edu.rs\\\/\",\"name\":\"Univerzitet MB\",\"description\":\"\",\"publisher\":{\"@id\":\"https:\\\/\\\/mbuniverzitet.edu.rs\\\/#organization\"},\"potentialAction\":[{\"@type\":\"SearchAction\",\"target\":{\"@type\":\"EntryPoint\",\"urlTemplate\":\"https:\\\/\\\/mbuniverzitet.edu.rs\\\/?s={search_term_string}\"},\"query-input\":{\"@type\":\"PropertyValueSpecification\",\"valueRequired\":true,\"valueName\":\"search_term_string\"}}],\"inLanguage\":\"en-GB\"},{\"@type\":\"Organization\",\"@id\":\"https:\\\/\\\/mbuniverzitet.edu.rs\\\/#organization\",\"name\":\"Univerzitet MB\",\"url\":\"https:\\\/\\\/mbuniverzitet.edu.rs\\\/\",\"logo\":{\"@type\":\"ImageObject\",\"inLanguage\":\"en-GB\",\"@id\":\"https:\\\/\\\/mbuniverzitet.edu.rs\\\/#\\\/schema\\\/logo\\\/image\\\/\",\"url\":\"https:\\\/\\\/media.mbuniverzitet.edu.rs\\\/2020\\\/11\\\/UniMB-Logotip-u-postupku-akreditacije.png\",\"contentUrl\":\"https:\\\/\\\/media.mbuniverzitet.edu.rs\\\/2020\\\/11\\\/UniMB-Logotip-u-postupku-akreditacije.png\",\"width\":296,\"height\":90,\"caption\":\"Univerzitet MB\"},\"image\":{\"@id\":\"https:\\\/\\\/mbuniverzitet.edu.rs\\\/#\\\/schema\\\/logo\\\/image\\\/\"}}]}<\/script>\n<!-- \/ Yoast SEO plugin. -->","yoast_head_json":{"title":"Horizont 2020 - Univerzitet MB","robots":{"index":"index","follow":"follow","max-snippet":"max-snippet:-1","max-image-preview":"max-image-preview:large","max-video-preview":"max-video-preview:-1"},"canonical":"https:\/\/mbuniverzitet.edu.rs\/en\/horizont-2020\/","og_locale":"en_GB","og_type":"article","og_title":"Horizont 2020 - Univerzitet MB","og_description":"Obrazovni i istra\u017eiva\u010dki projekti na Univerzitetu MB u Beogradu Horizont 2020 Erazmus+ program Aktuelni konkursi Horizont 2020 Horizont 2020 je Okvirni program Evropske unije za istra\u017eivanje i inovacije, odnosno finansijski instrument kojim se uvodi\u00a0Unija inovacija, klju\u010dna inicijativa EU usmerena na pove\u0107anje konkurentnosti EU, omogu\u0107avanje odr\u017eivog ekonomskog rasta i stvaranje novih poslova. Program Horizont 2020 traje [&hellip;]","og_url":"https:\/\/mbuniverzitet.edu.rs\/en\/horizont-2020\/","og_site_name":"Univerzitet MB","article_modified_time":"2022-02-24T09:50:55+00:00","twitter_card":"summary_large_image","twitter_misc":{"Estimated reading time":"2 minutes"},"schema":{"@context":"https:\/\/schema.org","@graph":[{"@type":"WebPage","@id":"https:\/\/mbuniverzitet.edu.rs\/horizont-2020\/","url":"https:\/\/mbuniverzitet.edu.rs\/horizont-2020\/","name":"Horizont 2020 - Univerzitet MB","isPartOf":{"@id":"https:\/\/mbuniverzitet.edu.rs\/#website"},"datePublished":"2022-01-10T12:16:33+00:00","dateModified":"2022-02-24T09:50:55+00:00","breadcrumb":{"@id":"https:\/\/mbuniverzitet.edu.rs\/horizont-2020\/#breadcrumb"},"inLanguage":"en-GB","potentialAction":[{"@type":"ReadAction","target":["https:\/\/mbuniverzitet.edu.rs\/horizont-2020\/"]}]},{"@type":"BreadcrumbList","@id":"https:\/\/mbuniverzitet.edu.rs\/horizont-2020\/#breadcrumb","itemListElement":[{"@type":"ListItem","position":1,"name":"Home","item":"https:\/\/mbuniverzitet.edu.rs\/"},{"@type":"ListItem","position":2,"name":"Horizont 2020"}]},{"@type":"WebSite","@id":"https:\/\/mbuniverzitet.edu.rs\/#website","url":"https:\/\/mbuniverzitet.edu.rs\/","name":"MB University","description":"","publisher":{"@id":"https:\/\/mbuniverzitet.edu.rs\/#organization"},"potentialAction":[{"@type":"SearchAction","target":{"@type":"EntryPoint","urlTemplate":"https:\/\/mbuniverzitet.edu.rs\/?s={search_term_string}"},"query-input":{"@type":"PropertyValueSpecification","valueRequired":true,"valueName":"search_term_string"}}],"inLanguage":"en-GB"},{"@type":"Organization","@id":"https:\/\/mbuniverzitet.edu.rs\/#organization","name":"MB University","url":"https:\/\/mbuniverzitet.edu.rs\/","logo":{"@type":"ImageObject","inLanguage":"en-GB","@id":"https:\/\/mbuniverzitet.edu.rs\/#\/schema\/logo\/image\/","url":"https:\/\/media.mbuniverzitet.edu.rs\/2020\/11\/UniMB-Logotip-u-postupku-akreditacije.png","contentUrl":"https:\/\/media.mbuniverzitet.edu.rs\/2020\/11\/UniMB-Logotip-u-postupku-akreditacije.png","width":296,"height":90,"caption":"Univerzitet MB"},"image":{"@id":"https:\/\/mbuniverzitet.edu.rs\/#\/schema\/logo\/image\/"}}]}},"_links":{"self":[{"href":"https:\/\/mbuniverzitet.edu.rs\/en\/wp-json\/wp\/v2\/pages\/9164","targetHints":{"allow":["GET"]}}],"collection":[{"href":"https:\/\/mbuniverzitet.edu.rs\/en\/wp-json\/wp\/v2\/pages"}],"about":[{"href":"https:\/\/mbuniverzitet.edu.rs\/en\/wp-json\/wp\/v2\/types\/page"}],"author":[{"embeddable":true,"href":"https:\/\/mbuniverzitet.edu.rs\/en\/wp-json\/wp\/v2\/users\/1"}],"replies":[{"embeddable":true,"href":"https:\/\/mbuniverzitet.edu.rs\/en\/wp-json\/wp\/v2\/comments?post=9164"}],"version-history":[{"count":0,"href":"https:\/\/mbuniverzitet.edu.rs\/en\/wp-json\/wp\/v2\/pages\/9164\/revisions"}],"wp:attachment":[{"href":"https:\/\/mbuniverzitet.edu.rs\/en\/wp-json\/wp\/v2\/media?parent=9164"}],"curies":[{"name":"wp","href":"https:\/\/api.w.org\/{rel}","templated":true}]}}