{"id":9021,"date":"2022-01-05T12:45:32","date_gmt":"2022-01-05T11:45:32","guid":{"rendered":"https:\/\/mbuniverzitet.edu.rs\/?page_id=9021"},"modified":"2022-11-08T12:12:19","modified_gmt":"2022-11-08T11:12:19","slug":"dokumenta-iz-oblasti-naucno-istrazivackog-rada","status":"publish","type":"page","link":"https:\/\/mbuniverzitet.edu.rs\/en\/dokumenta-iz-oblasti-naucno-istrazivackog-rada\/","title":{"rendered":"Documents in the field of scientific research"},"content":{"rendered":"<div data-elementor-type=\"wp-page\" data-elementor-id=\"9021\" class=\"elementor elementor-9021\">\n\t\t\t\t\t\t<section class=\"elementor-section elementor-top-section elementor-element elementor-element-e020e1e elementor-section-full_width elementor-section-height-default elementor-section-height-default exad-glass-effect-no exad-sticky-section-no\" data-id=\"e020e1e\" data-element_type=\"section\" data-e-type=\"section\">\n\t\t\t\t\t\t<div class=\"elementor-container elementor-column-gap-default\">\n\t\t\t\t\t<div class=\"elementor-column elementor-col-100 elementor-top-column elementor-element elementor-element-23d3f3e exad-glass-effect-no exad-sticky-section-no\" data-id=\"23d3f3e\" data-element_type=\"column\" data-e-type=\"column\">\n\t\t\t<div class=\"elementor-widget-wrap elementor-element-populated\">\n\t\t\t\t\t\t<div class=\"elementor-element elementor-element-9b29b4b exad-sticky-section-no exad-glass-effect-no elementor-widget elementor-widget-spacer\" data-id=\"9b29b4b\" data-element_type=\"widget\" data-e-type=\"widget\" data-widget_type=\"spacer.default\">\n\t\t\t\t<div class=\"elementor-widget-container\">\n\t\t\t\t\t\t\t<div class=\"elementor-spacer\">\n\t\t\t<div class=\"elementor-spacer-inner\"><\/div>\n\t\t<\/div>\n\t\t\t\t\t\t<\/div>\n\t\t\t\t<\/div>\n\t\t\t\t\t<\/div>\n\t\t<\/div>\n\t\t\t\t\t<\/div>\n\t\t<\/section>\n\t\t\t\t<section class=\"elementor-section elementor-top-section elementor-element elementor-element-b6d591d elementor-section-boxed elementor-section-height-default elementor-section-height-default exad-glass-effect-no exad-sticky-section-no\" data-id=\"b6d591d\" data-element_type=\"section\" data-e-type=\"section\">\n\t\t\t\t\t\t<div class=\"elementor-container elementor-column-gap-default\">\n\t\t\t\t\t<div class=\"elementor-column elementor-col-50 elementor-top-column elementor-element elementor-element-44fbf41 exad-glass-effect-no exad-sticky-section-no\" data-id=\"44fbf41\" data-element_type=\"column\" data-e-type=\"column\">\n\t\t\t<div class=\"elementor-widget-wrap elementor-element-populated\">\n\t\t\t\t\t\t<div class=\"elementor-element elementor-element-9b3d49e elementor-align-start elementor-icon-list--layout-traditional elementor-list-item-link-full_width exad-sticky-section-no exad-glass-effect-no elementor-widget elementor-widget-icon-list\" data-id=\"9b3d49e\" data-element_type=\"widget\" data-e-type=\"widget\" data-widget_type=\"icon-list.default\">\n\t\t\t\t<div class=\"elementor-widget-container\">\n\t\t\t\t\t\t\t<ul class=\"elementor-icon-list-items\">\n\t\t\t\t\t\t\t<li class=\"elementor-icon-list-item\">\n\t\t\t\t\t\t\t\t\t\t\t<a href=\"https:\/\/mbuniverzitet.edu.rs\/en\/centar-za-naucna-istrazivanja-na-univerzitetu-mb\/\">\n\n\t\t\t\t\t\t\t\t\t\t\t\t<span class=\"elementor-icon-list-icon\">\n\t\t\t\t\t\t\t<i aria-hidden=\"true\" class=\"fas fa-angle-right\"><\/i>\t\t\t\t\t\t<\/span>\n\t\t\t\t\t\t\t\t\t\t<span class=\"elementor-icon-list-text\">University center for scientific research<\/span>\n\t\t\t\t\t\t\t\t\t\t\t<\/a>\n\t\t\t\t\t\t\t\t\t<\/li>\n\t\t\t\t\t\t\t\t<li class=\"elementor-icon-list-item\">\n\t\t\t\t\t\t\t\t\t\t\t<a href=\"https:\/\/mbuniverzitet.edu.rs\/en\/etika-naucnoistrazivackog-rada\/\">\n\n\t\t\t\t\t\t\t\t\t\t\t\t<span class=\"elementor-icon-list-icon\">\n\t\t\t\t\t\t\t<i aria-hidden=\"true\" class=\"fas fa-angle-right\"><\/i>\t\t\t\t\t\t<\/span>\n\t\t\t\t\t\t\t\t\t\t<span class=\"elementor-icon-list-text\">Etika nau\u010dnoistra\u017eivackog rada<\/span>\n\t\t\t\t\t\t\t\t\t\t\t<\/a>\n\t\t\t\t\t\t\t\t\t<\/li>\n\t\t\t\t\t\t\t\t<li class=\"elementor-icon-list-item\">\n\t\t\t\t\t\t\t\t\t\t\t<a href=\"https:\/\/mbuniverzitet.edu.rs\/en\/dokumenta-iz-oblasti-naucno-istrazivackog-rada\/\">\n\n\t\t\t\t\t\t\t\t\t\t\t\t<span class=\"elementor-icon-list-icon\">\n\t\t\t\t\t\t\t<i aria-hidden=\"true\" class=\"fas fa-angle-right\"><\/i>\t\t\t\t\t\t<\/span>\n\t\t\t\t\t\t\t\t\t\t<span class=\"elementor-icon-list-text\">Documents in the field of scientific research<\/span>\n\t\t\t\t\t\t\t\t\t\t\t<\/a>\n\t\t\t\t\t\t\t\t\t<\/li>\n\t\t\t\t\t\t\t\t<li class=\"elementor-icon-list-item\">\n\t\t\t\t\t\t\t\t\t\t\t<a href=\"https:\/\/mbuniverzitet.edu.rs\/en\/doktori-nauka-na-univerzitetu-mb\/\">\n\n\t\t\t\t\t\t\t\t\t\t\t\t<span class=\"elementor-icon-list-icon\">\n\t\t\t\t\t\t\t<i aria-hidden=\"true\" class=\"fas fa-angle-right\"><\/i>\t\t\t\t\t\t<\/span>\n\t\t\t\t\t\t\t\t\t\t<span class=\"elementor-icon-list-text\">PhD scholars at MB University<\/span>\n\t\t\t\t\t\t\t\t\t\t\t<\/a>\n\t\t\t\t\t\t\t\t\t<\/li>\n\t\t\t\t\t\t<\/ul>\n\t\t\t\t\t\t<\/div>\n\t\t\t\t<\/div>\n\t\t\t\t\t<\/div>\n\t\t<\/div>\n\t\t\t\t<div class=\"elementor-column elementor-col-50 elementor-top-column elementor-element elementor-element-fcd70dc exad-glass-effect-no exad-sticky-section-no\" data-id=\"fcd70dc\" data-element_type=\"column\" data-e-type=\"column\">\n\t\t\t<div class=\"elementor-widget-wrap elementor-element-populated\">\n\t\t\t\t\t\t<div class=\"elementor-element elementor-element-07fb982 exad-sticky-section-no exad-glass-effect-no elementor-widget elementor-widget-heading\" data-id=\"07fb982\" data-element_type=\"widget\" data-e-type=\"widget\" data-widget_type=\"heading.default\">\n\t\t\t\t<div class=\"elementor-widget-container\">\n\t\t\t\t\t<h2 class=\"elementor-heading-title elementor-size-default\">Documents in the field of scientific research<\/h2>\t\t\t\t<\/div>\n\t\t\t\t<\/div>\n\t\t\t\t<div class=\"elementor-element elementor-element-d8aec2b exad-sticky-section-no exad-glass-effect-no elementor-widget elementor-widget-text-editor\" data-id=\"d8aec2b\" data-element_type=\"widget\" data-e-type=\"widget\" data-widget_type=\"text-editor.default\">\n\t\t\t\t<div class=\"elementor-widget-container\">\n\t\t\t\t\t\t\t\t\t<p><a href=\"http:\/\/media.mbuniverzitet.edu.rs\/2022\/01\/\u0413\u043e\u0434\u0438\u0448\u045a\u0438-\u043f\u043b\u0430\u043d-\u041d\u0418\u0420-\u0423\u0418\u0420-\u0430-\u0423\u041c\u0411-\u0437\u0430-2021.pdf\" target=\"_blank\" rel=\"noopener\">&#8211; Godi\u0161nji plan NIR UIR-a UMB za 2021<\/a><\/p><p><a href=\"http:\/\/media.mbuniverzitet.edu.rs\/2022\/01\/\u0410\u043a\u0440\u0435\u0434\u0438\u0442\u0430\u0446\u0438\u0458\u0430-\u041f\u041f\u0424-\u043a\u0430\u043e-\u041d\u0418\u041e.pdf\" target=\"_blank\" rel=\"noopener\">&#8211; Akreditacija PPF kao NIO<\/a><\/p><p><a href=\"http:\/\/media.mbuniverzitet.edu.rs\/2022\/01\/\u041e\u043f\u0448\u0442\u0438-\u0430\u043a\u0442\u0438-\u0443\u0441\u0442\u0430\u043d\u043e\u0432\u0435-\u043a\u043e\u0458\u0438\u043c\u0430-\u0458\u0435-\u0440\u0435\u0433\u0443\u043b\u0438\u0441\u0430\u043d\u0430-\u043d\u0430\u0443\u0447\u043d\u043e\u0438\u0441\u0442\u0440\u0430\u0436\u0438\u0432\u0430\u0447\u043a\u0430-\u043e\u0434\u043d\u043e\u0441\u043d\u043e-\u0443\u043c\u0435\u0442\u043d\u0438\u0447\u043a\u043e-\u0438\u0441\u0442\u0440\u0430\u0436\u0438\u0432\u0430\u0447\u043a\u0430-\u0434\u043b\u0430\u0442\u043d\u043e\u0441\u0442.pdf\" target=\"_blank\" rel=\"noopener\">&#8211; Op\u0161ti akti ustanove kojima je regulisana nau\u010dnoistra\u017eiva\u010dka odnosno umetni\u010dko istra\u017eiva\u010dka delatnost<\/a><\/p><p><a href=\"http:\/\/media.mbuniverzitet.edu.rs\/2022\/01\/\u041f\u043b\u0430\u043d-\u0443\u0441\u0430\u0432\u0440\u0448\u0430\u0432\u0430\u045a\u0430-\u043d\u0430\u0443\u0447\u043d\u043e\u0433-\u043e\u0434\u043d\u043e\u0441\u043d\u043e-\u0443\u043c\u0435\u0442\u043d\u0438\u0447\u043a\u043e\u0433-\u043f\u043e\u0434\u043c\u043b\u0430\u0442\u043a\u0430-\u0437\u0430-\u0430\u043a\u0440\u0435\u0434\u0438\u0442\u0430\u0446\u0438\u043e\u043d\u0438-\u043f\u0435\u0440\u0438\u043e\u0434.pdf\" target=\"_blank\" rel=\"noopener\">&#8211; Plan usavr\u0161avanja nau\u010dnog odnosno umetni\u010dkog podmlatka za akreditacioni period<\/a><\/p><p><a href=\"http:\/\/media.mbuniverzitet.edu.rs\/2022\/01\/\u041f\u043b\u0430\u043d-\u0443\u0441\u0430\u0432\u0440\u0448\u0430\u0432\u0430\u045a\u0430-\u0443\u043c\u0435\u0442\u043d\u0438\u0447\u043a\u043e\u0433-\u043f\u043e\u0434\u043c\u043b\u0430\u0442\u043a\u0430-\u0437\u0430-\u0430\u043a\u0440\u0435\u0434\u0438\u0442\u0430\u0446\u0438\u043e\u043d\u0438-\u043f\u0435\u0440\u0438\u043e\u0434-\u043d\u0430-\u0410\u041a\u0421.pdf\" target=\"_blank\" rel=\"noopener\">&#8211; Plan usavr\u0161avanja umetni\u010dkog podmlatka za akreditacioni period na AKS<\/a><\/p><p><a href=\"http:\/\/media.mbuniverzitet.edu.rs\/2022\/01\/\u041f\u043b\u0430\u043d-\u0438-\u043f\u0440\u043e\u0433\u0440\u0430\u043c-\u043d\u0430\u0443\u0447\u043d\u043e\u0438\u0441\u0442\u0440\u0430\u0436\u0438\u0432\u0430\u0447\u043a\u043e\u0433-\u0438\u043b\u0438-\u0443\u043c\u0435\u0442\u043d\u0438\u0447\u043a\u043e\u0438\u0441\u0442\u0440\u0430\u0436\u0438\u0432\u0430\u0447\u043a\u043e\u0433-\u0440\u0430\u0434\u0430-\u0423\u043d\u0438\u0432\u0435\u0440\u0437\u0438\u0442\u0435\u0442\u0430-\u041c\u0411.pdf\" target=\"_blank\" rel=\"noopener\">&#8211; Plan i program nau\u010dnoistra\u017eiva\u010dkog ili umetni\u010dkoistra\u017eiva\u010dkog rada Univerziteta MB<\/a><\/p><p><a href=\"http:\/\/media.mbuniverzitet.edu.rs\/2022\/01\/\u041f\u043b\u0430\u043d-\u0440\u0430\u0434\u0430-CNUI-NIUC-2021.KV_.pdf\" target=\"_blank\" rel=\"noopener\">&#8211; Plan rada CNUI NIUC 2021.KV<\/a><\/p><p><a href=\"http:\/\/media.mbuniverzitet.edu.rs\/2022\/01\/\u041f\u0440\u0430\u0432\u0438\u043b\u043d\u0438\u043a-\u043e-\u043a\u0440\u0438\u0442\u0435\u0440\u0438\u0458\u0443\u043c\u0438\u043c\u0430-\u0437\u0430-\u0438\u0437\u0431\u043e\u0440-\u0443-\u0437\u0432\u0430\u045a\u0435-\u043d\u0430\u0441\u0442\u0430\u0432\u043d\u0438\u043a\u0430-\u043d\u0430-\u0423\u041c\u0411.pdf\" target=\"_blank\" rel=\"noopener\">&#8211; Pravilnik o kriterijumima za izbor u zvanje nastavnika na UMB<\/a><\/p><p><a href=\"http:\/\/media.mbuniverzitet.edu.rs\/2022\/01\/\u041f\u0440\u0430\u0432\u0438\u043b\u043d\u0438\u043a-\u043e-\u043e\u0440\u0433\u0430\u043d\u0438\u0437\u0430\u0446\u0438\u0458\u0438-\u0438-\u0440\u0430\u0434\u0443-\u0426\u0435\u043d\u0442\u0440\u0430-\u0437\u0430-\u041d\u0418\u0420-\u0423\u043d\u0438\u0432\u0435\u0440\u0437\u0438\u0442\u0435\u0442\u0430-\u041c\u0411.pdf\" target=\"_blank\" rel=\"noopener\">&#8211; Pravilnik o organizaciji i radu Centra za NIR Univerziteta MB<\/a><\/p><p><a href=\"http:\/\/media.mbuniverzitet.edu.rs\/2022\/01\/\u0420\u0435\u0437\u0443\u043b\u0442\u0430\u0442\u0438-\u043d\u0430\u0443\u0447\u043d\u043e-\u0438\u0441\u0442\u0440\u0430\u0436\u0438\u0432\u0430\u0447\u043a\u043e\u0433-\u043e\u0434\u043d\u043e\u0441\u043d\u043e-\u0443\u043c\u0435\u0442\u043d\u0438\u0447\u043a\u043e-\u0438\u0441\u0442\u0440\u0430\u0436\u0438\u0432\u0430\u0447\u043a\u043e\u0433-\u0440\u0430\u0434\u0430-\u0443-\u043f\u043e\u0441\u043b\u0435\u0434\u045a\u0438\u0445-\u043f\u0435\u0442-\u0433\u043e\u0434\u0438\u043d\u0430..pdf\" target=\"_blank\" rel=\"noopener\">&#8211; Rezultati nau\u010dno istra\u017eiva\u010dkog odnosno umetni\u010dko istra\u017eiva\u010dkog rada u poslednjih pet godina.<\/a><\/p><p><a href=\"http:\/\/media.mbuniverzitet.edu.rs\/2022\/01\/\u0421\u043f\u0438\u0441\u0430\u043a-\u043d\u0430\u0458\u0437\u043d\u0430\u0447\u0430\u0458\u043d\u0438\u0458\u0438\u0445-\u043e\u0431\u0458\u0430\u0432\u0459\u0435\u043d\u0438\u0445-\u0440\u0430\u0434\u043e\u0432\u0430-PPF-06.04.2021.pdf\" target=\"_blank\" rel=\"noopener\">&#8211; Spisak najzna\u010dajnijih objavljenih radova\u00a0 PPF, 06.04.2021<\/a><\/p>\t\t\t\t\t\t\t\t<\/div>\n\t\t\t\t<\/div>\n\t\t\t\t\t<\/div>\n\t\t<\/div>\n\t\t\t\t\t<\/div>\n\t\t<\/section>\n\t\t\t\t<section class=\"elementor-section elementor-top-section elementor-element elementor-element-5956fff elementor-section-full_width elementor-section-height-default elementor-section-height-default exad-glass-effect-no exad-sticky-section-no\" data-id=\"5956fff\" data-element_type=\"section\" data-e-type=\"section\">\n\t\t\t\t\t\t<div class=\"elementor-container elementor-column-gap-default\">\n\t\t\t\t\t<div class=\"elementor-column elementor-col-100 elementor-top-column elementor-element elementor-element-a151ecf exad-glass-effect-no exad-sticky-section-no\" data-id=\"a151ecf\" data-element_type=\"column\" data-e-type=\"column\">\n\t\t\t<div class=\"elementor-widget-wrap elementor-element-populated\">\n\t\t\t\t\t\t<div class=\"elementor-element elementor-element-8ddfa0e exad-sticky-section-no exad-glass-effect-no elementor-widget elementor-widget-spacer\" data-id=\"8ddfa0e\" data-element_type=\"widget\" data-e-type=\"widget\" data-widget_type=\"spacer.default\">\n\t\t\t\t<div class=\"elementor-widget-container\">\n\t\t\t\t\t\t\t<div class=\"elementor-spacer\">\n\t\t\t<div class=\"elementor-spacer-inner\"><\/div>\n\t\t<\/div>\n\t\t\t\t\t\t<\/div>\n\t\t\t\t<\/div>\n\t\t\t\t\t<\/div>\n\t\t<\/div>\n\t\t\t\t\t<\/div>\n\t\t<\/section>\n\t\t\t\t<\/div>","protected":false},"excerpt":{"rendered":"<p>Centar za nau\u010dna istra\u017eivanja na Univerzitetu MB Etika nau\u010dnoistra\u017eivackog rada Dokumenta iz oblasti nau\u010dno istra\u017eiva\u010dkog rada Doktori nauka na Univerzitetu MB Dokumenta iz oblasti nau\u010dno istra\u017eiva\u010dkog rada &#8211; Godi\u0161nji plan NIR UIR-a UMB za 2021 &#8211; Akreditacija PPF kao NIO &#8211; Op\u0161ti akti ustanove kojima je regulisana nau\u010dnoistra\u017eiva\u010dka odnosno umetni\u010dko istra\u017eiva\u010dka delatnost &#8211; Plan usavr\u0161avanja [&hellip;]<\/p>\n","protected":false},"author":1,"featured_media":0,"parent":0,"menu_order":0,"comment_status":"closed","ping_status":"closed","template":"elementor_header_footer","meta":{"_eb_attr":"","site-sidebar-layout":"no-sidebar","site-content-layout":"page-builder","ast-site-content-layout":"default","site-content-style":"default","site-sidebar-style":"default","ast-global-header-display":"","ast-banner-title-visibility":"","ast-main-header-display":"","ast-hfb-above-header-display":"","ast-hfb-below-header-display":"","ast-hfb-mobile-header-display":"","site-post-title":"disabled","ast-breadcrumbs-content":"","ast-featured-img":"disabled","footer-sml-layout":"","ast-disable-related-posts":"","theme-transparent-header-meta":"","adv-header-id-meta":"","stick-header-meta":"","header-above-stick-meta":"","header-main-stick-meta":"","header-below-stick-meta":"","astra-migrate-meta-layouts":"default","ast-page-background-enabled":"default","ast-page-background-meta":{"desktop":{"background-color":"","background-image":"","background-repeat":"repeat","background-position":"center center","background-size":"auto","background-attachment":"scroll","background-type":"","background-media":"","overlay-type":"","overlay-color":"","overlay-opacity":"","overlay-gradient":""},"tablet":{"background-color":"","background-image":"","background-repeat":"repeat","background-position":"center center","background-size":"auto","background-attachment":"scroll","background-type":"","background-media":"","overlay-type":"","overlay-color":"","overlay-opacity":"","overlay-gradient":""},"mobile":{"background-color":"","background-image":"","background-repeat":"repeat","background-position":"center center","background-size":"auto","background-attachment":"scroll","background-type":"","background-media":"","overlay-type":"","overlay-color":"","overlay-opacity":"","overlay-gradient":""}},"ast-content-background-meta":{"desktop":{"background-color":"var(--ast-global-color-5)","background-image":"","background-repeat":"repeat","background-position":"center center","background-size":"auto","background-attachment":"scroll","background-type":"","background-media":"","overlay-type":"","overlay-color":"","overlay-opacity":"","overlay-gradient":""},"tablet":{"background-color":"var(--ast-global-color-5)","background-image":"","background-repeat":"repeat","background-position":"center center","background-size":"auto","background-attachment":"scroll","background-type":"","background-media":"","overlay-type":"","overlay-color":"","overlay-opacity":"","overlay-gradient":""},"mobile":{"background-color":"var(--ast-global-color-5)","background-image":"","background-repeat":"repeat","background-position":"center center","background-size":"auto","background-attachment":"scroll","background-type":"","background-media":"","overlay-type":"","overlay-color":"","overlay-opacity":"","overlay-gradient":""}},"footnotes":""},"class_list":["post-9021","page","type-page","status-publish","hentry"],"yoast_head":"<!-- This site is optimized with the Yoast SEO plugin v27.4 - https:\/\/yoast.com\/product\/yoast-seo-wordpress\/ -->\n<title>Dokumenta iz oblasti nau\u010dno istra\u017eiva\u010dkog rada - Univerzitet MB<\/title>\n<meta name=\"robots\" content=\"index, follow, max-snippet:-1, max-image-preview:large, max-video-preview:-1\" \/>\n<link rel=\"canonical\" href=\"https:\/\/mbuniverzitet.edu.rs\/en\/dokumenta-iz-oblasti-naucno-istrazivackog-rada\/\" \/>\n<meta property=\"og:locale\" content=\"en_GB\" \/>\n<meta property=\"og:type\" content=\"article\" \/>\n<meta property=\"og:title\" content=\"Dokumenta iz oblasti nau\u010dno istra\u017eiva\u010dkog rada - Univerzitet MB\" \/>\n<meta property=\"og:description\" content=\"Centar za nau\u010dna istra\u017eivanja na Univerzitetu MB Etika nau\u010dnoistra\u017eivackog rada Dokumenta iz oblasti nau\u010dno istra\u017eiva\u010dkog rada Doktori nauka na Univerzitetu MB Dokumenta iz oblasti nau\u010dno istra\u017eiva\u010dkog rada &#8211; Godi\u0161nji plan NIR UIR-a UMB za 2021 &#8211; Akreditacija PPF kao NIO &#8211; Op\u0161ti akti ustanove kojima je regulisana nau\u010dnoistra\u017eiva\u010dka odnosno umetni\u010dko istra\u017eiva\u010dka delatnost &#8211; Plan usavr\u0161avanja [&hellip;]\" \/>\n<meta property=\"og:url\" content=\"https:\/\/mbuniverzitet.edu.rs\/en\/dokumenta-iz-oblasti-naucno-istrazivackog-rada\/\" \/>\n<meta property=\"og:site_name\" content=\"Univerzitet MB\" \/>\n<meta property=\"article:modified_time\" content=\"2022-11-08T11:12:19+00:00\" \/>\n<meta name=\"twitter:card\" content=\"summary_large_image\" \/>\n<meta name=\"twitter:label1\" content=\"Estimated reading time\" \/>\n\t<meta name=\"twitter:data1\" content=\"1 minute\" \/>\n<script type=\"application\/ld+json\" class=\"yoast-schema-graph\">{\"@context\":\"https:\\\/\\\/schema.org\",\"@graph\":[{\"@type\":\"WebPage\",\"@id\":\"https:\\\/\\\/mbuniverzitet.edu.rs\\\/dokumenta-iz-oblasti-naucno-istrazivackog-rada\\\/\",\"url\":\"https:\\\/\\\/mbuniverzitet.edu.rs\\\/dokumenta-iz-oblasti-naucno-istrazivackog-rada\\\/\",\"name\":\"Dokumenta iz oblasti nau\u010dno istra\u017eiva\u010dkog rada - Univerzitet MB\",\"isPartOf\":{\"@id\":\"https:\\\/\\\/mbuniverzitet.edu.rs\\\/#website\"},\"datePublished\":\"2022-01-05T11:45:32+00:00\",\"dateModified\":\"2022-11-08T11:12:19+00:00\",\"breadcrumb\":{\"@id\":\"https:\\\/\\\/mbuniverzitet.edu.rs\\\/dokumenta-iz-oblasti-naucno-istrazivackog-rada\\\/#breadcrumb\"},\"inLanguage\":\"en-GB\",\"potentialAction\":[{\"@type\":\"ReadAction\",\"target\":[\"https:\\\/\\\/mbuniverzitet.edu.rs\\\/dokumenta-iz-oblasti-naucno-istrazivackog-rada\\\/\"]}]},{\"@type\":\"BreadcrumbList\",\"@id\":\"https:\\\/\\\/mbuniverzitet.edu.rs\\\/dokumenta-iz-oblasti-naucno-istrazivackog-rada\\\/#breadcrumb\",\"itemListElement\":[{\"@type\":\"ListItem\",\"position\":1,\"name\":\"Home\",\"item\":\"https:\\\/\\\/mbuniverzitet.edu.rs\\\/\"},{\"@type\":\"ListItem\",\"position\":2,\"name\":\"Dokumenta iz oblasti nau\u010dno istra\u017eiva\u010dkog rada\"}]},{\"@type\":\"WebSite\",\"@id\":\"https:\\\/\\\/mbuniverzitet.edu.rs\\\/#website\",\"url\":\"https:\\\/\\\/mbuniverzitet.edu.rs\\\/\",\"name\":\"Univerzitet MB\",\"description\":\"\",\"publisher\":{\"@id\":\"https:\\\/\\\/mbuniverzitet.edu.rs\\\/#organization\"},\"potentialAction\":[{\"@type\":\"SearchAction\",\"target\":{\"@type\":\"EntryPoint\",\"urlTemplate\":\"https:\\\/\\\/mbuniverzitet.edu.rs\\\/?s={search_term_string}\"},\"query-input\":{\"@type\":\"PropertyValueSpecification\",\"valueRequired\":true,\"valueName\":\"search_term_string\"}}],\"inLanguage\":\"en-GB\"},{\"@type\":\"Organization\",\"@id\":\"https:\\\/\\\/mbuniverzitet.edu.rs\\\/#organization\",\"name\":\"Univerzitet MB\",\"url\":\"https:\\\/\\\/mbuniverzitet.edu.rs\\\/\",\"logo\":{\"@type\":\"ImageObject\",\"inLanguage\":\"en-GB\",\"@id\":\"https:\\\/\\\/mbuniverzitet.edu.rs\\\/#\\\/schema\\\/logo\\\/image\\\/\",\"url\":\"https:\\\/\\\/media.mbuniverzitet.edu.rs\\\/2020\\\/11\\\/UniMB-Logotip-u-postupku-akreditacije.png\",\"contentUrl\":\"https:\\\/\\\/media.mbuniverzitet.edu.rs\\\/2020\\\/11\\\/UniMB-Logotip-u-postupku-akreditacije.png\",\"width\":296,\"height\":90,\"caption\":\"Univerzitet MB\"},\"image\":{\"@id\":\"https:\\\/\\\/mbuniverzitet.edu.rs\\\/#\\\/schema\\\/logo\\\/image\\\/\"}}]}<\/script>\n<!-- \/ Yoast SEO plugin. -->","yoast_head_json":{"title":"Dokumenta iz oblasti nau\u010dno istra\u017eiva\u010dkog rada - Univerzitet MB","robots":{"index":"index","follow":"follow","max-snippet":"max-snippet:-1","max-image-preview":"max-image-preview:large","max-video-preview":"max-video-preview:-1"},"canonical":"https:\/\/mbuniverzitet.edu.rs\/en\/dokumenta-iz-oblasti-naucno-istrazivackog-rada\/","og_locale":"en_GB","og_type":"article","og_title":"Dokumenta iz oblasti nau\u010dno istra\u017eiva\u010dkog rada - Univerzitet MB","og_description":"Centar za nau\u010dna istra\u017eivanja na Univerzitetu MB Etika nau\u010dnoistra\u017eivackog rada Dokumenta iz oblasti nau\u010dno istra\u017eiva\u010dkog rada Doktori nauka na Univerzitetu MB Dokumenta iz oblasti nau\u010dno istra\u017eiva\u010dkog rada &#8211; Godi\u0161nji plan NIR UIR-a UMB za 2021 &#8211; Akreditacija PPF kao NIO &#8211; Op\u0161ti akti ustanove kojima je regulisana nau\u010dnoistra\u017eiva\u010dka odnosno umetni\u010dko istra\u017eiva\u010dka delatnost &#8211; Plan usavr\u0161avanja [&hellip;]","og_url":"https:\/\/mbuniverzitet.edu.rs\/en\/dokumenta-iz-oblasti-naucno-istrazivackog-rada\/","og_site_name":"Univerzitet MB","article_modified_time":"2022-11-08T11:12:19+00:00","twitter_card":"summary_large_image","twitter_misc":{"Estimated reading time":"1 minute"},"schema":{"@context":"https:\/\/schema.org","@graph":[{"@type":"WebPage","@id":"https:\/\/mbuniverzitet.edu.rs\/dokumenta-iz-oblasti-naucno-istrazivackog-rada\/","url":"https:\/\/mbuniverzitet.edu.rs\/dokumenta-iz-oblasti-naucno-istrazivackog-rada\/","name":"Dokumenta iz oblasti nau\u010dno istra\u017eiva\u010dkog rada - Univerzitet MB","isPartOf":{"@id":"https:\/\/mbuniverzitet.edu.rs\/#website"},"datePublished":"2022-01-05T11:45:32+00:00","dateModified":"2022-11-08T11:12:19+00:00","breadcrumb":{"@id":"https:\/\/mbuniverzitet.edu.rs\/dokumenta-iz-oblasti-naucno-istrazivackog-rada\/#breadcrumb"},"inLanguage":"en-GB","potentialAction":[{"@type":"ReadAction","target":["https:\/\/mbuniverzitet.edu.rs\/dokumenta-iz-oblasti-naucno-istrazivackog-rada\/"]}]},{"@type":"BreadcrumbList","@id":"https:\/\/mbuniverzitet.edu.rs\/dokumenta-iz-oblasti-naucno-istrazivackog-rada\/#breadcrumb","itemListElement":[{"@type":"ListItem","position":1,"name":"Home","item":"https:\/\/mbuniverzitet.edu.rs\/"},{"@type":"ListItem","position":2,"name":"Dokumenta iz oblasti nau\u010dno istra\u017eiva\u010dkog rada"}]},{"@type":"WebSite","@id":"https:\/\/mbuniverzitet.edu.rs\/#website","url":"https:\/\/mbuniverzitet.edu.rs\/","name":"MB University","description":"","publisher":{"@id":"https:\/\/mbuniverzitet.edu.rs\/#organization"},"potentialAction":[{"@type":"SearchAction","target":{"@type":"EntryPoint","urlTemplate":"https:\/\/mbuniverzitet.edu.rs\/?s={search_term_string}"},"query-input":{"@type":"PropertyValueSpecification","valueRequired":true,"valueName":"search_term_string"}}],"inLanguage":"en-GB"},{"@type":"Organization","@id":"https:\/\/mbuniverzitet.edu.rs\/#organization","name":"MB University","url":"https:\/\/mbuniverzitet.edu.rs\/","logo":{"@type":"ImageObject","inLanguage":"en-GB","@id":"https:\/\/mbuniverzitet.edu.rs\/#\/schema\/logo\/image\/","url":"https:\/\/media.mbuniverzitet.edu.rs\/2020\/11\/UniMB-Logotip-u-postupku-akreditacije.png","contentUrl":"https:\/\/media.mbuniverzitet.edu.rs\/2020\/11\/UniMB-Logotip-u-postupku-akreditacije.png","width":296,"height":90,"caption":"Univerzitet MB"},"image":{"@id":"https:\/\/mbuniverzitet.edu.rs\/#\/schema\/logo\/image\/"}}]}},"_links":{"self":[{"href":"https:\/\/mbuniverzitet.edu.rs\/en\/wp-json\/wp\/v2\/pages\/9021","targetHints":{"allow":["GET"]}}],"collection":[{"href":"https:\/\/mbuniverzitet.edu.rs\/en\/wp-json\/wp\/v2\/pages"}],"about":[{"href":"https:\/\/mbuniverzitet.edu.rs\/en\/wp-json\/wp\/v2\/types\/page"}],"author":[{"embeddable":true,"href":"https:\/\/mbuniverzitet.edu.rs\/en\/wp-json\/wp\/v2\/users\/1"}],"replies":[{"embeddable":true,"href":"https:\/\/mbuniverzitet.edu.rs\/en\/wp-json\/wp\/v2\/comments?post=9021"}],"version-history":[{"count":0,"href":"https:\/\/mbuniverzitet.edu.rs\/en\/wp-json\/wp\/v2\/pages\/9021\/revisions"}],"wp:attachment":[{"href":"https:\/\/mbuniverzitet.edu.rs\/en\/wp-json\/wp\/v2\/media?parent=9021"}],"curies":[{"name":"wp","href":"https:\/\/api.w.org\/{rel}","templated":true}]}}