{"id":9015,"date":"2022-01-05T12:42:32","date_gmt":"2022-01-05T11:42:32","guid":{"rendered":"https:\/\/mbuniverzitet.edu.rs\/?page_id=9015"},"modified":"2022-11-08T12:06:25","modified_gmt":"2022-11-08T11:06:25","slug":"centar-za-naucna-istrazivanja-na-univerzitetu-mb","status":"publish","type":"page","link":"https:\/\/mbuniverzitet.edu.rs\/en\/centar-za-naucna-istrazivanja-na-univerzitetu-mb\/","title":{"rendered":"University center for scientific research"},"content":{"rendered":"<div data-elementor-type=\"wp-page\" data-elementor-id=\"9015\" class=\"elementor elementor-9015\">\n\t\t\t\t\t\t<section class=\"elementor-section elementor-top-section elementor-element elementor-element-b8ecb91 elementor-section-full_width elementor-section-height-default elementor-section-height-default exad-glass-effect-no exad-sticky-section-no\" data-id=\"b8ecb91\" data-element_type=\"section\" data-e-type=\"section\">\n\t\t\t\t\t\t<div class=\"elementor-container elementor-column-gap-default\">\n\t\t\t\t\t<div class=\"elementor-column elementor-col-100 elementor-top-column elementor-element elementor-element-05d4c56 exad-glass-effect-no exad-sticky-section-no\" data-id=\"05d4c56\" data-element_type=\"column\" data-e-type=\"column\">\n\t\t\t<div class=\"elementor-widget-wrap elementor-element-populated\">\n\t\t\t\t\t\t<div class=\"elementor-element elementor-element-5b2317c exad-sticky-section-no exad-glass-effect-no elementor-widget elementor-widget-spacer\" data-id=\"5b2317c\" data-element_type=\"widget\" data-e-type=\"widget\" data-widget_type=\"spacer.default\">\n\t\t\t\t<div class=\"elementor-widget-container\">\n\t\t\t\t\t\t\t<div class=\"elementor-spacer\">\n\t\t\t<div class=\"elementor-spacer-inner\"><\/div>\n\t\t<\/div>\n\t\t\t\t\t\t<\/div>\n\t\t\t\t<\/div>\n\t\t\t\t\t<\/div>\n\t\t<\/div>\n\t\t\t\t\t<\/div>\n\t\t<\/section>\n\t\t\t\t<section class=\"elementor-section elementor-top-section elementor-element elementor-element-55ef1ef elementor-section-boxed elementor-section-height-default elementor-section-height-default exad-glass-effect-no exad-sticky-section-no\" data-id=\"55ef1ef\" data-element_type=\"section\" data-e-type=\"section\">\n\t\t\t\t\t\t<div class=\"elementor-container elementor-column-gap-default\">\n\t\t\t\t\t<div class=\"elementor-column elementor-col-50 elementor-top-column elementor-element elementor-element-aba7863 exad-glass-effect-no exad-sticky-section-no\" data-id=\"aba7863\" data-element_type=\"column\" data-e-type=\"column\">\n\t\t\t<div class=\"elementor-widget-wrap elementor-element-populated\">\n\t\t\t\t\t\t<div class=\"elementor-element elementor-element-65b5f9c elementor-align-start elementor-icon-list--layout-traditional elementor-list-item-link-full_width exad-sticky-section-no exad-glass-effect-no elementor-widget elementor-widget-icon-list\" data-id=\"65b5f9c\" data-element_type=\"widget\" data-e-type=\"widget\" data-widget_type=\"icon-list.default\">\n\t\t\t\t<div class=\"elementor-widget-container\">\n\t\t\t\t\t\t\t<ul class=\"elementor-icon-list-items\">\n\t\t\t\t\t\t\t<li class=\"elementor-icon-list-item\">\n\t\t\t\t\t\t\t\t\t\t\t<a href=\"https:\/\/mbuniverzitet.edu.rs\/en\/centar-za-naucna-istrazivanja-na-univerzitetu-mb\/\">\n\n\t\t\t\t\t\t\t\t\t\t\t\t<span class=\"elementor-icon-list-icon\">\n\t\t\t\t\t\t\t<i aria-hidden=\"true\" class=\"fas fa-angle-right\"><\/i>\t\t\t\t\t\t<\/span>\n\t\t\t\t\t\t\t\t\t\t<span class=\"elementor-icon-list-text\">University center for scientific research<\/span>\n\t\t\t\t\t\t\t\t\t\t\t<\/a>\n\t\t\t\t\t\t\t\t\t<\/li>\n\t\t\t\t\t\t\t\t<li class=\"elementor-icon-list-item\">\n\t\t\t\t\t\t\t\t\t\t\t<a href=\"https:\/\/mbuniverzitet.edu.rs\/en\/etika-naucnoistrazivackog-rada\/\">\n\n\t\t\t\t\t\t\t\t\t\t\t\t<span class=\"elementor-icon-list-icon\">\n\t\t\t\t\t\t\t<i aria-hidden=\"true\" class=\"fas fa-angle-right\"><\/i>\t\t\t\t\t\t<\/span>\n\t\t\t\t\t\t\t\t\t\t<span class=\"elementor-icon-list-text\">Etika nau\u010dnoistra\u017eivackog rada<\/span>\n\t\t\t\t\t\t\t\t\t\t\t<\/a>\n\t\t\t\t\t\t\t\t\t<\/li>\n\t\t\t\t\t\t\t\t<li class=\"elementor-icon-list-item\">\n\t\t\t\t\t\t\t\t\t\t\t<a href=\"https:\/\/mbuniverzitet.edu.rs\/en\/dokumenta-iz-oblasti-naucno-istrazivackog-rada\/\">\n\n\t\t\t\t\t\t\t\t\t\t\t\t<span class=\"elementor-icon-list-icon\">\n\t\t\t\t\t\t\t<i aria-hidden=\"true\" class=\"fas fa-angle-right\"><\/i>\t\t\t\t\t\t<\/span>\n\t\t\t\t\t\t\t\t\t\t<span class=\"elementor-icon-list-text\">Documents in the field of scientific research<\/span>\n\t\t\t\t\t\t\t\t\t\t\t<\/a>\n\t\t\t\t\t\t\t\t\t<\/li>\n\t\t\t\t\t\t\t\t<li class=\"elementor-icon-list-item\">\n\t\t\t\t\t\t\t\t\t\t\t<a href=\"https:\/\/mbuniverzitet.edu.rs\/en\/doktori-nauka-na-univerzitetu-mb\/\">\n\n\t\t\t\t\t\t\t\t\t\t\t\t<span class=\"elementor-icon-list-icon\">\n\t\t\t\t\t\t\t<i aria-hidden=\"true\" class=\"fas fa-angle-right\"><\/i>\t\t\t\t\t\t<\/span>\n\t\t\t\t\t\t\t\t\t\t<span class=\"elementor-icon-list-text\">PhD scholars at MB University<\/span>\n\t\t\t\t\t\t\t\t\t\t\t<\/a>\n\t\t\t\t\t\t\t\t\t<\/li>\n\t\t\t\t\t\t<\/ul>\n\t\t\t\t\t\t<\/div>\n\t\t\t\t<\/div>\n\t\t\t\t\t<\/div>\n\t\t<\/div>\n\t\t\t\t<div class=\"elementor-column elementor-col-50 elementor-top-column elementor-element elementor-element-6a26f1a exad-glass-effect-no exad-sticky-section-no\" data-id=\"6a26f1a\" data-element_type=\"column\" data-e-type=\"column\">\n\t\t\t<div class=\"elementor-widget-wrap elementor-element-populated\">\n\t\t\t\t\t\t<div class=\"elementor-element elementor-element-389e910 exad-sticky-section-no exad-glass-effect-no elementor-widget elementor-widget-heading\" data-id=\"389e910\" data-element_type=\"widget\" data-e-type=\"widget\" data-widget_type=\"heading.default\">\n\t\t\t\t<div class=\"elementor-widget-container\">\n\t\t\t\t\t<h2 class=\"elementor-heading-title elementor-size-default\">University center for scientific research<\/h2>\t\t\t\t<\/div>\n\t\t\t\t<\/div>\n\t\t\t\t<div class=\"elementor-element elementor-element-b8b29d0 exad-sticky-section-no exad-glass-effect-no elementor-widget elementor-widget-text-editor\" data-id=\"b8b29d0\" data-element_type=\"widget\" data-e-type=\"widget\" data-widget_type=\"text-editor.default\">\n\t\t\t\t<div class=\"elementor-widget-container\">\n\t\t\t\t\t\t\t\t\t<p>Centar za nau\u010dna istra\u017eivanja (Centar za nau\u010dno-istra\u017eiva\u010dki i umetni\u010dki rad Univerziteta MB; u daljem tekstu: Centar za NIR) je organizaciona jedinica Univerziteta MB, bez svojstva pravnog lica za nau\u010dnoistra\u017eiva\u010dku i umetni\u010dku delatnost Univerziteta.<\/p><p>Centar za NIR se organizuje radi obavljanja nau\u010dne, istra\u017eiva\u010dke i umetni\u010dke delatnosti Univerziteta a u cilju podr\u0161ke razvoju i afirmaciji fakulteta i Univerziteta. Centar za NIR \u0107e se baviti unapre\u0111enjem uslova za nau\u010dnoistra\u017eiva\u010dki i umetni\u010dki rad na Univerzitetu radi podizanja njegovog kvaliteta. Delatnost Centra za NIR se ostvaruje u okviru mati\u010dne delatnosti Fakulteta Univerziteta, prema Planu rada Univerziteta i Fakulteta za teku\u0107u akademsku godinu. U tom smislu \u0107e nalaziti podsticajne mere za \u0161ire i kvalitetnije uklju\u010divanje svih nastavnika, saradnika i studenata u nau\u010dno-istra\u017eiva\u010dki i umetni\u010dki rad. Nastavnici, saradnici i studenti Fakulteta planiraju, pripremaju i realizuju projekte Centra za NIR. Centar za NIR \u0107e se baviti identifikovanjem problema u nau\u010dno-istra\u017eiva\u010dkom i umetni\u010dkom radu i predlagati mere za njihovo re\u0161avanje ako su u domenu organizacije Univerziteta. Centar za NIR se ne\u0107e arbitrarno baviti li\u010dnim relacijama izme\u0111u istra\u017eiva\u010da.<\/p><h5>\u00a0<\/h5><h5>Nau\u010dnoistra\u017eiva\u010dka i umetni\u010dka delatnost Centra za NIR obuhvata poslove osnovnih, primenjenih i razvojnih istra\u017eivanja, promocije i razvoja i to:<\/h5><p>1) nau\u010dnoistra\u017eiva\u010dki projekti, studije, analize, elaborati, nau\u010dni i stru\u010dni skupovi;<\/p><p>2) istra\u017eivanje i edukacija u umetni\u010dkom radu;<\/p><p>3) istra\u017eivanje i eksperimentalni razvoj u multidisciplinarnim naukama;<\/p><p>4) istra\u017eivanje i eksperimentalni razvoj u tehni\u010dko-tehnolo\u0161kim, dru\u0161tvenim i humanisti\u010dkim naukama.<\/p><p><strong>\u00a0<\/strong><\/p><h5>Rad Centra za NIR se odvija u okviru nau\u010dnih, umetni\u010dkih i drugih aktivnosti i to:<\/h5><p>1) pru\u017eanje i desiminaciju informacija,<\/p><p>2) obrada podataka,<\/p><p>3) izgradnja baza podataka,<\/p><p>4) ostale aktivnosti u vezi sa umetni\u010dkim i nau\u010dnim radom,<\/p><p>5) istra\u017eivanje umetni\u010dke publike i ispitivanje javnog mnjenja,<\/p><p>6) konsalting i menad\u017ement poslovi,<\/p><p>7) dokumentaciono\u2013informaciona i referalna delatnost.<\/p><p><strong>\u00a0<\/strong><\/p><h5>Umetni\u010dke delatnosti Centra za NIR su:<\/h5><p>1) Umetni\u010dko-istra\u017eiva\u010dka delatnost i popularizacija obrazovanja u polju umetnosti;<\/p><p>2) Realizuje usvojene projekte i zaklju\u010dene ugovore;<\/p><p>3) Organizuje stru\u010dno usavr\u0161avanje kadrova u ustanovama kulture i obrazovanja u Zemlji i inostranstvu u oblasti umetnosti i nau\u010dno-umetni\u010dkog istra\u017eivanja;<\/p><p>4) Organizuje stru\u010dno usavr\u0161avanje studenata u oblasti primene informati\u010dkih Sredstava u umetnosti i nau\u010dno-umetni\u010dkom istra\u017eivanju;<\/p><p>5) Vr\u0161i istra\u017eivanja, izra\u0111uje elaborate i pru\u017ea druge umetni\u010dke i stru\u010dne usluge organizacijama, ustanovama i pojedincima;<\/p><p>6) Priprema skupove, javne rasprave, simpozijume i druge vidove prezentacija (izlo\u017ebe, projekcije, predavanja i sl.) Rezultata svog umetni\u010dko-istra\u017eiva\u010dkog rada i u\u010destvuje u sli\u010dnim akcijama drugih organizacija;<\/p><p>7) Objavljuje rezultate svog umetni\u010dko-istra\u017eiva\u010dkog rada u posebnim publikacijama univerziteta;<\/p><p>8) Sara\u0111uje sa srodnim ustanovama i nau\u010dnicima i umetnicima u zemlji i inostranstvu;<\/p><p>9) Uspostavljanje modernog, efikasnog, racionalnog i kreativnog sistema upravljanja kulturom;<\/p><p>10)Vr\u0161i i druge poslove u skladu sa zakonom i op\u0161tim aktima univerziteta.<\/p><p><strong>\u00a0<\/strong><\/p><h5>Nau\u010dnoistra\u017eiva\u010dke delatnosti Centra su:<\/h5><ul><li>Osnovna, primenjena i razvojna istra\u017eivanja;<\/li><li>Nau\u010dnoistra\u017eiva\u010dka i druga nau\u010dna delatnost predvi\u0111ena planom rada univerziteta;<\/li><li>Realizacija obaveza predvi\u0111enih zaklju\u010denim ugovorima.<\/li><li>Primena i usavr\u0161avanje nau\u010dnih metoda u u\u017eim nau\u010dnim oblastima;<\/li><li>Pomo\u0107 u izvo\u0111enju nastave na studijskim programima; PRAVILNIK O ORGANIZACIJI I RADU NAU\u010cNO-ISTRA\u017dIVA\u010cKOG CENTRA<\/li><li>U\u010de\u0161\u0107e u organizaciji seminara, kurseva, simpozijuma, stru\u010dnih sastanaka i Drugih oblika nau\u010dnog rada, u cilju osposobljavanja istra\u017eiva\u010da u mati\u010dnoj Oblasti,<\/li><li>Ostvarivanje saradnje sa srodnim ustanovama,<\/li><li>Objavljivanje rezultata nau\u010dnog i stru\u010dnog rada centra za nir.<\/li><li>Izrada normativnih akata i dokumenata koji \u0107e pomo\u0107i u organizaciji nau\u010dnoistra\u017eiva\u010dkog rada;<\/li><li>Afirmisanjem nau\u010dnoistra\u017eiva\u010dkog rada na univerzitetu;<\/li><li>Pravovremenim informisanjem istra\u017eiva\u010dke javnosti univerziteta o mogu\u0107nostima za unapre\u0111enje istra\u017eiva\u010dkih rezultata i potencijala;<\/li><li>Izrada strategije razvoja nau\u010dno-istra\u017eiva\u010dkog rada na univerzitetu;<\/li><li>Predlaganjem mera za kvalitetniju organizaciju istra\u017eiva\u010dkog rada;<\/li><li>Podsticanjem razvoja nau\u010dnog i podmlatka u oblasti umetnosti na univerzitetu;<\/li><li>Podsticanjem uklju\u010divanja studenata u nau\u010dno-istra\u017eiva\u010dki rad.<\/li><li>Primena novih tehnologija i inovacija u polju tehni\u010dko-tehnolo\u0161kih, dru\u0161tveno-humanisti\u010dkih nauka i polju umetnosti;<\/li><li>Organizovanje doma\u0107ih i me\u0111unarodnih nau\u010dnih skupova na univerzitetu;<\/li><li>Usavr\u0161avanje nau\u010dno nastavnih metoda u oblasti tehni\u010dko-tehnolo\u0161kih, dru\u0161tveno-humanisti\u010dkih;<\/li><li>Implementacija nau\u010dnih i umetni\u010dkih dostignu\u0107a u nastavi, prikupljanje informacija o de\u0161avanjima u kulturi, povezivanje i uskla\u0111ivanje sa standardima evrope i sveta;<\/li><li>Povezivanje sa srodnim institucijama u razmeni nau\u010dnih, stru\u010dnih, poslovnih i umetni\u010dkih informacija.<\/li><\/ul>\t\t\t\t\t\t\t\t<\/div>\n\t\t\t\t<\/div>\n\t\t\t\t\t<\/div>\n\t\t<\/div>\n\t\t\t\t\t<\/div>\n\t\t<\/section>\n\t\t\t\t<section class=\"elementor-section elementor-top-section elementor-element elementor-element-5272a1f elementor-section-full_width elementor-section-height-default elementor-section-height-default exad-glass-effect-no exad-sticky-section-no\" data-id=\"5272a1f\" data-element_type=\"section\" data-e-type=\"section\">\n\t\t\t\t\t\t<div class=\"elementor-container elementor-column-gap-default\">\n\t\t\t\t\t<div class=\"elementor-column elementor-col-100 elementor-top-column elementor-element elementor-element-38b38cc exad-glass-effect-no exad-sticky-section-no\" data-id=\"38b38cc\" data-element_type=\"column\" data-e-type=\"column\">\n\t\t\t<div class=\"elementor-widget-wrap elementor-element-populated\">\n\t\t\t\t\t\t<div class=\"elementor-element elementor-element-55e6627 exad-sticky-section-no exad-glass-effect-no elementor-widget elementor-widget-spacer\" data-id=\"55e6627\" data-element_type=\"widget\" data-e-type=\"widget\" data-widget_type=\"spacer.default\">\n\t\t\t\t<div class=\"elementor-widget-container\">\n\t\t\t\t\t\t\t<div class=\"elementor-spacer\">\n\t\t\t<div class=\"elementor-spacer-inner\"><\/div>\n\t\t<\/div>\n\t\t\t\t\t\t<\/div>\n\t\t\t\t<\/div>\n\t\t\t\t\t<\/div>\n\t\t<\/div>\n\t\t\t\t\t<\/div>\n\t\t<\/section>\n\t\t\t\t<\/div>","protected":false},"excerpt":{"rendered":"<p>Centar za nau\u010dna istra\u017eivanja na Univerzitetu MB Etika nau\u010dnoistra\u017eivackog rada Dokumenta iz oblasti nau\u010dno istra\u017eiva\u010dkog rada Doktori nauka na Univerzitetu MB Centar za nau\u010dna istra\u017eivanja na Univerzitetu MB Centar za nau\u010dna istra\u017eivanja (Centar za nau\u010dno-istra\u017eiva\u010dki i umetni\u010dki rad Univerziteta MB; u daljem tekstu: Centar za NIR) je organizaciona jedinica Univerziteta MB, bez svojstva pravnog lica [&hellip;]<\/p>\n","protected":false},"author":1,"featured_media":0,"parent":0,"menu_order":0,"comment_status":"closed","ping_status":"closed","template":"elementor_header_footer","meta":{"_eb_attr":"","site-sidebar-layout":"no-sidebar","site-content-layout":"page-builder","ast-site-content-layout":"default","site-content-style":"default","site-sidebar-style":"default","ast-global-header-display":"","ast-banner-title-visibility":"","ast-main-header-display":"","ast-hfb-above-header-display":"","ast-hfb-below-header-display":"","ast-hfb-mobile-header-display":"","site-post-title":"disabled","ast-breadcrumbs-content":"","ast-featured-img":"disabled","footer-sml-layout":"","ast-disable-related-posts":"","theme-transparent-header-meta":"","adv-header-id-meta":"","stick-header-meta":"","header-above-stick-meta":"","header-main-stick-meta":"","header-below-stick-meta":"","astra-migrate-meta-layouts":"default","ast-page-background-enabled":"default","ast-page-background-meta":{"desktop":{"background-color":"","background-image":"","background-repeat":"repeat","background-position":"center center","background-size":"auto","background-attachment":"scroll","background-type":"","background-media":"","overlay-type":"","overlay-color":"","overlay-opacity":"","overlay-gradient":""},"tablet":{"background-color":"","background-image":"","background-repeat":"repeat","background-position":"center center","background-size":"auto","background-attachment":"scroll","background-type":"","background-media":"","overlay-type":"","overlay-color":"","overlay-opacity":"","overlay-gradient":""},"mobile":{"background-color":"","background-image":"","background-repeat":"repeat","background-position":"center center","background-size":"auto","background-attachment":"scroll","background-type":"","background-media":"","overlay-type":"","overlay-color":"","overlay-opacity":"","overlay-gradient":""}},"ast-content-background-meta":{"desktop":{"background-color":"var(--ast-global-color-5)","background-image":"","background-repeat":"repeat","background-position":"center center","background-size":"auto","background-attachment":"scroll","background-type":"","background-media":"","overlay-type":"","overlay-color":"","overlay-opacity":"","overlay-gradient":""},"tablet":{"background-color":"var(--ast-global-color-5)","background-image":"","background-repeat":"repeat","background-position":"center center","background-size":"auto","background-attachment":"scroll","background-type":"","background-media":"","overlay-type":"","overlay-color":"","overlay-opacity":"","overlay-gradient":""},"mobile":{"background-color":"var(--ast-global-color-5)","background-image":"","background-repeat":"repeat","background-position":"center center","background-size":"auto","background-attachment":"scroll","background-type":"","background-media":"","overlay-type":"","overlay-color":"","overlay-opacity":"","overlay-gradient":""}},"footnotes":""},"class_list":["post-9015","page","type-page","status-publish","hentry"],"yoast_head":"<!-- This site is optimized with the Yoast SEO plugin v27.4 - https:\/\/yoast.com\/product\/yoast-seo-wordpress\/ -->\n<title>Centar za nau\u010dna istra\u017eivanja na Univerzitetu MB - Univerzitet MB<\/title>\n<meta name=\"robots\" content=\"index, follow, max-snippet:-1, max-image-preview:large, max-video-preview:-1\" \/>\n<link rel=\"canonical\" href=\"https:\/\/mbuniverzitet.edu.rs\/en\/centar-za-naucna-istrazivanja-na-univerzitetu-mb\/\" \/>\n<meta property=\"og:locale\" content=\"en_GB\" \/>\n<meta property=\"og:type\" content=\"article\" \/>\n<meta property=\"og:title\" content=\"Centar za nau\u010dna istra\u017eivanja na Univerzitetu MB - Univerzitet MB\" \/>\n<meta property=\"og:description\" content=\"Centar za nau\u010dna istra\u017eivanja na Univerzitetu MB Etika nau\u010dnoistra\u017eivackog rada Dokumenta iz oblasti nau\u010dno istra\u017eiva\u010dkog rada Doktori nauka na Univerzitetu MB Centar za nau\u010dna istra\u017eivanja na Univerzitetu MB Centar za nau\u010dna istra\u017eivanja (Centar za nau\u010dno-istra\u017eiva\u010dki i umetni\u010dki rad Univerziteta MB; u daljem tekstu: Centar za NIR) je organizaciona jedinica Univerziteta MB, bez svojstva pravnog lica [&hellip;]\" \/>\n<meta property=\"og:url\" content=\"https:\/\/mbuniverzitet.edu.rs\/en\/centar-za-naucna-istrazivanja-na-univerzitetu-mb\/\" \/>\n<meta property=\"og:site_name\" content=\"Univerzitet MB\" \/>\n<meta property=\"article:modified_time\" content=\"2022-11-08T11:06:25+00:00\" \/>\n<meta name=\"twitter:card\" content=\"summary_large_image\" \/>\n<meta name=\"twitter:label1\" content=\"Estimated reading time\" \/>\n\t<meta name=\"twitter:data1\" content=\"3 minutes\" \/>\n<script type=\"application\/ld+json\" class=\"yoast-schema-graph\">{\"@context\":\"https:\\\/\\\/schema.org\",\"@graph\":[{\"@type\":\"WebPage\",\"@id\":\"https:\\\/\\\/mbuniverzitet.edu.rs\\\/centar-za-naucna-istrazivanja-na-univerzitetu-mb\\\/\",\"url\":\"https:\\\/\\\/mbuniverzitet.edu.rs\\\/centar-za-naucna-istrazivanja-na-univerzitetu-mb\\\/\",\"name\":\"Centar za nau\u010dna istra\u017eivanja na Univerzitetu MB - Univerzitet MB\",\"isPartOf\":{\"@id\":\"https:\\\/\\\/mbuniverzitet.edu.rs\\\/#website\"},\"datePublished\":\"2022-01-05T11:42:32+00:00\",\"dateModified\":\"2022-11-08T11:06:25+00:00\",\"breadcrumb\":{\"@id\":\"https:\\\/\\\/mbuniverzitet.edu.rs\\\/centar-za-naucna-istrazivanja-na-univerzitetu-mb\\\/#breadcrumb\"},\"inLanguage\":\"en-GB\",\"potentialAction\":[{\"@type\":\"ReadAction\",\"target\":[\"https:\\\/\\\/mbuniverzitet.edu.rs\\\/centar-za-naucna-istrazivanja-na-univerzitetu-mb\\\/\"]}]},{\"@type\":\"BreadcrumbList\",\"@id\":\"https:\\\/\\\/mbuniverzitet.edu.rs\\\/centar-za-naucna-istrazivanja-na-univerzitetu-mb\\\/#breadcrumb\",\"itemListElement\":[{\"@type\":\"ListItem\",\"position\":1,\"name\":\"Home\",\"item\":\"https:\\\/\\\/mbuniverzitet.edu.rs\\\/\"},{\"@type\":\"ListItem\",\"position\":2,\"name\":\"Centar za nau\u010dna istra\u017eivanja na Univerzitetu MB\"}]},{\"@type\":\"WebSite\",\"@id\":\"https:\\\/\\\/mbuniverzitet.edu.rs\\\/#website\",\"url\":\"https:\\\/\\\/mbuniverzitet.edu.rs\\\/\",\"name\":\"Univerzitet MB\",\"description\":\"\",\"publisher\":{\"@id\":\"https:\\\/\\\/mbuniverzitet.edu.rs\\\/#organization\"},\"potentialAction\":[{\"@type\":\"SearchAction\",\"target\":{\"@type\":\"EntryPoint\",\"urlTemplate\":\"https:\\\/\\\/mbuniverzitet.edu.rs\\\/?s={search_term_string}\"},\"query-input\":{\"@type\":\"PropertyValueSpecification\",\"valueRequired\":true,\"valueName\":\"search_term_string\"}}],\"inLanguage\":\"en-GB\"},{\"@type\":\"Organization\",\"@id\":\"https:\\\/\\\/mbuniverzitet.edu.rs\\\/#organization\",\"name\":\"Univerzitet MB\",\"url\":\"https:\\\/\\\/mbuniverzitet.edu.rs\\\/\",\"logo\":{\"@type\":\"ImageObject\",\"inLanguage\":\"en-GB\",\"@id\":\"https:\\\/\\\/mbuniverzitet.edu.rs\\\/#\\\/schema\\\/logo\\\/image\\\/\",\"url\":\"https:\\\/\\\/media.mbuniverzitet.edu.rs\\\/2020\\\/11\\\/UniMB-Logotip-u-postupku-akreditacije.png\",\"contentUrl\":\"https:\\\/\\\/media.mbuniverzitet.edu.rs\\\/2020\\\/11\\\/UniMB-Logotip-u-postupku-akreditacije.png\",\"width\":296,\"height\":90,\"caption\":\"Univerzitet MB\"},\"image\":{\"@id\":\"https:\\\/\\\/mbuniverzitet.edu.rs\\\/#\\\/schema\\\/logo\\\/image\\\/\"}}]}<\/script>\n<!-- \/ Yoast SEO plugin. -->","yoast_head_json":{"title":"Centar za nau\u010dna istra\u017eivanja na Univerzitetu MB - Univerzitet MB","robots":{"index":"index","follow":"follow","max-snippet":"max-snippet:-1","max-image-preview":"max-image-preview:large","max-video-preview":"max-video-preview:-1"},"canonical":"https:\/\/mbuniverzitet.edu.rs\/en\/centar-za-naucna-istrazivanja-na-univerzitetu-mb\/","og_locale":"en_GB","og_type":"article","og_title":"Centar za nau\u010dna istra\u017eivanja na Univerzitetu MB - Univerzitet MB","og_description":"Centar za nau\u010dna istra\u017eivanja na Univerzitetu MB Etika nau\u010dnoistra\u017eivackog rada Dokumenta iz oblasti nau\u010dno istra\u017eiva\u010dkog rada Doktori nauka na Univerzitetu MB Centar za nau\u010dna istra\u017eivanja na Univerzitetu MB Centar za nau\u010dna istra\u017eivanja (Centar za nau\u010dno-istra\u017eiva\u010dki i umetni\u010dki rad Univerziteta MB; u daljem tekstu: Centar za NIR) je organizaciona jedinica Univerziteta MB, bez svojstva pravnog lica [&hellip;]","og_url":"https:\/\/mbuniverzitet.edu.rs\/en\/centar-za-naucna-istrazivanja-na-univerzitetu-mb\/","og_site_name":"Univerzitet MB","article_modified_time":"2022-11-08T11:06:25+00:00","twitter_card":"summary_large_image","twitter_misc":{"Estimated reading time":"3 minutes"},"schema":{"@context":"https:\/\/schema.org","@graph":[{"@type":"WebPage","@id":"https:\/\/mbuniverzitet.edu.rs\/centar-za-naucna-istrazivanja-na-univerzitetu-mb\/","url":"https:\/\/mbuniverzitet.edu.rs\/centar-za-naucna-istrazivanja-na-univerzitetu-mb\/","name":"Centar za nau\u010dna istra\u017eivanja na Univerzitetu MB - Univerzitet MB","isPartOf":{"@id":"https:\/\/mbuniverzitet.edu.rs\/#website"},"datePublished":"2022-01-05T11:42:32+00:00","dateModified":"2022-11-08T11:06:25+00:00","breadcrumb":{"@id":"https:\/\/mbuniverzitet.edu.rs\/centar-za-naucna-istrazivanja-na-univerzitetu-mb\/#breadcrumb"},"inLanguage":"en-GB","potentialAction":[{"@type":"ReadAction","target":["https:\/\/mbuniverzitet.edu.rs\/centar-za-naucna-istrazivanja-na-univerzitetu-mb\/"]}]},{"@type":"BreadcrumbList","@id":"https:\/\/mbuniverzitet.edu.rs\/centar-za-naucna-istrazivanja-na-univerzitetu-mb\/#breadcrumb","itemListElement":[{"@type":"ListItem","position":1,"name":"Home","item":"https:\/\/mbuniverzitet.edu.rs\/"},{"@type":"ListItem","position":2,"name":"Centar za nau\u010dna istra\u017eivanja na Univerzitetu MB"}]},{"@type":"WebSite","@id":"https:\/\/mbuniverzitet.edu.rs\/#website","url":"https:\/\/mbuniverzitet.edu.rs\/","name":"MB University","description":"","publisher":{"@id":"https:\/\/mbuniverzitet.edu.rs\/#organization"},"potentialAction":[{"@type":"SearchAction","target":{"@type":"EntryPoint","urlTemplate":"https:\/\/mbuniverzitet.edu.rs\/?s={search_term_string}"},"query-input":{"@type":"PropertyValueSpecification","valueRequired":true,"valueName":"search_term_string"}}],"inLanguage":"en-GB"},{"@type":"Organization","@id":"https:\/\/mbuniverzitet.edu.rs\/#organization","name":"MB University","url":"https:\/\/mbuniverzitet.edu.rs\/","logo":{"@type":"ImageObject","inLanguage":"en-GB","@id":"https:\/\/mbuniverzitet.edu.rs\/#\/schema\/logo\/image\/","url":"https:\/\/media.mbuniverzitet.edu.rs\/2020\/11\/UniMB-Logotip-u-postupku-akreditacije.png","contentUrl":"https:\/\/media.mbuniverzitet.edu.rs\/2020\/11\/UniMB-Logotip-u-postupku-akreditacije.png","width":296,"height":90,"caption":"Univerzitet MB"},"image":{"@id":"https:\/\/mbuniverzitet.edu.rs\/#\/schema\/logo\/image\/"}}]}},"_links":{"self":[{"href":"https:\/\/mbuniverzitet.edu.rs\/en\/wp-json\/wp\/v2\/pages\/9015","targetHints":{"allow":["GET"]}}],"collection":[{"href":"https:\/\/mbuniverzitet.edu.rs\/en\/wp-json\/wp\/v2\/pages"}],"about":[{"href":"https:\/\/mbuniverzitet.edu.rs\/en\/wp-json\/wp\/v2\/types\/page"}],"author":[{"embeddable":true,"href":"https:\/\/mbuniverzitet.edu.rs\/en\/wp-json\/wp\/v2\/users\/1"}],"replies":[{"embeddable":true,"href":"https:\/\/mbuniverzitet.edu.rs\/en\/wp-json\/wp\/v2\/comments?post=9015"}],"version-history":[{"count":0,"href":"https:\/\/mbuniverzitet.edu.rs\/en\/wp-json\/wp\/v2\/pages\/9015\/revisions"}],"wp:attachment":[{"href":"https:\/\/mbuniverzitet.edu.rs\/en\/wp-json\/wp\/v2\/media?parent=9015"}],"curies":[{"name":"wp","href":"https:\/\/api.w.org\/{rel}","templated":true}]}}