{"id":6453,"date":"2021-05-07T09:16:11","date_gmt":"2021-05-07T08:16:11","guid":{"rendered":"https:\/\/mbuniverzitet.edu.rs\/?page_id=6453"},"modified":"2021-05-07T13:22:56","modified_gmt":"2021-05-07T12:22:56","slug":"ppf-alumni-prijava","status":"publish","type":"page","link":"https:\/\/mbuniverzitet.edu.rs\/en\/ppf-alumni-prijava\/","title":{"rendered":"FBL-Alumni application"},"content":{"rendered":"\t\t<div data-elementor-type=\"wp-page\" data-elementor-id=\"6453\" class=\"elementor elementor-6453\">\n\t\t\t\t\t\t<section class=\"elementor-section elementor-top-section elementor-element elementor-element-f79976e elementor-section-boxed elementor-section-height-default elementor-section-height-default exad-glass-effect-no exad-sticky-section-no\" data-id=\"f79976e\" data-element_type=\"section\" data-e-type=\"section\">\n\t\t\t\t\t\t<div class=\"elementor-container elementor-column-gap-default\">\n\t\t\t\t\t<div class=\"elementor-column elementor-col-100 elementor-top-column elementor-element elementor-element-c4d77de exad-glass-effect-no exad-sticky-section-no\" data-id=\"c4d77de\" data-element_type=\"column\" data-e-type=\"column\">\n\t\t\t<div class=\"elementor-widget-wrap elementor-element-populated\">\n\t\t\t\t\t\t<div class=\"elementor-element elementor-element-1b356e5 exad-sticky-section-no exad-glass-effect-no elementor-widget elementor-widget-spacer\" data-id=\"1b356e5\" data-element_type=\"widget\" data-e-type=\"widget\" data-widget_type=\"spacer.default\">\n\t\t\t\t<div class=\"elementor-widget-container\">\n\t\t\t\t\t\t\t<div class=\"elementor-spacer\">\n\t\t\t<div class=\"elementor-spacer-inner\"><\/div>\n\t\t<\/div>\n\t\t\t\t\t\t<\/div>\n\t\t\t\t<\/div>\n\t\t\t\t\t<\/div>\n\t\t<\/div>\n\t\t\t\t\t<\/div>\n\t\t<\/section>\n\t\t\t\t<section class=\"elementor-section elementor-top-section elementor-element elementor-element-cf338df elementor-section-boxed elementor-section-height-default elementor-section-height-default exad-glass-effect-no exad-sticky-section-no\" data-id=\"cf338df\" data-element_type=\"section\" data-e-type=\"section\">\n\t\t\t\t\t\t<div class=\"elementor-container elementor-column-gap-default\">\n\t\t\t\t\t<div class=\"elementor-column elementor-col-100 elementor-top-column elementor-element elementor-element-41e252b exad-glass-effect-no exad-sticky-section-no\" data-id=\"41e252b\" data-element_type=\"column\" data-e-type=\"column\">\n\t\t\t<div class=\"elementor-widget-wrap elementor-element-populated\">\n\t\t\t\t\t\t<div class=\"elementor-element elementor-element-c4b0b49 exad-sticky-section-no exad-glass-effect-no elementor-widget elementor-widget-heading\" data-id=\"c4b0b49\" data-element_type=\"widget\" data-e-type=\"widget\" data-widget_type=\"heading.default\">\n\t\t\t\t<div class=\"elementor-widget-container\">\n\t\t\t\t\t<h2 class=\"elementor-heading-title elementor-size-default\">Poslovni i pravni fakultet - Alumni prijava<\/h2>\t\t\t\t<\/div>\n\t\t\t\t<\/div>\n\t\t\t\t\t<\/div>\n\t\t<\/div>\n\t\t\t\t\t<\/div>\n\t\t<\/section>\n\t\t\t\t<section class=\"elementor-section elementor-top-section elementor-element elementor-element-68e19eb elementor-section-boxed elementor-section-height-default elementor-section-height-default exad-glass-effect-no exad-sticky-section-no\" data-id=\"68e19eb\" data-element_type=\"section\" data-e-type=\"section\">\n\t\t\t\t\t\t<div class=\"elementor-container elementor-column-gap-default\">\n\t\t\t\t\t<div class=\"elementor-column elementor-col-100 elementor-top-column elementor-element elementor-element-05694cb exad-glass-effect-no exad-sticky-section-no\" data-id=\"05694cb\" data-element_type=\"column\" data-e-type=\"column\">\n\t\t\t<div class=\"elementor-widget-wrap elementor-element-populated\">\n\t\t\t\t\t\t<div class=\"elementor-element elementor-element-80df6bd eael-wpforms-labels-yes eael-wpforms-form-button-custom exad-sticky-section-no exad-glass-effect-no elementor-widget elementor-widget-eael-wpforms\" data-id=\"80df6bd\" data-element_type=\"widget\" data-e-type=\"widget\" data-widget_type=\"eael-wpforms.default\">\n\t\t\t\t<div class=\"elementor-widget-container\">\n\t\t\t\t\t            <div class=\"eael-contact-form eael-wpforms eael-wpforms-align-default\">\n                                <div class=\"wpforms-container wpforms-container-full\" id=\"wpforms-6486\"><form id=\"wpforms-form-6486\" class=\"wpforms-validate wpforms-form\" data-formid=\"6486\" method=\"post\" enctype=\"multipart\/form-data\" action=\"\/en\/wp-json\/wp\/v2\/pages\/6453\" data-token=\"495c5b95161c7fb7c627886ac0f8d055\" data-token-time=\"1776506670\"><div class=\"wpforms-head-container\"><\/div><noscript class=\"wpforms-error-noscript\">Please enable JavaScript in your browser to complete this form.<\/noscript><div class=\"wpforms-field-container\"><div id=\"wpforms-6486-field_1-container\" class=\"wpforms-field wpforms-field-text\" data-field-id=\"1\"><label class=\"wpforms-field-label\" for=\"wpforms-6486-field_1\">Ime i prezime <span class=\"wpforms-required-label\">*<\/span><\/label><input type=\"text\" id=\"wpforms-6486-field_1\" class=\"wpforms-field-medium wpforms-field-required\" name=\"wpforms[fields][1]\" required><\/div><div id=\"wpforms-6486-field_2-container\" class=\"wpforms-field wpforms-field-text\" data-field-id=\"2\"><label class=\"wpforms-field-label\" for=\"wpforms-6486-field_2\">Godina i mesto ro\u0111enja<\/label><input type=\"text\" id=\"wpforms-6486-field_2\" class=\"wpforms-field-medium\" name=\"wpforms[fields][2]\" ><\/div><div id=\"wpforms-6486-field_3-container\" class=\"wpforms-field wpforms-field-select wpforms-field-select-style-classic\" data-field-id=\"3\"><label class=\"wpforms-field-label\" for=\"wpforms-6486-field_3\">Fakultet <span class=\"wpforms-required-label\">*<\/span><\/label><select id=\"wpforms-6486-field_3\" class=\"wpforms-field-medium wpforms-field-required\" name=\"wpforms[fields][3]\" required=\"required\"><option value=\"Poslovni i pravni fakultet\"  class=\"choice-1 depth-1\"  >Poslovni i pravni fakultet<\/option><option value=\"Akademija klasi\u010dnog slikarstva\"  class=\"choice-2 depth-1\"  >Akademija klasi\u010dnog slikarstva<\/option><\/select><\/div><div id=\"wpforms-6486-field_4-container\" class=\"wpforms-field wpforms-field-select wpforms-field-select-style-classic\" data-field-id=\"4\"><label class=\"wpforms-field-label\" for=\"wpforms-6486-field_4\">Ste\u010deno zvanje <span class=\"wpforms-required-label\">*<\/span><\/label><select id=\"wpforms-6486-field_4\" class=\"wpforms-field-medium wpforms-field-required\" name=\"wpforms[fields][4]\" required=\"required\"><option value=\"Diplomirani menad\u017eer\"  class=\"choice-1 depth-1\"  >Diplomirani menad\u017eer<\/option><option value=\"Diplomirani pravnik\"  class=\"choice-2 depth-1\"  >Diplomirani pravnik<\/option><option value=\"Diplomirani in\u017eenjer informacionih tehnologija i sistema\"  class=\"choice-3 depth-1\"  >Diplomirani in\u017eenjer informacionih tehnologija i sistema<\/option><option value=\"Diplomirani ekonomista\"  class=\"choice-10 depth-1\"  >Diplomirani ekonomista<\/option><option value=\"Diplomirani menad\u017eer bezbednosti\"  class=\"choice-11 depth-1\"  >Diplomirani menad\u017eer bezbednosti<\/option><option value=\"Master menad\u017eer\"  class=\"choice-4 depth-1\"  >Master menad\u017eer<\/option><option value=\"Master pravnik\"  class=\"choice-5 depth-1\"  >Master pravnik<\/option><option value=\"Master in\u017eenjer informacionih tehnologija i sistema\"  class=\"choice-6 depth-1\"  >Master in\u017eenjer informacionih tehnologija i sistema<\/option><option value=\"Master ekonomista\"  class=\"choice-12 depth-1\"  >Master ekonomista<\/option><option value=\"Master menad\u017eer bezbednosti\"  class=\"choice-13 depth-1\"  >Master menad\u017eer bezbednosti<\/option><option value=\"Doktor nauka - menad\u017ement i biznis\"  class=\"choice-7 depth-1\"  >Doktor nauka - menad\u017ement i biznis<\/option><option value=\"Doktor nauka - informacione tehnologije i sistemi\"  class=\"choice-8 depth-1\"  >Doktor nauka - informacione tehnologije i sistemi<\/option><option value=\"Doktor nauka - javno pravo\"  class=\"choice-9 depth-1\"  >Doktor nauka - javno pravo<\/option><\/select><\/div><div id=\"wpforms-6486-field_5-container\" class=\"wpforms-field wpforms-field-text\" data-field-id=\"5\"><label class=\"wpforms-field-label\" for=\"wpforms-6486-field_5\">Godina sticanja zvanja\/diplomiranja<\/label><input type=\"text\" id=\"wpforms-6486-field_5\" class=\"wpforms-field-medium\" name=\"wpforms[fields][5]\" ><\/div><div id=\"wpforms-6486-field_6-container\" class=\"wpforms-field wpforms-field-checkbox\" data-field-id=\"6\"><label class=\"wpforms-field-label\">Zaposlen<\/label><ul id=\"wpforms-6486-field_6\"><li class=\"choice-1 depth-1\"><input type=\"checkbox\" id=\"wpforms-6486-field_6_1\" name=\"wpforms[fields][6][]\" value=\"Da\"  ><label class=\"wpforms-field-label-inline\" for=\"wpforms-6486-field_6_1\">Da<\/label><\/li><li class=\"choice-2 depth-1\"><input type=\"checkbox\" id=\"wpforms-6486-field_6_2\" name=\"wpforms[fields][6][]\" value=\"Ne\"  ><label class=\"wpforms-field-label-inline\" for=\"wpforms-6486-field_6_2\">Ne<\/label><\/li><\/ul><\/div><div id=\"wpforms-6486-field_7-container\" class=\"wpforms-field wpforms-field-email\" data-field-id=\"7\"><label class=\"wpforms-field-label\" for=\"wpforms-6486-field_7\">Email <span class=\"wpforms-required-label\">*<\/span><\/label><input type=\"email\" id=\"wpforms-6486-field_7\" class=\"wpforms-field-medium wpforms-field-required\" name=\"wpforms[fields][7]\" spellcheck=\"false\" required><\/div><\/div><!-- .wpforms-field-container --><div class=\"wpforms-submit-container\" ><input type=\"hidden\" name=\"wpforms[id]\" value=\"6486\"><input type=\"hidden\" name=\"page_title\" value=\"\"><input type=\"hidden\" name=\"page_url\" value=\"https:\/\/mbuniverzitet.edu.rs\/en\/wp-json\/wp\/v2\/pages\/6453\"><input type=\"hidden\" name=\"url_referer\" value=\"\"><button type=\"submit\" name=\"wpforms[submit]\" id=\"wpforms-submit-6486\" class=\"wpforms-submit\" data-alt-text=\"Slanje...\" data-submit-text=\"Po\u0161alji\" aria-live=\"assertive\" value=\"wpforms-submit\">Po\u0161alji<\/button><\/div><\/form><\/div>  <!-- .wpforms-container -->            <\/div>\n\t\t\t\t<\/div>\n\t\t\t\t<\/div>\n\t\t\t\t\t<\/div>\n\t\t<\/div>\n\t\t\t\t\t<\/div>\n\t\t<\/section>\n\t\t\t\t<section class=\"elementor-section elementor-top-section elementor-element elementor-element-08eeccd elementor-section-boxed elementor-section-height-default elementor-section-height-default exad-glass-effect-no exad-sticky-section-no\" data-id=\"08eeccd\" data-element_type=\"section\" data-e-type=\"section\">\n\t\t\t\t\t\t<div class=\"elementor-container elementor-column-gap-default\">\n\t\t\t\t\t<div class=\"elementor-column elementor-col-100 elementor-top-column elementor-element elementor-element-463ae5d exad-glass-effect-no exad-sticky-section-no\" data-id=\"463ae5d\" data-element_type=\"column\" data-e-type=\"column\">\n\t\t\t<div class=\"elementor-widget-wrap elementor-element-populated\">\n\t\t\t\t\t\t<div class=\"elementor-element elementor-element-8816af8 exad-sticky-section-no exad-glass-effect-no elementor-widget elementor-widget-spacer\" data-id=\"8816af8\" data-element_type=\"widget\" data-e-type=\"widget\" data-widget_type=\"spacer.default\">\n\t\t\t\t<div class=\"elementor-widget-container\">\n\t\t\t\t\t\t\t<div class=\"elementor-spacer\">\n\t\t\t<div class=\"elementor-spacer-inner\"><\/div>\n\t\t<\/div>\n\t\t\t\t\t\t<\/div>\n\t\t\t\t<\/div>\n\t\t\t\t\t<\/div>\n\t\t<\/div>\n\t\t\t\t\t<\/div>\n\t\t<\/section>\n\t\t\t\t<\/div>\n\t\t","protected":false},"excerpt":{"rendered":"<p>Poslovni i pravni fakultet &#8211; Alumni prijava Please enable JavaScript in your browser to complete this form.Ime i prezime *Godina i mesto ro\u0111enjaFakultet *Poslovni i pravni fakultetAkademija klasi\u010dnog slikarstvaSte\u010deno zvanje *Diplomirani menad\u017eerDiplomirani pravnikDiplomirani in\u017eenjer informacionih tehnologija i sistemaMaster menad\u017eerMaster pravnikMaster in\u017eenjer informacionih tehnologija i sistemaDoktor nauka &#8211; menad\u017ement i biznisDoktor nauka &#8211; informacione tehnologije i [&hellip;]<\/p>\n","protected":false},"author":1,"featured_media":0,"parent":0,"menu_order":0,"comment_status":"closed","ping_status":"closed","template":"elementor_header_footer","meta":{"_eb_attr":"","site-sidebar-layout":"no-sidebar","site-content-layout":"page-builder","ast-site-content-layout":"default","site-content-style":"default","site-sidebar-style":"default","ast-global-header-display":"","ast-banner-title-visibility":"","ast-main-header-display":"","ast-hfb-above-header-display":"","ast-hfb-below-header-display":"","ast-hfb-mobile-header-display":"","site-post-title":"disabled","ast-breadcrumbs-content":"","ast-featured-img":"disabled","footer-sml-layout":"","ast-disable-related-posts":"","theme-transparent-header-meta":"default","adv-header-id-meta":"","stick-header-meta":"","header-above-stick-meta":"","header-main-stick-meta":"","header-below-stick-meta":"","astra-migrate-meta-layouts":"default","ast-page-background-enabled":"default","ast-page-background-meta":{"desktop":{"background-color":"","background-image":"","background-repeat":"repeat","background-position":"center center","background-size":"auto","background-attachment":"scroll","background-type":"","background-media":"","overlay-type":"","overlay-color":"","overlay-opacity":"","overlay-gradient":""},"tablet":{"background-color":"","background-image":"","background-repeat":"repeat","background-position":"center center","background-size":"auto","background-attachment":"scroll","background-type":"","background-media":"","overlay-type":"","overlay-color":"","overlay-opacity":"","overlay-gradient":""},"mobile":{"background-color":"","background-image":"","background-repeat":"repeat","background-position":"center center","background-size":"auto","background-attachment":"scroll","background-type":"","background-media":"","overlay-type":"","overlay-color":"","overlay-opacity":"","overlay-gradient":""}},"ast-content-background-meta":{"desktop":{"background-color":"var(--ast-global-color-5)","background-image":"","background-repeat":"repeat","background-position":"center center","background-size":"auto","background-attachment":"scroll","background-type":"","background-media":"","overlay-type":"","overlay-color":"","overlay-opacity":"","overlay-gradient":""},"tablet":{"background-color":"var(--ast-global-color-5)","background-image":"","background-repeat":"repeat","background-position":"center center","background-size":"auto","background-attachment":"scroll","background-type":"","background-media":"","overlay-type":"","overlay-color":"","overlay-opacity":"","overlay-gradient":""},"mobile":{"background-color":"var(--ast-global-color-5)","background-image":"","background-repeat":"repeat","background-position":"center center","background-size":"auto","background-attachment":"scroll","background-type":"","background-media":"","overlay-type":"","overlay-color":"","overlay-opacity":"","overlay-gradient":""}},"footnotes":""},"class_list":["post-6453","page","type-page","status-publish","hentry"],"yoast_head":"<!-- This site is optimized with the Yoast SEO plugin v27.4 - https:\/\/yoast.com\/product\/yoast-seo-wordpress\/ -->\n<title>PPF- Alumni prijava - Univerzitet MB<\/title>\n<meta name=\"robots\" content=\"index, follow, max-snippet:-1, max-image-preview:large, max-video-preview:-1\" \/>\n<link rel=\"canonical\" href=\"https:\/\/mbuniverzitet.edu.rs\/en\/ppf-alumni-prijava\/\" \/>\n<meta property=\"og:locale\" content=\"en_GB\" \/>\n<meta property=\"og:type\" content=\"article\" \/>\n<meta property=\"og:title\" content=\"PPF- Alumni prijava - Univerzitet MB\" \/>\n<meta property=\"og:description\" content=\"Poslovni i pravni fakultet &#8211; Alumni prijava Please enable JavaScript in your browser to complete this form.Ime i prezime *Godina i mesto ro\u0111enjaFakultet *Poslovni i pravni fakultetAkademija klasi\u010dnog slikarstvaSte\u010deno zvanje *Diplomirani menad\u017eerDiplomirani pravnikDiplomirani in\u017eenjer informacionih tehnologija i sistemaMaster menad\u017eerMaster pravnikMaster in\u017eenjer informacionih tehnologija i sistemaDoktor nauka &#8211; menad\u017ement i biznisDoktor nauka &#8211; informacione tehnologije i [&hellip;]\" \/>\n<meta property=\"og:url\" content=\"https:\/\/mbuniverzitet.edu.rs\/en\/ppf-alumni-prijava\/\" \/>\n<meta property=\"og:site_name\" content=\"Univerzitet MB\" \/>\n<meta property=\"article:modified_time\" content=\"2021-05-07T12:22:56+00:00\" \/>\n<meta name=\"twitter:card\" content=\"summary_large_image\" \/>\n<meta name=\"twitter:label1\" content=\"Estimated reading time\" \/>\n\t<meta name=\"twitter:data1\" content=\"1 minute\" \/>\n<script type=\"application\/ld+json\" class=\"yoast-schema-graph\">{\"@context\":\"https:\\\/\\\/schema.org\",\"@graph\":[{\"@type\":\"WebPage\",\"@id\":\"https:\\\/\\\/mbuniverzitet.edu.rs\\\/ppf-alumni-prijava\\\/\",\"url\":\"https:\\\/\\\/mbuniverzitet.edu.rs\\\/ppf-alumni-prijava\\\/\",\"name\":\"PPF- Alumni prijava - Univerzitet MB\",\"isPartOf\":{\"@id\":\"https:\\\/\\\/mbuniverzitet.edu.rs\\\/#website\"},\"datePublished\":\"2021-05-07T08:16:11+00:00\",\"dateModified\":\"2021-05-07T12:22:56+00:00\",\"breadcrumb\":{\"@id\":\"https:\\\/\\\/mbuniverzitet.edu.rs\\\/ppf-alumni-prijava\\\/#breadcrumb\"},\"inLanguage\":\"en-GB\",\"potentialAction\":[{\"@type\":\"ReadAction\",\"target\":[\"https:\\\/\\\/mbuniverzitet.edu.rs\\\/ppf-alumni-prijava\\\/\"]}]},{\"@type\":\"BreadcrumbList\",\"@id\":\"https:\\\/\\\/mbuniverzitet.edu.rs\\\/ppf-alumni-prijava\\\/#breadcrumb\",\"itemListElement\":[{\"@type\":\"ListItem\",\"position\":1,\"name\":\"Home\",\"item\":\"https:\\\/\\\/mbuniverzitet.edu.rs\\\/\"},{\"@type\":\"ListItem\",\"position\":2,\"name\":\"PPF- Alumni prijava\"}]},{\"@type\":\"WebSite\",\"@id\":\"https:\\\/\\\/mbuniverzitet.edu.rs\\\/#website\",\"url\":\"https:\\\/\\\/mbuniverzitet.edu.rs\\\/\",\"name\":\"Univerzitet MB\",\"description\":\"\",\"publisher\":{\"@id\":\"https:\\\/\\\/mbuniverzitet.edu.rs\\\/#organization\"},\"potentialAction\":[{\"@type\":\"SearchAction\",\"target\":{\"@type\":\"EntryPoint\",\"urlTemplate\":\"https:\\\/\\\/mbuniverzitet.edu.rs\\\/?s={search_term_string}\"},\"query-input\":{\"@type\":\"PropertyValueSpecification\",\"valueRequired\":true,\"valueName\":\"search_term_string\"}}],\"inLanguage\":\"en-GB\"},{\"@type\":\"Organization\",\"@id\":\"https:\\\/\\\/mbuniverzitet.edu.rs\\\/#organization\",\"name\":\"Univerzitet MB\",\"url\":\"https:\\\/\\\/mbuniverzitet.edu.rs\\\/\",\"logo\":{\"@type\":\"ImageObject\",\"inLanguage\":\"en-GB\",\"@id\":\"https:\\\/\\\/mbuniverzitet.edu.rs\\\/#\\\/schema\\\/logo\\\/image\\\/\",\"url\":\"https:\\\/\\\/media.mbuniverzitet.edu.rs\\\/2020\\\/11\\\/UniMB-Logotip-u-postupku-akreditacije.png\",\"contentUrl\":\"https:\\\/\\\/media.mbuniverzitet.edu.rs\\\/2020\\\/11\\\/UniMB-Logotip-u-postupku-akreditacije.png\",\"width\":296,\"height\":90,\"caption\":\"Univerzitet MB\"},\"image\":{\"@id\":\"https:\\\/\\\/mbuniverzitet.edu.rs\\\/#\\\/schema\\\/logo\\\/image\\\/\"}}]}<\/script>\n<!-- \/ Yoast SEO plugin. -->","yoast_head_json":{"title":"PPF- Alumni prijava - Univerzitet MB","robots":{"index":"index","follow":"follow","max-snippet":"max-snippet:-1","max-image-preview":"max-image-preview:large","max-video-preview":"max-video-preview:-1"},"canonical":"https:\/\/mbuniverzitet.edu.rs\/en\/ppf-alumni-prijava\/","og_locale":"en_GB","og_type":"article","og_title":"PPF- Alumni prijava - Univerzitet MB","og_description":"Poslovni i pravni fakultet &#8211; Alumni prijava Please enable JavaScript in your browser to complete this form.Ime i prezime *Godina i mesto ro\u0111enjaFakultet *Poslovni i pravni fakultetAkademija klasi\u010dnog slikarstvaSte\u010deno zvanje *Diplomirani menad\u017eerDiplomirani pravnikDiplomirani in\u017eenjer informacionih tehnologija i sistemaMaster menad\u017eerMaster pravnikMaster in\u017eenjer informacionih tehnologija i sistemaDoktor nauka &#8211; menad\u017ement i biznisDoktor nauka &#8211; informacione tehnologije i [&hellip;]","og_url":"https:\/\/mbuniverzitet.edu.rs\/en\/ppf-alumni-prijava\/","og_site_name":"Univerzitet MB","article_modified_time":"2021-05-07T12:22:56+00:00","twitter_card":"summary_large_image","twitter_misc":{"Estimated reading time":"1 minute"},"schema":{"@context":"https:\/\/schema.org","@graph":[{"@type":"WebPage","@id":"https:\/\/mbuniverzitet.edu.rs\/ppf-alumni-prijava\/","url":"https:\/\/mbuniverzitet.edu.rs\/ppf-alumni-prijava\/","name":"PPF- Alumni prijava - Univerzitet MB","isPartOf":{"@id":"https:\/\/mbuniverzitet.edu.rs\/#website"},"datePublished":"2021-05-07T08:16:11+00:00","dateModified":"2021-05-07T12:22:56+00:00","breadcrumb":{"@id":"https:\/\/mbuniverzitet.edu.rs\/ppf-alumni-prijava\/#breadcrumb"},"inLanguage":"en-GB","potentialAction":[{"@type":"ReadAction","target":["https:\/\/mbuniverzitet.edu.rs\/ppf-alumni-prijava\/"]}]},{"@type":"BreadcrumbList","@id":"https:\/\/mbuniverzitet.edu.rs\/ppf-alumni-prijava\/#breadcrumb","itemListElement":[{"@type":"ListItem","position":1,"name":"Home","item":"https:\/\/mbuniverzitet.edu.rs\/"},{"@type":"ListItem","position":2,"name":"PPF- Alumni prijava"}]},{"@type":"WebSite","@id":"https:\/\/mbuniverzitet.edu.rs\/#website","url":"https:\/\/mbuniverzitet.edu.rs\/","name":"MB University","description":"","publisher":{"@id":"https:\/\/mbuniverzitet.edu.rs\/#organization"},"potentialAction":[{"@type":"SearchAction","target":{"@type":"EntryPoint","urlTemplate":"https:\/\/mbuniverzitet.edu.rs\/?s={search_term_string}"},"query-input":{"@type":"PropertyValueSpecification","valueRequired":true,"valueName":"search_term_string"}}],"inLanguage":"en-GB"},{"@type":"Organization","@id":"https:\/\/mbuniverzitet.edu.rs\/#organization","name":"MB University","url":"https:\/\/mbuniverzitet.edu.rs\/","logo":{"@type":"ImageObject","inLanguage":"en-GB","@id":"https:\/\/mbuniverzitet.edu.rs\/#\/schema\/logo\/image\/","url":"https:\/\/media.mbuniverzitet.edu.rs\/2020\/11\/UniMB-Logotip-u-postupku-akreditacije.png","contentUrl":"https:\/\/media.mbuniverzitet.edu.rs\/2020\/11\/UniMB-Logotip-u-postupku-akreditacije.png","width":296,"height":90,"caption":"Univerzitet MB"},"image":{"@id":"https:\/\/mbuniverzitet.edu.rs\/#\/schema\/logo\/image\/"}}]}},"_links":{"self":[{"href":"https:\/\/mbuniverzitet.edu.rs\/en\/wp-json\/wp\/v2\/pages\/6453","targetHints":{"allow":["GET"]}}],"collection":[{"href":"https:\/\/mbuniverzitet.edu.rs\/en\/wp-json\/wp\/v2\/pages"}],"about":[{"href":"https:\/\/mbuniverzitet.edu.rs\/en\/wp-json\/wp\/v2\/types\/page"}],"author":[{"embeddable":true,"href":"https:\/\/mbuniverzitet.edu.rs\/en\/wp-json\/wp\/v2\/users\/1"}],"replies":[{"embeddable":true,"href":"https:\/\/mbuniverzitet.edu.rs\/en\/wp-json\/wp\/v2\/comments?post=6453"}],"version-history":[{"count":0,"href":"https:\/\/mbuniverzitet.edu.rs\/en\/wp-json\/wp\/v2\/pages\/6453\/revisions"}],"wp:attachment":[{"href":"https:\/\/mbuniverzitet.edu.rs\/en\/wp-json\/wp\/v2\/media?parent=6453"}],"curies":[{"name":"wp","href":"https:\/\/api.w.org\/{rel}","templated":true}]}}