{"id":3769,"date":"2021-02-08T11:34:06","date_gmt":"2021-02-08T10:34:06","guid":{"rendered":"https:\/\/mbuniverzitet.edu.rs\/?page_id=3769"},"modified":"2022-01-21T11:08:27","modified_gmt":"2022-01-21T10:08:27","slug":"vesti-obavestenja-3","status":"publish","type":"page","link":"https:\/\/mbuniverzitet.edu.rs\/en\/vesti-obavestenja-3\/","title":{"rendered":"News\/Notifications"},"content":{"rendered":"<div data-elementor-type=\"wp-page\" data-elementor-id=\"3769\" class=\"elementor elementor-3769\">\n\t\t\t\t\t\t<section class=\"elementor-section elementor-top-section elementor-element elementor-element-4bd779f1 elementor-section-content-middle elementor-reverse-mobile elementor-section-boxed elementor-section-height-default elementor-section-height-default exad-glass-effect-no exad-sticky-section-no\" data-id=\"4bd779f1\" data-element_type=\"section\" data-e-type=\"section\" data-settings=\"{&quot;background_background&quot;:&quot;classic&quot;}\">\n\t\t\t\t\t\t\t<div class=\"elementor-background-overlay\"><\/div>\n\t\t\t\t\t\t\t<div class=\"elementor-container elementor-column-gap-default\">\n\t\t\t\t\t<div class=\"elementor-column elementor-col-100 elementor-top-column elementor-element elementor-element-2ede0c6a exad-glass-effect-no exad-sticky-section-no\" data-id=\"2ede0c6a\" data-element_type=\"column\" data-e-type=\"column\">\n\t\t\t<div class=\"elementor-widget-wrap elementor-element-populated\">\n\t\t\t\t\t\t<div class=\"elementor-element elementor-element-4c550005 elementor-widget-divider--view-line_text elementor-widget-divider--element-align-center exad-sticky-section-no exad-glass-effect-no elementor-widget elementor-widget-divider\" data-id=\"4c550005\" data-element_type=\"widget\" data-e-type=\"widget\" data-widget_type=\"divider.default\">\n\t\t\t\t<div class=\"elementor-widget-container\">\n\t\t\t\t\t\t\t<div class=\"elementor-divider\">\n\t\t\t<span class=\"elementor-divider-separator\">\n\t\t\t\t\t\t\t<span class=\"elementor-divider__text elementor-divider__element\">\n\t\t\t\tMB University\t\t\t\t<\/span>\n\t\t\t\t\t\t<\/span>\n\t\t<\/div>\n\t\t\t\t\t\t<\/div>\n\t\t\t\t<\/div>\n\t\t\t\t<div class=\"elementor-element elementor-element-4cb71056 exad-sticky-section-no exad-glass-effect-no elementor-widget elementor-widget-heading\" data-id=\"4cb71056\" data-element_type=\"widget\" data-e-type=\"widget\" data-widget_type=\"heading.default\">\n\t\t\t\t<div class=\"elementor-widget-container\">\n\t\t\t\t\t<h2 class=\"elementor-heading-title elementor-size-default\">Centar za unapre\u0111enje kvaliteta Univerziteta \"MB\"<\/h2>\t\t\t\t<\/div>\n\t\t\t\t<\/div>\n\t\t\t\t\t<\/div>\n\t\t<\/div>\n\t\t\t\t\t<\/div>\n\t\t<\/section>\n\t\t\t\t<section class=\"elementor-section elementor-top-section elementor-element elementor-element-518a5fb5 elementor-section-boxed elementor-section-height-default elementor-section-height-default exad-glass-effect-no exad-sticky-section-no\" data-id=\"518a5fb5\" data-element_type=\"section\" data-e-type=\"section\">\n\t\t\t\t\t\t<div class=\"elementor-container elementor-column-gap-default\">\n\t\t\t\t\t<div class=\"elementor-column elementor-col-50 elementor-top-column elementor-element elementor-element-5fb2438e exad-glass-effect-no exad-sticky-section-no\" data-id=\"5fb2438e\" data-element_type=\"column\" data-e-type=\"column\">\n\t\t\t<div class=\"elementor-widget-wrap elementor-element-populated\">\n\t\t\t\t\t\t<div class=\"elementor-element elementor-element-74ab1e4 elementor-icon-list--layout-traditional elementor-list-item-link-full_width exad-sticky-section-no exad-glass-effect-no elementor-widget elementor-widget-icon-list\" data-id=\"74ab1e4\" data-element_type=\"widget\" data-e-type=\"widget\" data-widget_type=\"icon-list.default\">\n\t\t\t\t<div class=\"elementor-widget-container\">\n\t\t\t\t\t\t\t<ul class=\"elementor-icon-list-items\">\n\t\t\t\t\t\t\t<li class=\"elementor-icon-list-item\">\n\t\t\t\t\t\t\t\t\t\t\t<a href=\"https:\/\/mbuniverzitet.edu.rs\/en\/centar-za-unapredenje-kvaliteta\/\">\n\n\t\t\t\t\t\t\t\t\t\t\t\t<span class=\"elementor-icon-list-icon\">\n\t\t\t\t\t\t\t<i aria-hidden=\"true\" class=\"fas fa-angle-right\"><\/i>\t\t\t\t\t\t<\/span>\n\t\t\t\t\t\t\t\t\t\t<span class=\"elementor-icon-list-text\">Quality improvement center<\/span>\n\t\t\t\t\t\t\t\t\t\t\t<\/a>\n\t\t\t\t\t\t\t\t\t<\/li>\n\t\t\t\t\t\t\t\t<li class=\"elementor-icon-list-item\">\n\t\t\t\t\t\t\t\t\t\t\t<a href=\"https:\/\/mbuniverzitet.edu.rs\/en\/organizacija\/\">\n\n\t\t\t\t\t\t\t\t\t\t\t\t<span class=\"elementor-icon-list-icon\">\n\t\t\t\t\t\t\t<i aria-hidden=\"true\" class=\"fas fa-angle-right\"><\/i>\t\t\t\t\t\t<\/span>\n\t\t\t\t\t\t\t\t\t\t<span class=\"elementor-icon-list-text\">Organization<\/span>\n\t\t\t\t\t\t\t\t\t\t\t<\/a>\n\t\t\t\t\t\t\t\t\t<\/li>\n\t\t\t\t\t\t\t\t<li class=\"elementor-icon-list-item\">\n\t\t\t\t\t\t\t\t\t\t\t<a href=\"https:\/\/mbuniverzitet.edu.rs\/en\/samovrednovanje-i-ocena-kvaliteta\/\">\n\n\t\t\t\t\t\t\t\t\t\t\t\t<span class=\"elementor-icon-list-icon\">\n\t\t\t\t\t\t\t<i aria-hidden=\"true\" class=\"fas fa-angle-right\"><\/i>\t\t\t\t\t\t<\/span>\n\t\t\t\t\t\t\t\t\t\t<span class=\"elementor-icon-list-text\">Self-evaluation and quality assessment<\/span>\n\t\t\t\t\t\t\t\t\t\t\t<\/a>\n\t\t\t\t\t\t\t\t\t<\/li>\n\t\t\t\t\t\t\t\t<li class=\"elementor-icon-list-item\">\n\t\t\t\t\t\t\t\t\t\t\t<a href=\"https:\/\/mbuniverzitet.edu.rs\/en\/studentsko-vrednovanje-kvaliteta-studija\/\">\n\n\t\t\t\t\t\t\t\t\t\t\t\t<span class=\"elementor-icon-list-icon\">\n\t\t\t\t\t\t\t<i aria-hidden=\"true\" class=\"fas fa-angle-right\"><\/i>\t\t\t\t\t\t<\/span>\n\t\t\t\t\t\t\t\t\t\t<span class=\"elementor-icon-list-text\">Student evaluation of study quality<\/span>\n\t\t\t\t\t\t\t\t\t\t\t<\/a>\n\t\t\t\t\t\t\t\t\t<\/li>\n\t\t\t\t\t\t\t\t<li class=\"elementor-icon-list-item\">\n\t\t\t\t\t\t\t\t\t\t\t<a href=\"https:\/\/mbuniverzitet.edu.rs\/en\/propisi-i-dokumenta\/\">\n\n\t\t\t\t\t\t\t\t\t\t\t\t<span class=\"elementor-icon-list-icon\">\n\t\t\t\t\t\t\t<i aria-hidden=\"true\" class=\"fas fa-angle-right\"><\/i>\t\t\t\t\t\t<\/span>\n\t\t\t\t\t\t\t\t\t\t<span class=\"elementor-icon-list-text\">Regulations and documents<\/span>\n\t\t\t\t\t\t\t\t\t\t\t<\/a>\n\t\t\t\t\t\t\t\t\t<\/li>\n\t\t\t\t\t\t\t\t<li class=\"elementor-icon-list-item\">\n\t\t\t\t\t\t\t\t\t\t\t<a href=\"https:\/\/mbuniverzitet.edu.rs\/en\/projekti-iz-osiguranja-kvaliteta\/\">\n\n\t\t\t\t\t\t\t\t\t\t\t\t<span class=\"elementor-icon-list-icon\">\n\t\t\t\t\t\t\t<i aria-hidden=\"true\" class=\"fas fa-angle-right\"><\/i>\t\t\t\t\t\t<\/span>\n\t\t\t\t\t\t\t\t\t\t<span class=\"elementor-icon-list-text\">Quality assurance projects<\/span>\n\t\t\t\t\t\t\t\t\t\t\t<\/a>\n\t\t\t\t\t\t\t\t\t<\/li>\n\t\t\t\t\t\t\t\t<li class=\"elementor-icon-list-item\">\n\t\t\t\t\t\t\t\t\t\t\t<a href=\"https:\/\/mbuniverzitet.edu.rs\/en\/vesti-obavestenja-3\/\">\n\n\t\t\t\t\t\t\t\t\t\t\t\t<span class=\"elementor-icon-list-icon\">\n\t\t\t\t\t\t\t<i aria-hidden=\"true\" class=\"fas fa-angle-right\"><\/i>\t\t\t\t\t\t<\/span>\n\t\t\t\t\t\t\t\t\t\t<span class=\"elementor-icon-list-text\">News\/Notifications<\/span>\n\t\t\t\t\t\t\t\t\t\t\t<\/a>\n\t\t\t\t\t\t\t\t\t<\/li>\n\t\t\t\t\t\t\t\t<li class=\"elementor-icon-list-item\">\n\t\t\t\t\t\t\t\t\t\t\t<a href=\"https:\/\/mbuniverzitet.edu.rs\/en\/korisni-linkovi\/\">\n\n\t\t\t\t\t\t\t\t\t\t\t\t<span class=\"elementor-icon-list-icon\">\n\t\t\t\t\t\t\t<i aria-hidden=\"true\" class=\"fas fa-angle-right\"><\/i>\t\t\t\t\t\t<\/span>\n\t\t\t\t\t\t\t\t\t\t<span class=\"elementor-icon-list-text\">Useful links<\/span>\n\t\t\t\t\t\t\t\t\t\t\t<\/a>\n\t\t\t\t\t\t\t\t\t<\/li>\n\t\t\t\t\t\t\t\t<li class=\"elementor-icon-list-item\">\n\t\t\t\t\t\t\t\t\t\t\t<a href=\"https:\/\/mbuniverzitet.edu.rs\/en\/kontakt-3\/\">\n\n\t\t\t\t\t\t\t\t\t\t\t\t<span class=\"elementor-icon-list-icon\">\n\t\t\t\t\t\t\t<i aria-hidden=\"true\" class=\"fas fa-angle-right\"><\/i>\t\t\t\t\t\t<\/span>\n\t\t\t\t\t\t\t\t\t\t<span class=\"elementor-icon-list-text\">Contact<\/span>\n\t\t\t\t\t\t\t\t\t\t\t<\/a>\n\t\t\t\t\t\t\t\t\t<\/li>\n\t\t\t\t\t\t\t\t<li class=\"elementor-icon-list-item\">\n\t\t\t\t\t\t\t\t\t\t\t<a href=\"https:\/\/mbuniverzitet.edu.rs\/en\/korisni-linkovi-4\/\">\n\n\t\t\t\t\t\t\t\t\t\t\t<span class=\"elementor-icon-list-text\"><\/span>\n\t\t\t\t\t\t\t\t\t\t\t<\/a>\n\t\t\t\t\t\t\t\t\t<\/li>\n\t\t\t\t\t\t<\/ul>\n\t\t\t\t\t\t<\/div>\n\t\t\t\t<\/div>\n\t\t\t\t\t<\/div>\n\t\t<\/div>\n\t\t\t\t<div class=\"elementor-column elementor-col-50 elementor-top-column elementor-element elementor-element-2b48f953 exad-glass-effect-no exad-sticky-section-no\" data-id=\"2b48f953\" data-element_type=\"column\" data-e-type=\"column\">\n\t\t\t<div class=\"elementor-widget-wrap elementor-element-populated\">\n\t\t\t\t\t\t<div class=\"elementor-element elementor-element-ad4b204 exad-sticky-section-no exad-glass-effect-no elementor-widget elementor-widget-text-editor\" data-id=\"ad4b204\" data-element_type=\"widget\" data-e-type=\"widget\" data-widget_type=\"text-editor.default\">\n\t\t\t\t<div class=\"elementor-widget-container\">\n\t\t\t\t\t\t\t\t\t<h3 class=\"elementor-heading-title elementor-size-default\"><span style=\"text-decoration: underline;\">Osiguranje kvaliteta\/Vesti\/Obave\u0161tenja<\/span><\/h3><p><a href=\"http:\/\/media.mbuniverzitet.edu.rs\/2021\/03\/\u041e\u0431\u0430\u0432\u0435\u0448\u0442\u0435\u045a\u0435-\u043e-\u043f\u0440\u043e\u0446\u0435\u0441\u0443-\u0441\u0430\u043c\u043e\u0432\u0440\u0435\u0434\u043d\u043e\u0432\u0430\u045a\u0430-\u0437\u0438\u043c\u0441\u043a\u043e\u0433-\u0441\u0435\u043c\u0435\u0441\u0442\u0440\u0430-\u0448\u043a\u043e\u043b\u0441\u043a\u0435-2020-2021..docx\" target=\"_blank\" rel=\"noopener\">&#8211; Informacija o procesu samovrednovanja za zimski semestar \u0161kolske 2020\/2021. godine \u0107e se realizovati od 01.03-15.03.2021. godine.<\/a><\/p><p>&#8211; Proces Samovrednovanja \u0107e se realizovati na osnovu Odluke rektora Univerziteta MB i Programa realizacije procesa samovrednovanja za \u0161kolsku 2020\/21.<\/p><p><a href=\"http:\/\/media.mbuniverzitet.edu.rs\/2020\/12\/\u041f\u0440\u043e\u0433\u0440\u0430\u043c-\u0440\u0435\u0430\u043b\u0438\u0437\u0430\u0446\u0438\u0458\u0435-\u0443\u043d\u0443\u0442\u0440\u0430\u0448\u045a\u0435\u0433-\u0438-\u0441\u043f\u043e\u0459\u0430\u0448-\u0432\u0440\u0435\u0434\u043d\u043e\u0432\u0430\u045a\u0430-\u043d\u0430-\u0423\u043d\u0438\u0432\u0435\u0440\u0437\u0438\u0442\u0435\u0442\u0443-\u041c\u0411-\u0443-\u0448\u043a-2020-2021.pdf\" target=\"_blank\" rel=\"noopener\">&#8211; Program realizacije unutra\u0161njeg i spolja\u0161njeg vrednovanja na Univerzitetu MB u \u0161kolskoj 2020\/2021. godini.<\/a><\/p>\t\t\t\t\t\t\t\t<\/div>\n\t\t\t\t<\/div>\n\t\t\t\t\t<\/div>\n\t\t<\/div>\n\t\t\t\t\t<\/div>\n\t\t<\/section>\n\t\t\t\t<section class=\"elementor-section elementor-top-section elementor-element elementor-element-787635a5 elementor-section-full_width elementor-section-height-default elementor-section-height-default exad-glass-effect-no exad-sticky-section-no\" data-id=\"787635a5\" data-element_type=\"section\" data-e-type=\"section\">\n\t\t\t\t\t\t<div class=\"elementor-container elementor-column-gap-default\">\n\t\t\t\t\t<div class=\"elementor-column elementor-col-100 elementor-top-column elementor-element elementor-element-580bff22 exad-glass-effect-no exad-sticky-section-no\" data-id=\"580bff22\" data-element_type=\"column\" data-e-type=\"column\">\n\t\t\t<div class=\"elementor-widget-wrap elementor-element-populated\">\n\t\t\t\t\t\t<div class=\"elementor-element elementor-element-42f3e9a8 exad-sticky-section-no exad-glass-effect-no elementor-widget elementor-widget-spacer\" data-id=\"42f3e9a8\" data-element_type=\"widget\" data-e-type=\"widget\" data-widget_type=\"spacer.default\">\n\t\t\t\t<div class=\"elementor-widget-container\">\n\t\t\t\t\t\t\t<div class=\"elementor-spacer\">\n\t\t\t<div class=\"elementor-spacer-inner\"><\/div>\n\t\t<\/div>\n\t\t\t\t\t\t<\/div>\n\t\t\t\t<\/div>\n\t\t\t\t\t<\/div>\n\t\t<\/div>\n\t\t\t\t\t<\/div>\n\t\t<\/section>\n\t\t\t\t<\/div>","protected":false},"excerpt":{"rendered":"<p>Univerzitet MB Centar za unapre\u0111enje kvaliteta Univerziteta &#8222;MB&#8220; Centar za unapre\u0111enje kvaliteta Organizacija Samovrednovanje i ocena kvaliteta Studentsko vrednovanje kvaliteta studija Propisi i dokumenta Projekti iz osiguranja kvaliteta Vesti\/Obave\u0161tenja Korisni linkovi Kontakt Osiguranje kvaliteta\/Vesti\/Obave\u0161tenja &#8211; Informacija o procesu samovrednovanja za zimski semestar \u0161kolske 2020\/2021. godine \u0107e se realizovati od 01.03-15.03.2021. godine. &#8211; Proces Samovrednovanja \u0107e [&hellip;]<\/p>\n","protected":false},"author":1,"featured_media":0,"parent":0,"menu_order":0,"comment_status":"closed","ping_status":"closed","template":"","meta":{"_eb_attr":"","site-sidebar-layout":"no-sidebar","site-content-layout":"page-builder","ast-site-content-layout":"default","site-content-style":"default","site-sidebar-style":"default","ast-global-header-display":"","ast-banner-title-visibility":"","ast-main-header-display":"","ast-hfb-above-header-display":"","ast-hfb-below-header-display":"","ast-hfb-mobile-header-display":"","site-post-title":"disabled","ast-breadcrumbs-content":"","ast-featured-img":"disabled","footer-sml-layout":"","ast-disable-related-posts":"","theme-transparent-header-meta":"","adv-header-id-meta":"","stick-header-meta":"","header-above-stick-meta":"","header-main-stick-meta":"","header-below-stick-meta":"","astra-migrate-meta-layouts":"default","ast-page-background-enabled":"default","ast-page-background-meta":{"desktop":{"background-color":"","background-image":"","background-repeat":"repeat","background-position":"center center","background-size":"auto","background-attachment":"scroll","background-type":"","background-media":"","overlay-type":"","overlay-color":"","overlay-opacity":"","overlay-gradient":""},"tablet":{"background-color":"","background-image":"","background-repeat":"repeat","background-position":"center center","background-size":"auto","background-attachment":"scroll","background-type":"","background-media":"","overlay-type":"","overlay-color":"","overlay-opacity":"","overlay-gradient":""},"mobile":{"background-color":"","background-image":"","background-repeat":"repeat","background-position":"center center","background-size":"auto","background-attachment":"scroll","background-type":"","background-media":"","overlay-type":"","overlay-color":"","overlay-opacity":"","overlay-gradient":""}},"ast-content-background-meta":{"desktop":{"background-color":"var(--ast-global-color-5)","background-image":"","background-repeat":"repeat","background-position":"center center","background-size":"auto","background-attachment":"scroll","background-type":"","background-media":"","overlay-type":"","overlay-color":"","overlay-opacity":"","overlay-gradient":""},"tablet":{"background-color":"var(--ast-global-color-5)","background-image":"","background-repeat":"repeat","background-position":"center center","background-size":"auto","background-attachment":"scroll","background-type":"","background-media":"","overlay-type":"","overlay-color":"","overlay-opacity":"","overlay-gradient":""},"mobile":{"background-color":"var(--ast-global-color-5)","background-image":"","background-repeat":"repeat","background-position":"center center","background-size":"auto","background-attachment":"scroll","background-type":"","background-media":"","overlay-type":"","overlay-color":"","overlay-opacity":"","overlay-gradient":""}},"footnotes":""},"class_list":["post-3769","page","type-page","status-publish","hentry"],"yoast_head":"<!-- This site is optimized with the Yoast SEO plugin v27.4 - https:\/\/yoast.com\/product\/yoast-seo-wordpress\/ -->\n<title>Vesti\/Obave\u0161tenja - Univerzitet MB<\/title>\n<meta name=\"robots\" content=\"index, follow, max-snippet:-1, max-image-preview:large, max-video-preview:-1\" \/>\n<link rel=\"canonical\" href=\"https:\/\/mbuniverzitet.edu.rs\/en\/vesti-obavestenja-3\/\" \/>\n<meta property=\"og:locale\" content=\"en_GB\" \/>\n<meta property=\"og:type\" content=\"article\" \/>\n<meta property=\"og:title\" content=\"Vesti\/Obave\u0161tenja - Univerzitet MB\" \/>\n<meta property=\"og:description\" content=\"Univerzitet MB Centar za unapre\u0111enje kvaliteta Univerziteta &#8222;MB&#8220; Centar za unapre\u0111enje kvaliteta Organizacija Samovrednovanje i ocena kvaliteta Studentsko vrednovanje kvaliteta studija Propisi i dokumenta Projekti iz osiguranja kvaliteta Vesti\/Obave\u0161tenja Korisni linkovi Kontakt Osiguranje kvaliteta\/Vesti\/Obave\u0161tenja &#8211; Informacija o procesu samovrednovanja za zimski semestar \u0161kolske 2020\/2021. godine \u0107e se realizovati od 01.03-15.03.2021. godine. &#8211; Proces Samovrednovanja \u0107e [&hellip;]\" \/>\n<meta property=\"og:url\" content=\"https:\/\/mbuniverzitet.edu.rs\/en\/vesti-obavestenja-3\/\" \/>\n<meta property=\"og:site_name\" content=\"Univerzitet MB\" \/>\n<meta property=\"article:modified_time\" content=\"2022-01-21T10:08:27+00:00\" \/>\n<meta name=\"twitter:card\" content=\"summary_large_image\" \/>\n<meta name=\"twitter:label1\" content=\"Estimated reading time\" \/>\n\t<meta name=\"twitter:data1\" content=\"1 minute\" \/>\n<script type=\"application\/ld+json\" class=\"yoast-schema-graph\">{\"@context\":\"https:\\\/\\\/schema.org\",\"@graph\":[{\"@type\":\"WebPage\",\"@id\":\"https:\\\/\\\/mbuniverzitet.edu.rs\\\/vesti-obavestenja-3\\\/\",\"url\":\"https:\\\/\\\/mbuniverzitet.edu.rs\\\/vesti-obavestenja-3\\\/\",\"name\":\"Vesti\\\/Obave\u0161tenja - Univerzitet MB\",\"isPartOf\":{\"@id\":\"https:\\\/\\\/mbuniverzitet.edu.rs\\\/#website\"},\"datePublished\":\"2021-02-08T10:34:06+00:00\",\"dateModified\":\"2022-01-21T10:08:27+00:00\",\"breadcrumb\":{\"@id\":\"https:\\\/\\\/mbuniverzitet.edu.rs\\\/vesti-obavestenja-3\\\/#breadcrumb\"},\"inLanguage\":\"en-GB\",\"potentialAction\":[{\"@type\":\"ReadAction\",\"target\":[\"https:\\\/\\\/mbuniverzitet.edu.rs\\\/vesti-obavestenja-3\\\/\"]}]},{\"@type\":\"BreadcrumbList\",\"@id\":\"https:\\\/\\\/mbuniverzitet.edu.rs\\\/vesti-obavestenja-3\\\/#breadcrumb\",\"itemListElement\":[{\"@type\":\"ListItem\",\"position\":1,\"name\":\"Home\",\"item\":\"https:\\\/\\\/mbuniverzitet.edu.rs\\\/\"},{\"@type\":\"ListItem\",\"position\":2,\"name\":\"Vesti\\\/Obave\u0161tenja\"}]},{\"@type\":\"WebSite\",\"@id\":\"https:\\\/\\\/mbuniverzitet.edu.rs\\\/#website\",\"url\":\"https:\\\/\\\/mbuniverzitet.edu.rs\\\/\",\"name\":\"Univerzitet MB\",\"description\":\"\",\"publisher\":{\"@id\":\"https:\\\/\\\/mbuniverzitet.edu.rs\\\/#organization\"},\"potentialAction\":[{\"@type\":\"SearchAction\",\"target\":{\"@type\":\"EntryPoint\",\"urlTemplate\":\"https:\\\/\\\/mbuniverzitet.edu.rs\\\/?s={search_term_string}\"},\"query-input\":{\"@type\":\"PropertyValueSpecification\",\"valueRequired\":true,\"valueName\":\"search_term_string\"}}],\"inLanguage\":\"en-GB\"},{\"@type\":\"Organization\",\"@id\":\"https:\\\/\\\/mbuniverzitet.edu.rs\\\/#organization\",\"name\":\"Univerzitet MB\",\"url\":\"https:\\\/\\\/mbuniverzitet.edu.rs\\\/\",\"logo\":{\"@type\":\"ImageObject\",\"inLanguage\":\"en-GB\",\"@id\":\"https:\\\/\\\/mbuniverzitet.edu.rs\\\/#\\\/schema\\\/logo\\\/image\\\/\",\"url\":\"https:\\\/\\\/media.mbuniverzitet.edu.rs\\\/2020\\\/11\\\/UniMB-Logotip-u-postupku-akreditacije.png\",\"contentUrl\":\"https:\\\/\\\/media.mbuniverzitet.edu.rs\\\/2020\\\/11\\\/UniMB-Logotip-u-postupku-akreditacije.png\",\"width\":296,\"height\":90,\"caption\":\"Univerzitet MB\"},\"image\":{\"@id\":\"https:\\\/\\\/mbuniverzitet.edu.rs\\\/#\\\/schema\\\/logo\\\/image\\\/\"}}]}<\/script>\n<!-- \/ Yoast SEO plugin. -->","yoast_head_json":{"title":"Vesti\/Obave\u0161tenja - Univerzitet MB","robots":{"index":"index","follow":"follow","max-snippet":"max-snippet:-1","max-image-preview":"max-image-preview:large","max-video-preview":"max-video-preview:-1"},"canonical":"https:\/\/mbuniverzitet.edu.rs\/en\/vesti-obavestenja-3\/","og_locale":"en_GB","og_type":"article","og_title":"Vesti\/Obave\u0161tenja - Univerzitet MB","og_description":"Univerzitet MB Centar za unapre\u0111enje kvaliteta Univerziteta &#8222;MB&#8220; Centar za unapre\u0111enje kvaliteta Organizacija Samovrednovanje i ocena kvaliteta Studentsko vrednovanje kvaliteta studija Propisi i dokumenta Projekti iz osiguranja kvaliteta Vesti\/Obave\u0161tenja Korisni linkovi Kontakt Osiguranje kvaliteta\/Vesti\/Obave\u0161tenja &#8211; Informacija o procesu samovrednovanja za zimski semestar \u0161kolske 2020\/2021. godine \u0107e se realizovati od 01.03-15.03.2021. godine. &#8211; Proces Samovrednovanja \u0107e [&hellip;]","og_url":"https:\/\/mbuniverzitet.edu.rs\/en\/vesti-obavestenja-3\/","og_site_name":"Univerzitet MB","article_modified_time":"2022-01-21T10:08:27+00:00","twitter_card":"summary_large_image","twitter_misc":{"Estimated reading time":"1 minute"},"schema":{"@context":"https:\/\/schema.org","@graph":[{"@type":"WebPage","@id":"https:\/\/mbuniverzitet.edu.rs\/vesti-obavestenja-3\/","url":"https:\/\/mbuniverzitet.edu.rs\/vesti-obavestenja-3\/","name":"Vesti\/Obave\u0161tenja - Univerzitet MB","isPartOf":{"@id":"https:\/\/mbuniverzitet.edu.rs\/#website"},"datePublished":"2021-02-08T10:34:06+00:00","dateModified":"2022-01-21T10:08:27+00:00","breadcrumb":{"@id":"https:\/\/mbuniverzitet.edu.rs\/vesti-obavestenja-3\/#breadcrumb"},"inLanguage":"en-GB","potentialAction":[{"@type":"ReadAction","target":["https:\/\/mbuniverzitet.edu.rs\/vesti-obavestenja-3\/"]}]},{"@type":"BreadcrumbList","@id":"https:\/\/mbuniverzitet.edu.rs\/vesti-obavestenja-3\/#breadcrumb","itemListElement":[{"@type":"ListItem","position":1,"name":"Home","item":"https:\/\/mbuniverzitet.edu.rs\/"},{"@type":"ListItem","position":2,"name":"Vesti\/Obave\u0161tenja"}]},{"@type":"WebSite","@id":"https:\/\/mbuniverzitet.edu.rs\/#website","url":"https:\/\/mbuniverzitet.edu.rs\/","name":"MB University","description":"","publisher":{"@id":"https:\/\/mbuniverzitet.edu.rs\/#organization"},"potentialAction":[{"@type":"SearchAction","target":{"@type":"EntryPoint","urlTemplate":"https:\/\/mbuniverzitet.edu.rs\/?s={search_term_string}"},"query-input":{"@type":"PropertyValueSpecification","valueRequired":true,"valueName":"search_term_string"}}],"inLanguage":"en-GB"},{"@type":"Organization","@id":"https:\/\/mbuniverzitet.edu.rs\/#organization","name":"MB University","url":"https:\/\/mbuniverzitet.edu.rs\/","logo":{"@type":"ImageObject","inLanguage":"en-GB","@id":"https:\/\/mbuniverzitet.edu.rs\/#\/schema\/logo\/image\/","url":"https:\/\/media.mbuniverzitet.edu.rs\/2020\/11\/UniMB-Logotip-u-postupku-akreditacije.png","contentUrl":"https:\/\/media.mbuniverzitet.edu.rs\/2020\/11\/UniMB-Logotip-u-postupku-akreditacije.png","width":296,"height":90,"caption":"Univerzitet MB"},"image":{"@id":"https:\/\/mbuniverzitet.edu.rs\/#\/schema\/logo\/image\/"}}]}},"_links":{"self":[{"href":"https:\/\/mbuniverzitet.edu.rs\/en\/wp-json\/wp\/v2\/pages\/3769","targetHints":{"allow":["GET"]}}],"collection":[{"href":"https:\/\/mbuniverzitet.edu.rs\/en\/wp-json\/wp\/v2\/pages"}],"about":[{"href":"https:\/\/mbuniverzitet.edu.rs\/en\/wp-json\/wp\/v2\/types\/page"}],"author":[{"embeddable":true,"href":"https:\/\/mbuniverzitet.edu.rs\/en\/wp-json\/wp\/v2\/users\/1"}],"replies":[{"embeddable":true,"href":"https:\/\/mbuniverzitet.edu.rs\/en\/wp-json\/wp\/v2\/comments?post=3769"}],"version-history":[{"count":0,"href":"https:\/\/mbuniverzitet.edu.rs\/en\/wp-json\/wp\/v2\/pages\/3769\/revisions"}],"wp:attachment":[{"href":"https:\/\/mbuniverzitet.edu.rs\/en\/wp-json\/wp\/v2\/media?parent=3769"}],"curies":[{"name":"wp","href":"https:\/\/api.w.org\/{rel}","templated":true}]}}