{"id":3699,"date":"2021-02-08T11:04:16","date_gmt":"2021-02-08T10:04:16","guid":{"rendered":"https:\/\/mbuniverzitet.edu.rs\/?page_id=3699"},"modified":"2025-12-28T19:51:21","modified_gmt":"2025-12-28T18:51:21","slug":"naucni-casopisi","status":"publish","type":"page","link":"https:\/\/mbuniverzitet.edu.rs\/en\/naucni-casopisi\/","title":{"rendered":"Scientific journals"},"content":{"rendered":"\t\t<div data-elementor-type=\"wp-page\" data-elementor-id=\"3699\" class=\"elementor elementor-3699\">\n\t\t\t\t\t\t<section class=\"elementor-section elementor-top-section elementor-element elementor-element-c01cc59 elementor-section-full_width elementor-section-height-default elementor-section-height-default exad-glass-effect-no exad-sticky-section-no\" data-id=\"c01cc59\" data-element_type=\"section\" data-e-type=\"section\">\n\t\t\t\t\t\t<div class=\"elementor-container elementor-column-gap-default\">\n\t\t\t\t\t<div class=\"elementor-column elementor-col-100 elementor-top-column elementor-element elementor-element-3c74ce5 exad-glass-effect-no exad-sticky-section-no\" data-id=\"3c74ce5\" data-element_type=\"column\" data-e-type=\"column\">\n\t\t\t<div class=\"elementor-widget-wrap elementor-element-populated\">\n\t\t\t\t\t\t<div class=\"elementor-element elementor-element-f11cc5e exad-sticky-section-no exad-glass-effect-no elementor-widget elementor-widget-spacer\" data-id=\"f11cc5e\" data-element_type=\"widget\" data-e-type=\"widget\" data-widget_type=\"spacer.default\">\n\t\t\t\t<div class=\"elementor-widget-container\">\n\t\t\t\t\t\t\t<div class=\"elementor-spacer\">\n\t\t\t<div class=\"elementor-spacer-inner\"><\/div>\n\t\t<\/div>\n\t\t\t\t\t\t<\/div>\n\t\t\t\t<\/div>\n\t\t\t\t\t<\/div>\n\t\t<\/div>\n\t\t\t\t\t<\/div>\n\t\t<\/section>\n\t\t\t\t<section class=\"elementor-section elementor-top-section elementor-element elementor-element-fdda8ef elementor-section-boxed elementor-section-height-default elementor-section-height-default exad-glass-effect-no exad-sticky-section-no\" data-id=\"fdda8ef\" data-element_type=\"section\" data-e-type=\"section\">\n\t\t\t\t\t\t<div class=\"elementor-container elementor-column-gap-default\">\n\t\t\t\t\t<div class=\"elementor-column elementor-col-33 elementor-top-column elementor-element elementor-element-6783581 exad-glass-effect-no exad-sticky-section-no\" data-id=\"6783581\" data-element_type=\"column\" data-e-type=\"column\">\n\t\t\t<div class=\"elementor-widget-wrap elementor-element-populated\">\n\t\t\t\t\t\t<div class=\"elementor-element elementor-element-d609447 elementor-align-start elementor-icon-list--layout-traditional elementor-list-item-link-full_width exad-sticky-section-no exad-glass-effect-no elementor-widget elementor-widget-icon-list\" data-id=\"d609447\" data-element_type=\"widget\" data-e-type=\"widget\" data-widget_type=\"icon-list.default\">\n\t\t\t\t<div class=\"elementor-widget-container\">\n\t\t\t\t\t\t\t<ul class=\"elementor-icon-list-items\">\n\t\t\t\t\t\t\t<li class=\"elementor-icon-list-item\">\n\t\t\t\t\t\t\t\t\t\t\t<a href=\"https:\/\/mbuniverzitet.edu.rs\/naucni-casopisi\">\n\n\t\t\t\t\t\t\t\t\t\t\t\t<span class=\"elementor-icon-list-icon\">\n\t\t\t\t\t\t\t<i aria-hidden=\"true\" class=\"fas fa-angle-right\"><\/i>\t\t\t\t\t\t<\/span>\n\t\t\t\t\t\t\t\t\t\t<span class=\"elementor-icon-list-text\">Nau\u010dni \u010dasopisi<\/span>\n\t\t\t\t\t\t\t\t\t\t\t<\/a>\n\t\t\t\t\t\t\t\t\t<\/li>\n\t\t\t\t\t\t\t\t<li class=\"elementor-icon-list-item\">\n\t\t\t\t\t\t\t\t\t\t\t<a href=\"https:\/\/mbuniverzitet.edu.rs\/naucni-skupovi\/\">\n\n\t\t\t\t\t\t\t\t\t\t\t\t<span class=\"elementor-icon-list-icon\">\n\t\t\t\t\t\t\t<i aria-hidden=\"true\" class=\"fas fa-angle-right\"><\/i>\t\t\t\t\t\t<\/span>\n\t\t\t\t\t\t\t\t\t\t<span class=\"elementor-icon-list-text\">Nau\u010dni skupovi<\/span>\n\t\t\t\t\t\t\t\t\t\t\t<\/a>\n\t\t\t\t\t\t\t\t\t<\/li>\n\t\t\t\t\t\t\t\t<li class=\"elementor-icon-list-item\">\n\t\t\t\t\t\t\t\t\t\t\t<a href=\"https:\/\/mbuniverzitet.edu.rs\/vesti-obavestenja\/\">\n\n\t\t\t\t\t\t\t\t\t\t\t\t<span class=\"elementor-icon-list-icon\">\n\t\t\t\t\t\t\t<i aria-hidden=\"true\" class=\"fas fa-angle-right\"><\/i>\t\t\t\t\t\t<\/span>\n\t\t\t\t\t\t\t\t\t\t<span class=\"elementor-icon-list-text\">Vesti\/obave\u0161tenja<\/span>\n\t\t\t\t\t\t\t\t\t\t\t<\/a>\n\t\t\t\t\t\t\t\t\t<\/li>\n\t\t\t\t\t\t<\/ul>\n\t\t\t\t\t\t<\/div>\n\t\t\t\t<\/div>\n\t\t\t\t\t<\/div>\n\t\t<\/div>\n\t\t\t\t<div class=\"elementor-column elementor-col-66 elementor-top-column elementor-element elementor-element-b344845 exad-glass-effect-no exad-sticky-section-no\" data-id=\"b344845\" data-element_type=\"column\" data-e-type=\"column\">\n\t\t\t<div class=\"elementor-widget-wrap elementor-element-populated\">\n\t\t\t\t\t\t<div class=\"elementor-element elementor-element-beb6c4c exad-sticky-section-no exad-glass-effect-no elementor-widget elementor-widget-heading\" data-id=\"beb6c4c\" data-element_type=\"widget\" data-e-type=\"widget\" data-widget_type=\"heading.default\">\n\t\t\t\t<div class=\"elementor-widget-container\">\n\t\t\t\t\t<h2 class=\"elementor-heading-title elementor-size-default\">Nau\u010dni \u010dasopisi<\/h2>\t\t\t\t<\/div>\n\t\t\t\t<\/div>\n\t\t\t\t<div class=\"elementor-element elementor-element-601c8fe exad-sticky-section-no exad-glass-effect-no elementor-widget elementor-widget-heading\" data-id=\"601c8fe\" data-element_type=\"widget\" data-e-type=\"widget\" data-widget_type=\"heading.default\">\n\t\t\t\t<div class=\"elementor-widget-container\">\n\t\t\t\t\t<h2 class=\"elementor-heading-title elementor-size-default\"><a href=\"https:\/\/mbuniverzitet.edu.rs\/wp-content\/uploads\/2025\/12\/MBUIR_broj-6_knjizni-blok_za-WEB.pdf\" target=\"_blank\">MB University International Review - MBUIR \nJournal of Theory and Practice Vol. lll (2025), No. 2<\/a><\/h2>\t\t\t\t<\/div>\n\t\t\t\t<\/div>\n\t\t\t\t<div class=\"elementor-element elementor-element-d25293e exad-sticky-section-no exad-glass-effect-no elementor-widget elementor-widget-heading\" data-id=\"d25293e\" data-element_type=\"widget\" data-e-type=\"widget\" data-widget_type=\"heading.default\">\n\t\t\t\t<div class=\"elementor-widget-container\">\n\t\t\t\t\t<h2 class=\"elementor-heading-title elementor-size-default\"><a href=\"https:\/\/mbuniverzitet.edu.rs\/wp-content\/uploads\/2025\/07\/MBUIR_broj-5_knjizni-blok_za-Web-stranicu.pdf\" target=\"_blank\">MB University International Review - MBUIR \nJournal of Theory and Practice Vol. lll (2025), No. 1<\/a><\/h2>\t\t\t\t<\/div>\n\t\t\t\t<\/div>\n\t\t\t\t<div class=\"elementor-element elementor-element-8641910 exad-sticky-section-no exad-glass-effect-no elementor-widget elementor-widget-heading\" data-id=\"8641910\" data-element_type=\"widget\" data-e-type=\"widget\" data-widget_type=\"heading.default\">\n\t\t\t\t<div class=\"elementor-widget-container\">\n\t\t\t\t\t<h2 class=\"elementor-heading-title elementor-size-default\"><a href=\"https:\/\/mbuniverzitet.edu.rs\/wp-content\/uploads\/2024\/12\/MBUIR_broj-4_za-web.pdf\" target=\"_blank\">MB University International Review \u2013 MBUIR, Journal of Theory and Practice, Vol. II (2024), No. 2.<\/a><\/h2>\t\t\t\t<\/div>\n\t\t\t\t<\/div>\n\t\t\t\t<div class=\"elementor-element elementor-element-4bdb2e3 exad-sticky-section-no exad-glass-effect-no elementor-widget elementor-widget-heading\" data-id=\"4bdb2e3\" data-element_type=\"widget\" data-e-type=\"widget\" data-widget_type=\"heading.default\">\n\t\t\t\t<div class=\"elementor-widget-container\">\n\t\t\t\t\t<h2 class=\"elementor-heading-title elementor-size-default\"><a href=\"https:\/\/mbuniverzitet.edu.rs\/wp-content\/uploads\/2024\/01\/MBUIR_broj-2_za-WEB.pdf\" target=\"_blank\">MB University International Review Number 2<\/a><\/h2>\t\t\t\t<\/div>\n\t\t\t\t<\/div>\n\t\t\t\t<div class=\"elementor-element elementor-element-fd44758 exad-sticky-section-no exad-glass-effect-no elementor-widget elementor-widget-heading\" data-id=\"fd44758\" data-element_type=\"widget\" data-e-type=\"widget\" data-widget_type=\"heading.default\">\n\t\t\t\t<div class=\"elementor-widget-container\">\n\t\t\t\t\t<h2 class=\"elementor-heading-title elementor-size-default\"><a href=\"https:\/\/mbuniverzitet.edu.rs\/wp-content\/uploads\/2023\/12\/MBUIR_broj-1_web.pdf\" target=\"_blank\">MB University International Review Number 1<\/a><\/h2>\t\t\t\t<\/div>\n\t\t\t\t<\/div>\n\t\t\t\t<div class=\"elementor-element elementor-element-7170fdc exad-sticky-section-no exad-glass-effect-no elementor-widget elementor-widget-spacer\" data-id=\"7170fdc\" data-element_type=\"widget\" data-e-type=\"widget\" data-widget_type=\"spacer.default\">\n\t\t\t\t<div class=\"elementor-widget-container\">\n\t\t\t\t\t\t\t<div class=\"elementor-spacer\">\n\t\t\t<div class=\"elementor-spacer-inner\"><\/div>\n\t\t<\/div>\n\t\t\t\t\t\t<\/div>\n\t\t\t\t<\/div>\n\t\t\t\t<div class=\"elementor-element elementor-element-e679eb7 exad-sticky-section-no exad-glass-effect-no elementor-widget elementor-widget-text-editor\" data-id=\"e679eb7\" data-element_type=\"widget\" data-e-type=\"widget\" data-widget_type=\"text-editor.default\">\n\t\t\t\t<div class=\"elementor-widget-container\">\n\t\t\t\t\t\t\t\t\t<p>Na Poslovnom i pravnom fakultetu Univerziteta MB se trenutno realizuju dva nau\u010dna \u010dasopisa:<\/p><p>&#8211; FBIM Transactions- MESTE NGO, Beograd, Univerzitet \u201eUnion-Nikola Tesla\u201c, Fakultet za poslovne studije i pravo u Beogradu, SZ &amp; Associates, Toronto, Canada- M53, \u0418\u0421\u0421\u041d: 2334-718X:\u00a0<\/p><p><a href=\"https:\/\/fbim.meste.org\/\" target=\"_blank\" rel=\"noopener\">FBIM Transactions (meste.org)<\/a><\/p><p>CIP \u2013 Katalogizacija u publikaciji Narodna biblioteka Srbije, Beograd 336+004+005 FBIM Transactions : Finance, Business, Information &amp; Industrial technologies, Management \/ glavni i odgovorni urednik Zoran P. \u010cekerevac. \u2013 [\u0160tampano izd.]. \u2013 Year 8, No. 2 (2020) &#8211; . \u2013 Beograd : MESTE NVO : Fakultet za poslovno industrijski menad\u017ement ; Toronto : SZ &amp; Associates, 2013- (Beograd : ICIM+). \u2013 30 cm Polugodi\u0161nje. \u2013 Tekst na srp. i engl. jeziku. &#8211; Drugo izdanje na drugom medijumu: FBIM Transactions (Online) = ISSN 2334-704X ISSN 2334-718X = FBIM Transactions (\u0160tampano Izd.) COBISS.SR- ID 196184844.<\/p><p>&#8211; MEST Journal, MESTE NGO, Beograd, Fakultet za poslovne studije i pravo, Univerzitet \u201eUNION \u2013 Nikola Tesla\u201c, SZ &amp; Associates, Toronto, Canada, M53, \u0418\u0421\u0421\u041d: 2334-7171.<\/p><p><a href=\"https:\/\/mest.meste.org\/\" target=\"_blank\" rel=\"noopener\">MEST Journal (meste.org)<\/a><\/p><p><strong>\u00a0<\/strong>CIP \u2013 Katalogizacija u publikaciji Narodna biblioteka Srbije, Beograd 005+37+3+66 MEST Journal : Management, Education, Science &amp; Society, Technologies \/ editor-in-chief Zoran P. \u010cekerevac. \u2013 [\u0160tampano izd.]. \u2013 Vol. 8, no. 2 (2020) \u2013 \u2013 Belgrade : MESTE NGO : Faculty of Business and Law of the \u201cUnion \u2013 Nikola Tesla\u201d University in Belgrade ; Toronto : SZ &amp; Associates, 2013- (Belgrade : ICIM+). \u2013 30 cm Polugodi\u0161nje. &#8211; Drugo izdanje na drugom medijumu: MEST Journal (Online) = ISSN 2334-7058 ISSN 2334-7171 = MEST Journal (\u0160tampano Izd.) COBISS.SR- ID 196182028<\/p><p>Kategorizacija nau\u010dnih \u010dasopisa obavlja se po proceduri propisanoj\u00a0<a href=\"https:\/\/mpn.gov.rs\/wp-content\/uploads\/2021\/10\/Pravilnik-o-kategorizaciji-i-rangiranju-naucnih-casopisa-159_2020-115-1.pdf\" target=\"_blank\" rel=\"noopener\">Pravilnikom\u00a0 o kategorizaciji i rangiranju nau\u010dnih \u010dasopisa<\/a>.<\/p><p>Preduslov za kategorizaciju nau\u010dnog \u010dasopisa je da \u010dasopis bude dostavljen u\u00a0<a href=\"http:\/\/repozitorijum.nb.rs\/\" target=\"_blank\" rel=\"noopener\">Digitalni repzitorijum Narodne biblioteke Srbije<\/a>.<\/p><p>Pra\u0107enje \u010dasopisa koji se ne nalazi na godi\u0161njoj listi kategorizovanih \u010dasopisa za potrebe postupka ocenjivanja traje dve kalendarske godine.\u00a0<\/p><p>S tim u vezi, potrebno je da se urednici pomenutih i svih novopokrenutih \u010dasopisa obrate nadle\u017enom Mati\u010dnom nau\u010dnom odboru sa zahtevom za kategorisanje u konkretnoj nau\u010dnoj oblasti, a u skladu sa Prilogom 2 Pravilinka o kategorizaciji i rangiranju nau\u010dnih \u010dasopisa. \u010casopis mo\u017ee biti kategorisan u vi\u0161e nau\u010dnih oblasti.<\/p><p>Oblik izdanja \u010dasopisa (\u0161tampani, elektronski dostupan ili paralelno oba oblika izdanja) ne uti\u010de na odluku o nau\u010dnom statusu \u010dasopisa.<\/p><p>Postupak kategorizacije podrazumeva:<\/p><ol><li>Izrada bibliometrijske analize prema volumenu iz prethodne godine;<\/li><li>Predlozi Mati\u010dnih nau\u010dnih odbora na osnovu izve\u0161taja o bibliometrijskoj analizi;<\/li><li>Predlog Komisije za utvr\u0111ivanje godi\u0161nje liste kategorizovanih nau\u010dnih \u010dasopisa;<\/li><li>Kona\u010dna godi\u0161nja lista koja se objavljuje krajem kalendarske godine.<\/li><\/ol><p><a href=\"https:\/\/mpn.gov.rs\/nauka\/nauka-i-istrazivanje-u-srbiji\/kategorizacija-naucnih-casopisa\/\" target=\"_blank\" rel=\"noopener\">Kategorizacija nau\u010dnih \u010dasopisa 2021.<\/a><\/p><p><a href=\"https:\/\/mpn.gov.rs\/wp-content\/uploads\/2021\/12\/Lista-naucnih-casopisa-domacih-izdavaca-za-2021.pdf\" target=\"_blank\" rel=\"noopener\">Kategorizacija nau\u010dnih \u010dasopisa za 2021.godinu \u010diji izdava\u010di su iz Republike Srbije<\/a><\/p>\t\t\t\t\t\t\t\t<\/div>\n\t\t\t\t<\/div>\n\t\t\t\t\t<\/div>\n\t\t<\/div>\n\t\t\t\t\t<\/div>\n\t\t<\/section>\n\t\t\t\t<section class=\"elementor-section elementor-top-section elementor-element elementor-element-b98d682 elementor-section-full_width elementor-section-height-default elementor-section-height-default exad-glass-effect-no exad-sticky-section-no\" data-id=\"b98d682\" data-element_type=\"section\" data-e-type=\"section\">\n\t\t\t\t\t\t<div class=\"elementor-container elementor-column-gap-default\">\n\t\t\t\t\t<div class=\"elementor-column elementor-col-100 elementor-top-column elementor-element elementor-element-6b7beb7 exad-glass-effect-no exad-sticky-section-no\" data-id=\"6b7beb7\" data-element_type=\"column\" data-e-type=\"column\">\n\t\t\t<div class=\"elementor-widget-wrap elementor-element-populated\">\n\t\t\t\t\t\t<div class=\"elementor-element elementor-element-0dee27b exad-sticky-section-no exad-glass-effect-no elementor-widget elementor-widget-spacer\" data-id=\"0dee27b\" data-element_type=\"widget\" data-e-type=\"widget\" data-widget_type=\"spacer.default\">\n\t\t\t\t<div class=\"elementor-widget-container\">\n\t\t\t\t\t\t\t<div class=\"elementor-spacer\">\n\t\t\t<div class=\"elementor-spacer-inner\"><\/div>\n\t\t<\/div>\n\t\t\t\t\t\t<\/div>\n\t\t\t\t<\/div>\n\t\t\t\t\t<\/div>\n\t\t<\/div>\n\t\t\t\t\t<\/div>\n\t\t<\/section>\n\t\t\t\t<\/div>\n\t\t","protected":false},"excerpt":{"rendered":"<p>Nau\u010dni \u010dasopisi Nau\u010dni skupovi Vesti\/obave\u0161tenja Nau\u010dni \u010dasopisi MB University International Review &#8211; MBUIR Journal of Theory and Practice Vol. lll (2025), No. 2 MB University International Review &#8211; MBUIR Journal of Theory and Practice Vol. lll (2025), No. 1 MB University International Review \u2013 MBUIR, Journal of Theory and Practice, Vol. II (2024), No. 2. [&hellip;]<\/p>\n","protected":false},"author":1,"featured_media":0,"parent":0,"menu_order":0,"comment_status":"closed","ping_status":"closed","template":"elementor_header_footer","meta":{"_eb_attr":"","site-sidebar-layout":"no-sidebar","site-content-layout":"page-builder","ast-site-content-layout":"full-width-container","site-content-style":"unboxed","site-sidebar-style":"unboxed","ast-global-header-display":"","ast-banner-title-visibility":"","ast-main-header-display":"","ast-hfb-above-header-display":"","ast-hfb-below-header-display":"","ast-hfb-mobile-header-display":"","site-post-title":"disabled","ast-breadcrumbs-content":"","ast-featured-img":"disabled","footer-sml-layout":"","ast-disable-related-posts":"","theme-transparent-header-meta":"","adv-header-id-meta":"","stick-header-meta":"","header-above-stick-meta":"","header-main-stick-meta":"","header-below-stick-meta":"","astra-migrate-meta-layouts":"set","ast-page-background-enabled":"default","ast-page-background-meta":{"desktop":{"background-color":"","background-image":"","background-repeat":"repeat","background-position":"center center","background-size":"auto","background-attachment":"scroll","background-type":"","background-media":"","overlay-type":"","overlay-color":"","overlay-opacity":"","overlay-gradient":""},"tablet":{"background-color":"","background-image":"","background-repeat":"repeat","background-position":"center center","background-size":"auto","background-attachment":"scroll","background-type":"","background-media":"","overlay-type":"","overlay-color":"","overlay-opacity":"","overlay-gradient":""},"mobile":{"background-color":"","background-image":"","background-repeat":"repeat","background-position":"center center","background-size":"auto","background-attachment":"scroll","background-type":"","background-media":"","overlay-type":"","overlay-color":"","overlay-opacity":"","overlay-gradient":""}},"ast-content-background-meta":{"desktop":{"background-color":"var(--ast-global-color-5)","background-image":"","background-repeat":"repeat","background-position":"center center","background-size":"auto","background-attachment":"scroll","background-type":"","background-media":"","overlay-type":"","overlay-color":"","overlay-opacity":"","overlay-gradient":""},"tablet":{"background-color":"var(--ast-global-color-5)","background-image":"","background-repeat":"repeat","background-position":"center center","background-size":"auto","background-attachment":"scroll","background-type":"","background-media":"","overlay-type":"","overlay-color":"","overlay-opacity":"","overlay-gradient":""},"mobile":{"background-color":"var(--ast-global-color-5)","background-image":"","background-repeat":"repeat","background-position":"center center","background-size":"auto","background-attachment":"scroll","background-type":"","background-media":"","overlay-type":"","overlay-color":"","overlay-opacity":"","overlay-gradient":""}},"footnotes":""},"class_list":["post-3699","page","type-page","status-publish","hentry"],"yoast_head":"<!-- This site is optimized with the Yoast SEO plugin v27.4 - https:\/\/yoast.com\/product\/yoast-seo-wordpress\/ -->\n<title>Nau\u010dni \u010dasopisi - Univerzitet MB<\/title>\n<meta name=\"robots\" content=\"index, follow, max-snippet:-1, max-image-preview:large, max-video-preview:-1\" \/>\n<link rel=\"canonical\" href=\"https:\/\/mbuniverzitet.edu.rs\/en\/naucni-casopisi\/\" \/>\n<meta property=\"og:locale\" content=\"en_GB\" \/>\n<meta property=\"og:type\" content=\"article\" \/>\n<meta property=\"og:title\" content=\"Nau\u010dni \u010dasopisi - Univerzitet MB\" \/>\n<meta property=\"og:description\" content=\"Nau\u010dni \u010dasopisi Nau\u010dni skupovi Vesti\/obave\u0161tenja Nau\u010dni \u010dasopisi MB University International Review &#8211; MBUIR Journal of Theory and Practice Vol. lll (2025), No. 2 MB University International Review &#8211; MBUIR Journal of Theory and Practice Vol. lll (2025), No. 1 MB University International Review \u2013 MBUIR, Journal of Theory and Practice, Vol. II (2024), No. 2. [&hellip;]\" \/>\n<meta property=\"og:url\" content=\"https:\/\/mbuniverzitet.edu.rs\/en\/naucni-casopisi\/\" \/>\n<meta property=\"og:site_name\" content=\"Univerzitet MB\" \/>\n<meta property=\"article:modified_time\" content=\"2025-12-28T18:51:21+00:00\" \/>\n<meta name=\"twitter:card\" content=\"summary_large_image\" \/>\n<meta name=\"twitter:label1\" content=\"Estimated reading time\" \/>\n\t<meta name=\"twitter:data1\" content=\"2 minutes\" \/>\n<script type=\"application\/ld+json\" class=\"yoast-schema-graph\">{\"@context\":\"https:\\\/\\\/schema.org\",\"@graph\":[{\"@type\":\"WebPage\",\"@id\":\"https:\\\/\\\/mbuniverzitet.edu.rs\\\/naucni-casopisi\\\/\",\"url\":\"https:\\\/\\\/mbuniverzitet.edu.rs\\\/naucni-casopisi\\\/\",\"name\":\"Nau\u010dni \u010dasopisi - Univerzitet MB\",\"isPartOf\":{\"@id\":\"https:\\\/\\\/mbuniverzitet.edu.rs\\\/#website\"},\"datePublished\":\"2021-02-08T10:04:16+00:00\",\"dateModified\":\"2025-12-28T18:51:21+00:00\",\"breadcrumb\":{\"@id\":\"https:\\\/\\\/mbuniverzitet.edu.rs\\\/naucni-casopisi\\\/#breadcrumb\"},\"inLanguage\":\"en-GB\",\"potentialAction\":[{\"@type\":\"ReadAction\",\"target\":[\"https:\\\/\\\/mbuniverzitet.edu.rs\\\/naucni-casopisi\\\/\"]}]},{\"@type\":\"BreadcrumbList\",\"@id\":\"https:\\\/\\\/mbuniverzitet.edu.rs\\\/naucni-casopisi\\\/#breadcrumb\",\"itemListElement\":[{\"@type\":\"ListItem\",\"position\":1,\"name\":\"Home\",\"item\":\"https:\\\/\\\/mbuniverzitet.edu.rs\\\/\"},{\"@type\":\"ListItem\",\"position\":2,\"name\":\"Nau\u010dni \u010dasopisi\"}]},{\"@type\":\"WebSite\",\"@id\":\"https:\\\/\\\/mbuniverzitet.edu.rs\\\/#website\",\"url\":\"https:\\\/\\\/mbuniverzitet.edu.rs\\\/\",\"name\":\"Univerzitet MB\",\"description\":\"\",\"publisher\":{\"@id\":\"https:\\\/\\\/mbuniverzitet.edu.rs\\\/#organization\"},\"potentialAction\":[{\"@type\":\"SearchAction\",\"target\":{\"@type\":\"EntryPoint\",\"urlTemplate\":\"https:\\\/\\\/mbuniverzitet.edu.rs\\\/?s={search_term_string}\"},\"query-input\":{\"@type\":\"PropertyValueSpecification\",\"valueRequired\":true,\"valueName\":\"search_term_string\"}}],\"inLanguage\":\"en-GB\"},{\"@type\":\"Organization\",\"@id\":\"https:\\\/\\\/mbuniverzitet.edu.rs\\\/#organization\",\"name\":\"Univerzitet MB\",\"url\":\"https:\\\/\\\/mbuniverzitet.edu.rs\\\/\",\"logo\":{\"@type\":\"ImageObject\",\"inLanguage\":\"en-GB\",\"@id\":\"https:\\\/\\\/mbuniverzitet.edu.rs\\\/#\\\/schema\\\/logo\\\/image\\\/\",\"url\":\"https:\\\/\\\/media.mbuniverzitet.edu.rs\\\/2020\\\/11\\\/UniMB-Logotip-u-postupku-akreditacije.png\",\"contentUrl\":\"https:\\\/\\\/media.mbuniverzitet.edu.rs\\\/2020\\\/11\\\/UniMB-Logotip-u-postupku-akreditacije.png\",\"width\":296,\"height\":90,\"caption\":\"Univerzitet MB\"},\"image\":{\"@id\":\"https:\\\/\\\/mbuniverzitet.edu.rs\\\/#\\\/schema\\\/logo\\\/image\\\/\"}}]}<\/script>\n<!-- \/ Yoast SEO plugin. -->","yoast_head_json":{"title":"Nau\u010dni \u010dasopisi - Univerzitet MB","robots":{"index":"index","follow":"follow","max-snippet":"max-snippet:-1","max-image-preview":"max-image-preview:large","max-video-preview":"max-video-preview:-1"},"canonical":"https:\/\/mbuniverzitet.edu.rs\/en\/naucni-casopisi\/","og_locale":"en_GB","og_type":"article","og_title":"Nau\u010dni \u010dasopisi - Univerzitet MB","og_description":"Nau\u010dni \u010dasopisi Nau\u010dni skupovi Vesti\/obave\u0161tenja Nau\u010dni \u010dasopisi MB University International Review &#8211; MBUIR Journal of Theory and Practice Vol. lll (2025), No. 2 MB University International Review &#8211; MBUIR Journal of Theory and Practice Vol. lll (2025), No. 1 MB University International Review \u2013 MBUIR, Journal of Theory and Practice, Vol. II (2024), No. 2. [&hellip;]","og_url":"https:\/\/mbuniverzitet.edu.rs\/en\/naucni-casopisi\/","og_site_name":"Univerzitet MB","article_modified_time":"2025-12-28T18:51:21+00:00","twitter_card":"summary_large_image","twitter_misc":{"Estimated reading time":"2 minutes"},"schema":{"@context":"https:\/\/schema.org","@graph":[{"@type":"WebPage","@id":"https:\/\/mbuniverzitet.edu.rs\/naucni-casopisi\/","url":"https:\/\/mbuniverzitet.edu.rs\/naucni-casopisi\/","name":"Nau\u010dni \u010dasopisi - Univerzitet MB","isPartOf":{"@id":"https:\/\/mbuniverzitet.edu.rs\/#website"},"datePublished":"2021-02-08T10:04:16+00:00","dateModified":"2025-12-28T18:51:21+00:00","breadcrumb":{"@id":"https:\/\/mbuniverzitet.edu.rs\/naucni-casopisi\/#breadcrumb"},"inLanguage":"en-GB","potentialAction":[{"@type":"ReadAction","target":["https:\/\/mbuniverzitet.edu.rs\/naucni-casopisi\/"]}]},{"@type":"BreadcrumbList","@id":"https:\/\/mbuniverzitet.edu.rs\/naucni-casopisi\/#breadcrumb","itemListElement":[{"@type":"ListItem","position":1,"name":"Home","item":"https:\/\/mbuniverzitet.edu.rs\/"},{"@type":"ListItem","position":2,"name":"Nau\u010dni \u010dasopisi"}]},{"@type":"WebSite","@id":"https:\/\/mbuniverzitet.edu.rs\/#website","url":"https:\/\/mbuniverzitet.edu.rs\/","name":"MB University","description":"","publisher":{"@id":"https:\/\/mbuniverzitet.edu.rs\/#organization"},"potentialAction":[{"@type":"SearchAction","target":{"@type":"EntryPoint","urlTemplate":"https:\/\/mbuniverzitet.edu.rs\/?s={search_term_string}"},"query-input":{"@type":"PropertyValueSpecification","valueRequired":true,"valueName":"search_term_string"}}],"inLanguage":"en-GB"},{"@type":"Organization","@id":"https:\/\/mbuniverzitet.edu.rs\/#organization","name":"MB University","url":"https:\/\/mbuniverzitet.edu.rs\/","logo":{"@type":"ImageObject","inLanguage":"en-GB","@id":"https:\/\/mbuniverzitet.edu.rs\/#\/schema\/logo\/image\/","url":"https:\/\/media.mbuniverzitet.edu.rs\/2020\/11\/UniMB-Logotip-u-postupku-akreditacije.png","contentUrl":"https:\/\/media.mbuniverzitet.edu.rs\/2020\/11\/UniMB-Logotip-u-postupku-akreditacije.png","width":296,"height":90,"caption":"Univerzitet MB"},"image":{"@id":"https:\/\/mbuniverzitet.edu.rs\/#\/schema\/logo\/image\/"}}]}},"_links":{"self":[{"href":"https:\/\/mbuniverzitet.edu.rs\/en\/wp-json\/wp\/v2\/pages\/3699","targetHints":{"allow":["GET"]}}],"collection":[{"href":"https:\/\/mbuniverzitet.edu.rs\/en\/wp-json\/wp\/v2\/pages"}],"about":[{"href":"https:\/\/mbuniverzitet.edu.rs\/en\/wp-json\/wp\/v2\/types\/page"}],"author":[{"embeddable":true,"href":"https:\/\/mbuniverzitet.edu.rs\/en\/wp-json\/wp\/v2\/users\/1"}],"replies":[{"embeddable":true,"href":"https:\/\/mbuniverzitet.edu.rs\/en\/wp-json\/wp\/v2\/comments?post=3699"}],"version-history":[{"count":0,"href":"https:\/\/mbuniverzitet.edu.rs\/en\/wp-json\/wp\/v2\/pages\/3699\/revisions"}],"wp:attachment":[{"href":"https:\/\/mbuniverzitet.edu.rs\/en\/wp-json\/wp\/v2\/media?parent=3699"}],"curies":[{"name":"wp","href":"https:\/\/api.w.org\/{rel}","templated":true}]}}