{"id":26,"date":"2020-06-12T09:32:59","date_gmt":"2020-06-12T08:32:59","guid":{"rendered":"https:\/\/mbuniverzitet.edu.rs\/?page_id=26"},"modified":"2022-11-01T13:43:31","modified_gmt":"2022-11-01T12:43:31","slug":"doktorske-akademske-studije","status":"publish","type":"page","link":"https:\/\/mbuniverzitet.edu.rs\/en\/doktorske-akademske-studije\/","title":{"rendered":"Doctoral academic studies"},"content":{"rendered":"<div data-elementor-type=\"wp-page\" data-elementor-id=\"26\" class=\"elementor elementor-26\">\n\t\t\t\t\t\t<section class=\"elementor-section elementor-top-section elementor-element elementor-element-aa0204d elementor-section-full_width elementor-section-height-default elementor-section-height-default exad-glass-effect-no exad-sticky-section-no\" data-id=\"aa0204d\" data-element_type=\"section\" data-e-type=\"section\">\n\t\t\t\t\t\t<div class=\"elementor-container elementor-column-gap-default\">\n\t\t\t\t\t<div class=\"elementor-column elementor-col-100 elementor-top-column elementor-element elementor-element-fca881f exad-glass-effect-no exad-sticky-section-no\" data-id=\"fca881f\" data-element_type=\"column\" data-e-type=\"column\">\n\t\t\t<div class=\"elementor-widget-wrap elementor-element-populated\">\n\t\t\t\t\t\t<div class=\"elementor-element elementor-element-b19a061 exad-sticky-section-no exad-glass-effect-no elementor-widget elementor-widget-spacer\" data-id=\"b19a061\" data-element_type=\"widget\" data-e-type=\"widget\" data-widget_type=\"spacer.default\">\n\t\t\t\t<div class=\"elementor-widget-container\">\n\t\t\t\t\t\t\t<div class=\"elementor-spacer\">\n\t\t\t<div class=\"elementor-spacer-inner\"><\/div>\n\t\t<\/div>\n\t\t\t\t\t\t<\/div>\n\t\t\t\t<\/div>\n\t\t\t\t\t<\/div>\n\t\t<\/div>\n\t\t\t\t\t<\/div>\n\t\t<\/section>\n\t\t\t\t<section class=\"elementor-section elementor-top-section elementor-element elementor-element-337e98d elementor-section-boxed elementor-section-height-default elementor-section-height-default exad-glass-effect-no exad-sticky-section-no\" data-id=\"337e98d\" data-element_type=\"section\" data-e-type=\"section\">\n\t\t\t\t\t\t<div class=\"elementor-container elementor-column-gap-default\">\n\t\t\t\t\t<div class=\"elementor-column elementor-col-100 elementor-top-column elementor-element elementor-element-efda588 exad-glass-effect-no exad-sticky-section-no\" data-id=\"efda588\" data-element_type=\"column\" data-e-type=\"column\">\n\t\t\t<div class=\"elementor-widget-wrap elementor-element-populated\">\n\t\t\t\t\t\t<div class=\"elementor-element elementor-element-432c708 exad-sticky-section-no exad-glass-effect-no elementor-widget elementor-widget-heading\" data-id=\"432c708\" data-element_type=\"widget\" data-e-type=\"widget\" data-widget_type=\"heading.default\">\n\t\t\t\t<div class=\"elementor-widget-container\">\n\t\t\t\t\t<h2 class=\"elementor-heading-title elementor-size-default\">Doctoral academic studies- the third level of higher education<\/h2>\t\t\t\t<\/div>\n\t\t\t\t<\/div>\n\t\t\t\t\t<\/div>\n\t\t<\/div>\n\t\t\t\t\t<\/div>\n\t\t<\/section>\n\t\t\t\t<section class=\"elementor-section elementor-top-section elementor-element elementor-element-6ec348fa elementor-section-boxed elementor-section-height-default elementor-section-height-default exad-glass-effect-no exad-sticky-section-no\" data-id=\"6ec348fa\" data-element_type=\"section\" data-e-type=\"section\">\n\t\t\t\t\t\t<div class=\"elementor-container elementor-column-gap-default\">\n\t\t\t\t\t<div class=\"elementor-column elementor-col-100 elementor-top-column elementor-element elementor-element-133e928e exad-glass-effect-no exad-sticky-section-no\" data-id=\"133e928e\" data-element_type=\"column\" data-e-type=\"column\">\n\t\t\t<div class=\"elementor-widget-wrap elementor-element-populated\">\n\t\t\t\t\t\t<div class=\"elementor-element elementor-element-4c3a4430 exad-sticky-section-no exad-glass-effect-no elementor-widget elementor-widget-text-editor\" data-id=\"4c3a4430\" data-element_type=\"widget\" data-e-type=\"widget\" data-widget_type=\"text-editor.default\">\n\t\t\t\t<div class=\"elementor-widget-container\">\n\t\t\t\t\t\t\t\t\t<p>All doctoral degree programs at MB University are accredited by the National Entity for Accreditation and Quality Assurance in Higher Education (NEAQUA), under the supervision of the Ministry of Education, Science, and Technological Development. These programs adhere to the principles outlined in the Bologna Declaration and facilitate the implementation of the European Credit Transfer System (ECTS).<\/p><p>The curriculums are modelled after the programs from esteemed European faculties and universities, incorporating valuable experience from our region. Our study programs are meticulously designed to meet the demands of the business environment. Students engage in internships and tackle practical challenges in their master's theses, collaborating with a wide range of partners including companies, banks, legal entities, institutes, cultural institutions, and other organizations affiliated with MB University.<\/p><p>MB University is committed to excellence in education, scientific research, innovation, and knowledge transfer. Our scientific and research activities encompass both fundamental and applied exploration across a spectrum of disciplines, including artistic, technical and technological and humanistic- social sciences.<\/p><p>Upon successful completion of doctoral academic studies in the study programs of Business Management, Advanced Information Technologies, and Classical Painting, students are conferred with prestigious academic and professional titles. Specifically, they attain the esteemed academic titles of PhD in Management and Business, PhD in Information Technologies and Systems, and the professional title of Doctor of Fine Arts (180 ECTS). These qualifications signify the completion of rigorous academic pursuits and demonstrate the mastery of knowledge and skills in their respective fields. They are conferred to the students who:<\/p><p>\u2013have demonstrated a systematic comprehension of specific scientific domains within DHP, as well as within the educational and artistic fields of Arts, particularly in management and business, advanced information technologies, and fine arts;<\/p><p>\u2013 have adeptly mastered the skills and methodologies essential for conducting research in the scientific domains of management and business, as well as advanced information technologies and fine arts;<\/p><p>\u2013 have demonstrated the ability of formulating and developing concepts, projecting and application of research in the scientific field of management and business, advanced information technology and art;<\/p><p>\u2013 have demonstrated the capability to adjust the process of scientific and artistic research with the essential level of academic integrity;<\/p><p>\u2013have attained the accomplishments that push the boundaries of knowledge in the fields of management and business, advanced information technologies, and fine arts through original research and significant scientific and artistic contributions. These achievements have been published and serve as benchmarks both on national and international level.<\/p><p>\u2013 are proficient in critical analysis, evaluation, and synthesis, and excel at integrating new and intricate scientific and artistic concepts within the domains of management and business, advanced information technologies, and fine arts;<\/p><p>\u2013possess the ability to effectively transfer professional knowledge and ideas derived from the disciplines of management and business, advanced information technologies, and fine arts to their peers, the broader academic community, and society at large;<\/p><p>\u2013 are capable of fostering technological, social, and cultural advancement within both academic and professional settings, particularly in the scientific fields of management and business, advanced information technologies, and fine arts.<\/p><p>\u00a0<\/p><p>MB University actively fosters and facilitates an environment where teaching staff and students are encouraged to actively participate in scientific research, artistic activities, and professional work, aiming to publish their findings regularly. Through various initiatives, MB University is committed to promoting engagement among faculty members at the Faculty of Business and Law in scientific research projects funded by the MPNTR of the Republic of Serbia. Similarly, faculty members at the Academy of Classical Painting are supported in their active involvement in national art projects funded by the Provincial Secretariat for Higher Education and Scientific Research.<\/p><p>\u00a0<\/p><p class=\"translation-block\">Lectures are delivered in small, mentor-led groups, following the mentoring system principle. A distinct focus is placed on integrating case studies with theoretical instruction, fostering a connection between classroom learning and real-world applications. This educational approach equips students with a diverse range of contemporary business knowledge and skills, thereby enhancing their prospects for employment.<\/p><p>\u00a0<\/p><p>Keep pace with the times and choose the right future!<\/p><p>\u00a0<\/p><h6>For further details regarding study programs and courses, please visit our website.<\/h6><p>\u00a0<\/p><p>You can also pre-register for the study program through this website.<\/p><p>\u00a0<\/p><p>To apply for direct enrollment at MB University, please click <a href=\"https:\/\/mbuniverzitet.edu.rs\/en\/upis\/\"><u>here<\/u><\/a><\/p>\t\t\t\t\t\t\t\t<\/div>\n\t\t\t\t<\/div>\n\t\t\t\t\t<\/div>\n\t\t<\/div>\n\t\t\t\t\t<\/div>\n\t\t<\/section>\n\t\t\t\t<section class=\"elementor-section elementor-top-section elementor-element elementor-element-bbad012 elementor-section-boxed elementor-section-height-default elementor-section-height-default exad-glass-effect-no exad-sticky-section-no\" data-id=\"bbad012\" data-element_type=\"section\" data-e-type=\"section\">\n\t\t\t\t\t\t<div class=\"elementor-container elementor-column-gap-default\">\n\t\t\t\t\t<div class=\"elementor-column elementor-col-100 elementor-top-column elementor-element elementor-element-927a4d5 exad-glass-effect-no exad-sticky-section-no\" data-id=\"927a4d5\" data-element_type=\"column\" data-e-type=\"column\">\n\t\t\t<div class=\"elementor-widget-wrap elementor-element-populated\">\n\t\t\t\t\t\t<div class=\"elementor-element elementor-element-85623d5 exad-sticky-section-no exad-glass-effect-no elementor-widget elementor-widget-spacer\" data-id=\"85623d5\" data-element_type=\"widget\" data-e-type=\"widget\" data-widget_type=\"spacer.default\">\n\t\t\t\t<div class=\"elementor-widget-container\">\n\t\t\t\t\t\t\t<div class=\"elementor-spacer\">\n\t\t\t<div class=\"elementor-spacer-inner\"><\/div>\n\t\t<\/div>\n\t\t\t\t\t\t<\/div>\n\t\t\t\t<\/div>\n\t\t\t\t\t<\/div>\n\t\t<\/div>\n\t\t\t\t\t<\/div>\n\t\t<\/section>\n\t\t\t\t<\/div>","protected":false},"excerpt":{"rendered":"<p>Doktorske akademske studije &#8211; tre\u0107i stepen visokog obrazovanja Svi studijski programi doktorskih akademskih studija, odnosno tre\u0107eg stepena studija na Univerzitetu \u201cMB\u201d su licencirani od strane Nacionalno telo za akreditaciju i proveru kvaliteta u visokom obrazovanju (NAT) nadle\u017enog Ministarstva prosvete, nauke i tehnolo\u0161kog razvoja, uskla\u0111eni su sa principima Bolonjske deklaracije i omogu\u0107avaju primenu evropskog sistema prenosa [&hellip;]<\/p>\n","protected":false},"author":1,"featured_media":0,"parent":0,"menu_order":0,"comment_status":"closed","ping_status":"closed","template":"elementor_header_footer","meta":{"_eb_attr":"","site-sidebar-layout":"default","site-content-layout":"default","ast-site-content-layout":"default","site-content-style":"default","site-sidebar-style":"default","ast-global-header-display":"","ast-banner-title-visibility":"","ast-main-header-display":"","ast-hfb-above-header-display":"","ast-hfb-below-header-display":"","ast-hfb-mobile-header-display":"","site-post-title":"","ast-breadcrumbs-content":"","ast-featured-img":"","footer-sml-layout":"","ast-disable-related-posts":"","theme-transparent-header-meta":"default","adv-header-id-meta":"","stick-header-meta":"","header-above-stick-meta":"","header-main-stick-meta":"","header-below-stick-meta":"","astra-migrate-meta-layouts":"default","ast-page-background-enabled":"default","ast-page-background-meta":{"desktop":{"background-color":"","background-image":"","background-repeat":"repeat","background-position":"center center","background-size":"auto","background-attachment":"scroll","background-type":"","background-media":"","overlay-type":"","overlay-color":"","overlay-opacity":"","overlay-gradient":""},"tablet":{"background-color":"","background-image":"","background-repeat":"repeat","background-position":"center center","background-size":"auto","background-attachment":"scroll","background-type":"","background-media":"","overlay-type":"","overlay-color":"","overlay-opacity":"","overlay-gradient":""},"mobile":{"background-color":"","background-image":"","background-repeat":"repeat","background-position":"center center","background-size":"auto","background-attachment":"scroll","background-type":"","background-media":"","overlay-type":"","overlay-color":"","overlay-opacity":"","overlay-gradient":""}},"ast-content-background-meta":{"desktop":{"background-color":"var(--ast-global-color-5)","background-image":"","background-repeat":"repeat","background-position":"center center","background-size":"auto","background-attachment":"scroll","background-type":"","background-media":"","overlay-type":"","overlay-color":"","overlay-opacity":"","overlay-gradient":""},"tablet":{"background-color":"var(--ast-global-color-5)","background-image":"","background-repeat":"repeat","background-position":"center center","background-size":"auto","background-attachment":"scroll","background-type":"","background-media":"","overlay-type":"","overlay-color":"","overlay-opacity":"","overlay-gradient":""},"mobile":{"background-color":"var(--ast-global-color-5)","background-image":"","background-repeat":"repeat","background-position":"center center","background-size":"auto","background-attachment":"scroll","background-type":"","background-media":"","overlay-type":"","overlay-color":"","overlay-opacity":"","overlay-gradient":""}},"footnotes":""},"class_list":["post-26","page","type-page","status-publish","hentry"],"yoast_head":"<!-- This site is optimized with the Yoast SEO plugin v27.4 - https:\/\/yoast.com\/product\/yoast-seo-wordpress\/ -->\n<title>Doktorske akademske studije - Univerzitet MB<\/title>\n<meta name=\"robots\" content=\"index, follow, max-snippet:-1, max-image-preview:large, max-video-preview:-1\" \/>\n<link rel=\"canonical\" href=\"https:\/\/mbuniverzitet.edu.rs\/en\/doktorske-akademske-studije\/\" \/>\n<meta property=\"og:locale\" content=\"en_GB\" \/>\n<meta property=\"og:type\" content=\"article\" \/>\n<meta property=\"og:title\" content=\"Doktorske akademske studije - Univerzitet MB\" \/>\n<meta property=\"og:description\" content=\"Doktorske akademske studije &#8211; tre\u0107i stepen visokog obrazovanja Svi studijski programi doktorskih akademskih studija, odnosno tre\u0107eg stepena studija na Univerzitetu \u201cMB\u201d su licencirani od strane Nacionalno telo za akreditaciju i proveru kvaliteta u visokom obrazovanju (NAT) nadle\u017enog Ministarstva prosvete, nauke i tehnolo\u0161kog razvoja, uskla\u0111eni su sa principima Bolonjske deklaracije i omogu\u0107avaju primenu evropskog sistema prenosa [&hellip;]\" \/>\n<meta property=\"og:url\" content=\"https:\/\/mbuniverzitet.edu.rs\/en\/doktorske-akademske-studije\/\" \/>\n<meta property=\"og:site_name\" content=\"Univerzitet MB\" \/>\n<meta property=\"article:modified_time\" content=\"2022-11-01T12:43:31+00:00\" \/>\n<meta name=\"twitter:card\" content=\"summary_large_image\" \/>\n<meta name=\"twitter:label1\" content=\"Estimated reading time\" \/>\n\t<meta name=\"twitter:data1\" content=\"3 minutes\" \/>\n<script type=\"application\/ld+json\" class=\"yoast-schema-graph\">{\"@context\":\"https:\\\/\\\/schema.org\",\"@graph\":[{\"@type\":\"WebPage\",\"@id\":\"https:\\\/\\\/mbuniverzitet.edu.rs\\\/doktorske-akademske-studije\\\/\",\"url\":\"https:\\\/\\\/mbuniverzitet.edu.rs\\\/doktorske-akademske-studije\\\/\",\"name\":\"Doktorske akademske studije - Univerzitet MB\",\"isPartOf\":{\"@id\":\"https:\\\/\\\/mbuniverzitet.edu.rs\\\/#website\"},\"datePublished\":\"2020-06-12T08:32:59+00:00\",\"dateModified\":\"2022-11-01T12:43:31+00:00\",\"breadcrumb\":{\"@id\":\"https:\\\/\\\/mbuniverzitet.edu.rs\\\/doktorske-akademske-studije\\\/#breadcrumb\"},\"inLanguage\":\"en-GB\",\"potentialAction\":[{\"@type\":\"ReadAction\",\"target\":[\"https:\\\/\\\/mbuniverzitet.edu.rs\\\/doktorske-akademske-studije\\\/\"]}]},{\"@type\":\"BreadcrumbList\",\"@id\":\"https:\\\/\\\/mbuniverzitet.edu.rs\\\/doktorske-akademske-studije\\\/#breadcrumb\",\"itemListElement\":[{\"@type\":\"ListItem\",\"position\":1,\"name\":\"Home\",\"item\":\"https:\\\/\\\/mbuniverzitet.edu.rs\\\/\"},{\"@type\":\"ListItem\",\"position\":2,\"name\":\"Doktorske akademske studije\"}]},{\"@type\":\"WebSite\",\"@id\":\"https:\\\/\\\/mbuniverzitet.edu.rs\\\/#website\",\"url\":\"https:\\\/\\\/mbuniverzitet.edu.rs\\\/\",\"name\":\"Univerzitet MB\",\"description\":\"\",\"publisher\":{\"@id\":\"https:\\\/\\\/mbuniverzitet.edu.rs\\\/#organization\"},\"potentialAction\":[{\"@type\":\"SearchAction\",\"target\":{\"@type\":\"EntryPoint\",\"urlTemplate\":\"https:\\\/\\\/mbuniverzitet.edu.rs\\\/?s={search_term_string}\"},\"query-input\":{\"@type\":\"PropertyValueSpecification\",\"valueRequired\":true,\"valueName\":\"search_term_string\"}}],\"inLanguage\":\"en-GB\"},{\"@type\":\"Organization\",\"@id\":\"https:\\\/\\\/mbuniverzitet.edu.rs\\\/#organization\",\"name\":\"Univerzitet MB\",\"url\":\"https:\\\/\\\/mbuniverzitet.edu.rs\\\/\",\"logo\":{\"@type\":\"ImageObject\",\"inLanguage\":\"en-GB\",\"@id\":\"https:\\\/\\\/mbuniverzitet.edu.rs\\\/#\\\/schema\\\/logo\\\/image\\\/\",\"url\":\"https:\\\/\\\/media.mbuniverzitet.edu.rs\\\/2020\\\/11\\\/UniMB-Logotip-u-postupku-akreditacije.png\",\"contentUrl\":\"https:\\\/\\\/media.mbuniverzitet.edu.rs\\\/2020\\\/11\\\/UniMB-Logotip-u-postupku-akreditacije.png\",\"width\":296,\"height\":90,\"caption\":\"Univerzitet MB\"},\"image\":{\"@id\":\"https:\\\/\\\/mbuniverzitet.edu.rs\\\/#\\\/schema\\\/logo\\\/image\\\/\"}}]}<\/script>\n<!-- \/ Yoast SEO plugin. -->","yoast_head_json":{"title":"Doktorske akademske studije - Univerzitet MB","robots":{"index":"index","follow":"follow","max-snippet":"max-snippet:-1","max-image-preview":"max-image-preview:large","max-video-preview":"max-video-preview:-1"},"canonical":"https:\/\/mbuniverzitet.edu.rs\/en\/doktorske-akademske-studije\/","og_locale":"en_GB","og_type":"article","og_title":"Doktorske akademske studije - Univerzitet MB","og_description":"Doktorske akademske studije &#8211; tre\u0107i stepen visokog obrazovanja Svi studijski programi doktorskih akademskih studija, odnosno tre\u0107eg stepena studija na Univerzitetu \u201cMB\u201d su licencirani od strane Nacionalno telo za akreditaciju i proveru kvaliteta u visokom obrazovanju (NAT) nadle\u017enog Ministarstva prosvete, nauke i tehnolo\u0161kog razvoja, uskla\u0111eni su sa principima Bolonjske deklaracije i omogu\u0107avaju primenu evropskog sistema prenosa [&hellip;]","og_url":"https:\/\/mbuniverzitet.edu.rs\/en\/doktorske-akademske-studije\/","og_site_name":"Univerzitet MB","article_modified_time":"2022-11-01T12:43:31+00:00","twitter_card":"summary_large_image","twitter_misc":{"Estimated reading time":"3 minutes"},"schema":{"@context":"https:\/\/schema.org","@graph":[{"@type":"WebPage","@id":"https:\/\/mbuniverzitet.edu.rs\/doktorske-akademske-studije\/","url":"https:\/\/mbuniverzitet.edu.rs\/doktorske-akademske-studije\/","name":"Doktorske akademske studije - Univerzitet MB","isPartOf":{"@id":"https:\/\/mbuniverzitet.edu.rs\/#website"},"datePublished":"2020-06-12T08:32:59+00:00","dateModified":"2022-11-01T12:43:31+00:00","breadcrumb":{"@id":"https:\/\/mbuniverzitet.edu.rs\/doktorske-akademske-studije\/#breadcrumb"},"inLanguage":"en-GB","potentialAction":[{"@type":"ReadAction","target":["https:\/\/mbuniverzitet.edu.rs\/doktorske-akademske-studije\/"]}]},{"@type":"BreadcrumbList","@id":"https:\/\/mbuniverzitet.edu.rs\/doktorske-akademske-studije\/#breadcrumb","itemListElement":[{"@type":"ListItem","position":1,"name":"Home","item":"https:\/\/mbuniverzitet.edu.rs\/"},{"@type":"ListItem","position":2,"name":"Doktorske akademske studije"}]},{"@type":"WebSite","@id":"https:\/\/mbuniverzitet.edu.rs\/#website","url":"https:\/\/mbuniverzitet.edu.rs\/","name":"MB University","description":"","publisher":{"@id":"https:\/\/mbuniverzitet.edu.rs\/#organization"},"potentialAction":[{"@type":"SearchAction","target":{"@type":"EntryPoint","urlTemplate":"https:\/\/mbuniverzitet.edu.rs\/?s={search_term_string}"},"query-input":{"@type":"PropertyValueSpecification","valueRequired":true,"valueName":"search_term_string"}}],"inLanguage":"en-GB"},{"@type":"Organization","@id":"https:\/\/mbuniverzitet.edu.rs\/#organization","name":"MB University","url":"https:\/\/mbuniverzitet.edu.rs\/","logo":{"@type":"ImageObject","inLanguage":"en-GB","@id":"https:\/\/mbuniverzitet.edu.rs\/#\/schema\/logo\/image\/","url":"https:\/\/media.mbuniverzitet.edu.rs\/2020\/11\/UniMB-Logotip-u-postupku-akreditacije.png","contentUrl":"https:\/\/media.mbuniverzitet.edu.rs\/2020\/11\/UniMB-Logotip-u-postupku-akreditacije.png","width":296,"height":90,"caption":"Univerzitet MB"},"image":{"@id":"https:\/\/mbuniverzitet.edu.rs\/#\/schema\/logo\/image\/"}}]}},"_links":{"self":[{"href":"https:\/\/mbuniverzitet.edu.rs\/en\/wp-json\/wp\/v2\/pages\/26","targetHints":{"allow":["GET"]}}],"collection":[{"href":"https:\/\/mbuniverzitet.edu.rs\/en\/wp-json\/wp\/v2\/pages"}],"about":[{"href":"https:\/\/mbuniverzitet.edu.rs\/en\/wp-json\/wp\/v2\/types\/page"}],"author":[{"embeddable":true,"href":"https:\/\/mbuniverzitet.edu.rs\/en\/wp-json\/wp\/v2\/users\/1"}],"replies":[{"embeddable":true,"href":"https:\/\/mbuniverzitet.edu.rs\/en\/wp-json\/wp\/v2\/comments?post=26"}],"version-history":[{"count":0,"href":"https:\/\/mbuniverzitet.edu.rs\/en\/wp-json\/wp\/v2\/pages\/26\/revisions"}],"wp:attachment":[{"href":"https:\/\/mbuniverzitet.edu.rs\/en\/wp-json\/wp\/v2\/media?parent=26"}],"curies":[{"name":"wp","href":"https:\/\/api.w.org\/{rel}","templated":true}]}}