{"id":2429,"date":"2020-12-30T10:23:48","date_gmt":"2020-12-30T09:23:48","guid":{"rendered":"https:\/\/mbuniverzitet.edu.rs\/?page_id=2429"},"modified":"2022-11-03T13:20:32","modified_gmt":"2022-11-03T12:20:32","slug":"studiranje-u-beogradu","status":"publish","type":"page","link":"https:\/\/mbuniverzitet.edu.rs\/en\/studiranje-u-beogradu\/","title":{"rendered":"Studying in Belgrade"},"content":{"rendered":"<div data-elementor-type=\"wp-page\" data-elementor-id=\"2429\" class=\"elementor elementor-2429\">\n\t\t\t\t\t\t<section class=\"elementor-section elementor-top-section elementor-element elementor-element-5ec783b elementor-section-boxed elementor-section-height-default elementor-section-height-default exad-glass-effect-no exad-sticky-section-no\" data-id=\"5ec783b\" data-element_type=\"section\" data-e-type=\"section\">\n\t\t\t\t\t\t<div class=\"elementor-container elementor-column-gap-default\">\n\t\t\t\t\t<div class=\"elementor-column elementor-col-100 elementor-top-column elementor-element elementor-element-51bb426 exad-glass-effect-no exad-sticky-section-no\" data-id=\"51bb426\" data-element_type=\"column\" data-e-type=\"column\">\n\t\t\t<div class=\"elementor-widget-wrap elementor-element-populated\">\n\t\t\t\t\t\t<div class=\"elementor-element elementor-element-063e1c1 exad-sticky-section-no exad-glass-effect-no elementor-widget elementor-widget-spacer\" data-id=\"063e1c1\" data-element_type=\"widget\" data-e-type=\"widget\" data-widget_type=\"spacer.default\">\n\t\t\t\t<div class=\"elementor-widget-container\">\n\t\t\t\t\t\t\t<div class=\"elementor-spacer\">\n\t\t\t<div class=\"elementor-spacer-inner\"><\/div>\n\t\t<\/div>\n\t\t\t\t\t\t<\/div>\n\t\t\t\t<\/div>\n\t\t\t\t\t<\/div>\n\t\t<\/div>\n\t\t\t\t\t<\/div>\n\t\t<\/section>\n\t\t\t\t<section class=\"elementor-section elementor-top-section elementor-element elementor-element-81b897c elementor-section-boxed elementor-section-height-default elementor-section-height-default exad-glass-effect-no exad-sticky-section-no\" data-id=\"81b897c\" data-element_type=\"section\" data-e-type=\"section\">\n\t\t\t\t\t\t<div class=\"elementor-container elementor-column-gap-default\">\n\t\t\t\t\t<div class=\"elementor-column elementor-col-100 elementor-top-column elementor-element elementor-element-473b5bd exad-glass-effect-no exad-sticky-section-no\" data-id=\"473b5bd\" data-element_type=\"column\" data-e-type=\"column\">\n\t\t\t<div class=\"elementor-widget-wrap elementor-element-populated\">\n\t\t\t\t\t\t<div class=\"elementor-element elementor-element-dcdd083 exad-sticky-section-no exad-glass-effect-no elementor-widget elementor-widget-heading\" data-id=\"dcdd083\" data-element_type=\"widget\" data-e-type=\"widget\" data-widget_type=\"heading.default\">\n\t\t\t\t<div class=\"elementor-widget-container\">\n\t\t\t\t\t<h2 class=\"elementor-heading-title elementor-size-default\">Studying in Belgrade<\/h2>\t\t\t\t<\/div>\n\t\t\t\t<\/div>\n\t\t\t\t\t<\/div>\n\t\t<\/div>\n\t\t\t\t\t<\/div>\n\t\t<\/section>\n\t\t\t\t<section class=\"elementor-section elementor-top-section elementor-element elementor-element-8d69b97 elementor-section-boxed elementor-section-height-default elementor-section-height-default exad-glass-effect-no exad-sticky-section-no\" data-id=\"8d69b97\" data-element_type=\"section\" data-e-type=\"section\">\n\t\t\t\t\t\t<div class=\"elementor-container elementor-column-gap-default\">\n\t\t\t\t\t<div class=\"elementor-column elementor-col-100 elementor-top-column elementor-element elementor-element-44b4fb4 exad-glass-effect-no exad-sticky-section-no\" data-id=\"44b4fb4\" data-element_type=\"column\" data-e-type=\"column\">\n\t\t\t<div class=\"elementor-widget-wrap elementor-element-populated\">\n\t\t\t\t\t\t<div class=\"elementor-element elementor-element-d3c2483 exad-sticky-section-no exad-glass-effect-no elementor-widget elementor-widget-spacer\" data-id=\"d3c2483\" data-element_type=\"widget\" data-e-type=\"widget\" data-widget_type=\"spacer.default\">\n\t\t\t\t<div class=\"elementor-widget-container\">\n\t\t\t\t\t\t\t<div class=\"elementor-spacer\">\n\t\t\t<div class=\"elementor-spacer-inner\"><\/div>\n\t\t<\/div>\n\t\t\t\t\t\t<\/div>\n\t\t\t\t<\/div>\n\t\t\t\t\t<\/div>\n\t\t<\/div>\n\t\t\t\t\t<\/div>\n\t\t<\/section>\n\t\t\t\t<section class=\"elementor-section elementor-top-section elementor-element elementor-element-b18bdc4 elementor-section-boxed elementor-section-height-default elementor-section-height-default exad-glass-effect-no exad-sticky-section-no\" data-id=\"b18bdc4\" data-element_type=\"section\" data-e-type=\"section\">\n\t\t\t\t\t\t<div class=\"elementor-container elementor-column-gap-default\">\n\t\t\t\t\t<div class=\"elementor-column elementor-col-100 elementor-top-column elementor-element elementor-element-5a8291e exad-glass-effect-no exad-sticky-section-no\" data-id=\"5a8291e\" data-element_type=\"column\" data-e-type=\"column\">\n\t\t\t<div class=\"elementor-widget-wrap elementor-element-populated\">\n\t\t\t\t\t\t<div class=\"elementor-element elementor-element-6a97270 exad-sticky-section-no exad-glass-effect-no elementor-widget elementor-widget-text-editor\" data-id=\"6a97270\" data-element_type=\"widget\" data-e-type=\"widget\" data-widget_type=\"text-editor.default\">\n\t\t\t\t<div class=\"elementor-widget-container\">\n\t\t\t\t\t\t\t\t\t<ul><li>\u2022\tMB University, located in Belgrade, is a distinguished private institution of higher education in Serbia, dedicated to both knowledge transfer and scientific research work. It was established in 2000, while the Faculty of Business and Law, formerly known as the Faculty of Industrial and Business Management was established in 2002.<\/li><li>Students opting to pursue their studies in Belgrade are offered exceptional opportunities for both professional and academic advancement. Beyond the comprehensive resources available at university and faculty libraries, students also benefit from access to the prestigious Svetozar Markovi\u0107 University Library. Here, they can explore an extensive collection of publications, including rare publications of other esteemed city libraries. Furthermore, Belgrade proudly hosts the National Library of Serbia, established in 1832, further enriching the academic landscape of the city.<\/li><li>See more at: <a href=\"https:\/\/belgrade-beat.rs\/lat\/znamenitosti\/narodna-biblioteka-srbije\" target=\"_blank\" rel=\"noopener\">https:\/\/belgrade-beat.rs\/lat\/znamenitosti\/narodna-biblioteka-srbije<\/a><\/li><li>\u2022\tBelgrade, as a university center, boasts\u00a0<strong>two state universities<\/strong>alongside numerous private institutions offering tertiary education.The city is also home to a wide range of primary and secondary educational institutions, totaling 288 in number. Among these are 201 primary schools, comprising 166 conventional primary schools, 14 specialized institutions, 15 art schools, and 5 catering to adult education.\u00a0<strong>Belgrade hosts 87 secondary schools\u00a0<\/strong>encompassing 51 vocational institutions, 21 traditional high schools, 9 music schools, 1 art school, and 5 specialized secondary schools. This vast educational network serves approximately 230,000 students, supported by over 22,000 staff members working in 500 facilities, all within a campus infrastructure spanning approximately<sup>2<\/sup>\u00a01,100,000 square meters.<\/li><li>Belgrade stands as the center of Serbia and the wider region, providing students with numerous opportunities to secure internships, employment, and part-time positions, thus enhancing their student budgets. This way students actively cultivate invaluable professional experience during their academic journey, setting up a robust foundation for their future careers.<\/li><li>See more at: <a href=\"https:\/\/www.beograd.rs\/cir\/upoznajte-beograd\/\" target=\"_blank\" rel=\"noopener\">https:\/\/www.beograd.rs\/cir\/upoznajte-beograd\/<\/a><\/li><li>In addition to their academic pursuits, students in Belgrade have various opportunities to enrich their leisure time. They can indulge in sports and recreational activities in Ko\u0161utnjak or Ada, or partake in the diverse offerings of sports centers. Moreover, students can immerse themselves in the city's vibrant cultural events, attending theater performances, concerts, exhibitions, book launches, art showcases, and film festivals.<\/li><li>Belgrade is home to the Student Center Belgrade, an institution dedicated to catering to the needs of students in the city. This center offers essential services such as accommodation and meals.\u00a0<\/li><li>See more at: <a href=\"https:\/\/sc.rs\/sc\/\" target=\"_blank\" rel=\"noopener\">https:\/\/sc.rs\/sc\/<\/a><\/li><li>Renowned for its vibrant nightlife, Belgrade offers students an escape from their daily responsibilities.<\/li><li>Belgrade is the center of supreme\u00a0<strong>scientific and research institutions\u00a0<\/strong>from various fields.<\/li><li>Belgrade is also home to:<\/li><li>MINISTRY OF EDUCATION, SCIENCE AND TECHNOLOGICAL DEVELOPMENT<br \/>Nemanjina 22-26, tel. 361-6489<br \/>See more at: <a href=\"http:\/\/www.mpn.gov.rs\/\" target=\"_blank\" rel=\"noopener\">mpn.gov.rs<\/a><\/li><li>SERBIAN ACADEMY OF SCIENCES AND ART<br \/>Knez Mihailova 35, tel. 3342-400<br \/>See more at: <a href=\"http:\/\/www.sanu.ac.rs\/\" target=\"_blank\" rel=\"noopener\">www.sanu.ac.rs<\/a><\/li><li>Belgrade boasts nearly\u00a0<strong>300 cultural monuments<\/strong>including 57 of remarkable significance to both the culture of Serbia and the city itself.\u00a0<\/li><li>See more at: <a href=\"https:\/\/www.beograd.rs\/cir\/upoznajte-beograd\/1369-kulturna-i-prirodna-dobra\/\" target=\"_blank\" rel=\"noopener\">https:\/\/www.beograd.rs\/cir\/upoznajte-beograd\/1369-kulturna-i-prirodna-dobra\/<\/a><\/li><\/ul>\t\t\t\t\t\t\t\t<\/div>\n\t\t\t\t<\/div>\n\t\t\t\t\t<\/div>\n\t\t<\/div>\n\t\t\t\t\t<\/div>\n\t\t<\/section>\n\t\t\t\t<section class=\"elementor-section elementor-top-section elementor-element elementor-element-95802e4 elementor-section-boxed elementor-section-height-default elementor-section-height-default exad-glass-effect-no exad-sticky-section-no\" data-id=\"95802e4\" data-element_type=\"section\" data-e-type=\"section\">\n\t\t\t\t\t\t<div class=\"elementor-container elementor-column-gap-default\">\n\t\t\t\t\t<div class=\"elementor-column elementor-col-100 elementor-top-column elementor-element elementor-element-e2a5079 exad-glass-effect-no exad-sticky-section-no\" data-id=\"e2a5079\" data-element_type=\"column\" data-e-type=\"column\">\n\t\t\t<div class=\"elementor-widget-wrap elementor-element-populated\">\n\t\t\t\t\t\t<div class=\"elementor-element elementor-element-ee05493 exad-sticky-section-no exad-glass-effect-no elementor-widget elementor-widget-spacer\" data-id=\"ee05493\" data-element_type=\"widget\" data-e-type=\"widget\" data-widget_type=\"spacer.default\">\n\t\t\t\t<div class=\"elementor-widget-container\">\n\t\t\t\t\t\t\t<div class=\"elementor-spacer\">\n\t\t\t<div class=\"elementor-spacer-inner\"><\/div>\n\t\t<\/div>\n\t\t\t\t\t\t<\/div>\n\t\t\t\t<\/div>\n\t\t\t\t\t<\/div>\n\t\t<\/div>\n\t\t\t\t\t<\/div>\n\t\t<\/section>\n\t\t\t\t<\/div>","protected":false},"excerpt":{"rendered":"<p>Studiranje u Beogradu Univerzitet MB u Beogradu je privatna institucija visokog obrazovanja u Srbiji, koja se bavi nastavnim i nau\u010dno-istra\u017eiva\u010dkim radom. Osnovan je 2000. godine. Poslovni i pravni fakultet je osnovan 2002. godine \u00a0kao fakultet za Industrijski i poslovni menad\u017ement. Studentima koji se odlu\u010de za studiranje u Beogradu pru\u017eaju se velike mogu\u0107nosti za profesionalnim i [&hellip;]<\/p>\n","protected":false},"author":1,"featured_media":0,"parent":0,"menu_order":0,"comment_status":"closed","ping_status":"closed","template":"elementor_header_footer","meta":{"_eb_attr":"","site-sidebar-layout":"default","site-content-layout":"","ast-site-content-layout":"default","site-content-style":"default","site-sidebar-style":"default","ast-global-header-display":"","ast-banner-title-visibility":"","ast-main-header-display":"","ast-hfb-above-header-display":"","ast-hfb-below-header-display":"","ast-hfb-mobile-header-display":"","site-post-title":"","ast-breadcrumbs-content":"","ast-featured-img":"","footer-sml-layout":"","ast-disable-related-posts":"","theme-transparent-header-meta":"","adv-header-id-meta":"","stick-header-meta":"","header-above-stick-meta":"","header-main-stick-meta":"","header-below-stick-meta":"","astra-migrate-meta-layouts":"default","ast-page-background-enabled":"default","ast-page-background-meta":{"desktop":{"background-color":"","background-image":"","background-repeat":"repeat","background-position":"center center","background-size":"auto","background-attachment":"scroll","background-type":"","background-media":"","overlay-type":"","overlay-color":"","overlay-opacity":"","overlay-gradient":""},"tablet":{"background-color":"","background-image":"","background-repeat":"repeat","background-position":"center center","background-size":"auto","background-attachment":"scroll","background-type":"","background-media":"","overlay-type":"","overlay-color":"","overlay-opacity":"","overlay-gradient":""},"mobile":{"background-color":"","background-image":"","background-repeat":"repeat","background-position":"center center","background-size":"auto","background-attachment":"scroll","background-type":"","background-media":"","overlay-type":"","overlay-color":"","overlay-opacity":"","overlay-gradient":""}},"ast-content-background-meta":{"desktop":{"background-color":"var(--ast-global-color-5)","background-image":"","background-repeat":"repeat","background-position":"center center","background-size":"auto","background-attachment":"scroll","background-type":"","background-media":"","overlay-type":"","overlay-color":"","overlay-opacity":"","overlay-gradient":""},"tablet":{"background-color":"var(--ast-global-color-5)","background-image":"","background-repeat":"repeat","background-position":"center center","background-size":"auto","background-attachment":"scroll","background-type":"","background-media":"","overlay-type":"","overlay-color":"","overlay-opacity":"","overlay-gradient":""},"mobile":{"background-color":"var(--ast-global-color-5)","background-image":"","background-repeat":"repeat","background-position":"center center","background-size":"auto","background-attachment":"scroll","background-type":"","background-media":"","overlay-type":"","overlay-color":"","overlay-opacity":"","overlay-gradient":""}},"footnotes":""},"class_list":["post-2429","page","type-page","status-publish","hentry"],"yoast_head":"<!-- This site is optimized with the Yoast SEO plugin v27.5 - https:\/\/yoast.com\/product\/yoast-seo-wordpress\/ -->\n<title>Studiranje u Beogradu - Univerzitet MB<\/title>\n<meta name=\"robots\" content=\"index, follow, max-snippet:-1, max-image-preview:large, max-video-preview:-1\" \/>\n<link rel=\"canonical\" href=\"https:\/\/mbuniverzitet.edu.rs\/en\/studiranje-u-beogradu\/\" \/>\n<meta property=\"og:locale\" content=\"en_GB\" \/>\n<meta property=\"og:type\" content=\"article\" \/>\n<meta property=\"og:title\" content=\"Studiranje u Beogradu - Univerzitet MB\" \/>\n<meta property=\"og:description\" content=\"Studiranje u Beogradu Univerzitet MB u Beogradu je privatna institucija visokog obrazovanja u Srbiji, koja se bavi nastavnim i nau\u010dno-istra\u017eiva\u010dkim radom. Osnovan je 2000. godine. Poslovni i pravni fakultet je osnovan 2002. godine \u00a0kao fakultet za Industrijski i poslovni menad\u017ement. Studentima koji se odlu\u010de za studiranje u Beogradu pru\u017eaju se velike mogu\u0107nosti za profesionalnim i [&hellip;]\" \/>\n<meta property=\"og:url\" content=\"https:\/\/mbuniverzitet.edu.rs\/en\/studiranje-u-beogradu\/\" \/>\n<meta property=\"og:site_name\" content=\"Univerzitet MB\" \/>\n<meta property=\"article:modified_time\" content=\"2022-11-03T12:20:32+00:00\" \/>\n<meta name=\"twitter:card\" content=\"summary_large_image\" \/>\n<meta name=\"twitter:label1\" content=\"Estimated reading time\" \/>\n\t<meta name=\"twitter:data1\" content=\"2 minutes\" \/>\n<script type=\"application\/ld+json\" class=\"yoast-schema-graph\">{\"@context\":\"https:\\\/\\\/schema.org\",\"@graph\":[{\"@type\":\"WebPage\",\"@id\":\"https:\\\/\\\/mbuniverzitet.edu.rs\\\/studiranje-u-beogradu\\\/\",\"url\":\"https:\\\/\\\/mbuniverzitet.edu.rs\\\/studiranje-u-beogradu\\\/\",\"name\":\"Studiranje u Beogradu - Univerzitet MB\",\"isPartOf\":{\"@id\":\"https:\\\/\\\/mbuniverzitet.edu.rs\\\/#website\"},\"datePublished\":\"2020-12-30T09:23:48+00:00\",\"dateModified\":\"2022-11-03T12:20:32+00:00\",\"breadcrumb\":{\"@id\":\"https:\\\/\\\/mbuniverzitet.edu.rs\\\/studiranje-u-beogradu\\\/#breadcrumb\"},\"inLanguage\":\"en-GB\",\"potentialAction\":[{\"@type\":\"ReadAction\",\"target\":[\"https:\\\/\\\/mbuniverzitet.edu.rs\\\/studiranje-u-beogradu\\\/\"]}]},{\"@type\":\"BreadcrumbList\",\"@id\":\"https:\\\/\\\/mbuniverzitet.edu.rs\\\/studiranje-u-beogradu\\\/#breadcrumb\",\"itemListElement\":[{\"@type\":\"ListItem\",\"position\":1,\"name\":\"Home\",\"item\":\"https:\\\/\\\/mbuniverzitet.edu.rs\\\/\"},{\"@type\":\"ListItem\",\"position\":2,\"name\":\"Studiranje u Beogradu\"}]},{\"@type\":\"WebSite\",\"@id\":\"https:\\\/\\\/mbuniverzitet.edu.rs\\\/#website\",\"url\":\"https:\\\/\\\/mbuniverzitet.edu.rs\\\/\",\"name\":\"Univerzitet MB\",\"description\":\"\",\"publisher\":{\"@id\":\"https:\\\/\\\/mbuniverzitet.edu.rs\\\/#organization\"},\"potentialAction\":[{\"@type\":\"SearchAction\",\"target\":{\"@type\":\"EntryPoint\",\"urlTemplate\":\"https:\\\/\\\/mbuniverzitet.edu.rs\\\/?s={search_term_string}\"},\"query-input\":{\"@type\":\"PropertyValueSpecification\",\"valueRequired\":true,\"valueName\":\"search_term_string\"}}],\"inLanguage\":\"en-GB\"},{\"@type\":\"Organization\",\"@id\":\"https:\\\/\\\/mbuniverzitet.edu.rs\\\/#organization\",\"name\":\"Univerzitet MB\",\"url\":\"https:\\\/\\\/mbuniverzitet.edu.rs\\\/\",\"logo\":{\"@type\":\"ImageObject\",\"inLanguage\":\"en-GB\",\"@id\":\"https:\\\/\\\/mbuniverzitet.edu.rs\\\/#\\\/schema\\\/logo\\\/image\\\/\",\"url\":\"https:\\\/\\\/media.mbuniverzitet.edu.rs\\\/2020\\\/11\\\/UniMB-Logotip-u-postupku-akreditacije.png\",\"contentUrl\":\"https:\\\/\\\/media.mbuniverzitet.edu.rs\\\/2020\\\/11\\\/UniMB-Logotip-u-postupku-akreditacije.png\",\"width\":296,\"height\":90,\"caption\":\"Univerzitet MB\"},\"image\":{\"@id\":\"https:\\\/\\\/mbuniverzitet.edu.rs\\\/#\\\/schema\\\/logo\\\/image\\\/\"}}]}<\/script>\n<!-- \/ Yoast SEO plugin. -->","yoast_head_json":{"title":"Studiranje u Beogradu - Univerzitet MB","robots":{"index":"index","follow":"follow","max-snippet":"max-snippet:-1","max-image-preview":"max-image-preview:large","max-video-preview":"max-video-preview:-1"},"canonical":"https:\/\/mbuniverzitet.edu.rs\/en\/studiranje-u-beogradu\/","og_locale":"en_GB","og_type":"article","og_title":"Studiranje u Beogradu - Univerzitet MB","og_description":"Studiranje u Beogradu Univerzitet MB u Beogradu je privatna institucija visokog obrazovanja u Srbiji, koja se bavi nastavnim i nau\u010dno-istra\u017eiva\u010dkim radom. Osnovan je 2000. godine. Poslovni i pravni fakultet je osnovan 2002. godine \u00a0kao fakultet za Industrijski i poslovni menad\u017ement. Studentima koji se odlu\u010de za studiranje u Beogradu pru\u017eaju se velike mogu\u0107nosti za profesionalnim i [&hellip;]","og_url":"https:\/\/mbuniverzitet.edu.rs\/en\/studiranje-u-beogradu\/","og_site_name":"Univerzitet MB","article_modified_time":"2022-11-03T12:20:32+00:00","twitter_card":"summary_large_image","twitter_misc":{"Estimated reading time":"2 minutes"},"schema":{"@context":"https:\/\/schema.org","@graph":[{"@type":"WebPage","@id":"https:\/\/mbuniverzitet.edu.rs\/studiranje-u-beogradu\/","url":"https:\/\/mbuniverzitet.edu.rs\/studiranje-u-beogradu\/","name":"Studiranje u Beogradu - Univerzitet MB","isPartOf":{"@id":"https:\/\/mbuniverzitet.edu.rs\/#website"},"datePublished":"2020-12-30T09:23:48+00:00","dateModified":"2022-11-03T12:20:32+00:00","breadcrumb":{"@id":"https:\/\/mbuniverzitet.edu.rs\/studiranje-u-beogradu\/#breadcrumb"},"inLanguage":"en-GB","potentialAction":[{"@type":"ReadAction","target":["https:\/\/mbuniverzitet.edu.rs\/studiranje-u-beogradu\/"]}]},{"@type":"BreadcrumbList","@id":"https:\/\/mbuniverzitet.edu.rs\/studiranje-u-beogradu\/#breadcrumb","itemListElement":[{"@type":"ListItem","position":1,"name":"Home","item":"https:\/\/mbuniverzitet.edu.rs\/"},{"@type":"ListItem","position":2,"name":"Studiranje u Beogradu"}]},{"@type":"WebSite","@id":"https:\/\/mbuniverzitet.edu.rs\/#website","url":"https:\/\/mbuniverzitet.edu.rs\/","name":"MB University","description":"","publisher":{"@id":"https:\/\/mbuniverzitet.edu.rs\/#organization"},"potentialAction":[{"@type":"SearchAction","target":{"@type":"EntryPoint","urlTemplate":"https:\/\/mbuniverzitet.edu.rs\/?s={search_term_string}"},"query-input":{"@type":"PropertyValueSpecification","valueRequired":true,"valueName":"search_term_string"}}],"inLanguage":"en-GB"},{"@type":"Organization","@id":"https:\/\/mbuniverzitet.edu.rs\/#organization","name":"MB University","url":"https:\/\/mbuniverzitet.edu.rs\/","logo":{"@type":"ImageObject","inLanguage":"en-GB","@id":"https:\/\/mbuniverzitet.edu.rs\/#\/schema\/logo\/image\/","url":"https:\/\/media.mbuniverzitet.edu.rs\/2020\/11\/UniMB-Logotip-u-postupku-akreditacije.png","contentUrl":"https:\/\/media.mbuniverzitet.edu.rs\/2020\/11\/UniMB-Logotip-u-postupku-akreditacije.png","width":296,"height":90,"caption":"Univerzitet MB"},"image":{"@id":"https:\/\/mbuniverzitet.edu.rs\/#\/schema\/logo\/image\/"}}]}},"_links":{"self":[{"href":"https:\/\/mbuniverzitet.edu.rs\/en\/wp-json\/wp\/v2\/pages\/2429","targetHints":{"allow":["GET"]}}],"collection":[{"href":"https:\/\/mbuniverzitet.edu.rs\/en\/wp-json\/wp\/v2\/pages"}],"about":[{"href":"https:\/\/mbuniverzitet.edu.rs\/en\/wp-json\/wp\/v2\/types\/page"}],"author":[{"embeddable":true,"href":"https:\/\/mbuniverzitet.edu.rs\/en\/wp-json\/wp\/v2\/users\/1"}],"replies":[{"embeddable":true,"href":"https:\/\/mbuniverzitet.edu.rs\/en\/wp-json\/wp\/v2\/comments?post=2429"}],"version-history":[{"count":0,"href":"https:\/\/mbuniverzitet.edu.rs\/en\/wp-json\/wp\/v2\/pages\/2429\/revisions"}],"wp:attachment":[{"href":"https:\/\/mbuniverzitet.edu.rs\/en\/wp-json\/wp\/v2\/media?parent=2429"}],"curies":[{"name":"wp","href":"https:\/\/api.w.org\/{rel}","templated":true}]}}