{"id":1032,"date":"2020-11-11T15:16:38","date_gmt":"2020-11-11T14:16:38","guid":{"rendered":"https:\/\/mbuniverzitet.edu.rs\/?page_id=1032"},"modified":"2021-03-05T16:24:53","modified_gmt":"2021-03-05T15:24:53","slug":"o-studijama-das-pm","status":"publish","type":"page","link":"https:\/\/mbuniverzitet.edu.rs\/en\/o-studijama-das-pm\/","title":{"rendered":"O studijama D\u0410S PM"},"content":{"rendered":"<div data-elementor-type=\"wp-page\" data-elementor-id=\"1032\" class=\"elementor elementor-1032\">\n\t\t\t\t\t\t<section class=\"elementor-section elementor-top-section elementor-element elementor-element-935da41 elementor-section-full_width elementor-section-height-default elementor-section-height-default exad-glass-effect-no exad-sticky-section-no\" data-id=\"935da41\" data-element_type=\"section\" data-e-type=\"section\">\n\t\t\t\t\t\t<div class=\"elementor-container elementor-column-gap-default\">\n\t\t\t\t\t<div class=\"elementor-column elementor-col-100 elementor-top-column elementor-element elementor-element-8b5523e exad-glass-effect-no exad-sticky-section-no\" data-id=\"8b5523e\" data-element_type=\"column\" data-e-type=\"column\">\n\t\t\t<div class=\"elementor-widget-wrap elementor-element-populated\">\n\t\t\t\t\t\t<div class=\"elementor-element elementor-element-c43dd3b elementor-widget-divider--view-line exad-sticky-section-no exad-glass-effect-no elementor-widget elementor-widget-divider\" data-id=\"c43dd3b\" data-element_type=\"widget\" data-e-type=\"widget\" data-widget_type=\"divider.default\">\n\t\t\t\t<div class=\"elementor-widget-container\">\n\t\t\t\t\t\t\t<div class=\"elementor-divider\">\n\t\t\t<span class=\"elementor-divider-separator\">\n\t\t\t\t\t\t<\/span>\n\t\t<\/div>\n\t\t\t\t\t\t<\/div>\n\t\t\t\t<\/div>\n\t\t\t\t\t<\/div>\n\t\t<\/div>\n\t\t\t\t\t<\/div>\n\t\t<\/section>\n\t\t\t\t<section class=\"elementor-section elementor-top-section elementor-element elementor-element-a25e0dc elementor-section-boxed elementor-section-height-default elementor-section-height-default exad-glass-effect-no exad-sticky-section-no\" data-id=\"a25e0dc\" data-element_type=\"section\" data-e-type=\"section\">\n\t\t\t\t\t\t<div class=\"elementor-container elementor-column-gap-default\">\n\t\t\t\t\t<div class=\"elementor-column elementor-col-100 elementor-top-column elementor-element elementor-element-106cca7 exad-glass-effect-no exad-sticky-section-no\" data-id=\"106cca7\" data-element_type=\"column\" data-e-type=\"column\">\n\t\t\t<div class=\"elementor-widget-wrap elementor-element-populated\">\n\t\t\t\t\t\t<div class=\"elementor-element elementor-element-7448998 exad-sticky-section-no exad-glass-effect-no elementor-widget elementor-widget-spacer\" data-id=\"7448998\" data-element_type=\"widget\" data-e-type=\"widget\" data-widget_type=\"spacer.default\">\n\t\t\t\t<div class=\"elementor-widget-container\">\n\t\t\t\t\t\t\t<div class=\"elementor-spacer\">\n\t\t\t<div class=\"elementor-spacer-inner\"><\/div>\n\t\t<\/div>\n\t\t\t\t\t\t<\/div>\n\t\t\t\t<\/div>\n\t\t\t\t\t<\/div>\n\t\t<\/div>\n\t\t\t\t\t<\/div>\n\t\t<\/section>\n\t\t\t\t<section class=\"elementor-section elementor-top-section elementor-element elementor-element-3211f2e elementor-section-boxed elementor-section-height-default elementor-section-height-default exad-glass-effect-no exad-sticky-section-no\" data-id=\"3211f2e\" data-element_type=\"section\" data-e-type=\"section\">\n\t\t\t\t\t\t<div class=\"elementor-container elementor-column-gap-default\">\n\t\t\t\t\t<div class=\"elementor-column elementor-col-100 elementor-top-column elementor-element elementor-element-27e85d4 exad-glass-effect-no exad-sticky-section-no\" data-id=\"27e85d4\" data-element_type=\"column\" data-e-type=\"column\">\n\t\t\t<div class=\"elementor-widget-wrap elementor-element-populated\">\n\t\t\t\t\t\t<div class=\"elementor-element elementor-element-05695ff exad-sticky-section-no exad-glass-effect-no elementor-widget elementor-widget-heading\" data-id=\"05695ff\" data-element_type=\"widget\" data-e-type=\"widget\" data-widget_type=\"heading.default\">\n\t\t\t\t<div class=\"elementor-widget-container\">\n\t\t\t\t\t<h2 class=\"elementor-heading-title elementor-size-default\">Tre\u0107i stepen (doktorske) studije - O studijama<\/h2>\t\t\t\t<\/div>\n\t\t\t\t<\/div>\n\t\t\t\t\t<\/div>\n\t\t<\/div>\n\t\t\t\t\t<\/div>\n\t\t<\/section>\n\t\t\t\t<section class=\"elementor-section elementor-top-section elementor-element elementor-element-a3026f elementor-section-boxed elementor-section-height-default elementor-section-height-default exad-glass-effect-no exad-sticky-section-no\" data-id=\"a3026f\" data-element_type=\"section\" data-e-type=\"section\">\n\t\t\t\t\t\t<div class=\"elementor-container elementor-column-gap-default\">\n\t\t\t\t\t<div class=\"elementor-column elementor-col-100 elementor-top-column elementor-element elementor-element-480f1d60 exad-glass-effect-no exad-sticky-section-no\" data-id=\"480f1d60\" data-element_type=\"column\" data-e-type=\"column\">\n\t\t\t<div class=\"elementor-widget-wrap elementor-element-populated\">\n\t\t\t\t\t\t<div class=\"elementor-element elementor-element-35cf4740 exad-sticky-section-no exad-glass-effect-no elementor-widget elementor-widget-text-editor\" data-id=\"35cf4740\" data-element_type=\"widget\" data-e-type=\"widget\" data-widget_type=\"text-editor.default\">\n\t\t\t\t<div class=\"elementor-widget-container\">\n\t\t\t\t\t\t\t\t\t<p>All doctoral degree programs at MB University are accredited by the National Entity for Accreditation and Quality Assurance in Higher Education (NEAQUA), under the supervision of the Ministry of Education, Science, and Technological Development. These programs adhere to the principles outlined in the Bologna Declaration and facilitate the implementation of the European Credit Transfer System (ECTS).<\/p><p>The curriculums are modelled after the programs from esteemed European faculties and universities, incorporating valuable experience from our region. Our study programs are meticulously designed to meet the demands of the business environment. Students engage in internships and tackle practical challenges in their master's theses, collaborating with a wide range of partners including companies, banks, legal entities, institutes, cultural institutions, and other organizations affiliated with MB University.<\/p><p>MB University is committed to excellence in education, scientific research, innovation, and knowledge transfer. Our scientific and research activities encompass both fundamental and applied exploration across a spectrum of disciplines, including artistic, technical and technological and humanistic- social sciences.<\/p><p>Upon successful completion of doctoral academic studies in the study programs of Business Management, Advanced Information Technologies, and Classical Painting, students are conferred with prestigious academic and professional titles. Specifically, they attain the esteemed academic titles of PhD in Management and Business, PhD in Information Technologies and Systems, and the professional title of Doctor of Fine Arts (180 ECTS). These qualifications signify the completion of rigorous academic pursuits and demonstrate the mastery of knowledge and skills in their respective fields. They are conferred to the students who:<\/p><ul><li>pokazali sistematsko razumevanje odre\u0111enih nau\u010dnih oblasti studija u DHP i obrazovno-umetni\u010dkom polju Umetnosti, pre svega: menad\u017ementa i biznisa, naprednih informacionih tehnologija i likovnih umetnosti;<\/li><li>savladali ve\u0161tine i metode istra\u017eivanja u nau\u010dnim oblastima menad\u017ementa i biznisa i naprednih informacionih tehnologija i umetni\u010dkoj oblasti likovne umenosti;<\/li><li>pokazali sposobnost koncipiranja, projektovanja i primene istra\u017eivanja u nau\u010dnoj oblasti menad\u017ementa i biznisa, naprednih informacionih tehnologija i umetni\u010dkoj oblasti likovne umenosti;<\/li><li>pokazali sposobnost prilago\u0111avanja procesa nau\u010dnih i umetni\u010dkih istra\u017eivanja uz neophodan stepen akademskog integriteta;<\/li><li>originalnim istra\u017eivanjem i nau\u010dnim i umetni\u010dkim radom postigli ostvarenja koja pro\u0161iruju granice znanja u oblastima menad\u017ementa i biznisa, naprednih informacionih tehnologija i likovnih umetnosti, koja su objavljena i koja su referenca na nacionalnom i me\u0111unarodnom nivou;<\/li><li>sposobni za kriti\u010dku analizu, procenu i sintezu novih i slo\u017eenih nau\u010dnih i umetni\u010dkih ideja iz nau\u010dne oblasti menad\u017ementa i biznisa, naprednih informacionih tehnologija i umetni\u010dke oblasti likovnih umetnosti;<\/li><li>sposobni da prenesu stru\u010dna znanja i ideje iz oblasti menad\u017ementa i biznisa, naprednih informacionih tehnologija i likovnih umetnosti, kolegama, \u0161irokoj akademskoj zajednici i dru\u0161tvu u celini;<\/li><li>u stanju da u akademskom i profesionalnom okru\u017eenju promovi\u0161u tehnolo\u0161ki, dru\u0161tveni ili kulturni napredak u nau\u010dnoj oblasti menad\u017ementa i biznisa, naprednih informacionih tehnologija i umetni\u010dkoj oblasti likovne umenosti.<\/li><\/ul><p>Univerziteta \u201eMB\u201c podsti\u010de i obezbe\u0111uje neophodne uslove nastavnom osoblju i studentima da se aktivno bavi nau\u010dnoistra\u017eiva\u010dkim, umetni\u010dkim i stru\u010dnim radom i da \u0161to \u010de\u0161\u0107e objavljuje rezultate svoga rada. Univerzitet \u201eMB\u201c \u0107e razli\u010ditim merama podsti\u010de nastavnike Poslovnog i pravnog fakulteta da u\u010destvuju u nau\u010dnoistra\u017eiva\u010dkim projektima koje finansira MPNTR Republike Srbije i nastavnike Akademije klasi\u010dnog slikarstva da aktivno u\u010destvuju u nacionalnim umetni\u010dkih projekata koje finansira Pokrajinski sekretarijat za visoko obrazovanje i nau\u010dnoistra\u017eiva\u010dku delatnost. Nastava se obavlja u malim grupama, po principu <strong>mentorskog sistema<\/strong>, sa posebnim akcentom na analizi slu\u010daja (case study) i povezivanju teorijske nastave sa praksom. Ovakav koncept studijskih programa obezbe\u0111uje studentima razli\u010dita znanja i ve\u0161tine savremenog poslovanja i otvara ve\u0107e mogu\u0107nosti pri zapo\u0161ljavanju.<\/p><p>Keep pace with the times and choose the right future!<\/p><p><strong>For further details regarding study programs and courses, please visit our website.<\/strong> You can also pre-register for the study program through this website.<\/p><p>To apply for direct enrollment at MB University, please click <a href=\"https:\/\/mbuniverzitet.edu.rs\/en\/upis\/\"><strong><u>here<\/u><\/strong><\/a><\/p>\t\t\t\t\t\t\t\t<\/div>\n\t\t\t\t<\/div>\n\t\t\t\t\t<\/div>\n\t\t<\/div>\n\t\t\t\t\t<\/div>\n\t\t<\/section>\n\t\t\t\t<\/div>","protected":false},"excerpt":{"rendered":"<p>Tre\u0107i stepen (doktorske) studije &#8211; O studijama Svi studijski programi doktorskih akademskih studija, odnosno tre\u0107eg stepena studija na Univerzitetu \u201cMB\u201d su licencirani od strane Nacionalno telo za akreditaciju i proveru kvaliteta u visokom obrazovanju (NAT) nadle\u017enog Ministarstva prosvete, nauke i tehnolo\u0161kog razvoja, uskla\u0111eni su sa principima Bolonjske deklaracije i omogu\u0107avaju primenu evropskog sistema prenosa bodova [&hellip;]<\/p>\n","protected":false},"author":1,"featured_media":0,"parent":0,"menu_order":0,"comment_status":"closed","ping_status":"closed","template":"elementor_header_footer","meta":{"_eb_attr":"","site-sidebar-layout":"default","site-content-layout":"default","ast-site-content-layout":"default","site-content-style":"default","site-sidebar-style":"default","ast-global-header-display":"","ast-banner-title-visibility":"","ast-main-header-display":"","ast-hfb-above-header-display":"","ast-hfb-below-header-display":"","ast-hfb-mobile-header-display":"","site-post-title":"","ast-breadcrumbs-content":"","ast-featured-img":"","footer-sml-layout":"","ast-disable-related-posts":"","theme-transparent-header-meta":"default","adv-header-id-meta":"","stick-header-meta":"","header-above-stick-meta":"","header-main-stick-meta":"","header-below-stick-meta":"","astra-migrate-meta-layouts":"default","ast-page-background-enabled":"default","ast-page-background-meta":{"desktop":{"background-color":"","background-image":"","background-repeat":"repeat","background-position":"center center","background-size":"auto","background-attachment":"scroll","background-type":"","background-media":"","overlay-type":"","overlay-color":"","overlay-opacity":"","overlay-gradient":""},"tablet":{"background-color":"","background-image":"","background-repeat":"repeat","background-position":"center center","background-size":"auto","background-attachment":"scroll","background-type":"","background-media":"","overlay-type":"","overlay-color":"","overlay-opacity":"","overlay-gradient":""},"mobile":{"background-color":"","background-image":"","background-repeat":"repeat","background-position":"center center","background-size":"auto","background-attachment":"scroll","background-type":"","background-media":"","overlay-type":"","overlay-color":"","overlay-opacity":"","overlay-gradient":""}},"ast-content-background-meta":{"desktop":{"background-color":"var(--ast-global-color-5)","background-image":"","background-repeat":"repeat","background-position":"center center","background-size":"auto","background-attachment":"scroll","background-type":"","background-media":"","overlay-type":"","overlay-color":"","overlay-opacity":"","overlay-gradient":""},"tablet":{"background-color":"var(--ast-global-color-5)","background-image":"","background-repeat":"repeat","background-position":"center center","background-size":"auto","background-attachment":"scroll","background-type":"","background-media":"","overlay-type":"","overlay-color":"","overlay-opacity":"","overlay-gradient":""},"mobile":{"background-color":"var(--ast-global-color-5)","background-image":"","background-repeat":"repeat","background-position":"center center","background-size":"auto","background-attachment":"scroll","background-type":"","background-media":"","overlay-type":"","overlay-color":"","overlay-opacity":"","overlay-gradient":""}},"footnotes":""},"class_list":["post-1032","page","type-page","status-publish","hentry"],"yoast_head":"<!-- This site is optimized with the Yoast SEO plugin v27.4 - https:\/\/yoast.com\/product\/yoast-seo-wordpress\/ -->\n<title>O studijama D\u0410S PM - Univerzitet MB<\/title>\n<meta name=\"robots\" content=\"index, follow, max-snippet:-1, max-image-preview:large, max-video-preview:-1\" \/>\n<link rel=\"canonical\" href=\"https:\/\/mbuniverzitet.edu.rs\/en\/o-studijama-das-pm\/\" \/>\n<meta property=\"og:locale\" content=\"en_GB\" \/>\n<meta property=\"og:type\" content=\"article\" \/>\n<meta property=\"og:title\" content=\"O studijama D\u0410S PM - Univerzitet MB\" \/>\n<meta property=\"og:description\" content=\"Tre\u0107i stepen (doktorske) studije &#8211; O studijama Svi studijski programi doktorskih akademskih studija, odnosno tre\u0107eg stepena studija na Univerzitetu \u201cMB\u201d su licencirani od strane Nacionalno telo za akreditaciju i proveru kvaliteta u visokom obrazovanju (NAT) nadle\u017enog Ministarstva prosvete, nauke i tehnolo\u0161kog razvoja, uskla\u0111eni su sa principima Bolonjske deklaracije i omogu\u0107avaju primenu evropskog sistema prenosa bodova [&hellip;]\" \/>\n<meta property=\"og:url\" content=\"https:\/\/mbuniverzitet.edu.rs\/en\/o-studijama-das-pm\/\" \/>\n<meta property=\"og:site_name\" content=\"Univerzitet MB\" \/>\n<meta property=\"article:modified_time\" content=\"2021-03-05T15:24:53+00:00\" \/>\n<meta name=\"twitter:card\" content=\"summary_large_image\" \/>\n<meta name=\"twitter:label1\" content=\"Estimated reading time\" \/>\n\t<meta name=\"twitter:data1\" content=\"3 minutes\" \/>\n<script type=\"application\/ld+json\" class=\"yoast-schema-graph\">{\"@context\":\"https:\\\/\\\/schema.org\",\"@graph\":[{\"@type\":\"WebPage\",\"@id\":\"https:\\\/\\\/mbuniverzitet.edu.rs\\\/o-studijama-das-pm\\\/\",\"url\":\"https:\\\/\\\/mbuniverzitet.edu.rs\\\/o-studijama-das-pm\\\/\",\"name\":\"O studijama D\u0410S PM - Univerzitet MB\",\"isPartOf\":{\"@id\":\"https:\\\/\\\/mbuniverzitet.edu.rs\\\/#website\"},\"datePublished\":\"2020-11-11T14:16:38+00:00\",\"dateModified\":\"2021-03-05T15:24:53+00:00\",\"breadcrumb\":{\"@id\":\"https:\\\/\\\/mbuniverzitet.edu.rs\\\/o-studijama-das-pm\\\/#breadcrumb\"},\"inLanguage\":\"en-GB\",\"potentialAction\":[{\"@type\":\"ReadAction\",\"target\":[\"https:\\\/\\\/mbuniverzitet.edu.rs\\\/o-studijama-das-pm\\\/\"]}]},{\"@type\":\"BreadcrumbList\",\"@id\":\"https:\\\/\\\/mbuniverzitet.edu.rs\\\/o-studijama-das-pm\\\/#breadcrumb\",\"itemListElement\":[{\"@type\":\"ListItem\",\"position\":1,\"name\":\"Home\",\"item\":\"https:\\\/\\\/mbuniverzitet.edu.rs\\\/\"},{\"@type\":\"ListItem\",\"position\":2,\"name\":\"O studijama D\u0410S PM\"}]},{\"@type\":\"WebSite\",\"@id\":\"https:\\\/\\\/mbuniverzitet.edu.rs\\\/#website\",\"url\":\"https:\\\/\\\/mbuniverzitet.edu.rs\\\/\",\"name\":\"Univerzitet MB\",\"description\":\"\",\"publisher\":{\"@id\":\"https:\\\/\\\/mbuniverzitet.edu.rs\\\/#organization\"},\"potentialAction\":[{\"@type\":\"SearchAction\",\"target\":{\"@type\":\"EntryPoint\",\"urlTemplate\":\"https:\\\/\\\/mbuniverzitet.edu.rs\\\/?s={search_term_string}\"},\"query-input\":{\"@type\":\"PropertyValueSpecification\",\"valueRequired\":true,\"valueName\":\"search_term_string\"}}],\"inLanguage\":\"en-GB\"},{\"@type\":\"Organization\",\"@id\":\"https:\\\/\\\/mbuniverzitet.edu.rs\\\/#organization\",\"name\":\"Univerzitet MB\",\"url\":\"https:\\\/\\\/mbuniverzitet.edu.rs\\\/\",\"logo\":{\"@type\":\"ImageObject\",\"inLanguage\":\"en-GB\",\"@id\":\"https:\\\/\\\/mbuniverzitet.edu.rs\\\/#\\\/schema\\\/logo\\\/image\\\/\",\"url\":\"https:\\\/\\\/media.mbuniverzitet.edu.rs\\\/2020\\\/11\\\/UniMB-Logotip-u-postupku-akreditacije.png\",\"contentUrl\":\"https:\\\/\\\/media.mbuniverzitet.edu.rs\\\/2020\\\/11\\\/UniMB-Logotip-u-postupku-akreditacije.png\",\"width\":296,\"height\":90,\"caption\":\"Univerzitet MB\"},\"image\":{\"@id\":\"https:\\\/\\\/mbuniverzitet.edu.rs\\\/#\\\/schema\\\/logo\\\/image\\\/\"}}]}<\/script>\n<!-- \/ Yoast SEO plugin. -->","yoast_head_json":{"title":"O studijama D\u0410S PM - Univerzitet MB","robots":{"index":"index","follow":"follow","max-snippet":"max-snippet:-1","max-image-preview":"max-image-preview:large","max-video-preview":"max-video-preview:-1"},"canonical":"https:\/\/mbuniverzitet.edu.rs\/en\/o-studijama-das-pm\/","og_locale":"en_GB","og_type":"article","og_title":"O studijama D\u0410S PM - Univerzitet MB","og_description":"Tre\u0107i stepen (doktorske) studije &#8211; O studijama Svi studijski programi doktorskih akademskih studija, odnosno tre\u0107eg stepena studija na Univerzitetu \u201cMB\u201d su licencirani od strane Nacionalno telo za akreditaciju i proveru kvaliteta u visokom obrazovanju (NAT) nadle\u017enog Ministarstva prosvete, nauke i tehnolo\u0161kog razvoja, uskla\u0111eni su sa principima Bolonjske deklaracije i omogu\u0107avaju primenu evropskog sistema prenosa bodova [&hellip;]","og_url":"https:\/\/mbuniverzitet.edu.rs\/en\/o-studijama-das-pm\/","og_site_name":"Univerzitet MB","article_modified_time":"2021-03-05T15:24:53+00:00","twitter_card":"summary_large_image","twitter_misc":{"Estimated reading time":"3 minutes"},"schema":{"@context":"https:\/\/schema.org","@graph":[{"@type":"WebPage","@id":"https:\/\/mbuniverzitet.edu.rs\/o-studijama-das-pm\/","url":"https:\/\/mbuniverzitet.edu.rs\/o-studijama-das-pm\/","name":"O studijama D\u0410S PM - Univerzitet MB","isPartOf":{"@id":"https:\/\/mbuniverzitet.edu.rs\/#website"},"datePublished":"2020-11-11T14:16:38+00:00","dateModified":"2021-03-05T15:24:53+00:00","breadcrumb":{"@id":"https:\/\/mbuniverzitet.edu.rs\/o-studijama-das-pm\/#breadcrumb"},"inLanguage":"en-GB","potentialAction":[{"@type":"ReadAction","target":["https:\/\/mbuniverzitet.edu.rs\/o-studijama-das-pm\/"]}]},{"@type":"BreadcrumbList","@id":"https:\/\/mbuniverzitet.edu.rs\/o-studijama-das-pm\/#breadcrumb","itemListElement":[{"@type":"ListItem","position":1,"name":"Home","item":"https:\/\/mbuniverzitet.edu.rs\/"},{"@type":"ListItem","position":2,"name":"O studijama D\u0410S PM"}]},{"@type":"WebSite","@id":"https:\/\/mbuniverzitet.edu.rs\/#website","url":"https:\/\/mbuniverzitet.edu.rs\/","name":"MB University","description":"","publisher":{"@id":"https:\/\/mbuniverzitet.edu.rs\/#organization"},"potentialAction":[{"@type":"SearchAction","target":{"@type":"EntryPoint","urlTemplate":"https:\/\/mbuniverzitet.edu.rs\/?s={search_term_string}"},"query-input":{"@type":"PropertyValueSpecification","valueRequired":true,"valueName":"search_term_string"}}],"inLanguage":"en-GB"},{"@type":"Organization","@id":"https:\/\/mbuniverzitet.edu.rs\/#organization","name":"MB University","url":"https:\/\/mbuniverzitet.edu.rs\/","logo":{"@type":"ImageObject","inLanguage":"en-GB","@id":"https:\/\/mbuniverzitet.edu.rs\/#\/schema\/logo\/image\/","url":"https:\/\/media.mbuniverzitet.edu.rs\/2020\/11\/UniMB-Logotip-u-postupku-akreditacije.png","contentUrl":"https:\/\/media.mbuniverzitet.edu.rs\/2020\/11\/UniMB-Logotip-u-postupku-akreditacije.png","width":296,"height":90,"caption":"Univerzitet MB"},"image":{"@id":"https:\/\/mbuniverzitet.edu.rs\/#\/schema\/logo\/image\/"}}]}},"_links":{"self":[{"href":"https:\/\/mbuniverzitet.edu.rs\/en\/wp-json\/wp\/v2\/pages\/1032","targetHints":{"allow":["GET"]}}],"collection":[{"href":"https:\/\/mbuniverzitet.edu.rs\/en\/wp-json\/wp\/v2\/pages"}],"about":[{"href":"https:\/\/mbuniverzitet.edu.rs\/en\/wp-json\/wp\/v2\/types\/page"}],"author":[{"embeddable":true,"href":"https:\/\/mbuniverzitet.edu.rs\/en\/wp-json\/wp\/v2\/users\/1"}],"replies":[{"embeddable":true,"href":"https:\/\/mbuniverzitet.edu.rs\/en\/wp-json\/wp\/v2\/comments?post=1032"}],"version-history":[{"count":0,"href":"https:\/\/mbuniverzitet.edu.rs\/en\/wp-json\/wp\/v2\/pages\/1032\/revisions"}],"wp:attachment":[{"href":"https:\/\/mbuniverzitet.edu.rs\/en\/wp-json\/wp\/v2\/media?parent=1032"}],"curies":[{"name":"wp","href":"https:\/\/api.w.org\/{rel}","templated":true}]}}