{"id":1024,"date":"2020-11-11T15:14:26","date_gmt":"2020-11-11T14:14:26","guid":{"rendered":"https:\/\/mbuniverzitet.edu.rs\/?page_id=1024"},"modified":"2021-03-05T12:06:29","modified_gmt":"2021-03-05T11:06:29","slug":"o-studijama-mas-iem","status":"publish","type":"page","link":"https:\/\/mbuniverzitet.edu.rs\/en\/o-studijama-mas-iem\/","title":{"rendered":"O studijama MAS IEM"},"content":{"rendered":"<div data-elementor-type=\"wp-page\" data-elementor-id=\"1024\" class=\"elementor elementor-1024\">\n\t\t\t\t\t\t<section class=\"elementor-section elementor-top-section elementor-element elementor-element-bca1a89 elementor-section-full_width elementor-section-height-default elementor-section-height-default exad-glass-effect-no exad-sticky-section-no\" data-id=\"bca1a89\" data-element_type=\"section\" data-e-type=\"section\">\n\t\t\t\t\t\t<div class=\"elementor-container elementor-column-gap-default\">\n\t\t\t\t\t<div class=\"elementor-column elementor-col-100 elementor-top-column elementor-element elementor-element-424eea8 exad-glass-effect-no exad-sticky-section-no\" data-id=\"424eea8\" data-element_type=\"column\" data-e-type=\"column\">\n\t\t\t<div class=\"elementor-widget-wrap elementor-element-populated\">\n\t\t\t\t\t\t<div class=\"elementor-element elementor-element-b5e7aa9 elementor-widget-divider--view-line exad-sticky-section-no exad-glass-effect-no elementor-widget elementor-widget-divider\" data-id=\"b5e7aa9\" data-element_type=\"widget\" data-e-type=\"widget\" data-widget_type=\"divider.default\">\n\t\t\t\t<div class=\"elementor-widget-container\">\n\t\t\t\t\t\t\t<div class=\"elementor-divider\">\n\t\t\t<span class=\"elementor-divider-separator\">\n\t\t\t\t\t\t<\/span>\n\t\t<\/div>\n\t\t\t\t\t\t<\/div>\n\t\t\t\t<\/div>\n\t\t\t\t\t<\/div>\n\t\t<\/div>\n\t\t\t\t\t<\/div>\n\t\t<\/section>\n\t\t\t\t<section class=\"elementor-section elementor-top-section elementor-element elementor-element-cfc24d9 elementor-section-boxed elementor-section-height-default elementor-section-height-default exad-glass-effect-no exad-sticky-section-no\" data-id=\"cfc24d9\" data-element_type=\"section\" data-e-type=\"section\">\n\t\t\t\t\t\t<div class=\"elementor-container elementor-column-gap-default\">\n\t\t\t\t\t<div class=\"elementor-column elementor-col-100 elementor-top-column elementor-element elementor-element-73e5701 exad-glass-effect-no exad-sticky-section-no\" data-id=\"73e5701\" data-element_type=\"column\" data-e-type=\"column\">\n\t\t\t<div class=\"elementor-widget-wrap elementor-element-populated\">\n\t\t\t\t\t\t<div class=\"elementor-element elementor-element-d0f70ad exad-sticky-section-no exad-glass-effect-no elementor-widget elementor-widget-spacer\" data-id=\"d0f70ad\" data-element_type=\"widget\" data-e-type=\"widget\" data-widget_type=\"spacer.default\">\n\t\t\t\t<div class=\"elementor-widget-container\">\n\t\t\t\t\t\t\t<div class=\"elementor-spacer\">\n\t\t\t<div class=\"elementor-spacer-inner\"><\/div>\n\t\t<\/div>\n\t\t\t\t\t\t<\/div>\n\t\t\t\t<\/div>\n\t\t\t\t\t<\/div>\n\t\t<\/div>\n\t\t\t\t\t<\/div>\n\t\t<\/section>\n\t\t\t\t<section class=\"elementor-section elementor-top-section elementor-element elementor-element-f503682 elementor-section-boxed elementor-section-height-default elementor-section-height-default exad-glass-effect-no exad-sticky-section-no\" data-id=\"f503682\" data-element_type=\"section\" data-e-type=\"section\">\n\t\t\t\t\t\t<div class=\"elementor-container elementor-column-gap-default\">\n\t\t\t\t\t<div class=\"elementor-column elementor-col-100 elementor-top-column elementor-element elementor-element-932f572 exad-glass-effect-no exad-sticky-section-no\" data-id=\"932f572\" data-element_type=\"column\" data-e-type=\"column\">\n\t\t\t<div class=\"elementor-widget-wrap elementor-element-populated\">\n\t\t\t\t\t\t<div class=\"elementor-element elementor-element-51eea81 exad-sticky-section-no exad-glass-effect-no elementor-widget elementor-widget-heading\" data-id=\"51eea81\" data-element_type=\"widget\" data-e-type=\"widget\" data-widget_type=\"heading.default\">\n\t\t\t\t<div class=\"elementor-widget-container\">\n\t\t\t\t\t<h2 class=\"elementor-heading-title elementor-size-default\">Drugi stepen (master) studije - O studijama<\/h2>\t\t\t\t<\/div>\n\t\t\t\t<\/div>\n\t\t\t\t\t<\/div>\n\t\t<\/div>\n\t\t\t\t\t<\/div>\n\t\t<\/section>\n\t\t\t\t<section class=\"elementor-section elementor-top-section elementor-element elementor-element-3a40c7d elementor-section-boxed elementor-section-height-default elementor-section-height-default exad-glass-effect-no exad-sticky-section-no\" data-id=\"3a40c7d\" data-element_type=\"section\" data-e-type=\"section\">\n\t\t\t\t\t\t<div class=\"elementor-container elementor-column-gap-default\">\n\t\t\t\t\t<div class=\"elementor-column elementor-col-100 elementor-top-column elementor-element elementor-element-54f11c4c exad-glass-effect-no exad-sticky-section-no\" data-id=\"54f11c4c\" data-element_type=\"column\" data-e-type=\"column\">\n\t\t\t<div class=\"elementor-widget-wrap elementor-element-populated\">\n\t\t\t\t\t\t<div class=\"elementor-element elementor-element-3ff8535 exad-sticky-section-no exad-glass-effect-no elementor-widget elementor-widget-text-editor\" data-id=\"3ff8535\" data-element_type=\"widget\" data-e-type=\"widget\" data-widget_type=\"text-editor.default\">\n\t\t\t\t<div class=\"elementor-widget-container\">\n\t\t\t\t\t\t\t\t\t<p>All master's degree programs at MB University are accredited by the National Entity for Accreditation and Quality Assurance in Higher Education (NEAQUA), under the supervision of the Ministry of Education, Science, and Technological Development. These programs adhere to the principles outlined in the Bologna Declaration and facilitate the implementation of the European Credit Transfer System (ECTS).<\/p><p>The curriculums are modelled after the programs from esteemed European faculties and universities, incorporating valuable experience from our region. Our study programs are meticulously designed to meet the demands of the business environment. Students engage in internships and tackle practical challenges in their master's theses, collaborating with a wide range of partners including companies, banks, legal entities, institutes, cultural institutions, and other organizations affiliated with MB University.<\/p><p>Upon successful completion of master's academic studies in programs such as Industrial and Economic Management, Economics, Business Management, Sports Management, Security Management, Business Law, Information Technologies and Systems, and Classical Painting, students are conferred with the following academic titles: Master Manager, Master of Laws, Master Engineer of Information Technologies and Systems (60 ECTS), and the professional title of Master Fine Artist (120 ECTS). These qualifications denote the completion of the students' master's academic journey. These titles are awarded to the students:<\/p><ul><li>koji su pokazali znanje i razumevanje u oblasti menadzmenta i biznisa, prava, elektrotehnike i ra\u010dunarstva, informacionih tehnologija i sistemi, kao i umetni\u010dke ve\u0161tine iz oblasti likovnih umetnosti, koje dopunjuje znanje ste\u010deno na osnovnim akademskim studijama i predstavlja osnovu za razvijanje kriti\u010dkog mi\u0161ljenja i primenu znanja;<\/li><li>koji su u stanju da primene znanje u re\u0161avanju problema u novom ili nepoznatom okru\u017eenju u \u0161irim ili multidisciplinarnim oblastima unutar obrazovno-nau\u010dnog odnosno obrazovno-umetni\u010dkog polja studija;<\/li><li>koji imaju sposobnost da integri\u0161u znanje, re\u0161avaju slo\u017eene probleme i da rasu\u0111uju na osnovu dostupnih informacija koje sadr\u017ee promi\u0161ljanja o dru\u0161tvenim i eti\u010dkim odgovornostima povezanim sa primenom njihovog znanja i sudova;<\/li><li>koji su u stanju da na jasan i nedvosmislen na\u010din prenesu znanje i na\u010din zaklju\u010divanja stru\u010dnoj, umetni\u010dkoj i \u0161iroj javnosti;<\/li><li>koji poseduju sposobnost da nastave studije na na\u010din koji \u0107e samostalno izabrati.<\/li><\/ul><p>Nastava se obavlja u malim grupama, po principu\u00a0<strong>mentorskog sistema<\/strong>, sa posebnim akcentom na analizi slu\u010daja (case study) i povezivanju teorijske nastave sa praksom. Ovakav koncept studijskih programa obezbe\u0111uje studentima razli\u010dita znanja i ve\u0161tine savremenog poslovanja i otvara ve\u0107e mogu\u0107nosti pri zapo\u0161ljavanju.<\/p><p>Keep pace with the times and choose the right future!<\/p><p><strong>For further details regarding study programs and courses, please visit our website.<\/strong>\u00a0You can also pre-register for the study program through this website.<\/p><p>To apply for direct enrollment at MB University, please click\u00a0<a href=\"https:\/\/mbuniverzitet.edu.rs\/en\/upis\/\" target=\"_blank\" rel=\"noopener\"><strong><u>here<\/u><\/strong><\/a><\/p>\t\t\t\t\t\t\t\t<\/div>\n\t\t\t\t<\/div>\n\t\t\t\t\t<\/div>\n\t\t<\/div>\n\t\t\t\t\t<\/div>\n\t\t<\/section>\n\t\t\t\t<\/div>","protected":false},"excerpt":{"rendered":"<p>Drugi stepen (master) studije &#8211; O studijama Svi studijski programi master akademskih studija, odnosno drugog stepena studija na Univerzitetu \u201cMB\u201d su licencirani od strane Nacionalnog tela za akreditaciju i proveru kvaliteta u visokom obrazovanju (NAT) nadle\u017enog Ministarstva prosvete, nauke i tehnolo\u0161kog razvoja, uskla\u0111eni su sa principima Bolonjske deklaracije i omogu\u0107avaju primenu evropskog sistema prenosa bodova [&hellip;]<\/p>\n","protected":false},"author":1,"featured_media":0,"parent":0,"menu_order":0,"comment_status":"closed","ping_status":"closed","template":"elementor_header_footer","meta":{"_eb_attr":"","site-sidebar-layout":"default","site-content-layout":"default","ast-site-content-layout":"default","site-content-style":"default","site-sidebar-style":"default","ast-global-header-display":"","ast-banner-title-visibility":"","ast-main-header-display":"","ast-hfb-above-header-display":"","ast-hfb-below-header-display":"","ast-hfb-mobile-header-display":"","site-post-title":"","ast-breadcrumbs-content":"","ast-featured-img":"","footer-sml-layout":"","ast-disable-related-posts":"","theme-transparent-header-meta":"default","adv-header-id-meta":"","stick-header-meta":"","header-above-stick-meta":"","header-main-stick-meta":"","header-below-stick-meta":"","astra-migrate-meta-layouts":"default","ast-page-background-enabled":"default","ast-page-background-meta":{"desktop":{"background-color":"","background-image":"","background-repeat":"repeat","background-position":"center center","background-size":"auto","background-attachment":"scroll","background-type":"","background-media":"","overlay-type":"","overlay-color":"","overlay-opacity":"","overlay-gradient":""},"tablet":{"background-color":"","background-image":"","background-repeat":"repeat","background-position":"center center","background-size":"auto","background-attachment":"scroll","background-type":"","background-media":"","overlay-type":"","overlay-color":"","overlay-opacity":"","overlay-gradient":""},"mobile":{"background-color":"","background-image":"","background-repeat":"repeat","background-position":"center center","background-size":"auto","background-attachment":"scroll","background-type":"","background-media":"","overlay-type":"","overlay-color":"","overlay-opacity":"","overlay-gradient":""}},"ast-content-background-meta":{"desktop":{"background-color":"var(--ast-global-color-5)","background-image":"","background-repeat":"repeat","background-position":"center center","background-size":"auto","background-attachment":"scroll","background-type":"","background-media":"","overlay-type":"","overlay-color":"","overlay-opacity":"","overlay-gradient":""},"tablet":{"background-color":"var(--ast-global-color-5)","background-image":"","background-repeat":"repeat","background-position":"center center","background-size":"auto","background-attachment":"scroll","background-type":"","background-media":"","overlay-type":"","overlay-color":"","overlay-opacity":"","overlay-gradient":""},"mobile":{"background-color":"var(--ast-global-color-5)","background-image":"","background-repeat":"repeat","background-position":"center center","background-size":"auto","background-attachment":"scroll","background-type":"","background-media":"","overlay-type":"","overlay-color":"","overlay-opacity":"","overlay-gradient":""}},"footnotes":""},"class_list":["post-1024","page","type-page","status-publish","hentry"],"yoast_head":"<!-- This site is optimized with the Yoast SEO plugin v27.4 - https:\/\/yoast.com\/product\/yoast-seo-wordpress\/ -->\n<title>O studijama MAS IEM - Univerzitet MB<\/title>\n<meta name=\"robots\" content=\"index, follow, max-snippet:-1, max-image-preview:large, max-video-preview:-1\" \/>\n<link rel=\"canonical\" href=\"https:\/\/mbuniverzitet.edu.rs\/en\/o-studijama-mas-iem\/\" \/>\n<meta property=\"og:locale\" content=\"en_GB\" \/>\n<meta property=\"og:type\" content=\"article\" \/>\n<meta property=\"og:title\" content=\"O studijama MAS IEM - Univerzitet MB\" \/>\n<meta property=\"og:description\" content=\"Drugi stepen (master) studije &#8211; O studijama Svi studijski programi master akademskih studija, odnosno drugog stepena studija na Univerzitetu \u201cMB\u201d su licencirani od strane Nacionalnog tela za akreditaciju i proveru kvaliteta u visokom obrazovanju (NAT) nadle\u017enog Ministarstva prosvete, nauke i tehnolo\u0161kog razvoja, uskla\u0111eni su sa principima Bolonjske deklaracije i omogu\u0107avaju primenu evropskog sistema prenosa bodova [&hellip;]\" \/>\n<meta property=\"og:url\" content=\"https:\/\/mbuniverzitet.edu.rs\/en\/o-studijama-mas-iem\/\" \/>\n<meta property=\"og:site_name\" content=\"Univerzitet MB\" \/>\n<meta property=\"article:modified_time\" content=\"2021-03-05T11:06:29+00:00\" \/>\n<meta name=\"twitter:card\" content=\"summary_large_image\" \/>\n<meta name=\"twitter:label1\" content=\"Estimated reading time\" \/>\n\t<meta name=\"twitter:data1\" content=\"2 minutes\" \/>\n<script type=\"application\/ld+json\" class=\"yoast-schema-graph\">{\"@context\":\"https:\\\/\\\/schema.org\",\"@graph\":[{\"@type\":\"WebPage\",\"@id\":\"https:\\\/\\\/mbuniverzitet.edu.rs\\\/o-studijama-mas-iem\\\/\",\"url\":\"https:\\\/\\\/mbuniverzitet.edu.rs\\\/o-studijama-mas-iem\\\/\",\"name\":\"O studijama MAS IEM - Univerzitet MB\",\"isPartOf\":{\"@id\":\"https:\\\/\\\/mbuniverzitet.edu.rs\\\/#website\"},\"datePublished\":\"2020-11-11T14:14:26+00:00\",\"dateModified\":\"2021-03-05T11:06:29+00:00\",\"breadcrumb\":{\"@id\":\"https:\\\/\\\/mbuniverzitet.edu.rs\\\/o-studijama-mas-iem\\\/#breadcrumb\"},\"inLanguage\":\"en-GB\",\"potentialAction\":[{\"@type\":\"ReadAction\",\"target\":[\"https:\\\/\\\/mbuniverzitet.edu.rs\\\/o-studijama-mas-iem\\\/\"]}]},{\"@type\":\"BreadcrumbList\",\"@id\":\"https:\\\/\\\/mbuniverzitet.edu.rs\\\/o-studijama-mas-iem\\\/#breadcrumb\",\"itemListElement\":[{\"@type\":\"ListItem\",\"position\":1,\"name\":\"Home\",\"item\":\"https:\\\/\\\/mbuniverzitet.edu.rs\\\/\"},{\"@type\":\"ListItem\",\"position\":2,\"name\":\"O studijama MAS IEM\"}]},{\"@type\":\"WebSite\",\"@id\":\"https:\\\/\\\/mbuniverzitet.edu.rs\\\/#website\",\"url\":\"https:\\\/\\\/mbuniverzitet.edu.rs\\\/\",\"name\":\"Univerzitet MB\",\"description\":\"\",\"publisher\":{\"@id\":\"https:\\\/\\\/mbuniverzitet.edu.rs\\\/#organization\"},\"potentialAction\":[{\"@type\":\"SearchAction\",\"target\":{\"@type\":\"EntryPoint\",\"urlTemplate\":\"https:\\\/\\\/mbuniverzitet.edu.rs\\\/?s={search_term_string}\"},\"query-input\":{\"@type\":\"PropertyValueSpecification\",\"valueRequired\":true,\"valueName\":\"search_term_string\"}}],\"inLanguage\":\"en-GB\"},{\"@type\":\"Organization\",\"@id\":\"https:\\\/\\\/mbuniverzitet.edu.rs\\\/#organization\",\"name\":\"Univerzitet MB\",\"url\":\"https:\\\/\\\/mbuniverzitet.edu.rs\\\/\",\"logo\":{\"@type\":\"ImageObject\",\"inLanguage\":\"en-GB\",\"@id\":\"https:\\\/\\\/mbuniverzitet.edu.rs\\\/#\\\/schema\\\/logo\\\/image\\\/\",\"url\":\"https:\\\/\\\/media.mbuniverzitet.edu.rs\\\/2020\\\/11\\\/UniMB-Logotip-u-postupku-akreditacije.png\",\"contentUrl\":\"https:\\\/\\\/media.mbuniverzitet.edu.rs\\\/2020\\\/11\\\/UniMB-Logotip-u-postupku-akreditacije.png\",\"width\":296,\"height\":90,\"caption\":\"Univerzitet MB\"},\"image\":{\"@id\":\"https:\\\/\\\/mbuniverzitet.edu.rs\\\/#\\\/schema\\\/logo\\\/image\\\/\"}}]}<\/script>\n<!-- \/ Yoast SEO plugin. -->","yoast_head_json":{"title":"O studijama MAS IEM - Univerzitet MB","robots":{"index":"index","follow":"follow","max-snippet":"max-snippet:-1","max-image-preview":"max-image-preview:large","max-video-preview":"max-video-preview:-1"},"canonical":"https:\/\/mbuniverzitet.edu.rs\/en\/o-studijama-mas-iem\/","og_locale":"en_GB","og_type":"article","og_title":"O studijama MAS IEM - Univerzitet MB","og_description":"Drugi stepen (master) studije &#8211; O studijama Svi studijski programi master akademskih studija, odnosno drugog stepena studija na Univerzitetu \u201cMB\u201d su licencirani od strane Nacionalnog tela za akreditaciju i proveru kvaliteta u visokom obrazovanju (NAT) nadle\u017enog Ministarstva prosvete, nauke i tehnolo\u0161kog razvoja, uskla\u0111eni su sa principima Bolonjske deklaracije i omogu\u0107avaju primenu evropskog sistema prenosa bodova [&hellip;]","og_url":"https:\/\/mbuniverzitet.edu.rs\/en\/o-studijama-mas-iem\/","og_site_name":"Univerzitet MB","article_modified_time":"2021-03-05T11:06:29+00:00","twitter_card":"summary_large_image","twitter_misc":{"Estimated reading time":"2 minutes"},"schema":{"@context":"https:\/\/schema.org","@graph":[{"@type":"WebPage","@id":"https:\/\/mbuniverzitet.edu.rs\/o-studijama-mas-iem\/","url":"https:\/\/mbuniverzitet.edu.rs\/o-studijama-mas-iem\/","name":"O studijama MAS IEM - Univerzitet MB","isPartOf":{"@id":"https:\/\/mbuniverzitet.edu.rs\/#website"},"datePublished":"2020-11-11T14:14:26+00:00","dateModified":"2021-03-05T11:06:29+00:00","breadcrumb":{"@id":"https:\/\/mbuniverzitet.edu.rs\/o-studijama-mas-iem\/#breadcrumb"},"inLanguage":"en-GB","potentialAction":[{"@type":"ReadAction","target":["https:\/\/mbuniverzitet.edu.rs\/o-studijama-mas-iem\/"]}]},{"@type":"BreadcrumbList","@id":"https:\/\/mbuniverzitet.edu.rs\/o-studijama-mas-iem\/#breadcrumb","itemListElement":[{"@type":"ListItem","position":1,"name":"Home","item":"https:\/\/mbuniverzitet.edu.rs\/"},{"@type":"ListItem","position":2,"name":"O studijama MAS IEM"}]},{"@type":"WebSite","@id":"https:\/\/mbuniverzitet.edu.rs\/#website","url":"https:\/\/mbuniverzitet.edu.rs\/","name":"MB University","description":"","publisher":{"@id":"https:\/\/mbuniverzitet.edu.rs\/#organization"},"potentialAction":[{"@type":"SearchAction","target":{"@type":"EntryPoint","urlTemplate":"https:\/\/mbuniverzitet.edu.rs\/?s={search_term_string}"},"query-input":{"@type":"PropertyValueSpecification","valueRequired":true,"valueName":"search_term_string"}}],"inLanguage":"en-GB"},{"@type":"Organization","@id":"https:\/\/mbuniverzitet.edu.rs\/#organization","name":"MB University","url":"https:\/\/mbuniverzitet.edu.rs\/","logo":{"@type":"ImageObject","inLanguage":"en-GB","@id":"https:\/\/mbuniverzitet.edu.rs\/#\/schema\/logo\/image\/","url":"https:\/\/media.mbuniverzitet.edu.rs\/2020\/11\/UniMB-Logotip-u-postupku-akreditacije.png","contentUrl":"https:\/\/media.mbuniverzitet.edu.rs\/2020\/11\/UniMB-Logotip-u-postupku-akreditacije.png","width":296,"height":90,"caption":"Univerzitet MB"},"image":{"@id":"https:\/\/mbuniverzitet.edu.rs\/#\/schema\/logo\/image\/"}}]}},"_links":{"self":[{"href":"https:\/\/mbuniverzitet.edu.rs\/en\/wp-json\/wp\/v2\/pages\/1024","targetHints":{"allow":["GET"]}}],"collection":[{"href":"https:\/\/mbuniverzitet.edu.rs\/en\/wp-json\/wp\/v2\/pages"}],"about":[{"href":"https:\/\/mbuniverzitet.edu.rs\/en\/wp-json\/wp\/v2\/types\/page"}],"author":[{"embeddable":true,"href":"https:\/\/mbuniverzitet.edu.rs\/en\/wp-json\/wp\/v2\/users\/1"}],"replies":[{"embeddable":true,"href":"https:\/\/mbuniverzitet.edu.rs\/en\/wp-json\/wp\/v2\/comments?post=1024"}],"version-history":[{"count":0,"href":"https:\/\/mbuniverzitet.edu.rs\/en\/wp-json\/wp\/v2\/pages\/1024\/revisions"}],"wp:attachment":[{"href":"https:\/\/mbuniverzitet.edu.rs\/en\/wp-json\/wp\/v2\/media?parent=1024"}],"curies":[{"name":"wp","href":"https:\/\/api.w.org\/{rel}","templated":true}]}}